{"id":48097,"date":"2025-05-22T09:17:51","date_gmt":"2025-05-22T07:17:51","guid":{"rendered":"https:\/\/librairie7l.com\/?post_type=product&#038;p=48097"},"modified":"2026-04-23T11:10:22","modified_gmt":"2026-04-23T09:10:22","slug":"les-haies-reponses-artistiques-aux-crises-climatiques-2","status":"publish","type":"product","link":"https:\/\/librairie7l.com\/en\/produit\/les-haies-reponses-artistiques-aux-crises-climatiques-2\/","title":{"rendered":"LES HAIES : R\u00c9PONSES ARTISTIQUES AUX CRISES CLIMATIQUES"},"content":{"rendered":"<p>Canicules, s\u00e9cheresses, chute de la biodiversit\u00e9, pluies diluviennes : chaque ann\u00e9e voit se succ\u00e9der de nouveaux records vers le cataclysme plan\u00e9taire annonc\u00e9 par les sciences et en particulier par le GIEC. Jo\u00ebl Auxenfans, depuis sa pratique d&#8217;artiste, propose que l&#8217;art soit actif concr\u00e8tement dans l&#8217;effort inou\u00ef de plantations qu&#8217;il faudrait d\u00e8s \u00e0 pr\u00e9sent tous accomplir pour contenir le r\u00e9chauffement. Il a pour cela revisit\u00e9 le concept des Haies qui r\u00e9unit toutes les formes permettant de restaurer la biodiversit\u00e9 et fixer le gaz carbonique, tout en fa\u00e7onnant les paysages qui correspondent \u00e0 cette n\u00e9cessaire mutation mondiale. Qu&#8217;elles prennent la forme de haies champ\u00eatres ou de haies comestibles, de boisements, de p\u00e9pini\u00e8res, de vergers, d&#8217;agroforesteries, d&#8217;arboretums, Les Haies sont ce \u00ab chant(i)er du si\u00e8cle \u00bb qui permet \u00e0 l&#8217;artiste de dessiner un paysage \u00e0 l&#8217;occasion d&#8217;une action enfin concert\u00e9e de toutes les populations pour la biosph\u00e8re.<br \/>\nJo\u00ebl Auxenfans invite chercheurs, philosophes, paysagistes, artistes et planteurs de haies \u00e0 t\u00e9moigner de cette aventure qui permet de planter pour sauver la vie. C&#8217;est une d\u00e9marche d&#8217;artiste pour f\u00e9d\u00e9rer les savoirs vers l&#8217;action commune salvatrice du climat. Ce sont, depuis les sciences ou depuis la po\u00e9sie, chacune \u00e0 sa mani\u00e8re, des r\u00e9ponses artistiques aux crises climatiques.<br \/>\nAvec<br \/>\nPaul Ardenne (\u00e9crivain et historien de l&#8217;art), Michelangelo Pistoletto (artiste italien co-initiateur de l&#8217;Arte Povera), Marc Dufumier (agronome, professeur \u00e9m\u00e9rite \u00e0 AgroPArisTech), Gon\u00e9ri Le Cozannet (co-auteur du 6e rapport du GIEC), Nathalie Korboulewsky (chercheure \u00e9cologiste, laboratoire de biodiversit\u00e9 INRAE), Laurent Lelli (chercheur \u00e0 l&#8217;UMR, laboratoire d&#8217;AgroParisTech), Emmanuel Torquebiau (chercheur \u00e9m\u00e9rite en Agroforesterie CIRAD), Marc Deconchat, (laboratoire Dynafor INRAE), Alexis Pernet (paysagiste, ma\u00eetre de conf\u00e9rence, \u00c9cole Nationale Sup\u00e9rieure du Paysage de Versailles), C\u00e9cile Albert (Charg\u00e9e de Recherche CNRS IMBE), Fabrice Desjours (cr\u00e9ateur de la For\u00eat Gourmande), Mehdi Bezza\u00ef (planteur de haies sur sa ferme en Bretagne), Valentine de Ganay (g\u00e9rante d&#8217;une grande plantation d&#8217;agroforesterie en Essonne), Charles Herv\u00e9-Gruyer (paysan en permaculture), Pauline Lisowski (artiste jardini\u00e8re, critique d&#8217;art et curatrice ind\u00e9pendante), Julia Rajajic (curatrice ind\u00e9pendante).<\/p>\n","protected":false},"excerpt":{"rendered":"<p>Canicules, s\u00e9cheresses, chute de la biodiversit\u00e9, pluies diluviennes : chaque ann\u00e9e voit se succ\u00e9der de nouveaux records vers le cataclysme plan\u00e9taire annonc\u00e9 par les sciences et en particulier par le GIEC. Jo\u00ebl Auxenfans, depuis sa pratique d&#8217;artiste, propose que l&#8217;art soit actif concr\u00e8tement dans l&#8217;effort inou\u00ef de plantations qu&#8217;il faudrait d\u00e8s \u00e0 pr\u00e9sent tous accomplir [&hellip;]<\/p>\n","protected":false},"featured_media":48095,"template":"","meta":[],"product_cat":[2948,2953],"product_tag":[],"acf":[],"yoast_head":"<!-- This site is optimized with the Yoast SEO plugin v20.11 - https:\/\/yoast.com\/wordpress\/plugins\/seo\/ -->\n<title>Les Haies : R\u00e9ponses artistiques aux crises climatiques - Librairie 7L<\/title>\n<meta name=\"robots\" content=\"index, follow, max-snippet:-1, max-image-preview:large, max-video-preview:-1\" \/>\n<link rel=\"canonical\" href=\"https:\/\/librairie7l.com\/en\/produit\/les-haies-reponses-artistiques-aux-crises-climatiques-2\/\" \/>\n<meta property=\"og:locale\" content=\"en_US\" \/>\n<meta property=\"og:type\" content=\"article\" \/>\n<meta property=\"og:title\" content=\"Les Haies : R\u00e9ponses artistiques aux crises climatiques - Librairie 7L\" \/>\n<meta property=\"og:description\" content=\"Canicules, s\u00e9cheresses, chute de la biodiversit\u00e9, pluies diluviennes : chaque ann\u00e9e voit se succ\u00e9der de nouveaux records vers le cataclysme plan\u00e9taire annonc\u00e9 par les sciences et en particulier par le GIEC. Jo\u00ebl Auxenfans, depuis sa pratique d&#8217;artiste, propose que l&#8217;art soit actif concr\u00e8tement dans l&#8217;effort inou\u00ef de plantations qu&#8217;il faudrait d\u00e8s \u00e0 pr\u00e9sent tous accomplir [&hellip;]\" \/>\n<meta property=\"og:url\" content=\"https:\/\/librairie7l.com\/en\/produit\/les-haies-reponses-artistiques-aux-crises-climatiques-2\/\" \/>\n<meta property=\"og:site_name\" content=\"Librairie 7L\" \/>\n<meta property=\"article:modified_time\" content=\"2026-04-23T09:10:22+00:00\" \/>\n<meta property=\"og:image\" content=\"https:\/\/librairie7l.com\/wp-content\/uploads\/2025\/01\/9782490505739_1_75.jpg\" \/>\n\t<meta property=\"og:image:width\" content=\"600\" \/>\n\t<meta property=\"og:image:height\" content=\"853\" \/>\n\t<meta property=\"og:image:type\" content=\"image\/jpeg\" \/>\n<meta name=\"twitter:card\" content=\"summary_large_image\" \/>\n<meta name=\"twitter:label1\" content=\"Est. reading time\" \/>\n\t<meta name=\"twitter:data1\" content=\"2 minutes\" \/>\n<script type=\"application\/ld+json\" class=\"yoast-schema-graph\">{\"@context\":\"https:\/\/schema.org\",\"@graph\":[{\"@type\":\"WebPage\",\"@id\":\"https:\/\/librairie7l.com\/en\/produit\/les-haies-reponses-artistiques-aux-crises-climatiques-2\/\",\"url\":\"https:\/\/librairie7l.com\/en\/produit\/les-haies-reponses-artistiques-aux-crises-climatiques-2\/\",\"name\":\"Les Haies : R\u00e9ponses artistiques aux crises climatiques - Librairie 7L\",\"isPartOf\":{\"@id\":\"https:\/\/librairie7l.com\/en\/#website\"},\"datePublished\":\"2025-05-22T07:17:51+00:00\",\"dateModified\":\"2026-04-23T09:10:22+00:00\",\"breadcrumb\":{\"@id\":\"https:\/\/librairie7l.com\/en\/produit\/les-haies-reponses-artistiques-aux-crises-climatiques-2\/#breadcrumb\"},\"inLanguage\":\"en-US\",\"potentialAction\":[{\"@type\":\"ReadAction\",\"target\":[\"https:\/\/librairie7l.com\/en\/produit\/les-haies-reponses-artistiques-aux-crises-climatiques-2\/\"]}]},{\"@type\":\"BreadcrumbList\",\"@id\":\"https:\/\/librairie7l.com\/en\/produit\/les-haies-reponses-artistiques-aux-crises-climatiques-2\/#breadcrumb\",\"itemListElement\":[{\"@type\":\"ListItem\",\"position\":1,\"name\":\"Accueil\",\"item\":\"https:\/\/librairie7l.com\/en\/\"},{\"@type\":\"ListItem\",\"position\":2,\"name\":\"Shop\",\"item\":\"https:\/\/librairie7l.com\/en\/shop\/\"},{\"@type\":\"ListItem\",\"position\":3,\"name\":\"LES HAIES : R\u00c9PONSES ARTISTIQUES AUX CRISES CLIMATIQUES\"}]},{\"@type\":\"WebSite\",\"@id\":\"https:\/\/librairie7l.com\/en\/#website\",\"url\":\"https:\/\/librairie7l.com\/en\/\",\"name\":\"Librairie 7L\",\"description\":\"Librairie fond\u00e9e en 1999 par Karl Lagerfeld \u00e0 Paris\",\"publisher\":{\"@id\":\"https:\/\/librairie7l.com\/en\/#organization\"},\"potentialAction\":[{\"@type\":\"SearchAction\",\"target\":{\"@type\":\"EntryPoint\",\"urlTemplate\":\"https:\/\/librairie7l.com\/en\/?s={search_term_string}\"},\"query-input\":\"required name=search_term_string\"}],\"inLanguage\":\"en-US\"},{\"@type\":\"Organization\",\"@id\":\"https:\/\/librairie7l.com\/en\/#organization\",\"name\":\"Librairie 7L\",\"url\":\"https:\/\/librairie7l.com\/en\/\",\"logo\":{\"@type\":\"ImageObject\",\"inLanguage\":\"en-US\",\"@id\":\"https:\/\/librairie7l.com\/en\/#\/schema\/logo\/image\/\",\"url\":\"https:\/\/librairie7l.com\/wp-content\/uploads\/2022\/08\/logo-1.png\",\"contentUrl\":\"https:\/\/librairie7l.com\/wp-content\/uploads\/2022\/08\/logo-1.png\",\"width\":227,\"height\":301,\"caption\":\"Librairie 7L\"},\"image\":{\"@id\":\"https:\/\/librairie7l.com\/en\/#\/schema\/logo\/image\/\"}}]}<\/script>\n<!-- \/ Yoast SEO plugin. -->","yoast_head_json":{"title":"Les Haies : R\u00e9ponses artistiques aux crises climatiques - Librairie 7L","robots":{"index":"index","follow":"follow","max-snippet":"max-snippet:-1","max-image-preview":"max-image-preview:large","max-video-preview":"max-video-preview:-1"},"canonical":"https:\/\/librairie7l.com\/en\/produit\/les-haies-reponses-artistiques-aux-crises-climatiques-2\/","og_locale":"en_US","og_type":"article","og_title":"Les Haies : R\u00e9ponses artistiques aux crises climatiques - Librairie 7L","og_description":"Canicules, s\u00e9cheresses, chute de la biodiversit\u00e9, pluies diluviennes : chaque ann\u00e9e voit se succ\u00e9der de nouveaux records vers le cataclysme plan\u00e9taire annonc\u00e9 par les sciences et en particulier par le GIEC. Jo\u00ebl Auxenfans, depuis sa pratique d&#8217;artiste, propose que l&#8217;art soit actif concr\u00e8tement dans l&#8217;effort inou\u00ef de plantations qu&#8217;il faudrait d\u00e8s \u00e0 pr\u00e9sent tous accomplir [&hellip;]","og_url":"https:\/\/librairie7l.com\/en\/produit\/les-haies-reponses-artistiques-aux-crises-climatiques-2\/","og_site_name":"Librairie 7L","article_modified_time":"2026-04-23T09:10:22+00:00","og_image":[{"width":600,"height":853,"url":"https:\/\/librairie7l.com\/wp-content\/uploads\/2025\/01\/9782490505739_1_75.jpg","type":"image\/jpeg"}],"twitter_card":"summary_large_image","twitter_misc":{"Est. reading time":"2 minutes"},"schema":{"@context":"https:\/\/schema.org","@graph":[{"@type":"WebPage","@id":"https:\/\/librairie7l.com\/en\/produit\/les-haies-reponses-artistiques-aux-crises-climatiques-2\/","url":"https:\/\/librairie7l.com\/en\/produit\/les-haies-reponses-artistiques-aux-crises-climatiques-2\/","name":"Les Haies : R\u00e9ponses artistiques aux crises climatiques - Librairie 7L","isPartOf":{"@id":"https:\/\/librairie7l.com\/en\/#website"},"datePublished":"2025-05-22T07:17:51+00:00","dateModified":"2026-04-23T09:10:22+00:00","breadcrumb":{"@id":"https:\/\/librairie7l.com\/en\/produit\/les-haies-reponses-artistiques-aux-crises-climatiques-2\/#breadcrumb"},"inLanguage":"en-US","potentialAction":[{"@type":"ReadAction","target":["https:\/\/librairie7l.com\/en\/produit\/les-haies-reponses-artistiques-aux-crises-climatiques-2\/"]}]},{"@type":"BreadcrumbList","@id":"https:\/\/librairie7l.com\/en\/produit\/les-haies-reponses-artistiques-aux-crises-climatiques-2\/#breadcrumb","itemListElement":[{"@type":"ListItem","position":1,"name":"Accueil","item":"https:\/\/librairie7l.com\/en\/"},{"@type":"ListItem","position":2,"name":"Shop","item":"https:\/\/librairie7l.com\/en\/shop\/"},{"@type":"ListItem","position":3,"name":"LES HAIES : R\u00c9PONSES ARTISTIQUES AUX CRISES CLIMATIQUES"}]},{"@type":"WebSite","@id":"https:\/\/librairie7l.com\/en\/#website","url":"https:\/\/librairie7l.com\/en\/","name":"Librairie 7L","description":"Librairie fond\u00e9e en 1999 par Karl Lagerfeld \u00e0 Paris","publisher":{"@id":"https:\/\/librairie7l.com\/en\/#organization"},"potentialAction":[{"@type":"SearchAction","target":{"@type":"EntryPoint","urlTemplate":"https:\/\/librairie7l.com\/en\/?s={search_term_string}"},"query-input":"required name=search_term_string"}],"inLanguage":"en-US"},{"@type":"Organization","@id":"https:\/\/librairie7l.com\/en\/#organization","name":"Librairie 7L","url":"https:\/\/librairie7l.com\/en\/","logo":{"@type":"ImageObject","inLanguage":"en-US","@id":"https:\/\/librairie7l.com\/en\/#\/schema\/logo\/image\/","url":"https:\/\/librairie7l.com\/wp-content\/uploads\/2022\/08\/logo-1.png","contentUrl":"https:\/\/librairie7l.com\/wp-content\/uploads\/2022\/08\/logo-1.png","width":227,"height":301,"caption":"Librairie 7L"},"image":{"@id":"https:\/\/librairie7l.com\/en\/#\/schema\/logo\/image\/"}}]}},"_links":{"self":[{"href":"https:\/\/librairie7l.com\/en\/wp-json\/wp\/v2\/product\/48097"}],"collection":[{"href":"https:\/\/librairie7l.com\/en\/wp-json\/wp\/v2\/product"}],"about":[{"href":"https:\/\/librairie7l.com\/en\/wp-json\/wp\/v2\/types\/product"}],"wp:featuredmedia":[{"embeddable":true,"href":"https:\/\/librairie7l.com\/en\/wp-json\/wp\/v2\/media\/48095"}],"wp:attachment":[{"href":"https:\/\/librairie7l.com\/en\/wp-json\/wp\/v2\/media?parent=48097"}],"wp:term":[{"taxonomy":"product_cat","embeddable":true,"href":"https:\/\/librairie7l.com\/en\/wp-json\/wp\/v2\/product_cat?post=48097"},{"taxonomy":"product_tag","embeddable":true,"href":"https:\/\/librairie7l.com\/en\/wp-json\/wp\/v2\/product_tag?post=48097"}],"curies":[{"name":"wp","href":"https:\/\/api.w.org\/{rel}","templated":true}]}}