{"id":48117,"date":"2025-05-22T09:18:06","date_gmt":"2025-05-22T07:18:06","guid":{"rendered":"https:\/\/librairie7l.com\/?post_type=product&#038;p=48117"},"modified":"2026-04-09T15:01:44","modified_gmt":"2026-04-09T13:01:44","slug":"christian-lacroix-en-scene-2","status":"publish","type":"product","link":"https:\/\/librairie7l.com\/en\/produit\/christian-lacroix-en-scene-2\/","title":{"rendered":"CHRISTIAN LACROIX EN SC\u00c8NE"},"content":{"rendered":"<p>\u00abChristian Lacroix en sc\u00e8ne\u00bb est une plong\u00e9e dans l&#8217;univers fascinant du cr\u00e9ateur, dont les oeuvres ne cessent d&#8217;\u00e9merveiller le public. Artiste visionnaire, c\u00e9l\u00e8bre pour son style flamboyant et baroque, Christian Lacroix dessine et cr\u00e9\u00e9 des costumes de sc\u00e8ne depuis plus de quarante ans. Au fil de toutes ces ann\u00e9es, il a \u00e9volu\u00e9 parmi toutes les disciplines sc\u00e9niques, au gr\u00e9 de rencontres et d&#8217;opportunit\u00e9s, entre le concert, le r\u00e9cital, la danse, le th\u00e9\u00e2tre, l&#8217;op\u00e9ra, l&#8217;op\u00e9rette, la revue, la com\u00e9die musicale et le cin\u00e9ma. Sa pratique sc\u00e9nique s&#8217;est enrichie r\u00e9cemment d&#8217;exp\u00e9riences de metteur en sc\u00e8ne, de concepteur de d\u00e9cors et de sc\u00e9nographies. En quatre d\u00e9cennies, c&#8217;est plus d&#8217;une centaine de productions que Christian Lacroix aura sign\u00e9es en France, Allemagne, Suisse, Autriche, Su\u00e8de, aux \u00c9tats-Unis et en Chine, dont une grande partie est pr\u00e9sent\u00e9e dans cette exposition organis\u00e9e au Centre national du costume et de la sc\u00e8ne, sous sa direction artistique. Ce livre rend hommage \u00e0 quelques-unes des collaborations que Christian Lacroix a nou\u00e9es depuis plus de vingt ans, devenues au fil des ann\u00e9es de fid\u00e8les complicit\u00e9s professionnelles. Essais de Christian Lacroix, Vincent Boussard, Denis Podalyd\u00e8s et \u00c9ric Ruf.<\/p>\n","protected":false},"excerpt":{"rendered":"<p>\u00abChristian Lacroix en sc\u00e8ne\u00bb est une plong\u00e9e dans l&#8217;univers fascinant du cr\u00e9ateur, dont les oeuvres ne cessent d&#8217;\u00e9merveiller le public. Artiste visionnaire, c\u00e9l\u00e8bre pour son style flamboyant et baroque, Christian Lacroix dessine et cr\u00e9\u00e9 des costumes de sc\u00e8ne depuis plus de quarante ans. Au fil de toutes ces ann\u00e9es, il a \u00e9volu\u00e9 parmi toutes les [&hellip;]<\/p>\n","protected":false},"featured_media":48115,"template":"","meta":[],"product_cat":[2948,2957],"product_tag":[],"acf":[],"yoast_head":"<!-- This site is optimized with the Yoast SEO plugin v20.11 - https:\/\/yoast.com\/wordpress\/plugins\/seo\/ -->\n<title>Christian Lacroix en sc\u00e8ne - Librairie 7L<\/title>\n<meta name=\"robots\" content=\"index, follow, max-snippet:-1, max-image-preview:large, max-video-preview:-1\" \/>\n<link rel=\"canonical\" href=\"https:\/\/librairie7l.com\/en\/produit\/christian-lacroix-en-scene-2\/\" \/>\n<meta property=\"og:locale\" content=\"en_US\" \/>\n<meta property=\"og:type\" content=\"article\" \/>\n<meta property=\"og:title\" content=\"Christian Lacroix en sc\u00e8ne - Librairie 7L\" \/>\n<meta property=\"og:description\" content=\"\u00abChristian Lacroix en sc\u00e8ne\u00bb est une plong\u00e9e dans l&#8217;univers fascinant du cr\u00e9ateur, dont les oeuvres ne cessent d&#8217;\u00e9merveiller le public. Artiste visionnaire, c\u00e9l\u00e8bre pour son style flamboyant et baroque, Christian Lacroix dessine et cr\u00e9\u00e9 des costumes de sc\u00e8ne depuis plus de quarante ans. Au fil de toutes ces ann\u00e9es, il a \u00e9volu\u00e9 parmi toutes les [&hellip;]\" \/>\n<meta property=\"og:url\" content=\"https:\/\/librairie7l.com\/en\/produit\/christian-lacroix-en-scene-2\/\" \/>\n<meta property=\"og:site_name\" content=\"Librairie 7L\" \/>\n<meta property=\"article:modified_time\" content=\"2026-04-09T13:01:44+00:00\" \/>\n<meta property=\"og:image\" content=\"https:\/\/librairie7l.com\/wp-content\/uploads\/2024\/10\/9782073104229_1_75.jpg\" \/>\n\t<meta property=\"og:image:width\" content=\"600\" \/>\n\t<meta property=\"og:image:height\" content=\"891\" \/>\n\t<meta property=\"og:image:type\" content=\"image\/jpeg\" \/>\n<meta name=\"twitter:card\" content=\"summary_large_image\" \/>\n<meta name=\"twitter:label1\" content=\"Est. reading time\" \/>\n\t<meta name=\"twitter:data1\" content=\"1 minute\" \/>\n<script type=\"application\/ld+json\" class=\"yoast-schema-graph\">{\"@context\":\"https:\/\/schema.org\",\"@graph\":[{\"@type\":\"WebPage\",\"@id\":\"https:\/\/librairie7l.com\/en\/produit\/christian-lacroix-en-scene-2\/\",\"url\":\"https:\/\/librairie7l.com\/en\/produit\/christian-lacroix-en-scene-2\/\",\"name\":\"Christian Lacroix en sc\u00e8ne - Librairie 7L\",\"isPartOf\":{\"@id\":\"https:\/\/librairie7l.com\/en\/#website\"},\"datePublished\":\"2025-05-22T07:18:06+00:00\",\"dateModified\":\"2026-04-09T13:01:44+00:00\",\"breadcrumb\":{\"@id\":\"https:\/\/librairie7l.com\/en\/produit\/christian-lacroix-en-scene-2\/#breadcrumb\"},\"inLanguage\":\"en-US\",\"potentialAction\":[{\"@type\":\"ReadAction\",\"target\":[\"https:\/\/librairie7l.com\/en\/produit\/christian-lacroix-en-scene-2\/\"]}]},{\"@type\":\"BreadcrumbList\",\"@id\":\"https:\/\/librairie7l.com\/en\/produit\/christian-lacroix-en-scene-2\/#breadcrumb\",\"itemListElement\":[{\"@type\":\"ListItem\",\"position\":1,\"name\":\"Accueil\",\"item\":\"https:\/\/librairie7l.com\/en\/\"},{\"@type\":\"ListItem\",\"position\":2,\"name\":\"Shop\",\"item\":\"https:\/\/librairie7l.com\/en\/shop\/\"},{\"@type\":\"ListItem\",\"position\":3,\"name\":\"CHRISTIAN LACROIX EN SC\u00c8NE\"}]},{\"@type\":\"WebSite\",\"@id\":\"https:\/\/librairie7l.com\/en\/#website\",\"url\":\"https:\/\/librairie7l.com\/en\/\",\"name\":\"Librairie 7L\",\"description\":\"Librairie fond\u00e9e en 1999 par Karl Lagerfeld \u00e0 Paris\",\"publisher\":{\"@id\":\"https:\/\/librairie7l.com\/en\/#organization\"},\"potentialAction\":[{\"@type\":\"SearchAction\",\"target\":{\"@type\":\"EntryPoint\",\"urlTemplate\":\"https:\/\/librairie7l.com\/en\/?s={search_term_string}\"},\"query-input\":\"required name=search_term_string\"}],\"inLanguage\":\"en-US\"},{\"@type\":\"Organization\",\"@id\":\"https:\/\/librairie7l.com\/en\/#organization\",\"name\":\"Librairie 7L\",\"url\":\"https:\/\/librairie7l.com\/en\/\",\"logo\":{\"@type\":\"ImageObject\",\"inLanguage\":\"en-US\",\"@id\":\"https:\/\/librairie7l.com\/en\/#\/schema\/logo\/image\/\",\"url\":\"https:\/\/librairie7l.com\/wp-content\/uploads\/2022\/08\/logo-1.png\",\"contentUrl\":\"https:\/\/librairie7l.com\/wp-content\/uploads\/2022\/08\/logo-1.png\",\"width\":227,\"height\":301,\"caption\":\"Librairie 7L\"},\"image\":{\"@id\":\"https:\/\/librairie7l.com\/en\/#\/schema\/logo\/image\/\"}}]}<\/script>\n<!-- \/ Yoast SEO plugin. -->","yoast_head_json":{"title":"Christian Lacroix en sc\u00e8ne - Librairie 7L","robots":{"index":"index","follow":"follow","max-snippet":"max-snippet:-1","max-image-preview":"max-image-preview:large","max-video-preview":"max-video-preview:-1"},"canonical":"https:\/\/librairie7l.com\/en\/produit\/christian-lacroix-en-scene-2\/","og_locale":"en_US","og_type":"article","og_title":"Christian Lacroix en sc\u00e8ne - Librairie 7L","og_description":"\u00abChristian Lacroix en sc\u00e8ne\u00bb est une plong\u00e9e dans l&#8217;univers fascinant du cr\u00e9ateur, dont les oeuvres ne cessent d&#8217;\u00e9merveiller le public. Artiste visionnaire, c\u00e9l\u00e8bre pour son style flamboyant et baroque, Christian Lacroix dessine et cr\u00e9\u00e9 des costumes de sc\u00e8ne depuis plus de quarante ans. Au fil de toutes ces ann\u00e9es, il a \u00e9volu\u00e9 parmi toutes les [&hellip;]","og_url":"https:\/\/librairie7l.com\/en\/produit\/christian-lacroix-en-scene-2\/","og_site_name":"Librairie 7L","article_modified_time":"2026-04-09T13:01:44+00:00","og_image":[{"width":600,"height":891,"url":"https:\/\/librairie7l.com\/wp-content\/uploads\/2024\/10\/9782073104229_1_75.jpg","type":"image\/jpeg"}],"twitter_card":"summary_large_image","twitter_misc":{"Est. reading time":"1 minute"},"schema":{"@context":"https:\/\/schema.org","@graph":[{"@type":"WebPage","@id":"https:\/\/librairie7l.com\/en\/produit\/christian-lacroix-en-scene-2\/","url":"https:\/\/librairie7l.com\/en\/produit\/christian-lacroix-en-scene-2\/","name":"Christian Lacroix en sc\u00e8ne - Librairie 7L","isPartOf":{"@id":"https:\/\/librairie7l.com\/en\/#website"},"datePublished":"2025-05-22T07:18:06+00:00","dateModified":"2026-04-09T13:01:44+00:00","breadcrumb":{"@id":"https:\/\/librairie7l.com\/en\/produit\/christian-lacroix-en-scene-2\/#breadcrumb"},"inLanguage":"en-US","potentialAction":[{"@type":"ReadAction","target":["https:\/\/librairie7l.com\/en\/produit\/christian-lacroix-en-scene-2\/"]}]},{"@type":"BreadcrumbList","@id":"https:\/\/librairie7l.com\/en\/produit\/christian-lacroix-en-scene-2\/#breadcrumb","itemListElement":[{"@type":"ListItem","position":1,"name":"Accueil","item":"https:\/\/librairie7l.com\/en\/"},{"@type":"ListItem","position":2,"name":"Shop","item":"https:\/\/librairie7l.com\/en\/shop\/"},{"@type":"ListItem","position":3,"name":"CHRISTIAN LACROIX EN SC\u00c8NE"}]},{"@type":"WebSite","@id":"https:\/\/librairie7l.com\/en\/#website","url":"https:\/\/librairie7l.com\/en\/","name":"Librairie 7L","description":"Librairie fond\u00e9e en 1999 par Karl Lagerfeld \u00e0 Paris","publisher":{"@id":"https:\/\/librairie7l.com\/en\/#organization"},"potentialAction":[{"@type":"SearchAction","target":{"@type":"EntryPoint","urlTemplate":"https:\/\/librairie7l.com\/en\/?s={search_term_string}"},"query-input":"required name=search_term_string"}],"inLanguage":"en-US"},{"@type":"Organization","@id":"https:\/\/librairie7l.com\/en\/#organization","name":"Librairie 7L","url":"https:\/\/librairie7l.com\/en\/","logo":{"@type":"ImageObject","inLanguage":"en-US","@id":"https:\/\/librairie7l.com\/en\/#\/schema\/logo\/image\/","url":"https:\/\/librairie7l.com\/wp-content\/uploads\/2022\/08\/logo-1.png","contentUrl":"https:\/\/librairie7l.com\/wp-content\/uploads\/2022\/08\/logo-1.png","width":227,"height":301,"caption":"Librairie 7L"},"image":{"@id":"https:\/\/librairie7l.com\/en\/#\/schema\/logo\/image\/"}}]}},"_links":{"self":[{"href":"https:\/\/librairie7l.com\/en\/wp-json\/wp\/v2\/product\/48117"}],"collection":[{"href":"https:\/\/librairie7l.com\/en\/wp-json\/wp\/v2\/product"}],"about":[{"href":"https:\/\/librairie7l.com\/en\/wp-json\/wp\/v2\/types\/product"}],"wp:featuredmedia":[{"embeddable":true,"href":"https:\/\/librairie7l.com\/en\/wp-json\/wp\/v2\/media\/48115"}],"wp:attachment":[{"href":"https:\/\/librairie7l.com\/en\/wp-json\/wp\/v2\/media?parent=48117"}],"wp:term":[{"taxonomy":"product_cat","embeddable":true,"href":"https:\/\/librairie7l.com\/en\/wp-json\/wp\/v2\/product_cat?post=48117"},{"taxonomy":"product_tag","embeddable":true,"href":"https:\/\/librairie7l.com\/en\/wp-json\/wp\/v2\/product_tag?post=48117"}],"curies":[{"name":"wp","href":"https:\/\/api.w.org\/{rel}","templated":true}]}}