{"id":48137,"date":"2025-05-23T18:58:31","date_gmt":"2025-05-23T16:58:31","guid":{"rendered":"https:\/\/librairie7l.com\/?post_type=product&#038;p=48137"},"modified":"2026-04-08T00:28:26","modified_gmt":"2026-04-07T22:28:26","slug":"sebastiao-salgado-gold-2","status":"publish","type":"product","link":"https:\/\/librairie7l.com\/en\/produit\/sebastiao-salgado-gold-2\/","title":{"rendered":"SEBASTI\u00c3O SALGADO ; GOLD"},"content":{"rendered":"<p>\u00abQu&#8217;est-ce qui, dans ce m\u00e9tal jaune et sans \u00e9clat, pousse des hommes \u00e0 abandonner leur foyer, vendre leurs biens et traverser un continent pour risquer leur vie, leurs membres et leur sant\u00e9 mentale au nom d&#8217;un r\u00eave?\u00bb &#8211; Sebasti\u00e3o Salgado Quand Sebasti\u00e3o Salgado est finalement autoris\u00e9 \u00e0 visiter Serra Pelada, en septembre 1986, apr\u00e8s six ann\u00e9es de refus des autorit\u00e9s militaires br\u00e9siliennes, il n&#8217;est pas pr\u00e9par\u00e9 au spectacle ahurissant qui l&#8217;attend en bordure de for\u00eat amazonienne, aux confins meurtris de cette montagne pel\u00e9e: un trou b\u00e9ant, profond et large de 200 m\u00e8tres, o\u00f9 grouillent des dizaines de milliers d&#8217;hommes presque nus. La moiti\u00e9 remonte des sacs qui p\u00e8sent jusqu&#8217;\u00e0 40 kilos par des \u00e9chelles en bois, les autres glissent sur les pentes boueuses pour replonger dans la gueule sale de la mine. Leurs corps et leurs visages sont ocres, oxyd\u00e9s par le minerai de fer comme cette terre qu&#8217;ils excavent. Lorsqu&#8217;on trouva de l&#8217;or dans un des ruisseaux de Serra Pelada, en 1979, le petit village devint un temps l&#8217;Eldorado tant promis, la plus grande mine d&#8217;or \u00e0 ciel ouvert du monde, o\u00f9 quelque 50.000 hommes s&#8217;\u00e9puisaient dans des conditions \u00e9pouvantables. Aujourd&#8217;hui, la ru\u00e9e vers l&#8217;or la plus sauvage qu&#8217;ait connue le Br\u00e9sil appartient \u00e0 la l\u00e9gende, qu&#8217;on entretient avec quelques souvenirs heureux, des regrets amers, et les photos de Sebasti\u00e3o Salgado. Au moment o\u00f9 Salgado prit ces photos, la couleur r\u00e9gnait en ma\u00eetre dans les pages glac\u00e9es des magazines. Si le noir et blanc \u00e9tait un parti pris risqu\u00e9, la s\u00e9rie consacr\u00e9e \u00e0 Serra Pelada inaugura un retour en gr\u00e2ce de la photo monochrome, s&#8217;inscrivant dans une tradition dont les ma\u00eetres, d&#8217;Edward Weston \u00e0 Brassa\u00ef en passant par Robert Capa et Henri Cartier-Bresson, d\u00e9finirent la grande premi\u00e8re moiti\u00e9 du XXe si\u00e8cle. Quand le New York Times Magazine re\u00e7ut les photos de Salgado, il se produisit quelque chose d&#8217;extraordinaire: un silence complet. \u00abDe toute ma carri\u00e8re au New York Times, se souvient le r\u00e9dacteur photo Peter Howe, je n&#8217;ai jamais vu de r\u00e9dacteurs en chef r\u00e9agir ainsi \u00e0 un ensemble de photographies.\u00bb \u00c0 l&#8217;heure o\u00f9 la photo est absorb\u00e9e par le monde de l&#8217;art et la manipulation num\u00e9rique, le travail de Salgado est investi d&#8217;une qualit\u00e9 quasi-biblique et g\u00e9n\u00e8re une sensation d&#8217;imm\u00e9diatet\u00e9 qui le rend \u00e9minemment contemporain. La mine de la montagne pel\u00e9e est certes ferm\u00e9e depuis longtemps, pourtant l&#8217;intensit\u00e9 dramatique de la ru\u00e9e vers l&#8217;or jaillit toujours de ces images. Cet ouvrage rassemble le portfolio de Salgado sur Serra Pelada dans son int\u00e9gralit\u00e9, reproduit selon les techniques les plus perfectionn\u00e9es, accompagn\u00e9 d&#8217;un avant-propos du photographe et d&#8217;un essai d&#8217;Alan Riding. \u00c9galement disponible en \u00c9dition collector limit\u00e9e et sign\u00e9e et en \u00c9dition d&#8217;art<\/p>\n","protected":false},"excerpt":{"rendered":"<p>\u00abQu&#8217;est-ce qui, dans ce m\u00e9tal jaune et sans \u00e9clat, pousse des hommes \u00e0 abandonner leur foyer, vendre leurs biens et traverser un continent pour risquer leur vie, leurs membres et leur sant\u00e9 mentale au nom d&#8217;un r\u00eave?\u00bb &#8211; Sebasti\u00e3o Salgado Quand Sebasti\u00e3o Salgado est finalement autoris\u00e9 \u00e0 visiter Serra Pelada, en septembre 1986, apr\u00e8s six [&hellip;]<\/p>\n","protected":false},"featured_media":48135,"template":"","meta":[],"product_cat":[7364,2948],"product_tag":[],"acf":[],"yoast_head":"<!-- This site is optimized with the Yoast SEO plugin v20.11 - https:\/\/yoast.com\/wordpress\/plugins\/seo\/ -->\n<title>Sebasti\u00e3o Salgado ; gold - Librairie 7L<\/title>\n<meta name=\"robots\" content=\"index, follow, max-snippet:-1, max-image-preview:large, max-video-preview:-1\" \/>\n<link rel=\"canonical\" href=\"https:\/\/librairie7l.com\/en\/produit\/sebastiao-salgado-gold-2\/\" \/>\n<meta property=\"og:locale\" content=\"en_US\" \/>\n<meta property=\"og:type\" content=\"article\" \/>\n<meta property=\"og:title\" content=\"Sebasti\u00e3o Salgado ; gold - Librairie 7L\" \/>\n<meta property=\"og:description\" content=\"\u00abQu&#8217;est-ce qui, dans ce m\u00e9tal jaune et sans \u00e9clat, pousse des hommes \u00e0 abandonner leur foyer, vendre leurs biens et traverser un continent pour risquer leur vie, leurs membres et leur sant\u00e9 mentale au nom d&#8217;un r\u00eave?\u00bb &#8211; Sebasti\u00e3o Salgado Quand Sebasti\u00e3o Salgado est finalement autoris\u00e9 \u00e0 visiter Serra Pelada, en septembre 1986, apr\u00e8s six [&hellip;]\" \/>\n<meta property=\"og:url\" content=\"https:\/\/librairie7l.com\/en\/produit\/sebastiao-salgado-gold-2\/\" \/>\n<meta property=\"og:site_name\" content=\"Librairie 7L\" \/>\n<meta property=\"article:modified_time\" content=\"2026-04-07T22:28:26+00:00\" \/>\n<meta property=\"og:image\" content=\"https:\/\/librairie7l.com\/wp-content\/uploads\/2018\/12\/9783836575089_1_75.jpg\" \/>\n\t<meta property=\"og:image:width\" content=\"199\" \/>\n\t<meta property=\"og:image:height\" content=\"259\" \/>\n\t<meta property=\"og:image:type\" content=\"image\/jpeg\" \/>\n<meta name=\"twitter:card\" content=\"summary_large_image\" \/>\n<meta name=\"twitter:label1\" content=\"Est. reading time\" \/>\n\t<meta name=\"twitter:data1\" content=\"2 minutes\" \/>\n<script type=\"application\/ld+json\" class=\"yoast-schema-graph\">{\"@context\":\"https:\/\/schema.org\",\"@graph\":[{\"@type\":\"WebPage\",\"@id\":\"https:\/\/librairie7l.com\/en\/produit\/sebastiao-salgado-gold-2\/\",\"url\":\"https:\/\/librairie7l.com\/en\/produit\/sebastiao-salgado-gold-2\/\",\"name\":\"Sebasti\u00e3o Salgado ; gold - Librairie 7L\",\"isPartOf\":{\"@id\":\"https:\/\/librairie7l.com\/en\/#website\"},\"datePublished\":\"2025-05-23T16:58:31+00:00\",\"dateModified\":\"2026-04-07T22:28:26+00:00\",\"breadcrumb\":{\"@id\":\"https:\/\/librairie7l.com\/en\/produit\/sebastiao-salgado-gold-2\/#breadcrumb\"},\"inLanguage\":\"en-US\",\"potentialAction\":[{\"@type\":\"ReadAction\",\"target\":[\"https:\/\/librairie7l.com\/en\/produit\/sebastiao-salgado-gold-2\/\"]}]},{\"@type\":\"BreadcrumbList\",\"@id\":\"https:\/\/librairie7l.com\/en\/produit\/sebastiao-salgado-gold-2\/#breadcrumb\",\"itemListElement\":[{\"@type\":\"ListItem\",\"position\":1,\"name\":\"Accueil\",\"item\":\"https:\/\/librairie7l.com\/en\/\"},{\"@type\":\"ListItem\",\"position\":2,\"name\":\"Shop\",\"item\":\"https:\/\/librairie7l.com\/en\/shop\/\"},{\"@type\":\"ListItem\",\"position\":3,\"name\":\"SEBASTI\u00c3O SALGADO ; GOLD\"}]},{\"@type\":\"WebSite\",\"@id\":\"https:\/\/librairie7l.com\/en\/#website\",\"url\":\"https:\/\/librairie7l.com\/en\/\",\"name\":\"Librairie 7L\",\"description\":\"Librairie fond\u00e9e en 1999 par Karl Lagerfeld \u00e0 Paris\",\"publisher\":{\"@id\":\"https:\/\/librairie7l.com\/en\/#organization\"},\"potentialAction\":[{\"@type\":\"SearchAction\",\"target\":{\"@type\":\"EntryPoint\",\"urlTemplate\":\"https:\/\/librairie7l.com\/en\/?s={search_term_string}\"},\"query-input\":\"required name=search_term_string\"}],\"inLanguage\":\"en-US\"},{\"@type\":\"Organization\",\"@id\":\"https:\/\/librairie7l.com\/en\/#organization\",\"name\":\"Librairie 7L\",\"url\":\"https:\/\/librairie7l.com\/en\/\",\"logo\":{\"@type\":\"ImageObject\",\"inLanguage\":\"en-US\",\"@id\":\"https:\/\/librairie7l.com\/en\/#\/schema\/logo\/image\/\",\"url\":\"https:\/\/librairie7l.com\/wp-content\/uploads\/2022\/08\/logo-1.png\",\"contentUrl\":\"https:\/\/librairie7l.com\/wp-content\/uploads\/2022\/08\/logo-1.png\",\"width\":227,\"height\":301,\"caption\":\"Librairie 7L\"},\"image\":{\"@id\":\"https:\/\/librairie7l.com\/en\/#\/schema\/logo\/image\/\"}}]}<\/script>\n<!-- \/ Yoast SEO plugin. -->","yoast_head_json":{"title":"Sebasti\u00e3o Salgado ; gold - Librairie 7L","robots":{"index":"index","follow":"follow","max-snippet":"max-snippet:-1","max-image-preview":"max-image-preview:large","max-video-preview":"max-video-preview:-1"},"canonical":"https:\/\/librairie7l.com\/en\/produit\/sebastiao-salgado-gold-2\/","og_locale":"en_US","og_type":"article","og_title":"Sebasti\u00e3o Salgado ; gold - Librairie 7L","og_description":"\u00abQu&#8217;est-ce qui, dans ce m\u00e9tal jaune et sans \u00e9clat, pousse des hommes \u00e0 abandonner leur foyer, vendre leurs biens et traverser un continent pour risquer leur vie, leurs membres et leur sant\u00e9 mentale au nom d&#8217;un r\u00eave?\u00bb &#8211; Sebasti\u00e3o Salgado Quand Sebasti\u00e3o Salgado est finalement autoris\u00e9 \u00e0 visiter Serra Pelada, en septembre 1986, apr\u00e8s six [&hellip;]","og_url":"https:\/\/librairie7l.com\/en\/produit\/sebastiao-salgado-gold-2\/","og_site_name":"Librairie 7L","article_modified_time":"2026-04-07T22:28:26+00:00","og_image":[{"width":199,"height":259,"url":"https:\/\/librairie7l.com\/wp-content\/uploads\/2018\/12\/9783836575089_1_75.jpg","type":"image\/jpeg"}],"twitter_card":"summary_large_image","twitter_misc":{"Est. reading time":"2 minutes"},"schema":{"@context":"https:\/\/schema.org","@graph":[{"@type":"WebPage","@id":"https:\/\/librairie7l.com\/en\/produit\/sebastiao-salgado-gold-2\/","url":"https:\/\/librairie7l.com\/en\/produit\/sebastiao-salgado-gold-2\/","name":"Sebasti\u00e3o Salgado ; gold - Librairie 7L","isPartOf":{"@id":"https:\/\/librairie7l.com\/en\/#website"},"datePublished":"2025-05-23T16:58:31+00:00","dateModified":"2026-04-07T22:28:26+00:00","breadcrumb":{"@id":"https:\/\/librairie7l.com\/en\/produit\/sebastiao-salgado-gold-2\/#breadcrumb"},"inLanguage":"en-US","potentialAction":[{"@type":"ReadAction","target":["https:\/\/librairie7l.com\/en\/produit\/sebastiao-salgado-gold-2\/"]}]},{"@type":"BreadcrumbList","@id":"https:\/\/librairie7l.com\/en\/produit\/sebastiao-salgado-gold-2\/#breadcrumb","itemListElement":[{"@type":"ListItem","position":1,"name":"Accueil","item":"https:\/\/librairie7l.com\/en\/"},{"@type":"ListItem","position":2,"name":"Shop","item":"https:\/\/librairie7l.com\/en\/shop\/"},{"@type":"ListItem","position":3,"name":"SEBASTI\u00c3O SALGADO ; GOLD"}]},{"@type":"WebSite","@id":"https:\/\/librairie7l.com\/en\/#website","url":"https:\/\/librairie7l.com\/en\/","name":"Librairie 7L","description":"Librairie fond\u00e9e en 1999 par Karl Lagerfeld \u00e0 Paris","publisher":{"@id":"https:\/\/librairie7l.com\/en\/#organization"},"potentialAction":[{"@type":"SearchAction","target":{"@type":"EntryPoint","urlTemplate":"https:\/\/librairie7l.com\/en\/?s={search_term_string}"},"query-input":"required name=search_term_string"}],"inLanguage":"en-US"},{"@type":"Organization","@id":"https:\/\/librairie7l.com\/en\/#organization","name":"Librairie 7L","url":"https:\/\/librairie7l.com\/en\/","logo":{"@type":"ImageObject","inLanguage":"en-US","@id":"https:\/\/librairie7l.com\/en\/#\/schema\/logo\/image\/","url":"https:\/\/librairie7l.com\/wp-content\/uploads\/2022\/08\/logo-1.png","contentUrl":"https:\/\/librairie7l.com\/wp-content\/uploads\/2022\/08\/logo-1.png","width":227,"height":301,"caption":"Librairie 7L"},"image":{"@id":"https:\/\/librairie7l.com\/en\/#\/schema\/logo\/image\/"}}]}},"_links":{"self":[{"href":"https:\/\/librairie7l.com\/en\/wp-json\/wp\/v2\/product\/48137"}],"collection":[{"href":"https:\/\/librairie7l.com\/en\/wp-json\/wp\/v2\/product"}],"about":[{"href":"https:\/\/librairie7l.com\/en\/wp-json\/wp\/v2\/types\/product"}],"wp:featuredmedia":[{"embeddable":true,"href":"https:\/\/librairie7l.com\/en\/wp-json\/wp\/v2\/media\/48135"}],"wp:attachment":[{"href":"https:\/\/librairie7l.com\/en\/wp-json\/wp\/v2\/media?parent=48137"}],"wp:term":[{"taxonomy":"product_cat","embeddable":true,"href":"https:\/\/librairie7l.com\/en\/wp-json\/wp\/v2\/product_cat?post=48137"},{"taxonomy":"product_tag","embeddable":true,"href":"https:\/\/librairie7l.com\/en\/wp-json\/wp\/v2\/product_tag?post=48137"}],"curies":[{"name":"wp","href":"https:\/\/api.w.org\/{rel}","templated":true}]}}