{"id":48141,"date":"2025-05-23T18:58:50","date_gmt":"2025-05-23T16:58:50","guid":{"rendered":"https:\/\/librairie7l.com\/?post_type=product&#038;p=48141"},"modified":"2026-04-07T23:17:49","modified_gmt":"2026-04-07T21:17:49","slug":"des-oiseaux-9","status":"publish","type":"product","link":"https:\/\/librairie7l.com\/en\/produit\/des-oiseaux-9\/","title":{"rendered":"DES OISEAUX"},"content":{"rendered":"<p>Fid\u00e8le \u00e0 ses principes esth\u00e9tiques et \u00e0 ses engagements d&#8217;acteur environnemental, Sebasti\u00e3o Salgado est aujourd&#8217;hui l&#8217;un des plus grands noms de la photographie contemporaine.<br \/>\nDepuis plus de cinquante ans, le photographe br\u00e9silien parcourt tous les continents sur les traces d&#8217;une humanit\u00e9 en pleine mutation. Tout en t\u00e9moignant des \u00e9v\u00e9nements majeurs qui ont marqu\u00e9 notre histoire r\u00e9cente &#8211; confl its internationaux, famine, exode, exploitation de l&#8217;homme par l&#8217;homme -, il n&#8217;a cess\u00e9 de nous faire d\u00e9couvrir des territoires vierges et des paysages grandioses. Sa signature est une<br \/>\niconographie proche du sacr\u00e9 : lyrisme des grands espaces, ciels incandescents, cadrages purs, contrastes saisissants. Ses photographies puissamment construites, aux nuances de blancs, de noirs et de gris nimb\u00e9es d&#8217;une lumi\u00e8re hypnotique, et ses tirages d&#8217;une qualit\u00e9 unique ont impos\u00e9 un style singulier appr\u00e9ci\u00e9 du plus grand<br \/>\nnombre. La faune et la fl ore, dans leur univers originel, ont toujours tenu une place \u00e0 part dans son oeuvre. \u00c0 travers elles, Salgado met en exergue la pr\u00e9ciosit\u00e9 de la vie et la pr\u00e9servation de la nature qui lui sont si ch\u00e8res. Pour la collection Des oiseaux, Sebasti\u00e3o Salgado s&#8217;est<br \/>\nreplong\u00e9 r\u00e9cemment dans ses imposantes archives afin de nous r\u00e9v\u00e9ler des esp\u00e8ces rares &#8211; manchots, albatros, p\u00e9trels, urubus, toucans, et autres aras &#8211; qu&#8217;il n&#8217;a cess\u00e9 de photographier, depuis des d\u00e9cennies, sur terre comme en mer, et dans des contr\u00e9es recul\u00e9es, que ce soit en Amazonie, en Antarctique ou en Afrique. Ce livre,<br \/>\nqui pr\u00e9sente de nombreuses images jamais publi\u00e9es, est une v\u00e9ritable ode \u00e0 la beaut\u00e9 de notre plan\u00e8te.<\/p>\n","protected":false},"excerpt":{"rendered":"<p>Fid\u00e8le \u00e0 ses principes esth\u00e9tiques et \u00e0 ses engagements d&#8217;acteur environnemental, Sebasti\u00e3o Salgado est aujourd&#8217;hui l&#8217;un des plus grands noms de la photographie contemporaine. Depuis plus de cinquante ans, le photographe br\u00e9silien parcourt tous les continents sur les traces d&#8217;une humanit\u00e9 en pleine mutation. Tout en t\u00e9moignant des \u00e9v\u00e9nements majeurs qui ont marqu\u00e9 notre histoire [&hellip;]<\/p>\n","protected":false},"featured_media":48139,"template":"","meta":[],"product_cat":[7364,2948],"product_tag":[],"acf":[],"yoast_head":"<!-- This site is optimized with the Yoast SEO plugin v20.11 - https:\/\/yoast.com\/wordpress\/plugins\/seo\/ -->\n<title>Des oiseaux - Librairie 7L<\/title>\n<meta name=\"robots\" content=\"index, follow, max-snippet:-1, max-image-preview:large, max-video-preview:-1\" \/>\n<link rel=\"canonical\" href=\"https:\/\/librairie7l.com\/en\/produit\/des-oiseaux-9\/\" \/>\n<meta property=\"og:locale\" content=\"en_US\" \/>\n<meta property=\"og:type\" content=\"article\" \/>\n<meta property=\"og:title\" content=\"Des oiseaux - Librairie 7L\" \/>\n<meta property=\"og:description\" content=\"Fid\u00e8le \u00e0 ses principes esth\u00e9tiques et \u00e0 ses engagements d&#8217;acteur environnemental, Sebasti\u00e3o Salgado est aujourd&#8217;hui l&#8217;un des plus grands noms de la photographie contemporaine. Depuis plus de cinquante ans, le photographe br\u00e9silien parcourt tous les continents sur les traces d&#8217;une humanit\u00e9 en pleine mutation. Tout en t\u00e9moignant des \u00e9v\u00e9nements majeurs qui ont marqu\u00e9 notre histoire [&hellip;]\" \/>\n<meta property=\"og:url\" content=\"https:\/\/librairie7l.com\/en\/produit\/des-oiseaux-9\/\" \/>\n<meta property=\"og:site_name\" content=\"Librairie 7L\" \/>\n<meta property=\"article:modified_time\" content=\"2026-04-07T21:17:49+00:00\" \/>\n<meta property=\"og:image\" content=\"https:\/\/librairie7l.com\/wp-content\/uploads\/2024\/06\/9782365114196_1_75.jpg\" \/>\n\t<meta property=\"og:image:width\" content=\"400\" \/>\n\t<meta property=\"og:image:height\" content=\"225\" \/>\n\t<meta property=\"og:image:type\" content=\"image\/jpeg\" \/>\n<meta name=\"twitter:card\" content=\"summary_large_image\" \/>\n<meta name=\"twitter:label1\" content=\"Est. reading time\" \/>\n\t<meta name=\"twitter:data1\" content=\"1 minute\" \/>\n<script type=\"application\/ld+json\" class=\"yoast-schema-graph\">{\"@context\":\"https:\/\/schema.org\",\"@graph\":[{\"@type\":\"WebPage\",\"@id\":\"https:\/\/librairie7l.com\/en\/produit\/des-oiseaux-9\/\",\"url\":\"https:\/\/librairie7l.com\/en\/produit\/des-oiseaux-9\/\",\"name\":\"Des oiseaux - Librairie 7L\",\"isPartOf\":{\"@id\":\"https:\/\/librairie7l.com\/en\/#website\"},\"datePublished\":\"2025-05-23T16:58:50+00:00\",\"dateModified\":\"2026-04-07T21:17:49+00:00\",\"breadcrumb\":{\"@id\":\"https:\/\/librairie7l.com\/en\/produit\/des-oiseaux-9\/#breadcrumb\"},\"inLanguage\":\"en-US\",\"potentialAction\":[{\"@type\":\"ReadAction\",\"target\":[\"https:\/\/librairie7l.com\/en\/produit\/des-oiseaux-9\/\"]}]},{\"@type\":\"BreadcrumbList\",\"@id\":\"https:\/\/librairie7l.com\/en\/produit\/des-oiseaux-9\/#breadcrumb\",\"itemListElement\":[{\"@type\":\"ListItem\",\"position\":1,\"name\":\"Accueil\",\"item\":\"https:\/\/librairie7l.com\/en\/\"},{\"@type\":\"ListItem\",\"position\":2,\"name\":\"Shop\",\"item\":\"https:\/\/librairie7l.com\/en\/shop\/\"},{\"@type\":\"ListItem\",\"position\":3,\"name\":\"DES OISEAUX\"}]},{\"@type\":\"WebSite\",\"@id\":\"https:\/\/librairie7l.com\/en\/#website\",\"url\":\"https:\/\/librairie7l.com\/en\/\",\"name\":\"Librairie 7L\",\"description\":\"Librairie fond\u00e9e en 1999 par Karl Lagerfeld \u00e0 Paris\",\"publisher\":{\"@id\":\"https:\/\/librairie7l.com\/en\/#organization\"},\"potentialAction\":[{\"@type\":\"SearchAction\",\"target\":{\"@type\":\"EntryPoint\",\"urlTemplate\":\"https:\/\/librairie7l.com\/en\/?s={search_term_string}\"},\"query-input\":\"required name=search_term_string\"}],\"inLanguage\":\"en-US\"},{\"@type\":\"Organization\",\"@id\":\"https:\/\/librairie7l.com\/en\/#organization\",\"name\":\"Librairie 7L\",\"url\":\"https:\/\/librairie7l.com\/en\/\",\"logo\":{\"@type\":\"ImageObject\",\"inLanguage\":\"en-US\",\"@id\":\"https:\/\/librairie7l.com\/en\/#\/schema\/logo\/image\/\",\"url\":\"https:\/\/librairie7l.com\/wp-content\/uploads\/2022\/08\/logo-1.png\",\"contentUrl\":\"https:\/\/librairie7l.com\/wp-content\/uploads\/2022\/08\/logo-1.png\",\"width\":227,\"height\":301,\"caption\":\"Librairie 7L\"},\"image\":{\"@id\":\"https:\/\/librairie7l.com\/en\/#\/schema\/logo\/image\/\"}}]}<\/script>\n<!-- \/ Yoast SEO plugin. -->","yoast_head_json":{"title":"Des oiseaux - Librairie 7L","robots":{"index":"index","follow":"follow","max-snippet":"max-snippet:-1","max-image-preview":"max-image-preview:large","max-video-preview":"max-video-preview:-1"},"canonical":"https:\/\/librairie7l.com\/en\/produit\/des-oiseaux-9\/","og_locale":"en_US","og_type":"article","og_title":"Des oiseaux - Librairie 7L","og_description":"Fid\u00e8le \u00e0 ses principes esth\u00e9tiques et \u00e0 ses engagements d&#8217;acteur environnemental, Sebasti\u00e3o Salgado est aujourd&#8217;hui l&#8217;un des plus grands noms de la photographie contemporaine. Depuis plus de cinquante ans, le photographe br\u00e9silien parcourt tous les continents sur les traces d&#8217;une humanit\u00e9 en pleine mutation. Tout en t\u00e9moignant des \u00e9v\u00e9nements majeurs qui ont marqu\u00e9 notre histoire [&hellip;]","og_url":"https:\/\/librairie7l.com\/en\/produit\/des-oiseaux-9\/","og_site_name":"Librairie 7L","article_modified_time":"2026-04-07T21:17:49+00:00","og_image":[{"width":400,"height":225,"url":"https:\/\/librairie7l.com\/wp-content\/uploads\/2024\/06\/9782365114196_1_75.jpg","type":"image\/jpeg"}],"twitter_card":"summary_large_image","twitter_misc":{"Est. reading time":"1 minute"},"schema":{"@context":"https:\/\/schema.org","@graph":[{"@type":"WebPage","@id":"https:\/\/librairie7l.com\/en\/produit\/des-oiseaux-9\/","url":"https:\/\/librairie7l.com\/en\/produit\/des-oiseaux-9\/","name":"Des oiseaux - Librairie 7L","isPartOf":{"@id":"https:\/\/librairie7l.com\/en\/#website"},"datePublished":"2025-05-23T16:58:50+00:00","dateModified":"2026-04-07T21:17:49+00:00","breadcrumb":{"@id":"https:\/\/librairie7l.com\/en\/produit\/des-oiseaux-9\/#breadcrumb"},"inLanguage":"en-US","potentialAction":[{"@type":"ReadAction","target":["https:\/\/librairie7l.com\/en\/produit\/des-oiseaux-9\/"]}]},{"@type":"BreadcrumbList","@id":"https:\/\/librairie7l.com\/en\/produit\/des-oiseaux-9\/#breadcrumb","itemListElement":[{"@type":"ListItem","position":1,"name":"Accueil","item":"https:\/\/librairie7l.com\/en\/"},{"@type":"ListItem","position":2,"name":"Shop","item":"https:\/\/librairie7l.com\/en\/shop\/"},{"@type":"ListItem","position":3,"name":"DES OISEAUX"}]},{"@type":"WebSite","@id":"https:\/\/librairie7l.com\/en\/#website","url":"https:\/\/librairie7l.com\/en\/","name":"Librairie 7L","description":"Librairie fond\u00e9e en 1999 par Karl Lagerfeld \u00e0 Paris","publisher":{"@id":"https:\/\/librairie7l.com\/en\/#organization"},"potentialAction":[{"@type":"SearchAction","target":{"@type":"EntryPoint","urlTemplate":"https:\/\/librairie7l.com\/en\/?s={search_term_string}"},"query-input":"required name=search_term_string"}],"inLanguage":"en-US"},{"@type":"Organization","@id":"https:\/\/librairie7l.com\/en\/#organization","name":"Librairie 7L","url":"https:\/\/librairie7l.com\/en\/","logo":{"@type":"ImageObject","inLanguage":"en-US","@id":"https:\/\/librairie7l.com\/en\/#\/schema\/logo\/image\/","url":"https:\/\/librairie7l.com\/wp-content\/uploads\/2022\/08\/logo-1.png","contentUrl":"https:\/\/librairie7l.com\/wp-content\/uploads\/2022\/08\/logo-1.png","width":227,"height":301,"caption":"Librairie 7L"},"image":{"@id":"https:\/\/librairie7l.com\/en\/#\/schema\/logo\/image\/"}}]}},"_links":{"self":[{"href":"https:\/\/librairie7l.com\/en\/wp-json\/wp\/v2\/product\/48141"}],"collection":[{"href":"https:\/\/librairie7l.com\/en\/wp-json\/wp\/v2\/product"}],"about":[{"href":"https:\/\/librairie7l.com\/en\/wp-json\/wp\/v2\/types\/product"}],"wp:featuredmedia":[{"embeddable":true,"href":"https:\/\/librairie7l.com\/en\/wp-json\/wp\/v2\/media\/48139"}],"wp:attachment":[{"href":"https:\/\/librairie7l.com\/en\/wp-json\/wp\/v2\/media?parent=48141"}],"wp:term":[{"taxonomy":"product_cat","embeddable":true,"href":"https:\/\/librairie7l.com\/en\/wp-json\/wp\/v2\/product_cat?post=48141"},{"taxonomy":"product_tag","embeddable":true,"href":"https:\/\/librairie7l.com\/en\/wp-json\/wp\/v2\/product_tag?post=48141"}],"curies":[{"name":"wp","href":"https:\/\/api.w.org\/{rel}","templated":true}]}}