{"id":48145,"date":"2025-05-23T18:58:55","date_gmt":"2025-05-23T16:58:55","guid":{"rendered":"https:\/\/librairie7l.com\/?post_type=product&#038;p=48145"},"modified":"2026-04-07T15:06:56","modified_gmt":"2026-04-07T13:06:56","slug":"genesis-2","status":"publish","type":"product","link":"https:\/\/librairie7l.com\/en\/produit\/genesis-2\/","title":{"rendered":"GENESIS"},"content":{"rendered":"<p>\u00abDans GENESIS, mon appareil photo a permis \u00e0 la nature de me parler. \u00c9couter fut pour moi un privil\u00e8ge.\u00bb &#8211; Sebasti\u00e3o Salgado  En 1970, \u00e0 26 ans, Sebasti\u00e3o Salgado se retrouve par hasard pour la premi\u00e8re fois avec un appareil photo entre les mains. En regardant dans le viseur, il a une r\u00e9v\u00e9lation: brusquement, la vie prend un sens. D\u00e8s lors &#8211; m\u00eame s&#8217;il lui a fallu des ann\u00e9es de travail acharn\u00e9 avant d&#8217;acqu\u00e9rir l&#8217;exp\u00e9rience n\u00e9cessaire pour pouvoir vivre de son travail de photographe &#8211; l&#8217;appareil photo devient l&#8217;outil par lequel il interagit avec le monde. Salgado, qui a \u00abtoujours pr\u00e9f\u00e9r\u00e9 la palette en clair-obscur des images en noir et blanc\u00bb prend quelques photos couleur \u00e0 ses d\u00e9buts, avant d&#8217;y renoncer d\u00e9finitivement.  \u00c9lev\u00e9 dans une ferme au Br\u00e9sil, Salgado \u00e9prouve un amour et un respect profonds pour la nature; il se montre aussi particuli\u00e8rement sensible \u00e0 la fa\u00e7on dont les \u00eatres humains sont affect\u00e9s par les conditions socio-\u00e9conomiques souvent accablantes dans lesquelles ils vivent. Des nombreuses oeuvres que Salgado a r\u00e9alis\u00e9es au cours de son admirable carri\u00e8re, trois projets de longue haleine se d\u00e9marquent particuli\u00e8rement: La Main de l&#8217;homme (1993) qui illustre le mode de vie bient\u00f4t r\u00e9volu de travailleurs manuels du monde entier, Exodes (2000), t\u00e9moignage sur l&#8217;\u00e9migration massive caus\u00e9e par la faim, les catastrophes naturelles, la d\u00e9gradation de l&#8217;environnement et la pression d\u00e9mographique, et ce nouvel opus, GENESIS, r\u00e9sultat d&#8217;une exp\u00e9dition \u00e9pique de 8 ans \u00e0 la red\u00e9couverte des montagnes, d\u00e9serts et oc\u00e9ans, animaux et peuples qui ont jusqu&#8217;ici \u00e9chapp\u00e9 \u00e0 l&#8217;empreinte de la soci\u00e9t\u00e9 moderne &#8211; les terres et la vie d&#8217;une plan\u00e8te encore pr\u00e9serv\u00e9e. \u00abPr\u00e8s de 46% de la plan\u00e8te semblent encore comme au temps de la Gen\u00e8se\u00bb, fait remarquer Salgado. \u00abNous devons sauvegarder ce qui existe.\u00bb Le projet GENESIS, en lien avec l&#8217;Instituto Terra cr\u00e9\u00e9 par Salgado cherchent \u00e0 montrer la beaut\u00e9 de notre plan\u00e8te, \u00e0 inverser les dommages qu&#8217;on lui a inflig\u00e9s et \u00e0 la sauvegarder pour les g\u00e9n\u00e9rations futures.  Au cours de 30 voyages, \u00e0 pied, en avion l\u00e9ger, en bateau, en cano\u00eb et m\u00eame en ballon, par une chaleur extr\u00eame ou un froid polaire et dans des conditions parfois dangereuses, Salgado a r\u00e9uni des images qui nous montrent la nature, les peuples indig\u00e8nes et les animaux dans toute leur splendeur. Ma\u00eetrisant le monochrome avec un talent qui rivalise avec celui du virtuose Ansel Adams, Salgado fait entrer la photographie noir et blanc dans une autre dimension; les nuances de tons de ses oeuvres, le contraste entre le clair et l&#8217;obscur, \u00e9voquent les tableaux de grands ma\u00eetres comme Rembrandt et Georges de la Tour.  Que d\u00e9couvre-t-on dans GENESIS? Les esp\u00e8ces animales et les volcans des Galapagos; les manchots, les lions de mer, les cormorans et les baleines de l&#8217;Antarctique et de l&#8217;Atlantique sud; les alligators et les jaguars du Br\u00e9sil; les lions, les l\u00e9opards et les \u00e9l\u00e9phants d&#8217;Afrique; la tribu isol\u00e9e des Zo\u00e9 au fin fond de la jungle amazonienne; le peuple korowa\u00ef vivant \u00e0 l&#8217;\u00e2ge de pierre en Papouasie occidentale; les \u00e9leveurs de b\u00e9tail nomades dinka du Soudan; les nomades n\u00e9n\u00e8tses et leurs troupeaux de rennes dans le cercle arctique; les communaut\u00e9s mentawai des \u00eeles \u00e0 l&#8217;ouest de Sumatra; les icebergs de l&#8217;Antarctique; les volcans d&#8217;Afrique centrale et de la p\u00e9ninsule du Kamtchatka; les d\u00e9serts du Sahara; le rio Negro et le rio Jurua en Amazonie; les failles du Grand Canyon; les glaciers de l&#8217;Alaska&#8230; Apr\u00e8s s&#8217;\u00eatre rendu l\u00e0 o\u00f9 personne n&#8217;\u00e9tait jamais all\u00e9, et avoir consacr\u00e9 tant de temps, d&#8217;\u00e9nergie et de passion \u00e0 la r\u00e9alisation de cet ouvrage, Salgado consid\u00e8re GENESIS comme sa \u00ablettre d&#8217;amour \u00e0 la plan\u00e8te\u00bb.<\/p>\n","protected":false},"excerpt":{"rendered":"<p>\u00abDans GENESIS, mon appareil photo a permis \u00e0 la nature de me parler. \u00c9couter fut pour moi un privil\u00e8ge.\u00bb &#8211; Sebasti\u00e3o Salgado En 1970, \u00e0 26 ans, Sebasti\u00e3o Salgado se retrouve par hasard pour la premi\u00e8re fois avec un appareil photo entre les mains. En regardant dans le viseur, il a une r\u00e9v\u00e9lation: brusquement, la [&hellip;]<\/p>\n","protected":false},"featured_media":48143,"template":"","meta":[],"product_cat":[7364,2948],"product_tag":[],"acf":[],"yoast_head":"<!-- This site is optimized with the Yoast SEO plugin v20.11 - https:\/\/yoast.com\/wordpress\/plugins\/seo\/ -->\n<title>Genesis - Librairie 7L<\/title>\n<meta name=\"robots\" content=\"index, follow, max-snippet:-1, max-image-preview:large, max-video-preview:-1\" \/>\n<link rel=\"canonical\" href=\"https:\/\/librairie7l.com\/en\/produit\/genesis-2\/\" \/>\n<meta property=\"og:locale\" content=\"en_US\" \/>\n<meta property=\"og:type\" content=\"article\" \/>\n<meta property=\"og:title\" content=\"Genesis - Librairie 7L\" \/>\n<meta property=\"og:description\" content=\"\u00abDans GENESIS, mon appareil photo a permis \u00e0 la nature de me parler. \u00c9couter fut pour moi un privil\u00e8ge.\u00bb &#8211; Sebasti\u00e3o Salgado En 1970, \u00e0 26 ans, Sebasti\u00e3o Salgado se retrouve par hasard pour la premi\u00e8re fois avec un appareil photo entre les mains. En regardant dans le viseur, il a une r\u00e9v\u00e9lation: brusquement, la [&hellip;]\" \/>\n<meta property=\"og:url\" content=\"https:\/\/librairie7l.com\/en\/produit\/genesis-2\/\" \/>\n<meta property=\"og:site_name\" content=\"Librairie 7L\" \/>\n<meta property=\"article:modified_time\" content=\"2026-04-07T13:06:56+00:00\" \/>\n<meta property=\"og:image\" content=\"https:\/\/librairie7l.com\/wp-content\/uploads\/2013\/02\/9783836542616_1_75.jpg\" \/>\n\t<meta property=\"og:image:width\" content=\"600\" \/>\n\t<meta property=\"og:image:height\" content=\"850\" \/>\n\t<meta property=\"og:image:type\" content=\"image\/jpeg\" \/>\n<meta name=\"twitter:card\" content=\"summary_large_image\" \/>\n<meta name=\"twitter:label1\" content=\"Est. reading time\" \/>\n\t<meta name=\"twitter:data1\" content=\"3 minutes\" \/>\n<script type=\"application\/ld+json\" class=\"yoast-schema-graph\">{\"@context\":\"https:\/\/schema.org\",\"@graph\":[{\"@type\":\"WebPage\",\"@id\":\"https:\/\/librairie7l.com\/en\/produit\/genesis-2\/\",\"url\":\"https:\/\/librairie7l.com\/en\/produit\/genesis-2\/\",\"name\":\"Genesis - Librairie 7L\",\"isPartOf\":{\"@id\":\"https:\/\/librairie7l.com\/en\/#website\"},\"datePublished\":\"2025-05-23T16:58:55+00:00\",\"dateModified\":\"2026-04-07T13:06:56+00:00\",\"breadcrumb\":{\"@id\":\"https:\/\/librairie7l.com\/en\/produit\/genesis-2\/#breadcrumb\"},\"inLanguage\":\"en-US\",\"potentialAction\":[{\"@type\":\"ReadAction\",\"target\":[\"https:\/\/librairie7l.com\/en\/produit\/genesis-2\/\"]}]},{\"@type\":\"BreadcrumbList\",\"@id\":\"https:\/\/librairie7l.com\/en\/produit\/genesis-2\/#breadcrumb\",\"itemListElement\":[{\"@type\":\"ListItem\",\"position\":1,\"name\":\"Accueil\",\"item\":\"https:\/\/librairie7l.com\/en\/\"},{\"@type\":\"ListItem\",\"position\":2,\"name\":\"Shop\",\"item\":\"https:\/\/librairie7l.com\/en\/shop\/\"},{\"@type\":\"ListItem\",\"position\":3,\"name\":\"GENESIS\"}]},{\"@type\":\"WebSite\",\"@id\":\"https:\/\/librairie7l.com\/en\/#website\",\"url\":\"https:\/\/librairie7l.com\/en\/\",\"name\":\"Librairie 7L\",\"description\":\"Librairie fond\u00e9e en 1999 par Karl Lagerfeld \u00e0 Paris\",\"publisher\":{\"@id\":\"https:\/\/librairie7l.com\/en\/#organization\"},\"potentialAction\":[{\"@type\":\"SearchAction\",\"target\":{\"@type\":\"EntryPoint\",\"urlTemplate\":\"https:\/\/librairie7l.com\/en\/?s={search_term_string}\"},\"query-input\":\"required name=search_term_string\"}],\"inLanguage\":\"en-US\"},{\"@type\":\"Organization\",\"@id\":\"https:\/\/librairie7l.com\/en\/#organization\",\"name\":\"Librairie 7L\",\"url\":\"https:\/\/librairie7l.com\/en\/\",\"logo\":{\"@type\":\"ImageObject\",\"inLanguage\":\"en-US\",\"@id\":\"https:\/\/librairie7l.com\/en\/#\/schema\/logo\/image\/\",\"url\":\"https:\/\/librairie7l.com\/wp-content\/uploads\/2022\/08\/logo-1.png\",\"contentUrl\":\"https:\/\/librairie7l.com\/wp-content\/uploads\/2022\/08\/logo-1.png\",\"width\":227,\"height\":301,\"caption\":\"Librairie 7L\"},\"image\":{\"@id\":\"https:\/\/librairie7l.com\/en\/#\/schema\/logo\/image\/\"}}]}<\/script>\n<!-- \/ Yoast SEO plugin. -->","yoast_head_json":{"title":"Genesis - Librairie 7L","robots":{"index":"index","follow":"follow","max-snippet":"max-snippet:-1","max-image-preview":"max-image-preview:large","max-video-preview":"max-video-preview:-1"},"canonical":"https:\/\/librairie7l.com\/en\/produit\/genesis-2\/","og_locale":"en_US","og_type":"article","og_title":"Genesis - Librairie 7L","og_description":"\u00abDans GENESIS, mon appareil photo a permis \u00e0 la nature de me parler. \u00c9couter fut pour moi un privil\u00e8ge.\u00bb &#8211; Sebasti\u00e3o Salgado En 1970, \u00e0 26 ans, Sebasti\u00e3o Salgado se retrouve par hasard pour la premi\u00e8re fois avec un appareil photo entre les mains. En regardant dans le viseur, il a une r\u00e9v\u00e9lation: brusquement, la [&hellip;]","og_url":"https:\/\/librairie7l.com\/en\/produit\/genesis-2\/","og_site_name":"Librairie 7L","article_modified_time":"2026-04-07T13:06:56+00:00","og_image":[{"width":600,"height":850,"url":"https:\/\/librairie7l.com\/wp-content\/uploads\/2013\/02\/9783836542616_1_75.jpg","type":"image\/jpeg"}],"twitter_card":"summary_large_image","twitter_misc":{"Est. reading time":"3 minutes"},"schema":{"@context":"https:\/\/schema.org","@graph":[{"@type":"WebPage","@id":"https:\/\/librairie7l.com\/en\/produit\/genesis-2\/","url":"https:\/\/librairie7l.com\/en\/produit\/genesis-2\/","name":"Genesis - Librairie 7L","isPartOf":{"@id":"https:\/\/librairie7l.com\/en\/#website"},"datePublished":"2025-05-23T16:58:55+00:00","dateModified":"2026-04-07T13:06:56+00:00","breadcrumb":{"@id":"https:\/\/librairie7l.com\/en\/produit\/genesis-2\/#breadcrumb"},"inLanguage":"en-US","potentialAction":[{"@type":"ReadAction","target":["https:\/\/librairie7l.com\/en\/produit\/genesis-2\/"]}]},{"@type":"BreadcrumbList","@id":"https:\/\/librairie7l.com\/en\/produit\/genesis-2\/#breadcrumb","itemListElement":[{"@type":"ListItem","position":1,"name":"Accueil","item":"https:\/\/librairie7l.com\/en\/"},{"@type":"ListItem","position":2,"name":"Shop","item":"https:\/\/librairie7l.com\/en\/shop\/"},{"@type":"ListItem","position":3,"name":"GENESIS"}]},{"@type":"WebSite","@id":"https:\/\/librairie7l.com\/en\/#website","url":"https:\/\/librairie7l.com\/en\/","name":"Librairie 7L","description":"Librairie fond\u00e9e en 1999 par Karl Lagerfeld \u00e0 Paris","publisher":{"@id":"https:\/\/librairie7l.com\/en\/#organization"},"potentialAction":[{"@type":"SearchAction","target":{"@type":"EntryPoint","urlTemplate":"https:\/\/librairie7l.com\/en\/?s={search_term_string}"},"query-input":"required name=search_term_string"}],"inLanguage":"en-US"},{"@type":"Organization","@id":"https:\/\/librairie7l.com\/en\/#organization","name":"Librairie 7L","url":"https:\/\/librairie7l.com\/en\/","logo":{"@type":"ImageObject","inLanguage":"en-US","@id":"https:\/\/librairie7l.com\/en\/#\/schema\/logo\/image\/","url":"https:\/\/librairie7l.com\/wp-content\/uploads\/2022\/08\/logo-1.png","contentUrl":"https:\/\/librairie7l.com\/wp-content\/uploads\/2022\/08\/logo-1.png","width":227,"height":301,"caption":"Librairie 7L"},"image":{"@id":"https:\/\/librairie7l.com\/en\/#\/schema\/logo\/image\/"}}]}},"_links":{"self":[{"href":"https:\/\/librairie7l.com\/en\/wp-json\/wp\/v2\/product\/48145"}],"collection":[{"href":"https:\/\/librairie7l.com\/en\/wp-json\/wp\/v2\/product"}],"about":[{"href":"https:\/\/librairie7l.com\/en\/wp-json\/wp\/v2\/types\/product"}],"wp:featuredmedia":[{"embeddable":true,"href":"https:\/\/librairie7l.com\/en\/wp-json\/wp\/v2\/media\/48143"}],"wp:attachment":[{"href":"https:\/\/librairie7l.com\/en\/wp-json\/wp\/v2\/media?parent=48145"}],"wp:term":[{"taxonomy":"product_cat","embeddable":true,"href":"https:\/\/librairie7l.com\/en\/wp-json\/wp\/v2\/product_cat?post=48145"},{"taxonomy":"product_tag","embeddable":true,"href":"https:\/\/librairie7l.com\/en\/wp-json\/wp\/v2\/product_tag?post=48145"}],"curies":[{"name":"wp","href":"https:\/\/api.w.org\/{rel}","templated":true}]}}