{"id":48161,"date":"2025-05-24T09:17:42","date_gmt":"2025-05-24T07:17:42","guid":{"rendered":"https:\/\/librairie7l.com\/?post_type=product&#038;p=48161"},"modified":"2026-04-23T09:45:12","modified_gmt":"2026-04-23T07:45:12","slug":"les-corps-affectes-au-xviiie-siecle-2","status":"publish","type":"product","link":"https:\/\/librairie7l.com\/en\/produit\/les-corps-affectes-au-xviiie-siecle-2\/","title":{"rendered":"LES CORPS AFFECT\u00c9S AU XVIIIE SI\u00c8CLE"},"content":{"rendered":"<p>Cet ouvrage collectif est le r\u00e9sultat d&#8217;un projet de recherche men\u00e9 \u00e0 l&#8217;Institut des humanit\u00e9s \u00e0 l&#8217;Universit\u00e9 de Lausanne sur les convulsionnaires de Saint-M\u00e9dard, en s&#8217;ouvrant \u00e0 d&#8217;autres ph\u00e9nom\u00e8nes m\u00e9dico-religieux. Il s&#8217;agissait surtout d&#8217;articuler plusieurs probl\u00e9matiques antagonistes, qui interrogent les liens traditionnels et complexes entre le naturel et le surnaturel. Qu&#8217;en est-il du surnaturel au XVIIIe si\u00e8cle, le si\u00e8cle des Lumi\u00e8res, qui tend au naturalisme radical ? Et qu&#8217;en est-il en particulier pour l&#8217;histoire de la m\u00e9decine, pour les nouvelles th\u00e9ories des nerfs, qui permettent de repenser non seulement les convulsions, les sortant de la fange d\u00e9moniaque et des croyances populaires, mais aussi de reconsid\u00e9rer les troubles de l&#8217;esprit et le d\u00e9r\u00e8glement de l&#8217;imagination.<br \/>\nLes auteurs tentent de repenser la question du surnaturel dans le d\u00e9veloppement du naturalisme, en rejouant les liens entre l&#8217;histoire de la m\u00e9decine et l&#8217;histoire du religieux, sans jamais poser une opposition de fait, mais en cherchant \u00e0 comprendre les complicit\u00e9s, les n\u00e9gociations, les nouvelles r\u00e9partitions du savoir et les partages du pouvoir.<\/p>\n","protected":false},"excerpt":{"rendered":"<p>Cet ouvrage collectif est le r\u00e9sultat d&#8217;un projet de recherche men\u00e9 \u00e0 l&#8217;Institut des humanit\u00e9s \u00e0 l&#8217;Universit\u00e9 de Lausanne sur les convulsionnaires de Saint-M\u00e9dard, en s&#8217;ouvrant \u00e0 d&#8217;autres ph\u00e9nom\u00e8nes m\u00e9dico-religieux. Il s&#8217;agissait surtout d&#8217;articuler plusieurs probl\u00e9matiques antagonistes, qui interrogent les liens traditionnels et complexes entre le naturel et le surnaturel. Qu&#8217;en est-il du surnaturel au [&hellip;]<\/p>\n","protected":false},"featured_media":48159,"template":"","meta":[],"product_cat":[2948,2953],"product_tag":[],"acf":[],"yoast_head":"<!-- This site is optimized with the Yoast SEO plugin v20.11 - https:\/\/yoast.com\/wordpress\/plugins\/seo\/ -->\n<title>Les corps affect\u00e9s au XVIIIe si\u00e8cle - Librairie 7L<\/title>\n<meta name=\"robots\" content=\"index, follow, max-snippet:-1, max-image-preview:large, max-video-preview:-1\" \/>\n<link rel=\"canonical\" href=\"https:\/\/librairie7l.com\/en\/produit\/les-corps-affectes-au-xviiie-siecle-2\/\" \/>\n<meta property=\"og:locale\" content=\"en_US\" \/>\n<meta property=\"og:type\" content=\"article\" \/>\n<meta property=\"og:title\" content=\"Les corps affect\u00e9s au XVIIIe si\u00e8cle - Librairie 7L\" \/>\n<meta property=\"og:description\" content=\"Cet ouvrage collectif est le r\u00e9sultat d&#8217;un projet de recherche men\u00e9 \u00e0 l&#8217;Institut des humanit\u00e9s \u00e0 l&#8217;Universit\u00e9 de Lausanne sur les convulsionnaires de Saint-M\u00e9dard, en s&#8217;ouvrant \u00e0 d&#8217;autres ph\u00e9nom\u00e8nes m\u00e9dico-religieux. Il s&#8217;agissait surtout d&#8217;articuler plusieurs probl\u00e9matiques antagonistes, qui interrogent les liens traditionnels et complexes entre le naturel et le surnaturel. Qu&#8217;en est-il du surnaturel au [&hellip;]\" \/>\n<meta property=\"og:url\" content=\"https:\/\/librairie7l.com\/en\/produit\/les-corps-affectes-au-xviiie-siecle-2\/\" \/>\n<meta property=\"og:site_name\" content=\"Librairie 7L\" \/>\n<meta property=\"article:modified_time\" content=\"2026-04-23T07:45:12+00:00\" \/>\n<meta property=\"og:image\" content=\"https:\/\/librairie7l.com\/wp-content\/uploads\/2025\/01\/9782841374380_1_75.jpg\" \/>\n\t<meta property=\"og:image:width\" content=\"600\" \/>\n\t<meta property=\"og:image:height\" content=\"896\" \/>\n\t<meta property=\"og:image:type\" content=\"image\/jpeg\" \/>\n<meta name=\"twitter:card\" content=\"summary_large_image\" \/>\n<meta name=\"twitter:label1\" content=\"Est. reading time\" \/>\n\t<meta name=\"twitter:data1\" content=\"1 minute\" \/>\n<script type=\"application\/ld+json\" class=\"yoast-schema-graph\">{\"@context\":\"https:\/\/schema.org\",\"@graph\":[{\"@type\":\"WebPage\",\"@id\":\"https:\/\/librairie7l.com\/en\/produit\/les-corps-affectes-au-xviiie-siecle-2\/\",\"url\":\"https:\/\/librairie7l.com\/en\/produit\/les-corps-affectes-au-xviiie-siecle-2\/\",\"name\":\"Les corps affect\u00e9s au XVIIIe si\u00e8cle - Librairie 7L\",\"isPartOf\":{\"@id\":\"https:\/\/librairie7l.com\/en\/#website\"},\"datePublished\":\"2025-05-24T07:17:42+00:00\",\"dateModified\":\"2026-04-23T07:45:12+00:00\",\"breadcrumb\":{\"@id\":\"https:\/\/librairie7l.com\/en\/produit\/les-corps-affectes-au-xviiie-siecle-2\/#breadcrumb\"},\"inLanguage\":\"en-US\",\"potentialAction\":[{\"@type\":\"ReadAction\",\"target\":[\"https:\/\/librairie7l.com\/en\/produit\/les-corps-affectes-au-xviiie-siecle-2\/\"]}]},{\"@type\":\"BreadcrumbList\",\"@id\":\"https:\/\/librairie7l.com\/en\/produit\/les-corps-affectes-au-xviiie-siecle-2\/#breadcrumb\",\"itemListElement\":[{\"@type\":\"ListItem\",\"position\":1,\"name\":\"Accueil\",\"item\":\"https:\/\/librairie7l.com\/en\/\"},{\"@type\":\"ListItem\",\"position\":2,\"name\":\"Shop\",\"item\":\"https:\/\/librairie7l.com\/en\/shop\/\"},{\"@type\":\"ListItem\",\"position\":3,\"name\":\"LES CORPS AFFECT\u00c9S AU XVIIIE SI\u00c8CLE\"}]},{\"@type\":\"WebSite\",\"@id\":\"https:\/\/librairie7l.com\/en\/#website\",\"url\":\"https:\/\/librairie7l.com\/en\/\",\"name\":\"Librairie 7L\",\"description\":\"Librairie fond\u00e9e en 1999 par Karl Lagerfeld \u00e0 Paris\",\"publisher\":{\"@id\":\"https:\/\/librairie7l.com\/en\/#organization\"},\"potentialAction\":[{\"@type\":\"SearchAction\",\"target\":{\"@type\":\"EntryPoint\",\"urlTemplate\":\"https:\/\/librairie7l.com\/en\/?s={search_term_string}\"},\"query-input\":\"required name=search_term_string\"}],\"inLanguage\":\"en-US\"},{\"@type\":\"Organization\",\"@id\":\"https:\/\/librairie7l.com\/en\/#organization\",\"name\":\"Librairie 7L\",\"url\":\"https:\/\/librairie7l.com\/en\/\",\"logo\":{\"@type\":\"ImageObject\",\"inLanguage\":\"en-US\",\"@id\":\"https:\/\/librairie7l.com\/en\/#\/schema\/logo\/image\/\",\"url\":\"https:\/\/librairie7l.com\/wp-content\/uploads\/2022\/08\/logo-1.png\",\"contentUrl\":\"https:\/\/librairie7l.com\/wp-content\/uploads\/2022\/08\/logo-1.png\",\"width\":227,\"height\":301,\"caption\":\"Librairie 7L\"},\"image\":{\"@id\":\"https:\/\/librairie7l.com\/en\/#\/schema\/logo\/image\/\"}}]}<\/script>\n<!-- \/ Yoast SEO plugin. -->","yoast_head_json":{"title":"Les corps affect\u00e9s au XVIIIe si\u00e8cle - Librairie 7L","robots":{"index":"index","follow":"follow","max-snippet":"max-snippet:-1","max-image-preview":"max-image-preview:large","max-video-preview":"max-video-preview:-1"},"canonical":"https:\/\/librairie7l.com\/en\/produit\/les-corps-affectes-au-xviiie-siecle-2\/","og_locale":"en_US","og_type":"article","og_title":"Les corps affect\u00e9s au XVIIIe si\u00e8cle - Librairie 7L","og_description":"Cet ouvrage collectif est le r\u00e9sultat d&#8217;un projet de recherche men\u00e9 \u00e0 l&#8217;Institut des humanit\u00e9s \u00e0 l&#8217;Universit\u00e9 de Lausanne sur les convulsionnaires de Saint-M\u00e9dard, en s&#8217;ouvrant \u00e0 d&#8217;autres ph\u00e9nom\u00e8nes m\u00e9dico-religieux. Il s&#8217;agissait surtout d&#8217;articuler plusieurs probl\u00e9matiques antagonistes, qui interrogent les liens traditionnels et complexes entre le naturel et le surnaturel. Qu&#8217;en est-il du surnaturel au [&hellip;]","og_url":"https:\/\/librairie7l.com\/en\/produit\/les-corps-affectes-au-xviiie-siecle-2\/","og_site_name":"Librairie 7L","article_modified_time":"2026-04-23T07:45:12+00:00","og_image":[{"width":600,"height":896,"url":"https:\/\/librairie7l.com\/wp-content\/uploads\/2025\/01\/9782841374380_1_75.jpg","type":"image\/jpeg"}],"twitter_card":"summary_large_image","twitter_misc":{"Est. reading time":"1 minute"},"schema":{"@context":"https:\/\/schema.org","@graph":[{"@type":"WebPage","@id":"https:\/\/librairie7l.com\/en\/produit\/les-corps-affectes-au-xviiie-siecle-2\/","url":"https:\/\/librairie7l.com\/en\/produit\/les-corps-affectes-au-xviiie-siecle-2\/","name":"Les corps affect\u00e9s au XVIIIe si\u00e8cle - Librairie 7L","isPartOf":{"@id":"https:\/\/librairie7l.com\/en\/#website"},"datePublished":"2025-05-24T07:17:42+00:00","dateModified":"2026-04-23T07:45:12+00:00","breadcrumb":{"@id":"https:\/\/librairie7l.com\/en\/produit\/les-corps-affectes-au-xviiie-siecle-2\/#breadcrumb"},"inLanguage":"en-US","potentialAction":[{"@type":"ReadAction","target":["https:\/\/librairie7l.com\/en\/produit\/les-corps-affectes-au-xviiie-siecle-2\/"]}]},{"@type":"BreadcrumbList","@id":"https:\/\/librairie7l.com\/en\/produit\/les-corps-affectes-au-xviiie-siecle-2\/#breadcrumb","itemListElement":[{"@type":"ListItem","position":1,"name":"Accueil","item":"https:\/\/librairie7l.com\/en\/"},{"@type":"ListItem","position":2,"name":"Shop","item":"https:\/\/librairie7l.com\/en\/shop\/"},{"@type":"ListItem","position":3,"name":"LES CORPS AFFECT\u00c9S AU XVIIIE SI\u00c8CLE"}]},{"@type":"WebSite","@id":"https:\/\/librairie7l.com\/en\/#website","url":"https:\/\/librairie7l.com\/en\/","name":"Librairie 7L","description":"Librairie fond\u00e9e en 1999 par Karl Lagerfeld \u00e0 Paris","publisher":{"@id":"https:\/\/librairie7l.com\/en\/#organization"},"potentialAction":[{"@type":"SearchAction","target":{"@type":"EntryPoint","urlTemplate":"https:\/\/librairie7l.com\/en\/?s={search_term_string}"},"query-input":"required name=search_term_string"}],"inLanguage":"en-US"},{"@type":"Organization","@id":"https:\/\/librairie7l.com\/en\/#organization","name":"Librairie 7L","url":"https:\/\/librairie7l.com\/en\/","logo":{"@type":"ImageObject","inLanguage":"en-US","@id":"https:\/\/librairie7l.com\/en\/#\/schema\/logo\/image\/","url":"https:\/\/librairie7l.com\/wp-content\/uploads\/2022\/08\/logo-1.png","contentUrl":"https:\/\/librairie7l.com\/wp-content\/uploads\/2022\/08\/logo-1.png","width":227,"height":301,"caption":"Librairie 7L"},"image":{"@id":"https:\/\/librairie7l.com\/en\/#\/schema\/logo\/image\/"}}]}},"_links":{"self":[{"href":"https:\/\/librairie7l.com\/en\/wp-json\/wp\/v2\/product\/48161"}],"collection":[{"href":"https:\/\/librairie7l.com\/en\/wp-json\/wp\/v2\/product"}],"about":[{"href":"https:\/\/librairie7l.com\/en\/wp-json\/wp\/v2\/types\/product"}],"wp:featuredmedia":[{"embeddable":true,"href":"https:\/\/librairie7l.com\/en\/wp-json\/wp\/v2\/media\/48159"}],"wp:attachment":[{"href":"https:\/\/librairie7l.com\/en\/wp-json\/wp\/v2\/media?parent=48161"}],"wp:term":[{"taxonomy":"product_cat","embeddable":true,"href":"https:\/\/librairie7l.com\/en\/wp-json\/wp\/v2\/product_cat?post=48161"},{"taxonomy":"product_tag","embeddable":true,"href":"https:\/\/librairie7l.com\/en\/wp-json\/wp\/v2\/product_tag?post=48161"}],"curies":[{"name":"wp","href":"https:\/\/api.w.org\/{rel}","templated":true}]}}