{"id":48165,"date":"2025-05-24T09:17:46","date_gmt":"2025-05-24T07:17:46","guid":{"rendered":"https:\/\/librairie7l.com\/?post_type=product&#038;p=48165"},"modified":"2026-04-05T00:22:42","modified_gmt":"2026-04-04T22:22:42","slug":"violet-le-duc-figure-dun-siecle-architecture-et-imaginaire-historique-2","status":"publish","type":"product","link":"https:\/\/librairie7l.com\/en\/produit\/violet-le-duc-figure-dun-siecle-architecture-et-imaginaire-historique-2\/","title":{"rendered":"VIOLET-LE-DUC; FIGURE D&#8217;UN SI\u00c8CLE : ARCHITECTURE ET IMAGINAIRE HISTORIQUE"},"content":{"rendered":"<p>Eug\u00e8ne Viollet-le-Duc est l&#8217;un des architectes fran\u00e7ais les plus c\u00e9l\u00e8bres du XIX\u00e8me si\u00e8cle, connu pour ses restaurations de constructions m\u00e9di\u00e9vales (dont Notre-Dame de Paris) et ses ouvrages didactiques. Il est surtout un important th\u00e9oricien de l&#8217;architecture.<br \/>\nL&#8217;originalit\u00e9 de cet ouvrage est de proposer une double lecture : celle du cheminement intellectuel de l&#8217;architecte consid\u00e9r\u00e9 \u00e0 l&#8217;aune de son contexte culturel et politique, \u00e0 un moment charni\u00e8re de l&#8217;histoire de France qui s&#8217;\u00e9tend des lendemains de la R\u00e9volution jusqu&#8217;\u00e0 l&#8217;essor de la soci\u00e9t\u00e9 capitaliste.<br \/>\nCe livre offre une vision riche et d\u00e9taill\u00e9e du passage de l&#8217;historicisme du XIX\u00e8me si\u00e8cle au modernisme technologique, tel qu&#8217;il a \u00e9t\u00e9 \u00ab incarn\u00e9 \u00bb dans la vie et la pens\u00e9e de l&#8217;un des acteurs culturels majeurs de l&#8217;\u00e9poque.<\/p>\n","protected":false},"excerpt":{"rendered":"<p>Eug\u00e8ne Viollet-le-Duc est l&#8217;un des architectes fran\u00e7ais les plus c\u00e9l\u00e8bres du XIX\u00e8me si\u00e8cle, connu pour ses restaurations de constructions m\u00e9di\u00e9vales (dont Notre-Dame de Paris) et ses ouvrages didactiques. Il est surtout un important th\u00e9oricien de l&#8217;architecture. L&#8217;originalit\u00e9 de cet ouvrage est de proposer une double lecture : celle du cheminement intellectuel de l&#8217;architecte consid\u00e9r\u00e9 \u00e0 [&hellip;]<\/p>\n","protected":false},"featured_media":48163,"template":"","meta":[],"product_cat":[2948,2950],"product_tag":[],"acf":[],"yoast_head":"<!-- This site is optimized with the Yoast SEO plugin v20.11 - https:\/\/yoast.com\/wordpress\/plugins\/seo\/ -->\n<title>Violet-le-Duc; figure d&#039;un si\u00e8cle : architecture et imaginaire historique - Librairie 7L<\/title>\n<meta name=\"robots\" content=\"index, follow, max-snippet:-1, max-image-preview:large, max-video-preview:-1\" \/>\n<link rel=\"canonical\" href=\"https:\/\/librairie7l.com\/en\/produit\/violet-le-duc-figure-dun-siecle-architecture-et-imaginaire-historique-2\/\" \/>\n<meta property=\"og:locale\" content=\"en_US\" \/>\n<meta property=\"og:type\" content=\"article\" \/>\n<meta property=\"og:title\" content=\"Violet-le-Duc; figure d&#039;un si\u00e8cle : architecture et imaginaire historique - Librairie 7L\" \/>\n<meta property=\"og:description\" content=\"Eug\u00e8ne Viollet-le-Duc est l&#8217;un des architectes fran\u00e7ais les plus c\u00e9l\u00e8bres du XIX\u00e8me si\u00e8cle, connu pour ses restaurations de constructions m\u00e9di\u00e9vales (dont Notre-Dame de Paris) et ses ouvrages didactiques. Il est surtout un important th\u00e9oricien de l&#8217;architecture. L&#8217;originalit\u00e9 de cet ouvrage est de proposer une double lecture : celle du cheminement intellectuel de l&#8217;architecte consid\u00e9r\u00e9 \u00e0 [&hellip;]\" \/>\n<meta property=\"og:url\" content=\"https:\/\/librairie7l.com\/en\/produit\/violet-le-duc-figure-dun-siecle-architecture-et-imaginaire-historique-2\/\" \/>\n<meta property=\"og:site_name\" content=\"Librairie 7L\" \/>\n<meta property=\"article:modified_time\" content=\"2026-04-04T22:22:42+00:00\" \/>\n<meta property=\"og:image\" content=\"https:\/\/librairie7l.com\/wp-content\/uploads\/2021\/06\/9782863643808_1_75.jpg\" \/>\n\t<meta property=\"og:image:width\" content=\"549\" \/>\n\t<meta property=\"og:image:height\" content=\"776\" \/>\n\t<meta property=\"og:image:type\" content=\"image\/jpeg\" \/>\n<meta name=\"twitter:card\" content=\"summary_large_image\" \/>\n<meta name=\"twitter:label1\" content=\"Est. reading time\" \/>\n\t<meta name=\"twitter:data1\" content=\"1 minute\" \/>\n<script type=\"application\/ld+json\" class=\"yoast-schema-graph\">{\"@context\":\"https:\/\/schema.org\",\"@graph\":[{\"@type\":\"WebPage\",\"@id\":\"https:\/\/librairie7l.com\/en\/produit\/violet-le-duc-figure-dun-siecle-architecture-et-imaginaire-historique-2\/\",\"url\":\"https:\/\/librairie7l.com\/en\/produit\/violet-le-duc-figure-dun-siecle-architecture-et-imaginaire-historique-2\/\",\"name\":\"Violet-le-Duc; figure d'un si\u00e8cle : architecture et imaginaire historique - Librairie 7L\",\"isPartOf\":{\"@id\":\"https:\/\/librairie7l.com\/en\/#website\"},\"datePublished\":\"2025-05-24T07:17:46+00:00\",\"dateModified\":\"2026-04-04T22:22:42+00:00\",\"breadcrumb\":{\"@id\":\"https:\/\/librairie7l.com\/en\/produit\/violet-le-duc-figure-dun-siecle-architecture-et-imaginaire-historique-2\/#breadcrumb\"},\"inLanguage\":\"en-US\",\"potentialAction\":[{\"@type\":\"ReadAction\",\"target\":[\"https:\/\/librairie7l.com\/en\/produit\/violet-le-duc-figure-dun-siecle-architecture-et-imaginaire-historique-2\/\"]}]},{\"@type\":\"BreadcrumbList\",\"@id\":\"https:\/\/librairie7l.com\/en\/produit\/violet-le-duc-figure-dun-siecle-architecture-et-imaginaire-historique-2\/#breadcrumb\",\"itemListElement\":[{\"@type\":\"ListItem\",\"position\":1,\"name\":\"Accueil\",\"item\":\"https:\/\/librairie7l.com\/en\/\"},{\"@type\":\"ListItem\",\"position\":2,\"name\":\"Shop\",\"item\":\"https:\/\/librairie7l.com\/en\/shop\/\"},{\"@type\":\"ListItem\",\"position\":3,\"name\":\"VIOLET-LE-DUC; FIGURE D&#8217;UN SI\u00c8CLE : ARCHITECTURE ET IMAGINAIRE HISTORIQUE\"}]},{\"@type\":\"WebSite\",\"@id\":\"https:\/\/librairie7l.com\/en\/#website\",\"url\":\"https:\/\/librairie7l.com\/en\/\",\"name\":\"Librairie 7L\",\"description\":\"Librairie fond\u00e9e en 1999 par Karl Lagerfeld \u00e0 Paris\",\"publisher\":{\"@id\":\"https:\/\/librairie7l.com\/en\/#organization\"},\"potentialAction\":[{\"@type\":\"SearchAction\",\"target\":{\"@type\":\"EntryPoint\",\"urlTemplate\":\"https:\/\/librairie7l.com\/en\/?s={search_term_string}\"},\"query-input\":\"required name=search_term_string\"}],\"inLanguage\":\"en-US\"},{\"@type\":\"Organization\",\"@id\":\"https:\/\/librairie7l.com\/en\/#organization\",\"name\":\"Librairie 7L\",\"url\":\"https:\/\/librairie7l.com\/en\/\",\"logo\":{\"@type\":\"ImageObject\",\"inLanguage\":\"en-US\",\"@id\":\"https:\/\/librairie7l.com\/en\/#\/schema\/logo\/image\/\",\"url\":\"https:\/\/librairie7l.com\/wp-content\/uploads\/2022\/08\/logo-1.png\",\"contentUrl\":\"https:\/\/librairie7l.com\/wp-content\/uploads\/2022\/08\/logo-1.png\",\"width\":227,\"height\":301,\"caption\":\"Librairie 7L\"},\"image\":{\"@id\":\"https:\/\/librairie7l.com\/en\/#\/schema\/logo\/image\/\"}}]}<\/script>\n<!-- \/ Yoast SEO plugin. -->","yoast_head_json":{"title":"Violet-le-Duc; figure d'un si\u00e8cle : architecture et imaginaire historique - Librairie 7L","robots":{"index":"index","follow":"follow","max-snippet":"max-snippet:-1","max-image-preview":"max-image-preview:large","max-video-preview":"max-video-preview:-1"},"canonical":"https:\/\/librairie7l.com\/en\/produit\/violet-le-duc-figure-dun-siecle-architecture-et-imaginaire-historique-2\/","og_locale":"en_US","og_type":"article","og_title":"Violet-le-Duc; figure d'un si\u00e8cle : architecture et imaginaire historique - Librairie 7L","og_description":"Eug\u00e8ne Viollet-le-Duc est l&#8217;un des architectes fran\u00e7ais les plus c\u00e9l\u00e8bres du XIX\u00e8me si\u00e8cle, connu pour ses restaurations de constructions m\u00e9di\u00e9vales (dont Notre-Dame de Paris) et ses ouvrages didactiques. Il est surtout un important th\u00e9oricien de l&#8217;architecture. L&#8217;originalit\u00e9 de cet ouvrage est de proposer une double lecture : celle du cheminement intellectuel de l&#8217;architecte consid\u00e9r\u00e9 \u00e0 [&hellip;]","og_url":"https:\/\/librairie7l.com\/en\/produit\/violet-le-duc-figure-dun-siecle-architecture-et-imaginaire-historique-2\/","og_site_name":"Librairie 7L","article_modified_time":"2026-04-04T22:22:42+00:00","og_image":[{"width":549,"height":776,"url":"https:\/\/librairie7l.com\/wp-content\/uploads\/2021\/06\/9782863643808_1_75.jpg","type":"image\/jpeg"}],"twitter_card":"summary_large_image","twitter_misc":{"Est. reading time":"1 minute"},"schema":{"@context":"https:\/\/schema.org","@graph":[{"@type":"WebPage","@id":"https:\/\/librairie7l.com\/en\/produit\/violet-le-duc-figure-dun-siecle-architecture-et-imaginaire-historique-2\/","url":"https:\/\/librairie7l.com\/en\/produit\/violet-le-duc-figure-dun-siecle-architecture-et-imaginaire-historique-2\/","name":"Violet-le-Duc; figure d'un si\u00e8cle : architecture et imaginaire historique - Librairie 7L","isPartOf":{"@id":"https:\/\/librairie7l.com\/en\/#website"},"datePublished":"2025-05-24T07:17:46+00:00","dateModified":"2026-04-04T22:22:42+00:00","breadcrumb":{"@id":"https:\/\/librairie7l.com\/en\/produit\/violet-le-duc-figure-dun-siecle-architecture-et-imaginaire-historique-2\/#breadcrumb"},"inLanguage":"en-US","potentialAction":[{"@type":"ReadAction","target":["https:\/\/librairie7l.com\/en\/produit\/violet-le-duc-figure-dun-siecle-architecture-et-imaginaire-historique-2\/"]}]},{"@type":"BreadcrumbList","@id":"https:\/\/librairie7l.com\/en\/produit\/violet-le-duc-figure-dun-siecle-architecture-et-imaginaire-historique-2\/#breadcrumb","itemListElement":[{"@type":"ListItem","position":1,"name":"Accueil","item":"https:\/\/librairie7l.com\/en\/"},{"@type":"ListItem","position":2,"name":"Shop","item":"https:\/\/librairie7l.com\/en\/shop\/"},{"@type":"ListItem","position":3,"name":"VIOLET-LE-DUC; FIGURE D&#8217;UN SI\u00c8CLE : ARCHITECTURE ET IMAGINAIRE HISTORIQUE"}]},{"@type":"WebSite","@id":"https:\/\/librairie7l.com\/en\/#website","url":"https:\/\/librairie7l.com\/en\/","name":"Librairie 7L","description":"Librairie fond\u00e9e en 1999 par Karl Lagerfeld \u00e0 Paris","publisher":{"@id":"https:\/\/librairie7l.com\/en\/#organization"},"potentialAction":[{"@type":"SearchAction","target":{"@type":"EntryPoint","urlTemplate":"https:\/\/librairie7l.com\/en\/?s={search_term_string}"},"query-input":"required name=search_term_string"}],"inLanguage":"en-US"},{"@type":"Organization","@id":"https:\/\/librairie7l.com\/en\/#organization","name":"Librairie 7L","url":"https:\/\/librairie7l.com\/en\/","logo":{"@type":"ImageObject","inLanguage":"en-US","@id":"https:\/\/librairie7l.com\/en\/#\/schema\/logo\/image\/","url":"https:\/\/librairie7l.com\/wp-content\/uploads\/2022\/08\/logo-1.png","contentUrl":"https:\/\/librairie7l.com\/wp-content\/uploads\/2022\/08\/logo-1.png","width":227,"height":301,"caption":"Librairie 7L"},"image":{"@id":"https:\/\/librairie7l.com\/en\/#\/schema\/logo\/image\/"}}]}},"_links":{"self":[{"href":"https:\/\/librairie7l.com\/en\/wp-json\/wp\/v2\/product\/48165"}],"collection":[{"href":"https:\/\/librairie7l.com\/en\/wp-json\/wp\/v2\/product"}],"about":[{"href":"https:\/\/librairie7l.com\/en\/wp-json\/wp\/v2\/types\/product"}],"wp:featuredmedia":[{"embeddable":true,"href":"https:\/\/librairie7l.com\/en\/wp-json\/wp\/v2\/media\/48163"}],"wp:attachment":[{"href":"https:\/\/librairie7l.com\/en\/wp-json\/wp\/v2\/media?parent=48165"}],"wp:term":[{"taxonomy":"product_cat","embeddable":true,"href":"https:\/\/librairie7l.com\/en\/wp-json\/wp\/v2\/product_cat?post=48165"},{"taxonomy":"product_tag","embeddable":true,"href":"https:\/\/librairie7l.com\/en\/wp-json\/wp\/v2\/product_tag?post=48165"}],"curies":[{"name":"wp","href":"https:\/\/api.w.org\/{rel}","templated":true}]}}