{"id":48171,"date":"2025-05-24T09:17:56","date_gmt":"2025-05-24T07:17:56","guid":{"rendered":"https:\/\/librairie7l.com\/?post_type=product&#038;p=48171"},"modified":"2026-04-15T00:21:12","modified_gmt":"2026-04-14T22:21:12","slug":"the-family-of-migrants-2","status":"publish","type":"product","link":"https:\/\/librairie7l.com\/en\/produit\/the-family-of-migrants-2\/","title":{"rendered":"THE FAMILY OF MIGRANTS"},"content":{"rendered":"<p>The Family of Migrants a \u00e9t\u00e9 inspir\u00e9e par l&#8217;embl\u00e9matique exposition The Family of Man, un hommage \u00e0 l&#8217;humanit\u00e9 organis\u00e9 par le photographe et conservateur Edward Steichen, pr\u00e9sent\u00e9e au MoMA de New York en 1955.<br \/>\nCet ouvrage magnifiquement illustr\u00e9 rassemble quelque 200 images poignantes traitant de th\u00e8mes universels et intemporels li\u00e9s aux personnes que le destin a mises sur les routes : d\u00e9part, voyage, arriv\u00e9e, famille, perte et amour.<br \/>\nDes clich\u00e9s de photographes inconnus c\u00f4toient ceux de noms c\u00e9l\u00e8bres comme Lewis Hine, Chien-Chi Chang, Abbas, Robert de Hartogh, Wang Fuchun, Dorothea Lange, Stephan Vanfleteren, Ara G\u00fcler, Leonard Freed, Ata Kand\u00f3 et Ishiuchi Miyako.<br \/>\nAvec des textes de Joumana El Zein Khoury, Stine Jensen, Hanneke Mantel, Rim Battal, Rodaan Al Galidi, Danny Ramadan, Anke Reitz, C. Pam Zhang et Asma Khan.<br \/>\nCette publication para\u00eet \u00e0 l&#8217;occasion de l&#8217;ouverture du Mus\u00e9e Fenix \u00e0 Rotterdam, le 16 mai 2025. Toutes les photographies du livre seront expos\u00e9es dans le cadre de l&#8217;exposition du m\u00eame nom.<\/p>\n","protected":false},"excerpt":{"rendered":"<p>The Family of Migrants a \u00e9t\u00e9 inspir\u00e9e par l&#8217;embl\u00e9matique exposition The Family of Man, un hommage \u00e0 l&#8217;humanit\u00e9 organis\u00e9 par le photographe et conservateur Edward Steichen, pr\u00e9sent\u00e9e au MoMA de New York en 1955. Cet ouvrage magnifiquement illustr\u00e9 rassemble quelque 200 images poignantes traitant de th\u00e8mes universels et intemporels li\u00e9s aux personnes que le destin [&hellip;]<\/p>\n","protected":false},"featured_media":48169,"template":"","meta":[],"product_cat":[2948,2958],"product_tag":[],"acf":[],"yoast_head":"<!-- This site is optimized with the Yoast SEO plugin v20.11 - https:\/\/yoast.com\/wordpress\/plugins\/seo\/ -->\n<title>The family of migrants - Librairie 7L<\/title>\n<meta name=\"robots\" content=\"index, follow, max-snippet:-1, max-image-preview:large, max-video-preview:-1\" \/>\n<link rel=\"canonical\" href=\"https:\/\/librairie7l.com\/en\/produit\/the-family-of-migrants-2\/\" \/>\n<meta property=\"og:locale\" content=\"en_US\" \/>\n<meta property=\"og:type\" content=\"article\" \/>\n<meta property=\"og:title\" content=\"The family of migrants - Librairie 7L\" \/>\n<meta property=\"og:description\" content=\"The Family of Migrants a \u00e9t\u00e9 inspir\u00e9e par l&#8217;embl\u00e9matique exposition The Family of Man, un hommage \u00e0 l&#8217;humanit\u00e9 organis\u00e9 par le photographe et conservateur Edward Steichen, pr\u00e9sent\u00e9e au MoMA de New York en 1955. Cet ouvrage magnifiquement illustr\u00e9 rassemble quelque 200 images poignantes traitant de th\u00e8mes universels et intemporels li\u00e9s aux personnes que le destin [&hellip;]\" \/>\n<meta property=\"og:url\" content=\"https:\/\/librairie7l.com\/en\/produit\/the-family-of-migrants-2\/\" \/>\n<meta property=\"og:site_name\" content=\"Librairie 7L\" \/>\n<meta property=\"article:modified_time\" content=\"2026-04-14T22:21:12+00:00\" \/>\n<meta property=\"og:image\" content=\"https:\/\/librairie7l.com\/wp-content\/uploads\/2024\/12\/9789464941876_1_75.jpg\" \/>\n\t<meta property=\"og:image:width\" content=\"387\" \/>\n\t<meta property=\"og:image:height\" content=\"500\" \/>\n\t<meta property=\"og:image:type\" content=\"image\/jpeg\" \/>\n<meta name=\"twitter:card\" content=\"summary_large_image\" \/>\n<meta name=\"twitter:label1\" content=\"Est. reading time\" \/>\n\t<meta name=\"twitter:data1\" content=\"1 minute\" \/>\n<script type=\"application\/ld+json\" class=\"yoast-schema-graph\">{\"@context\":\"https:\/\/schema.org\",\"@graph\":[{\"@type\":\"WebPage\",\"@id\":\"https:\/\/librairie7l.com\/en\/produit\/the-family-of-migrants-2\/\",\"url\":\"https:\/\/librairie7l.com\/en\/produit\/the-family-of-migrants-2\/\",\"name\":\"The family of migrants - Librairie 7L\",\"isPartOf\":{\"@id\":\"https:\/\/librairie7l.com\/en\/#website\"},\"datePublished\":\"2025-05-24T07:17:56+00:00\",\"dateModified\":\"2026-04-14T22:21:12+00:00\",\"breadcrumb\":{\"@id\":\"https:\/\/librairie7l.com\/en\/produit\/the-family-of-migrants-2\/#breadcrumb\"},\"inLanguage\":\"en-US\",\"potentialAction\":[{\"@type\":\"ReadAction\",\"target\":[\"https:\/\/librairie7l.com\/en\/produit\/the-family-of-migrants-2\/\"]}]},{\"@type\":\"BreadcrumbList\",\"@id\":\"https:\/\/librairie7l.com\/en\/produit\/the-family-of-migrants-2\/#breadcrumb\",\"itemListElement\":[{\"@type\":\"ListItem\",\"position\":1,\"name\":\"Accueil\",\"item\":\"https:\/\/librairie7l.com\/en\/\"},{\"@type\":\"ListItem\",\"position\":2,\"name\":\"Shop\",\"item\":\"https:\/\/librairie7l.com\/en\/shop\/\"},{\"@type\":\"ListItem\",\"position\":3,\"name\":\"THE FAMILY OF MIGRANTS\"}]},{\"@type\":\"WebSite\",\"@id\":\"https:\/\/librairie7l.com\/en\/#website\",\"url\":\"https:\/\/librairie7l.com\/en\/\",\"name\":\"Librairie 7L\",\"description\":\"Librairie fond\u00e9e en 1999 par Karl Lagerfeld \u00e0 Paris\",\"publisher\":{\"@id\":\"https:\/\/librairie7l.com\/en\/#organization\"},\"potentialAction\":[{\"@type\":\"SearchAction\",\"target\":{\"@type\":\"EntryPoint\",\"urlTemplate\":\"https:\/\/librairie7l.com\/en\/?s={search_term_string}\"},\"query-input\":\"required name=search_term_string\"}],\"inLanguage\":\"en-US\"},{\"@type\":\"Organization\",\"@id\":\"https:\/\/librairie7l.com\/en\/#organization\",\"name\":\"Librairie 7L\",\"url\":\"https:\/\/librairie7l.com\/en\/\",\"logo\":{\"@type\":\"ImageObject\",\"inLanguage\":\"en-US\",\"@id\":\"https:\/\/librairie7l.com\/en\/#\/schema\/logo\/image\/\",\"url\":\"https:\/\/librairie7l.com\/wp-content\/uploads\/2022\/08\/logo-1.png\",\"contentUrl\":\"https:\/\/librairie7l.com\/wp-content\/uploads\/2022\/08\/logo-1.png\",\"width\":227,\"height\":301,\"caption\":\"Librairie 7L\"},\"image\":{\"@id\":\"https:\/\/librairie7l.com\/en\/#\/schema\/logo\/image\/\"}}]}<\/script>\n<!-- \/ Yoast SEO plugin. -->","yoast_head_json":{"title":"The family of migrants - Librairie 7L","robots":{"index":"index","follow":"follow","max-snippet":"max-snippet:-1","max-image-preview":"max-image-preview:large","max-video-preview":"max-video-preview:-1"},"canonical":"https:\/\/librairie7l.com\/en\/produit\/the-family-of-migrants-2\/","og_locale":"en_US","og_type":"article","og_title":"The family of migrants - Librairie 7L","og_description":"The Family of Migrants a \u00e9t\u00e9 inspir\u00e9e par l&#8217;embl\u00e9matique exposition The Family of Man, un hommage \u00e0 l&#8217;humanit\u00e9 organis\u00e9 par le photographe et conservateur Edward Steichen, pr\u00e9sent\u00e9e au MoMA de New York en 1955. Cet ouvrage magnifiquement illustr\u00e9 rassemble quelque 200 images poignantes traitant de th\u00e8mes universels et intemporels li\u00e9s aux personnes que le destin [&hellip;]","og_url":"https:\/\/librairie7l.com\/en\/produit\/the-family-of-migrants-2\/","og_site_name":"Librairie 7L","article_modified_time":"2026-04-14T22:21:12+00:00","og_image":[{"width":387,"height":500,"url":"https:\/\/librairie7l.com\/wp-content\/uploads\/2024\/12\/9789464941876_1_75.jpg","type":"image\/jpeg"}],"twitter_card":"summary_large_image","twitter_misc":{"Est. reading time":"1 minute"},"schema":{"@context":"https:\/\/schema.org","@graph":[{"@type":"WebPage","@id":"https:\/\/librairie7l.com\/en\/produit\/the-family-of-migrants-2\/","url":"https:\/\/librairie7l.com\/en\/produit\/the-family-of-migrants-2\/","name":"The family of migrants - Librairie 7L","isPartOf":{"@id":"https:\/\/librairie7l.com\/en\/#website"},"datePublished":"2025-05-24T07:17:56+00:00","dateModified":"2026-04-14T22:21:12+00:00","breadcrumb":{"@id":"https:\/\/librairie7l.com\/en\/produit\/the-family-of-migrants-2\/#breadcrumb"},"inLanguage":"en-US","potentialAction":[{"@type":"ReadAction","target":["https:\/\/librairie7l.com\/en\/produit\/the-family-of-migrants-2\/"]}]},{"@type":"BreadcrumbList","@id":"https:\/\/librairie7l.com\/en\/produit\/the-family-of-migrants-2\/#breadcrumb","itemListElement":[{"@type":"ListItem","position":1,"name":"Accueil","item":"https:\/\/librairie7l.com\/en\/"},{"@type":"ListItem","position":2,"name":"Shop","item":"https:\/\/librairie7l.com\/en\/shop\/"},{"@type":"ListItem","position":3,"name":"THE FAMILY OF MIGRANTS"}]},{"@type":"WebSite","@id":"https:\/\/librairie7l.com\/en\/#website","url":"https:\/\/librairie7l.com\/en\/","name":"Librairie 7L","description":"Librairie fond\u00e9e en 1999 par Karl Lagerfeld \u00e0 Paris","publisher":{"@id":"https:\/\/librairie7l.com\/en\/#organization"},"potentialAction":[{"@type":"SearchAction","target":{"@type":"EntryPoint","urlTemplate":"https:\/\/librairie7l.com\/en\/?s={search_term_string}"},"query-input":"required name=search_term_string"}],"inLanguage":"en-US"},{"@type":"Organization","@id":"https:\/\/librairie7l.com\/en\/#organization","name":"Librairie 7L","url":"https:\/\/librairie7l.com\/en\/","logo":{"@type":"ImageObject","inLanguage":"en-US","@id":"https:\/\/librairie7l.com\/en\/#\/schema\/logo\/image\/","url":"https:\/\/librairie7l.com\/wp-content\/uploads\/2022\/08\/logo-1.png","contentUrl":"https:\/\/librairie7l.com\/wp-content\/uploads\/2022\/08\/logo-1.png","width":227,"height":301,"caption":"Librairie 7L"},"image":{"@id":"https:\/\/librairie7l.com\/en\/#\/schema\/logo\/image\/"}}]}},"_links":{"self":[{"href":"https:\/\/librairie7l.com\/en\/wp-json\/wp\/v2\/product\/48171"}],"collection":[{"href":"https:\/\/librairie7l.com\/en\/wp-json\/wp\/v2\/product"}],"about":[{"href":"https:\/\/librairie7l.com\/en\/wp-json\/wp\/v2\/types\/product"}],"wp:featuredmedia":[{"embeddable":true,"href":"https:\/\/librairie7l.com\/en\/wp-json\/wp\/v2\/media\/48169"}],"wp:attachment":[{"href":"https:\/\/librairie7l.com\/en\/wp-json\/wp\/v2\/media?parent=48171"}],"wp:term":[{"taxonomy":"product_cat","embeddable":true,"href":"https:\/\/librairie7l.com\/en\/wp-json\/wp\/v2\/product_cat?post=48171"},{"taxonomy":"product_tag","embeddable":true,"href":"https:\/\/librairie7l.com\/en\/wp-json\/wp\/v2\/product_tag?post=48171"}],"curies":[{"name":"wp","href":"https:\/\/api.w.org\/{rel}","templated":true}]}}