{"id":48199,"date":"2025-05-25T09:17:52","date_gmt":"2025-05-25T07:17:52","guid":{"rendered":"https:\/\/librairie7l.com\/?post_type=product&#038;p=48199"},"modified":"2026-04-09T09:06:37","modified_gmt":"2026-04-09T07:06:37","slug":"mama-milano-an-insiders-guide-to-creative-self-discovery-the-italian-way-2","status":"publish","type":"product","link":"https:\/\/librairie7l.com\/en\/produit\/mama-milano-an-insiders-guide-to-creative-self-discovery-the-italian-way-2\/","title":{"rendered":"MAMA MILANO : AN INSIDER&#8217;S GUIDE TO CREATIVE SELF-DISCOVERY, THE ITALIAN WAY"},"content":{"rendered":"<p>Apr\u00e8s avoir d\u00e9m\u00e9nag\u00e9 de Manhattan \u00e0 Milan il y a 20 ans, J. J. Martin s&#8217;est rendue compte qu&#8217;elle n&#8217;avait pas d&#8217;autre choix que d&#8217;embrasser le style de vie italien. Dans ce volume, la c\u00e9l\u00e8bre influenceuse &#8220;LaDoubleJ Martin&#8221; nous invite \u00e0 un voyage vers l&#8217;\u00e9tranger, la vie \u00e0 l&#8217;italienne, l&#8217;amour, la cr\u00e9ativit\u00e9 et la magie &#8211; bref, vers sa ch\u00e8re Milan d&#8217;aujourd&#8217;hui. Elle nous fait rencontrer quelques-unes des plus grandes cr\u00e9atrices de tendances f\u00e9minines italiennes, fait une ode \u00e0 la cr\u00e9ativit\u00e9 et aux couleurs, le tout avec un soup\u00e7on de vintage chic et une abondance de style italien. Le livre pr\u00e9sente 3 couvertures diff\u00e9rentes (sous le m\u00eame isbn) reprenant des motifs textiles cr\u00e9\u00e9s par LaDoubleJ.<\/p>\n","protected":false},"excerpt":{"rendered":"<p>Apr\u00e8s avoir d\u00e9m\u00e9nag\u00e9 de Manhattan \u00e0 Milan il y a 20 ans, J. J. Martin s&#8217;est rendue compte qu&#8217;elle n&#8217;avait pas d&#8217;autre choix que d&#8217;embrasser le style de vie italien. Dans ce volume, la c\u00e9l\u00e8bre influenceuse &#8220;LaDoubleJ Martin&#8221; nous invite \u00e0 un voyage vers l&#8217;\u00e9tranger, la vie \u00e0 l&#8217;italienne, l&#8217;amour, la cr\u00e9ativit\u00e9 et la magie [&hellip;]<\/p>\n","protected":false},"featured_media":48197,"template":"","meta":[],"product_cat":[2948,2951],"product_tag":[],"acf":[],"yoast_head":"<!-- This site is optimized with the Yoast SEO plugin v20.11 - https:\/\/yoast.com\/wordpress\/plugins\/seo\/ -->\n<title>Mama Milano : an insider&#039;s guide to creative self-discovery, the italian way - Librairie 7L<\/title>\n<meta name=\"robots\" content=\"index, follow, max-snippet:-1, max-image-preview:large, max-video-preview:-1\" \/>\n<link rel=\"canonical\" href=\"https:\/\/librairie7l.com\/en\/produit\/mama-milano-an-insiders-guide-to-creative-self-discovery-the-italian-way-2\/\" \/>\n<meta property=\"og:locale\" content=\"en_US\" \/>\n<meta property=\"og:type\" content=\"article\" \/>\n<meta property=\"og:title\" content=\"Mama Milano : an insider&#039;s guide to creative self-discovery, the italian way - Librairie 7L\" \/>\n<meta property=\"og:description\" content=\"Apr\u00e8s avoir d\u00e9m\u00e9nag\u00e9 de Manhattan \u00e0 Milan il y a 20 ans, J. J. Martin s&#8217;est rendue compte qu&#8217;elle n&#8217;avait pas d&#8217;autre choix que d&#8217;embrasser le style de vie italien. Dans ce volume, la c\u00e9l\u00e8bre influenceuse &#8220;LaDoubleJ Martin&#8221; nous invite \u00e0 un voyage vers l&#8217;\u00e9tranger, la vie \u00e0 l&#8217;italienne, l&#8217;amour, la cr\u00e9ativit\u00e9 et la magie [&hellip;]\" \/>\n<meta property=\"og:url\" content=\"https:\/\/librairie7l.com\/en\/produit\/mama-milano-an-insiders-guide-to-creative-self-discovery-the-italian-way-2\/\" \/>\n<meta property=\"og:site_name\" content=\"Librairie 7L\" \/>\n<meta property=\"article:modified_time\" content=\"2026-04-09T07:06:37+00:00\" \/>\n<meta property=\"og:image\" content=\"https:\/\/librairie7l.com\/wp-content\/uploads\/2023\/06\/9780865654242_1_75.jpg\" \/>\n\t<meta property=\"og:image:width\" content=\"500\" \/>\n\t<meta property=\"og:image:height\" content=\"365\" \/>\n\t<meta property=\"og:image:type\" content=\"image\/jpeg\" \/>\n<meta name=\"twitter:card\" content=\"summary_large_image\" \/>\n<meta name=\"twitter:label1\" content=\"Est. reading time\" \/>\n\t<meta name=\"twitter:data1\" content=\"1 minute\" \/>\n<script type=\"application\/ld+json\" class=\"yoast-schema-graph\">{\"@context\":\"https:\/\/schema.org\",\"@graph\":[{\"@type\":\"WebPage\",\"@id\":\"https:\/\/librairie7l.com\/en\/produit\/mama-milano-an-insiders-guide-to-creative-self-discovery-the-italian-way-2\/\",\"url\":\"https:\/\/librairie7l.com\/en\/produit\/mama-milano-an-insiders-guide-to-creative-self-discovery-the-italian-way-2\/\",\"name\":\"Mama Milano : an insider's guide to creative self-discovery, the italian way - Librairie 7L\",\"isPartOf\":{\"@id\":\"https:\/\/librairie7l.com\/en\/#website\"},\"datePublished\":\"2025-05-25T07:17:52+00:00\",\"dateModified\":\"2026-04-09T07:06:37+00:00\",\"breadcrumb\":{\"@id\":\"https:\/\/librairie7l.com\/en\/produit\/mama-milano-an-insiders-guide-to-creative-self-discovery-the-italian-way-2\/#breadcrumb\"},\"inLanguage\":\"en-US\",\"potentialAction\":[{\"@type\":\"ReadAction\",\"target\":[\"https:\/\/librairie7l.com\/en\/produit\/mama-milano-an-insiders-guide-to-creative-self-discovery-the-italian-way-2\/\"]}]},{\"@type\":\"BreadcrumbList\",\"@id\":\"https:\/\/librairie7l.com\/en\/produit\/mama-milano-an-insiders-guide-to-creative-self-discovery-the-italian-way-2\/#breadcrumb\",\"itemListElement\":[{\"@type\":\"ListItem\",\"position\":1,\"name\":\"Accueil\",\"item\":\"https:\/\/librairie7l.com\/en\/\"},{\"@type\":\"ListItem\",\"position\":2,\"name\":\"Shop\",\"item\":\"https:\/\/librairie7l.com\/en\/shop\/\"},{\"@type\":\"ListItem\",\"position\":3,\"name\":\"MAMA MILANO : AN INSIDER&#8217;S GUIDE TO CREATIVE SELF-DISCOVERY, THE ITALIAN WAY\"}]},{\"@type\":\"WebSite\",\"@id\":\"https:\/\/librairie7l.com\/en\/#website\",\"url\":\"https:\/\/librairie7l.com\/en\/\",\"name\":\"Librairie 7L\",\"description\":\"Librairie fond\u00e9e en 1999 par Karl Lagerfeld \u00e0 Paris\",\"publisher\":{\"@id\":\"https:\/\/librairie7l.com\/en\/#organization\"},\"potentialAction\":[{\"@type\":\"SearchAction\",\"target\":{\"@type\":\"EntryPoint\",\"urlTemplate\":\"https:\/\/librairie7l.com\/en\/?s={search_term_string}\"},\"query-input\":\"required name=search_term_string\"}],\"inLanguage\":\"en-US\"},{\"@type\":\"Organization\",\"@id\":\"https:\/\/librairie7l.com\/en\/#organization\",\"name\":\"Librairie 7L\",\"url\":\"https:\/\/librairie7l.com\/en\/\",\"logo\":{\"@type\":\"ImageObject\",\"inLanguage\":\"en-US\",\"@id\":\"https:\/\/librairie7l.com\/en\/#\/schema\/logo\/image\/\",\"url\":\"https:\/\/librairie7l.com\/wp-content\/uploads\/2022\/08\/logo-1.png\",\"contentUrl\":\"https:\/\/librairie7l.com\/wp-content\/uploads\/2022\/08\/logo-1.png\",\"width\":227,\"height\":301,\"caption\":\"Librairie 7L\"},\"image\":{\"@id\":\"https:\/\/librairie7l.com\/en\/#\/schema\/logo\/image\/\"}}]}<\/script>\n<!-- \/ Yoast SEO plugin. -->","yoast_head_json":{"title":"Mama Milano : an insider's guide to creative self-discovery, the italian way - Librairie 7L","robots":{"index":"index","follow":"follow","max-snippet":"max-snippet:-1","max-image-preview":"max-image-preview:large","max-video-preview":"max-video-preview:-1"},"canonical":"https:\/\/librairie7l.com\/en\/produit\/mama-milano-an-insiders-guide-to-creative-self-discovery-the-italian-way-2\/","og_locale":"en_US","og_type":"article","og_title":"Mama Milano : an insider's guide to creative self-discovery, the italian way - Librairie 7L","og_description":"Apr\u00e8s avoir d\u00e9m\u00e9nag\u00e9 de Manhattan \u00e0 Milan il y a 20 ans, J. J. Martin s&#8217;est rendue compte qu&#8217;elle n&#8217;avait pas d&#8217;autre choix que d&#8217;embrasser le style de vie italien. Dans ce volume, la c\u00e9l\u00e8bre influenceuse &#8220;LaDoubleJ Martin&#8221; nous invite \u00e0 un voyage vers l&#8217;\u00e9tranger, la vie \u00e0 l&#8217;italienne, l&#8217;amour, la cr\u00e9ativit\u00e9 et la magie [&hellip;]","og_url":"https:\/\/librairie7l.com\/en\/produit\/mama-milano-an-insiders-guide-to-creative-self-discovery-the-italian-way-2\/","og_site_name":"Librairie 7L","article_modified_time":"2026-04-09T07:06:37+00:00","og_image":[{"width":500,"height":365,"url":"https:\/\/librairie7l.com\/wp-content\/uploads\/2023\/06\/9780865654242_1_75.jpg","type":"image\/jpeg"}],"twitter_card":"summary_large_image","twitter_misc":{"Est. reading time":"1 minute"},"schema":{"@context":"https:\/\/schema.org","@graph":[{"@type":"WebPage","@id":"https:\/\/librairie7l.com\/en\/produit\/mama-milano-an-insiders-guide-to-creative-self-discovery-the-italian-way-2\/","url":"https:\/\/librairie7l.com\/en\/produit\/mama-milano-an-insiders-guide-to-creative-self-discovery-the-italian-way-2\/","name":"Mama Milano : an insider's guide to creative self-discovery, the italian way - Librairie 7L","isPartOf":{"@id":"https:\/\/librairie7l.com\/en\/#website"},"datePublished":"2025-05-25T07:17:52+00:00","dateModified":"2026-04-09T07:06:37+00:00","breadcrumb":{"@id":"https:\/\/librairie7l.com\/en\/produit\/mama-milano-an-insiders-guide-to-creative-self-discovery-the-italian-way-2\/#breadcrumb"},"inLanguage":"en-US","potentialAction":[{"@type":"ReadAction","target":["https:\/\/librairie7l.com\/en\/produit\/mama-milano-an-insiders-guide-to-creative-self-discovery-the-italian-way-2\/"]}]},{"@type":"BreadcrumbList","@id":"https:\/\/librairie7l.com\/en\/produit\/mama-milano-an-insiders-guide-to-creative-self-discovery-the-italian-way-2\/#breadcrumb","itemListElement":[{"@type":"ListItem","position":1,"name":"Accueil","item":"https:\/\/librairie7l.com\/en\/"},{"@type":"ListItem","position":2,"name":"Shop","item":"https:\/\/librairie7l.com\/en\/shop\/"},{"@type":"ListItem","position":3,"name":"MAMA MILANO : AN INSIDER&#8217;S GUIDE TO CREATIVE SELF-DISCOVERY, THE ITALIAN WAY"}]},{"@type":"WebSite","@id":"https:\/\/librairie7l.com\/en\/#website","url":"https:\/\/librairie7l.com\/en\/","name":"Librairie 7L","description":"Librairie fond\u00e9e en 1999 par Karl Lagerfeld \u00e0 Paris","publisher":{"@id":"https:\/\/librairie7l.com\/en\/#organization"},"potentialAction":[{"@type":"SearchAction","target":{"@type":"EntryPoint","urlTemplate":"https:\/\/librairie7l.com\/en\/?s={search_term_string}"},"query-input":"required name=search_term_string"}],"inLanguage":"en-US"},{"@type":"Organization","@id":"https:\/\/librairie7l.com\/en\/#organization","name":"Librairie 7L","url":"https:\/\/librairie7l.com\/en\/","logo":{"@type":"ImageObject","inLanguage":"en-US","@id":"https:\/\/librairie7l.com\/en\/#\/schema\/logo\/image\/","url":"https:\/\/librairie7l.com\/wp-content\/uploads\/2022\/08\/logo-1.png","contentUrl":"https:\/\/librairie7l.com\/wp-content\/uploads\/2022\/08\/logo-1.png","width":227,"height":301,"caption":"Librairie 7L"},"image":{"@id":"https:\/\/librairie7l.com\/en\/#\/schema\/logo\/image\/"}}]}},"_links":{"self":[{"href":"https:\/\/librairie7l.com\/en\/wp-json\/wp\/v2\/product\/48199"}],"collection":[{"href":"https:\/\/librairie7l.com\/en\/wp-json\/wp\/v2\/product"}],"about":[{"href":"https:\/\/librairie7l.com\/en\/wp-json\/wp\/v2\/types\/product"}],"wp:featuredmedia":[{"embeddable":true,"href":"https:\/\/librairie7l.com\/en\/wp-json\/wp\/v2\/media\/48197"}],"wp:attachment":[{"href":"https:\/\/librairie7l.com\/en\/wp-json\/wp\/v2\/media?parent=48199"}],"wp:term":[{"taxonomy":"product_cat","embeddable":true,"href":"https:\/\/librairie7l.com\/en\/wp-json\/wp\/v2\/product_cat?post=48199"},{"taxonomy":"product_tag","embeddable":true,"href":"https:\/\/librairie7l.com\/en\/wp-json\/wp\/v2\/product_tag?post=48199"}],"curies":[{"name":"wp","href":"https:\/\/api.w.org\/{rel}","templated":true}]}}