{"id":48213,"date":"2025-05-26T15:56:38","date_gmt":"2025-05-26T13:56:38","guid":{"rendered":"https:\/\/librairie7l.com\/?post_type=product&#038;p=48213"},"modified":"2026-04-07T16:28:12","modified_gmt":"2026-04-07T14:28:12","slug":"histoire-de-la-sicile-2","status":"publish","type":"product","link":"https:\/\/librairie7l.com\/en\/produit\/histoire-de-la-sicile-2\/","title":{"rendered":"HISTOIRE DE LA SICILE"},"content":{"rendered":"<p>La Sicile est au carrefour de l&#8217;histoire du monde. Dans un r\u00e9cit vivant et \u00e9rudit, John Julius Norwich narre le tumultueux destin de cette \u00eele fascinante, et des tyrans, des monarques et des reines remarquables qui ont combattu pour la dominer.<br \/>\nLa Sicile est la plus grande \u00eele de la M\u00e9diterran\u00e9e, le relais entre l&#8217;Europe et l&#8217;Afrique, le lien entre l&#8217;Occident latin et l&#8217;Orient grec. Sa situation strat\u00e9gique a tent\u00e9 les empereurs romains, les princes fran\u00e7ais et les rois espagnols. Les luttes qui s&#8217;en sont suivies pour la conqu\u00e9rir et la garder ont jou\u00e9 un r\u00f4le crucial dans l&#8217;essor et le d\u00e9clin des dynasties les plus puissantes du monde.<br \/>\nLe r\u00e9cit palpitant de John Julius Norwich est le premier \u00e0 nouer ensemble les fils de l&#8217;histoire sicilienne dans une seule \u00e9tude globale. De ses d\u00e9buts comme cit\u00e9-\u00c9tat grecque \u00e0 son \u00e9mergence comme carrefour commercial multiculturel pendant les croisades, et de la r\u00e9bellion contre l&#8217;unification italienne \u00e0 l&#8217;essor de la mafia, l&#8217;histoire de la Sicile est riche de moments extraordinaires et de personnages spectaculaires.<\/p>\n","protected":false},"excerpt":{"rendered":"<p>La Sicile est au carrefour de l&#8217;histoire du monde. Dans un r\u00e9cit vivant et \u00e9rudit, John Julius Norwich narre le tumultueux destin de cette \u00eele fascinante, et des tyrans, des monarques et des reines remarquables qui ont combattu pour la dominer. La Sicile est la plus grande \u00eele de la M\u00e9diterran\u00e9e, le relais entre l&#8217;Europe [&hellip;]<\/p>\n","protected":false},"featured_media":48211,"template":"","meta":[],"product_cat":[7364,2948],"product_tag":[],"acf":[],"yoast_head":"<!-- This site is optimized with the Yoast SEO plugin v20.11 - https:\/\/yoast.com\/wordpress\/plugins\/seo\/ -->\n<title>Histoire de la Sicile - Librairie 7L<\/title>\n<meta name=\"robots\" content=\"index, follow, max-snippet:-1, max-image-preview:large, max-video-preview:-1\" \/>\n<link rel=\"canonical\" href=\"https:\/\/librairie7l.com\/en\/produit\/histoire-de-la-sicile-2\/\" \/>\n<meta property=\"og:locale\" content=\"en_US\" \/>\n<meta property=\"og:type\" content=\"article\" \/>\n<meta property=\"og:title\" content=\"Histoire de la Sicile - Librairie 7L\" \/>\n<meta property=\"og:description\" content=\"La Sicile est au carrefour de l&#8217;histoire du monde. Dans un r\u00e9cit vivant et \u00e9rudit, John Julius Norwich narre le tumultueux destin de cette \u00eele fascinante, et des tyrans, des monarques et des reines remarquables qui ont combattu pour la dominer. La Sicile est la plus grande \u00eele de la M\u00e9diterran\u00e9e, le relais entre l&#8217;Europe [&hellip;]\" \/>\n<meta property=\"og:url\" content=\"https:\/\/librairie7l.com\/en\/produit\/histoire-de-la-sicile-2\/\" \/>\n<meta property=\"og:site_name\" content=\"Librairie 7L\" \/>\n<meta property=\"article:modified_time\" content=\"2026-04-07T14:28:12+00:00\" \/>\n<meta property=\"og:image\" content=\"https:\/\/librairie7l.com\/wp-content\/uploads\/2018\/01\/9791021028760_1_75.jpg\" \/>\n\t<meta property=\"og:image:width\" content=\"1000\" \/>\n\t<meta property=\"og:image:height\" content=\"1479\" \/>\n\t<meta property=\"og:image:type\" content=\"image\/jpeg\" \/>\n<meta name=\"twitter:card\" content=\"summary_large_image\" \/>\n<meta name=\"twitter:label1\" content=\"Est. reading time\" \/>\n\t<meta name=\"twitter:data1\" content=\"1 minute\" \/>\n<script type=\"application\/ld+json\" class=\"yoast-schema-graph\">{\"@context\":\"https:\/\/schema.org\",\"@graph\":[{\"@type\":\"WebPage\",\"@id\":\"https:\/\/librairie7l.com\/en\/produit\/histoire-de-la-sicile-2\/\",\"url\":\"https:\/\/librairie7l.com\/en\/produit\/histoire-de-la-sicile-2\/\",\"name\":\"Histoire de la Sicile - Librairie 7L\",\"isPartOf\":{\"@id\":\"https:\/\/librairie7l.com\/en\/#website\"},\"datePublished\":\"2025-05-26T13:56:38+00:00\",\"dateModified\":\"2026-04-07T14:28:12+00:00\",\"breadcrumb\":{\"@id\":\"https:\/\/librairie7l.com\/en\/produit\/histoire-de-la-sicile-2\/#breadcrumb\"},\"inLanguage\":\"en-US\",\"potentialAction\":[{\"@type\":\"ReadAction\",\"target\":[\"https:\/\/librairie7l.com\/en\/produit\/histoire-de-la-sicile-2\/\"]}]},{\"@type\":\"BreadcrumbList\",\"@id\":\"https:\/\/librairie7l.com\/en\/produit\/histoire-de-la-sicile-2\/#breadcrumb\",\"itemListElement\":[{\"@type\":\"ListItem\",\"position\":1,\"name\":\"Accueil\",\"item\":\"https:\/\/librairie7l.com\/en\/\"},{\"@type\":\"ListItem\",\"position\":2,\"name\":\"Shop\",\"item\":\"https:\/\/librairie7l.com\/en\/shop\/\"},{\"@type\":\"ListItem\",\"position\":3,\"name\":\"HISTOIRE DE LA SICILE\"}]},{\"@type\":\"WebSite\",\"@id\":\"https:\/\/librairie7l.com\/en\/#website\",\"url\":\"https:\/\/librairie7l.com\/en\/\",\"name\":\"Librairie 7L\",\"description\":\"Librairie fond\u00e9e en 1999 par Karl Lagerfeld \u00e0 Paris\",\"publisher\":{\"@id\":\"https:\/\/librairie7l.com\/en\/#organization\"},\"potentialAction\":[{\"@type\":\"SearchAction\",\"target\":{\"@type\":\"EntryPoint\",\"urlTemplate\":\"https:\/\/librairie7l.com\/en\/?s={search_term_string}\"},\"query-input\":\"required name=search_term_string\"}],\"inLanguage\":\"en-US\"},{\"@type\":\"Organization\",\"@id\":\"https:\/\/librairie7l.com\/en\/#organization\",\"name\":\"Librairie 7L\",\"url\":\"https:\/\/librairie7l.com\/en\/\",\"logo\":{\"@type\":\"ImageObject\",\"inLanguage\":\"en-US\",\"@id\":\"https:\/\/librairie7l.com\/en\/#\/schema\/logo\/image\/\",\"url\":\"https:\/\/librairie7l.com\/wp-content\/uploads\/2022\/08\/logo-1.png\",\"contentUrl\":\"https:\/\/librairie7l.com\/wp-content\/uploads\/2022\/08\/logo-1.png\",\"width\":227,\"height\":301,\"caption\":\"Librairie 7L\"},\"image\":{\"@id\":\"https:\/\/librairie7l.com\/en\/#\/schema\/logo\/image\/\"}}]}<\/script>\n<!-- \/ Yoast SEO plugin. -->","yoast_head_json":{"title":"Histoire de la Sicile - Librairie 7L","robots":{"index":"index","follow":"follow","max-snippet":"max-snippet:-1","max-image-preview":"max-image-preview:large","max-video-preview":"max-video-preview:-1"},"canonical":"https:\/\/librairie7l.com\/en\/produit\/histoire-de-la-sicile-2\/","og_locale":"en_US","og_type":"article","og_title":"Histoire de la Sicile - Librairie 7L","og_description":"La Sicile est au carrefour de l&#8217;histoire du monde. Dans un r\u00e9cit vivant et \u00e9rudit, John Julius Norwich narre le tumultueux destin de cette \u00eele fascinante, et des tyrans, des monarques et des reines remarquables qui ont combattu pour la dominer. La Sicile est la plus grande \u00eele de la M\u00e9diterran\u00e9e, le relais entre l&#8217;Europe [&hellip;]","og_url":"https:\/\/librairie7l.com\/en\/produit\/histoire-de-la-sicile-2\/","og_site_name":"Librairie 7L","article_modified_time":"2026-04-07T14:28:12+00:00","og_image":[{"width":1000,"height":1479,"url":"https:\/\/librairie7l.com\/wp-content\/uploads\/2018\/01\/9791021028760_1_75.jpg","type":"image\/jpeg"}],"twitter_card":"summary_large_image","twitter_misc":{"Est. reading time":"1 minute"},"schema":{"@context":"https:\/\/schema.org","@graph":[{"@type":"WebPage","@id":"https:\/\/librairie7l.com\/en\/produit\/histoire-de-la-sicile-2\/","url":"https:\/\/librairie7l.com\/en\/produit\/histoire-de-la-sicile-2\/","name":"Histoire de la Sicile - Librairie 7L","isPartOf":{"@id":"https:\/\/librairie7l.com\/en\/#website"},"datePublished":"2025-05-26T13:56:38+00:00","dateModified":"2026-04-07T14:28:12+00:00","breadcrumb":{"@id":"https:\/\/librairie7l.com\/en\/produit\/histoire-de-la-sicile-2\/#breadcrumb"},"inLanguage":"en-US","potentialAction":[{"@type":"ReadAction","target":["https:\/\/librairie7l.com\/en\/produit\/histoire-de-la-sicile-2\/"]}]},{"@type":"BreadcrumbList","@id":"https:\/\/librairie7l.com\/en\/produit\/histoire-de-la-sicile-2\/#breadcrumb","itemListElement":[{"@type":"ListItem","position":1,"name":"Accueil","item":"https:\/\/librairie7l.com\/en\/"},{"@type":"ListItem","position":2,"name":"Shop","item":"https:\/\/librairie7l.com\/en\/shop\/"},{"@type":"ListItem","position":3,"name":"HISTOIRE DE LA SICILE"}]},{"@type":"WebSite","@id":"https:\/\/librairie7l.com\/en\/#website","url":"https:\/\/librairie7l.com\/en\/","name":"Librairie 7L","description":"Librairie fond\u00e9e en 1999 par Karl Lagerfeld \u00e0 Paris","publisher":{"@id":"https:\/\/librairie7l.com\/en\/#organization"},"potentialAction":[{"@type":"SearchAction","target":{"@type":"EntryPoint","urlTemplate":"https:\/\/librairie7l.com\/en\/?s={search_term_string}"},"query-input":"required name=search_term_string"}],"inLanguage":"en-US"},{"@type":"Organization","@id":"https:\/\/librairie7l.com\/en\/#organization","name":"Librairie 7L","url":"https:\/\/librairie7l.com\/en\/","logo":{"@type":"ImageObject","inLanguage":"en-US","@id":"https:\/\/librairie7l.com\/en\/#\/schema\/logo\/image\/","url":"https:\/\/librairie7l.com\/wp-content\/uploads\/2022\/08\/logo-1.png","contentUrl":"https:\/\/librairie7l.com\/wp-content\/uploads\/2022\/08\/logo-1.png","width":227,"height":301,"caption":"Librairie 7L"},"image":{"@id":"https:\/\/librairie7l.com\/en\/#\/schema\/logo\/image\/"}}]}},"_links":{"self":[{"href":"https:\/\/librairie7l.com\/en\/wp-json\/wp\/v2\/product\/48213"}],"collection":[{"href":"https:\/\/librairie7l.com\/en\/wp-json\/wp\/v2\/product"}],"about":[{"href":"https:\/\/librairie7l.com\/en\/wp-json\/wp\/v2\/types\/product"}],"wp:featuredmedia":[{"embeddable":true,"href":"https:\/\/librairie7l.com\/en\/wp-json\/wp\/v2\/media\/48211"}],"wp:attachment":[{"href":"https:\/\/librairie7l.com\/en\/wp-json\/wp\/v2\/media?parent=48213"}],"wp:term":[{"taxonomy":"product_cat","embeddable":true,"href":"https:\/\/librairie7l.com\/en\/wp-json\/wp\/v2\/product_cat?post=48213"},{"taxonomy":"product_tag","embeddable":true,"href":"https:\/\/librairie7l.com\/en\/wp-json\/wp\/v2\/product_tag?post=48213"}],"curies":[{"name":"wp","href":"https:\/\/api.w.org\/{rel}","templated":true}]}}