{"id":48222,"date":"2025-05-28T09:17:35","date_gmt":"2025-05-28T07:17:35","guid":{"rendered":"https:\/\/librairie7l.com\/?post_type=product&#038;p=48222"},"modified":"2026-04-23T05:52:25","modified_gmt":"2026-04-23T03:52:25","slug":"le-critique-artiste-avec-quelques-remarques-sur-limportance-de-ne-rien-faire-2","status":"publish","type":"product","link":"https:\/\/librairie7l.com\/en\/produit\/le-critique-artiste-avec-quelques-remarques-sur-limportance-de-ne-rien-faire-2\/","title":{"rendered":"LE CRITIQUE ARTISTE : AVEC QUELQUES REMARQUES SUR L&#8217;IMPORTANCE DE NE RIEN FAIRE"},"content":{"rendered":"<p>Publi\u00e9 en 1891 dans un volume rassemblant quatre essais d&#8217;esth\u00e9tique, Le Critique artiste d&#8217;Oscar Wilde est une oeuvre prodigieuse d&#8217;intelligence et de profondeur au sujet de l&#8217;art et de la critique. Elle est \u00e9crite sous la forme d&#8217;une conversation nocturne entre deux amis qui fument nonchalamment et jouent du piano entre des consid\u00e9rations sur l&#8217;art grec et la litt\u00e9rature moderne. La discussion prend des d\u00e9tours inattendus, spirituels et profonds \u00ab  Tout le monde peut \u00e9crire un roman en trois volumes. Il ne faut pour cela qu&#8217;une compl\u00e8te ignorance de la vie et de la litt\u00e9rature.  \u00bb Ainsi parle Gilbert, le critique artiste, \u00e0 qui l&#8217;on voudrait parfois r\u00e9pondre et glisser, nous aussi, un bon mot. Y a-t-il meilleure preuve d&#8217;une th\u00e9orie r\u00e9ussie ?<br \/>\nLe chef-d&#8217;oeuvre critique de l&#8217;auteur du Portrait de Dorian Gray.<\/p>\n","protected":false},"excerpt":{"rendered":"<p>Publi\u00e9 en 1891 dans un volume rassemblant quatre essais d&#8217;esth\u00e9tique, Le Critique artiste d&#8217;Oscar Wilde est une oeuvre prodigieuse d&#8217;intelligence et de profondeur au sujet de l&#8217;art et de la critique. Elle est \u00e9crite sous la forme d&#8217;une conversation nocturne entre deux amis qui fument nonchalamment et jouent du piano entre des consid\u00e9rations sur l&#8217;art [&hellip;]<\/p>\n","protected":false},"featured_media":48220,"template":"","meta":[],"product_cat":[2948,2953],"product_tag":[],"acf":[],"yoast_head":"<!-- This site is optimized with the Yoast SEO plugin v20.11 - https:\/\/yoast.com\/wordpress\/plugins\/seo\/ -->\n<title>Le Critique artiste : Avec quelques remarques sur l&#039;importance de ne rien faire - Librairie 7L<\/title>\n<meta name=\"robots\" content=\"index, follow, max-snippet:-1, max-image-preview:large, max-video-preview:-1\" \/>\n<link rel=\"canonical\" href=\"https:\/\/librairie7l.com\/en\/produit\/le-critique-artiste-avec-quelques-remarques-sur-limportance-de-ne-rien-faire-2\/\" \/>\n<meta property=\"og:locale\" content=\"en_US\" \/>\n<meta property=\"og:type\" content=\"article\" \/>\n<meta property=\"og:title\" content=\"Le Critique artiste : Avec quelques remarques sur l&#039;importance de ne rien faire - Librairie 7L\" \/>\n<meta property=\"og:description\" content=\"Publi\u00e9 en 1891 dans un volume rassemblant quatre essais d&#8217;esth\u00e9tique, Le Critique artiste d&#8217;Oscar Wilde est une oeuvre prodigieuse d&#8217;intelligence et de profondeur au sujet de l&#8217;art et de la critique. Elle est \u00e9crite sous la forme d&#8217;une conversation nocturne entre deux amis qui fument nonchalamment et jouent du piano entre des consid\u00e9rations sur l&#8217;art [&hellip;]\" \/>\n<meta property=\"og:url\" content=\"https:\/\/librairie7l.com\/en\/produit\/le-critique-artiste-avec-quelques-remarques-sur-limportance-de-ne-rien-faire-2\/\" \/>\n<meta property=\"og:site_name\" content=\"Librairie 7L\" \/>\n<meta property=\"article:modified_time\" content=\"2026-04-23T03:52:25+00:00\" \/>\n<meta property=\"og:image\" content=\"https:\/\/librairie7l.com\/wp-content\/uploads\/2025\/02\/9782246843030_1_75.jpg\" \/>\n\t<meta property=\"og:image:width\" content=\"600\" \/>\n\t<meta property=\"og:image:height\" content=\"950\" \/>\n\t<meta property=\"og:image:type\" content=\"image\/jpeg\" \/>\n<meta name=\"twitter:card\" content=\"summary_large_image\" \/>\n<meta name=\"twitter:label1\" content=\"Est. reading time\" \/>\n\t<meta name=\"twitter:data1\" content=\"1 minute\" \/>\n<script type=\"application\/ld+json\" class=\"yoast-schema-graph\">{\"@context\":\"https:\/\/schema.org\",\"@graph\":[{\"@type\":\"WebPage\",\"@id\":\"https:\/\/librairie7l.com\/en\/produit\/le-critique-artiste-avec-quelques-remarques-sur-limportance-de-ne-rien-faire-2\/\",\"url\":\"https:\/\/librairie7l.com\/en\/produit\/le-critique-artiste-avec-quelques-remarques-sur-limportance-de-ne-rien-faire-2\/\",\"name\":\"Le Critique artiste : Avec quelques remarques sur l'importance de ne rien faire - Librairie 7L\",\"isPartOf\":{\"@id\":\"https:\/\/librairie7l.com\/en\/#website\"},\"datePublished\":\"2025-05-28T07:17:35+00:00\",\"dateModified\":\"2026-04-23T03:52:25+00:00\",\"breadcrumb\":{\"@id\":\"https:\/\/librairie7l.com\/en\/produit\/le-critique-artiste-avec-quelques-remarques-sur-limportance-de-ne-rien-faire-2\/#breadcrumb\"},\"inLanguage\":\"en-US\",\"potentialAction\":[{\"@type\":\"ReadAction\",\"target\":[\"https:\/\/librairie7l.com\/en\/produit\/le-critique-artiste-avec-quelques-remarques-sur-limportance-de-ne-rien-faire-2\/\"]}]},{\"@type\":\"BreadcrumbList\",\"@id\":\"https:\/\/librairie7l.com\/en\/produit\/le-critique-artiste-avec-quelques-remarques-sur-limportance-de-ne-rien-faire-2\/#breadcrumb\",\"itemListElement\":[{\"@type\":\"ListItem\",\"position\":1,\"name\":\"Accueil\",\"item\":\"https:\/\/librairie7l.com\/en\/\"},{\"@type\":\"ListItem\",\"position\":2,\"name\":\"Shop\",\"item\":\"https:\/\/librairie7l.com\/en\/shop\/\"},{\"@type\":\"ListItem\",\"position\":3,\"name\":\"LE CRITIQUE ARTISTE : AVEC QUELQUES REMARQUES SUR L&#8217;IMPORTANCE DE NE RIEN FAIRE\"}]},{\"@type\":\"WebSite\",\"@id\":\"https:\/\/librairie7l.com\/en\/#website\",\"url\":\"https:\/\/librairie7l.com\/en\/\",\"name\":\"Librairie 7L\",\"description\":\"Librairie fond\u00e9e en 1999 par Karl Lagerfeld \u00e0 Paris\",\"publisher\":{\"@id\":\"https:\/\/librairie7l.com\/en\/#organization\"},\"potentialAction\":[{\"@type\":\"SearchAction\",\"target\":{\"@type\":\"EntryPoint\",\"urlTemplate\":\"https:\/\/librairie7l.com\/en\/?s={search_term_string}\"},\"query-input\":\"required name=search_term_string\"}],\"inLanguage\":\"en-US\"},{\"@type\":\"Organization\",\"@id\":\"https:\/\/librairie7l.com\/en\/#organization\",\"name\":\"Librairie 7L\",\"url\":\"https:\/\/librairie7l.com\/en\/\",\"logo\":{\"@type\":\"ImageObject\",\"inLanguage\":\"en-US\",\"@id\":\"https:\/\/librairie7l.com\/en\/#\/schema\/logo\/image\/\",\"url\":\"https:\/\/librairie7l.com\/wp-content\/uploads\/2022\/08\/logo-1.png\",\"contentUrl\":\"https:\/\/librairie7l.com\/wp-content\/uploads\/2022\/08\/logo-1.png\",\"width\":227,\"height\":301,\"caption\":\"Librairie 7L\"},\"image\":{\"@id\":\"https:\/\/librairie7l.com\/en\/#\/schema\/logo\/image\/\"}}]}<\/script>\n<!-- \/ Yoast SEO plugin. -->","yoast_head_json":{"title":"Le Critique artiste : Avec quelques remarques sur l'importance de ne rien faire - Librairie 7L","robots":{"index":"index","follow":"follow","max-snippet":"max-snippet:-1","max-image-preview":"max-image-preview:large","max-video-preview":"max-video-preview:-1"},"canonical":"https:\/\/librairie7l.com\/en\/produit\/le-critique-artiste-avec-quelques-remarques-sur-limportance-de-ne-rien-faire-2\/","og_locale":"en_US","og_type":"article","og_title":"Le Critique artiste : Avec quelques remarques sur l'importance de ne rien faire - Librairie 7L","og_description":"Publi\u00e9 en 1891 dans un volume rassemblant quatre essais d&#8217;esth\u00e9tique, Le Critique artiste d&#8217;Oscar Wilde est une oeuvre prodigieuse d&#8217;intelligence et de profondeur au sujet de l&#8217;art et de la critique. Elle est \u00e9crite sous la forme d&#8217;une conversation nocturne entre deux amis qui fument nonchalamment et jouent du piano entre des consid\u00e9rations sur l&#8217;art [&hellip;]","og_url":"https:\/\/librairie7l.com\/en\/produit\/le-critique-artiste-avec-quelques-remarques-sur-limportance-de-ne-rien-faire-2\/","og_site_name":"Librairie 7L","article_modified_time":"2026-04-23T03:52:25+00:00","og_image":[{"width":600,"height":950,"url":"https:\/\/librairie7l.com\/wp-content\/uploads\/2025\/02\/9782246843030_1_75.jpg","type":"image\/jpeg"}],"twitter_card":"summary_large_image","twitter_misc":{"Est. reading time":"1 minute"},"schema":{"@context":"https:\/\/schema.org","@graph":[{"@type":"WebPage","@id":"https:\/\/librairie7l.com\/en\/produit\/le-critique-artiste-avec-quelques-remarques-sur-limportance-de-ne-rien-faire-2\/","url":"https:\/\/librairie7l.com\/en\/produit\/le-critique-artiste-avec-quelques-remarques-sur-limportance-de-ne-rien-faire-2\/","name":"Le Critique artiste : Avec quelques remarques sur l'importance de ne rien faire - Librairie 7L","isPartOf":{"@id":"https:\/\/librairie7l.com\/en\/#website"},"datePublished":"2025-05-28T07:17:35+00:00","dateModified":"2026-04-23T03:52:25+00:00","breadcrumb":{"@id":"https:\/\/librairie7l.com\/en\/produit\/le-critique-artiste-avec-quelques-remarques-sur-limportance-de-ne-rien-faire-2\/#breadcrumb"},"inLanguage":"en-US","potentialAction":[{"@type":"ReadAction","target":["https:\/\/librairie7l.com\/en\/produit\/le-critique-artiste-avec-quelques-remarques-sur-limportance-de-ne-rien-faire-2\/"]}]},{"@type":"BreadcrumbList","@id":"https:\/\/librairie7l.com\/en\/produit\/le-critique-artiste-avec-quelques-remarques-sur-limportance-de-ne-rien-faire-2\/#breadcrumb","itemListElement":[{"@type":"ListItem","position":1,"name":"Accueil","item":"https:\/\/librairie7l.com\/en\/"},{"@type":"ListItem","position":2,"name":"Shop","item":"https:\/\/librairie7l.com\/en\/shop\/"},{"@type":"ListItem","position":3,"name":"LE CRITIQUE ARTISTE : AVEC QUELQUES REMARQUES SUR L&#8217;IMPORTANCE DE NE RIEN FAIRE"}]},{"@type":"WebSite","@id":"https:\/\/librairie7l.com\/en\/#website","url":"https:\/\/librairie7l.com\/en\/","name":"Librairie 7L","description":"Librairie fond\u00e9e en 1999 par Karl Lagerfeld \u00e0 Paris","publisher":{"@id":"https:\/\/librairie7l.com\/en\/#organization"},"potentialAction":[{"@type":"SearchAction","target":{"@type":"EntryPoint","urlTemplate":"https:\/\/librairie7l.com\/en\/?s={search_term_string}"},"query-input":"required name=search_term_string"}],"inLanguage":"en-US"},{"@type":"Organization","@id":"https:\/\/librairie7l.com\/en\/#organization","name":"Librairie 7L","url":"https:\/\/librairie7l.com\/en\/","logo":{"@type":"ImageObject","inLanguage":"en-US","@id":"https:\/\/librairie7l.com\/en\/#\/schema\/logo\/image\/","url":"https:\/\/librairie7l.com\/wp-content\/uploads\/2022\/08\/logo-1.png","contentUrl":"https:\/\/librairie7l.com\/wp-content\/uploads\/2022\/08\/logo-1.png","width":227,"height":301,"caption":"Librairie 7L"},"image":{"@id":"https:\/\/librairie7l.com\/en\/#\/schema\/logo\/image\/"}}]}},"_links":{"self":[{"href":"https:\/\/librairie7l.com\/en\/wp-json\/wp\/v2\/product\/48222"}],"collection":[{"href":"https:\/\/librairie7l.com\/en\/wp-json\/wp\/v2\/product"}],"about":[{"href":"https:\/\/librairie7l.com\/en\/wp-json\/wp\/v2\/types\/product"}],"wp:featuredmedia":[{"embeddable":true,"href":"https:\/\/librairie7l.com\/en\/wp-json\/wp\/v2\/media\/48220"}],"wp:attachment":[{"href":"https:\/\/librairie7l.com\/en\/wp-json\/wp\/v2\/media?parent=48222"}],"wp:term":[{"taxonomy":"product_cat","embeddable":true,"href":"https:\/\/librairie7l.com\/en\/wp-json\/wp\/v2\/product_cat?post=48222"},{"taxonomy":"product_tag","embeddable":true,"href":"https:\/\/librairie7l.com\/en\/wp-json\/wp\/v2\/product_tag?post=48222"}],"curies":[{"name":"wp","href":"https:\/\/api.w.org\/{rel}","templated":true}]}}