{"id":48226,"date":"2025-05-28T09:17:37","date_gmt":"2025-05-28T07:17:37","guid":{"rendered":"https:\/\/librairie7l.com\/?post_type=product&#038;p=48226"},"modified":"2026-04-15T02:11:53","modified_gmt":"2026-04-15T00:11:53","slug":"une-certaine-nature-dapres-giverny-2","status":"publish","type":"product","link":"https:\/\/librairie7l.com\/en\/produit\/une-certaine-nature-dapres-giverny-2\/","title":{"rendered":"UNE CERTAINE NATURE D&#8217;APR\u00c8S GIVERNY"},"content":{"rendered":"<p>Le jardin du peintre fran\u00e7ais Claude Monet (1840-1926), situ\u00e9 \u00e0 Giverny, est mondialement connu pour son bassin aux nymph\u00e9as qui inspira l&#8217;artiste et donna naissance \u00e0 de somptueux tableaux. Cette propri\u00e9t\u00e9 accueille d\u00e9sormais pr\u00e8s de 350 000 visiteurs par an et reste un endroit magique.<br \/>\nMembre de l&#8217;Acad\u00e9mie des Beaux-Arts et de l&#8217;agence Magnum Photos, le photographe Jean Gaumy a un acc\u00e8s privil\u00e9gi\u00e9 \u00e0 ce jardin depuis de nombreuses ann\u00e9es. Terrain de jeu id\u00e9al pour ce grand observateur de nature, il exp\u00e9rimente durant toutes les saisons une photographie \u00e0 la fois abstraite et naturaliste. Ce passionn\u00e9 de science r\u00e9ussi \u00e0 utiliser le lieu pour produire un corpus in\u00e9dit : recherches formelles du v\u00e9g\u00e9tal, compositions \u00e0 la fronti\u00e8re avec le pictural ou encore d\u00e9tail presque microscopique, le jardin devient autre chose hors du temps. Cet ailleurs, c&#8217;est en r\u00e9alit\u00e9 ce que l&#8217;artiste cherche. Cette attirance pour ce lieu na\u00eet de souvenirs de sa propre enfance et de la joie \u00e9prouv\u00e9e dans le jardin familiale. Terrain connu, s\u00e9curisant, lieu de toutes les curiosit\u00e9s, il a profond\u00e9ment marqu\u00e9 le photographe dans ses jeunes ann\u00e9es \u00e0 tel point qu&#8217;il a cherch\u00e9 \u00e0 redonner vie \u00e0 ses souvenirs \u00e0 Giverny.<br \/>\nLe livre n&#8217;est pas un atlas de formes, mais plut\u00f4t une exp\u00e9rimentation photographique pour donner \u00e0 voir sous un angle diff\u00e9rent ce que la nature produit. Les images sont accompagn\u00e9es d&#8217;un texte d\u00e9taillant la relation myst\u00e9rieuse entre la flore et l&#8217;imaginaire.<\/p>\n","protected":false},"excerpt":{"rendered":"<p>Le jardin du peintre fran\u00e7ais Claude Monet (1840-1926), situ\u00e9 \u00e0 Giverny, est mondialement connu pour son bassin aux nymph\u00e9as qui inspira l&#8217;artiste et donna naissance \u00e0 de somptueux tableaux. Cette propri\u00e9t\u00e9 accueille d\u00e9sormais pr\u00e8s de 350 000 visiteurs par an et reste un endroit magique. Membre de l&#8217;Acad\u00e9mie des Beaux-Arts et de l&#8217;agence Magnum Photos, [&hellip;]<\/p>\n","protected":false},"featured_media":48224,"template":"","meta":[],"product_cat":[2948,2958],"product_tag":[],"acf":[],"yoast_head":"<!-- This site is optimized with the Yoast SEO plugin v20.11 - https:\/\/yoast.com\/wordpress\/plugins\/seo\/ -->\n<title>Une certaine nature d&#039;apr\u00e8s Giverny - Librairie 7L<\/title>\n<meta name=\"robots\" content=\"index, follow, max-snippet:-1, max-image-preview:large, max-video-preview:-1\" \/>\n<link rel=\"canonical\" href=\"https:\/\/librairie7l.com\/en\/produit\/une-certaine-nature-dapres-giverny-2\/\" \/>\n<meta property=\"og:locale\" content=\"en_US\" \/>\n<meta property=\"og:type\" content=\"article\" \/>\n<meta property=\"og:title\" content=\"Une certaine nature d&#039;apr\u00e8s Giverny - Librairie 7L\" \/>\n<meta property=\"og:description\" content=\"Le jardin du peintre fran\u00e7ais Claude Monet (1840-1926), situ\u00e9 \u00e0 Giverny, est mondialement connu pour son bassin aux nymph\u00e9as qui inspira l&#8217;artiste et donna naissance \u00e0 de somptueux tableaux. Cette propri\u00e9t\u00e9 accueille d\u00e9sormais pr\u00e8s de 350 000 visiteurs par an et reste un endroit magique. Membre de l&#8217;Acad\u00e9mie des Beaux-Arts et de l&#8217;agence Magnum Photos, [&hellip;]\" \/>\n<meta property=\"og:url\" content=\"https:\/\/librairie7l.com\/en\/produit\/une-certaine-nature-dapres-giverny-2\/\" \/>\n<meta property=\"og:site_name\" content=\"Librairie 7L\" \/>\n<meta property=\"article:modified_time\" content=\"2026-04-15T00:11:53+00:00\" \/>\n<meta property=\"og:image\" content=\"https:\/\/librairie7l.com\/wp-content\/uploads\/2025\/02\/9782365114332_1_75.jpg\" \/>\n\t<meta property=\"og:image:width\" content=\"600\" \/>\n\t<meta property=\"og:image:height\" content=\"765\" \/>\n\t<meta property=\"og:image:type\" content=\"image\/jpeg\" \/>\n<meta name=\"twitter:card\" content=\"summary_large_image\" \/>\n<meta name=\"twitter:label1\" content=\"Est. reading time\" \/>\n\t<meta name=\"twitter:data1\" content=\"1 minute\" \/>\n<script type=\"application\/ld+json\" class=\"yoast-schema-graph\">{\"@context\":\"https:\/\/schema.org\",\"@graph\":[{\"@type\":\"WebPage\",\"@id\":\"https:\/\/librairie7l.com\/en\/produit\/une-certaine-nature-dapres-giverny-2\/\",\"url\":\"https:\/\/librairie7l.com\/en\/produit\/une-certaine-nature-dapres-giverny-2\/\",\"name\":\"Une certaine nature d'apr\u00e8s Giverny - Librairie 7L\",\"isPartOf\":{\"@id\":\"https:\/\/librairie7l.com\/en\/#website\"},\"datePublished\":\"2025-05-28T07:17:37+00:00\",\"dateModified\":\"2026-04-15T00:11:53+00:00\",\"breadcrumb\":{\"@id\":\"https:\/\/librairie7l.com\/en\/produit\/une-certaine-nature-dapres-giverny-2\/#breadcrumb\"},\"inLanguage\":\"en-US\",\"potentialAction\":[{\"@type\":\"ReadAction\",\"target\":[\"https:\/\/librairie7l.com\/en\/produit\/une-certaine-nature-dapres-giverny-2\/\"]}]},{\"@type\":\"BreadcrumbList\",\"@id\":\"https:\/\/librairie7l.com\/en\/produit\/une-certaine-nature-dapres-giverny-2\/#breadcrumb\",\"itemListElement\":[{\"@type\":\"ListItem\",\"position\":1,\"name\":\"Accueil\",\"item\":\"https:\/\/librairie7l.com\/en\/\"},{\"@type\":\"ListItem\",\"position\":2,\"name\":\"Shop\",\"item\":\"https:\/\/librairie7l.com\/en\/shop\/\"},{\"@type\":\"ListItem\",\"position\":3,\"name\":\"UNE CERTAINE NATURE D&#8217;APR\u00c8S GIVERNY\"}]},{\"@type\":\"WebSite\",\"@id\":\"https:\/\/librairie7l.com\/en\/#website\",\"url\":\"https:\/\/librairie7l.com\/en\/\",\"name\":\"Librairie 7L\",\"description\":\"Librairie fond\u00e9e en 1999 par Karl Lagerfeld \u00e0 Paris\",\"publisher\":{\"@id\":\"https:\/\/librairie7l.com\/en\/#organization\"},\"potentialAction\":[{\"@type\":\"SearchAction\",\"target\":{\"@type\":\"EntryPoint\",\"urlTemplate\":\"https:\/\/librairie7l.com\/en\/?s={search_term_string}\"},\"query-input\":\"required name=search_term_string\"}],\"inLanguage\":\"en-US\"},{\"@type\":\"Organization\",\"@id\":\"https:\/\/librairie7l.com\/en\/#organization\",\"name\":\"Librairie 7L\",\"url\":\"https:\/\/librairie7l.com\/en\/\",\"logo\":{\"@type\":\"ImageObject\",\"inLanguage\":\"en-US\",\"@id\":\"https:\/\/librairie7l.com\/en\/#\/schema\/logo\/image\/\",\"url\":\"https:\/\/librairie7l.com\/wp-content\/uploads\/2022\/08\/logo-1.png\",\"contentUrl\":\"https:\/\/librairie7l.com\/wp-content\/uploads\/2022\/08\/logo-1.png\",\"width\":227,\"height\":301,\"caption\":\"Librairie 7L\"},\"image\":{\"@id\":\"https:\/\/librairie7l.com\/en\/#\/schema\/logo\/image\/\"}}]}<\/script>\n<!-- \/ Yoast SEO plugin. -->","yoast_head_json":{"title":"Une certaine nature d'apr\u00e8s Giverny - Librairie 7L","robots":{"index":"index","follow":"follow","max-snippet":"max-snippet:-1","max-image-preview":"max-image-preview:large","max-video-preview":"max-video-preview:-1"},"canonical":"https:\/\/librairie7l.com\/en\/produit\/une-certaine-nature-dapres-giverny-2\/","og_locale":"en_US","og_type":"article","og_title":"Une certaine nature d'apr\u00e8s Giverny - Librairie 7L","og_description":"Le jardin du peintre fran\u00e7ais Claude Monet (1840-1926), situ\u00e9 \u00e0 Giverny, est mondialement connu pour son bassin aux nymph\u00e9as qui inspira l&#8217;artiste et donna naissance \u00e0 de somptueux tableaux. Cette propri\u00e9t\u00e9 accueille d\u00e9sormais pr\u00e8s de 350 000 visiteurs par an et reste un endroit magique. Membre de l&#8217;Acad\u00e9mie des Beaux-Arts et de l&#8217;agence Magnum Photos, [&hellip;]","og_url":"https:\/\/librairie7l.com\/en\/produit\/une-certaine-nature-dapres-giverny-2\/","og_site_name":"Librairie 7L","article_modified_time":"2026-04-15T00:11:53+00:00","og_image":[{"width":600,"height":765,"url":"https:\/\/librairie7l.com\/wp-content\/uploads\/2025\/02\/9782365114332_1_75.jpg","type":"image\/jpeg"}],"twitter_card":"summary_large_image","twitter_misc":{"Est. reading time":"1 minute"},"schema":{"@context":"https:\/\/schema.org","@graph":[{"@type":"WebPage","@id":"https:\/\/librairie7l.com\/en\/produit\/une-certaine-nature-dapres-giverny-2\/","url":"https:\/\/librairie7l.com\/en\/produit\/une-certaine-nature-dapres-giverny-2\/","name":"Une certaine nature d'apr\u00e8s Giverny - Librairie 7L","isPartOf":{"@id":"https:\/\/librairie7l.com\/en\/#website"},"datePublished":"2025-05-28T07:17:37+00:00","dateModified":"2026-04-15T00:11:53+00:00","breadcrumb":{"@id":"https:\/\/librairie7l.com\/en\/produit\/une-certaine-nature-dapres-giverny-2\/#breadcrumb"},"inLanguage":"en-US","potentialAction":[{"@type":"ReadAction","target":["https:\/\/librairie7l.com\/en\/produit\/une-certaine-nature-dapres-giverny-2\/"]}]},{"@type":"BreadcrumbList","@id":"https:\/\/librairie7l.com\/en\/produit\/une-certaine-nature-dapres-giverny-2\/#breadcrumb","itemListElement":[{"@type":"ListItem","position":1,"name":"Accueil","item":"https:\/\/librairie7l.com\/en\/"},{"@type":"ListItem","position":2,"name":"Shop","item":"https:\/\/librairie7l.com\/en\/shop\/"},{"@type":"ListItem","position":3,"name":"UNE CERTAINE NATURE D&#8217;APR\u00c8S GIVERNY"}]},{"@type":"WebSite","@id":"https:\/\/librairie7l.com\/en\/#website","url":"https:\/\/librairie7l.com\/en\/","name":"Librairie 7L","description":"Librairie fond\u00e9e en 1999 par Karl Lagerfeld \u00e0 Paris","publisher":{"@id":"https:\/\/librairie7l.com\/en\/#organization"},"potentialAction":[{"@type":"SearchAction","target":{"@type":"EntryPoint","urlTemplate":"https:\/\/librairie7l.com\/en\/?s={search_term_string}"},"query-input":"required name=search_term_string"}],"inLanguage":"en-US"},{"@type":"Organization","@id":"https:\/\/librairie7l.com\/en\/#organization","name":"Librairie 7L","url":"https:\/\/librairie7l.com\/en\/","logo":{"@type":"ImageObject","inLanguage":"en-US","@id":"https:\/\/librairie7l.com\/en\/#\/schema\/logo\/image\/","url":"https:\/\/librairie7l.com\/wp-content\/uploads\/2022\/08\/logo-1.png","contentUrl":"https:\/\/librairie7l.com\/wp-content\/uploads\/2022\/08\/logo-1.png","width":227,"height":301,"caption":"Librairie 7L"},"image":{"@id":"https:\/\/librairie7l.com\/en\/#\/schema\/logo\/image\/"}}]}},"_links":{"self":[{"href":"https:\/\/librairie7l.com\/en\/wp-json\/wp\/v2\/product\/48226"}],"collection":[{"href":"https:\/\/librairie7l.com\/en\/wp-json\/wp\/v2\/product"}],"about":[{"href":"https:\/\/librairie7l.com\/en\/wp-json\/wp\/v2\/types\/product"}],"wp:featuredmedia":[{"embeddable":true,"href":"https:\/\/librairie7l.com\/en\/wp-json\/wp\/v2\/media\/48224"}],"wp:attachment":[{"href":"https:\/\/librairie7l.com\/en\/wp-json\/wp\/v2\/media?parent=48226"}],"wp:term":[{"taxonomy":"product_cat","embeddable":true,"href":"https:\/\/librairie7l.com\/en\/wp-json\/wp\/v2\/product_cat?post=48226"},{"taxonomy":"product_tag","embeddable":true,"href":"https:\/\/librairie7l.com\/en\/wp-json\/wp\/v2\/product_tag?post=48226"}],"curies":[{"name":"wp","href":"https:\/\/api.w.org\/{rel}","templated":true}]}}