{"id":48230,"date":"2025-05-28T13:04:02","date_gmt":"2025-05-28T11:04:02","guid":{"rendered":"https:\/\/librairie7l.com\/?post_type=product&#038;p=48230"},"modified":"2026-04-07T17:06:43","modified_gmt":"2026-04-07T15:06:43","slug":"alexander-kluge-et-la-france-elements-de-poetique-transculturelle-2","status":"publish","type":"product","link":"https:\/\/librairie7l.com\/en\/produit\/alexander-kluge-et-la-france-elements-de-poetique-transculturelle-2\/","title":{"rendered":"ALEXANDER KLUGE ET LA FRANCE : \u00c9L\u00c9MENTS DE PO\u00c9TIQUE TRANSCULTURELLE"},"content":{"rendered":"<p>Alexander Kluge est l&#8217;un des grands noms de la pens\u00e9e et de l&#8217;art allemands des ann\u00e9es 1960 \u00e0 nos jours. \u00c9crivain, cin\u00e9aste et plus r\u00e9cemment producteur de t\u00e9l\u00e9vision, cet exp\u00e9rimentateur en mati\u00e8re d&#8217;\u00e9criture et de m\u00e9dias n&#8217;a pas h\u00e9sit\u00e9, encore r\u00e9cemment \u00e0 Paris, \u00e0 souligner combien la lecture de La Symphonie pastorale d&#8217;Andr\u00e9 Gide ainsi que le bref \u00e9pisode d&#8217;un s\u00e9jour \u00e0 Paris, en 1959, auraient stimul\u00e9 sa vocation d&#8217;\u00e9crivain. Il a montr\u00e9 \u00e9galement combien le cin\u00e9ma de la Nouvelle Vague a pu jouer un r\u00f4le d\u00e9terminant pour le Nouveau Cin\u00e9ma allemand, courant dont il reste l&#8217;un des repr\u00e9sentants les plus prolifiques, tant sur le plan de la th\u00e9orie que sur celui des r\u00e9alisations. F\u00fbt-elle conditionnelle, l&#8217;affinit\u00e9 qu&#8217;il d\u00e9clare \u00e9prouver pour la culture fran\u00e7aise et son histoire, d&#8217;Ast\u00e9rix le Gaulois au G\u00e9n\u00e9ral de Gaulle, de la Chanson de Roland \u00e0 Michelet, n&#8217;a fait jusqu&#8217;\u00e0 ce jour l&#8217;objet d&#8217;aucune \u00e9tude exhaustive. C&#8217;est ce manque que viennent combler les dix-huit \u00e9tudes ici rassembl\u00e9es, auxquelles s&#8217;ajoutent six textes de Kluge traduits pour la premi\u00e8re fois en fran\u00e7ais.<br \/>\nL&#8217;ensemble est compl\u00e9t\u00e9 par un DVD o\u00f9 se trouvent recueillis un film capital sur les rapports entre l&#8217;Allemagne et la France, Marianne &amp; Germania, ainsi que quatre courts m\u00e9trages centr\u00e9s sur le personnage de Carmen.<\/p>\n","protected":false},"excerpt":{"rendered":"<p>Alexander Kluge est l&#8217;un des grands noms de la pens\u00e9e et de l&#8217;art allemands des ann\u00e9es 1960 \u00e0 nos jours. \u00c9crivain, cin\u00e9aste et plus r\u00e9cemment producteur de t\u00e9l\u00e9vision, cet exp\u00e9rimentateur en mati\u00e8re d&#8217;\u00e9criture et de m\u00e9dias n&#8217;a pas h\u00e9sit\u00e9, encore r\u00e9cemment \u00e0 Paris, \u00e0 souligner combien la lecture de La Symphonie pastorale d&#8217;Andr\u00e9 Gide ainsi [&hellip;]<\/p>\n","protected":false},"featured_media":48228,"template":"","meta":[],"product_cat":[7364,2948],"product_tag":[],"acf":[],"yoast_head":"<!-- This site is optimized with the Yoast SEO plugin v20.11 - https:\/\/yoast.com\/wordpress\/plugins\/seo\/ -->\n<title>Alexander Kluge et la France : \u00c9l\u00e9ments de po\u00e9tique transculturelle - Librairie 7L<\/title>\n<meta name=\"robots\" content=\"index, follow, max-snippet:-1, max-image-preview:large, max-video-preview:-1\" \/>\n<link rel=\"canonical\" href=\"https:\/\/librairie7l.com\/en\/produit\/alexander-kluge-et-la-france-elements-de-poetique-transculturelle-2\/\" \/>\n<meta property=\"og:locale\" content=\"en_US\" \/>\n<meta property=\"og:type\" content=\"article\" \/>\n<meta property=\"og:title\" content=\"Alexander Kluge et la France : \u00c9l\u00e9ments de po\u00e9tique transculturelle - Librairie 7L\" \/>\n<meta property=\"og:description\" content=\"Alexander Kluge est l&#8217;un des grands noms de la pens\u00e9e et de l&#8217;art allemands des ann\u00e9es 1960 \u00e0 nos jours. \u00c9crivain, cin\u00e9aste et plus r\u00e9cemment producteur de t\u00e9l\u00e9vision, cet exp\u00e9rimentateur en mati\u00e8re d&#8217;\u00e9criture et de m\u00e9dias n&#8217;a pas h\u00e9sit\u00e9, encore r\u00e9cemment \u00e0 Paris, \u00e0 souligner combien la lecture de La Symphonie pastorale d&#8217;Andr\u00e9 Gide ainsi [&hellip;]\" \/>\n<meta property=\"og:url\" content=\"https:\/\/librairie7l.com\/en\/produit\/alexander-kluge-et-la-france-elements-de-poetique-transculturelle-2\/\" \/>\n<meta property=\"og:site_name\" content=\"Librairie 7L\" \/>\n<meta property=\"article:modified_time\" content=\"2026-04-07T15:06:43+00:00\" \/>\n<meta property=\"og:image\" content=\"https:\/\/librairie7l.com\/wp-content\/uploads\/2022\/01\/9782383770411_1_75.jpg\" \/>\n\t<meta property=\"og:image:width\" content=\"600\" \/>\n\t<meta property=\"og:image:height\" content=\"935\" \/>\n\t<meta property=\"og:image:type\" content=\"image\/jpeg\" \/>\n<meta name=\"twitter:card\" content=\"summary_large_image\" \/>\n<meta name=\"twitter:label1\" content=\"Est. reading time\" \/>\n\t<meta name=\"twitter:data1\" content=\"1 minute\" \/>\n<script type=\"application\/ld+json\" class=\"yoast-schema-graph\">{\"@context\":\"https:\/\/schema.org\",\"@graph\":[{\"@type\":\"WebPage\",\"@id\":\"https:\/\/librairie7l.com\/en\/produit\/alexander-kluge-et-la-france-elements-de-poetique-transculturelle-2\/\",\"url\":\"https:\/\/librairie7l.com\/en\/produit\/alexander-kluge-et-la-france-elements-de-poetique-transculturelle-2\/\",\"name\":\"Alexander Kluge et la France : \u00c9l\u00e9ments de po\u00e9tique transculturelle - Librairie 7L\",\"isPartOf\":{\"@id\":\"https:\/\/librairie7l.com\/en\/#website\"},\"datePublished\":\"2025-05-28T11:04:02+00:00\",\"dateModified\":\"2026-04-07T15:06:43+00:00\",\"breadcrumb\":{\"@id\":\"https:\/\/librairie7l.com\/en\/produit\/alexander-kluge-et-la-france-elements-de-poetique-transculturelle-2\/#breadcrumb\"},\"inLanguage\":\"en-US\",\"potentialAction\":[{\"@type\":\"ReadAction\",\"target\":[\"https:\/\/librairie7l.com\/en\/produit\/alexander-kluge-et-la-france-elements-de-poetique-transculturelle-2\/\"]}]},{\"@type\":\"BreadcrumbList\",\"@id\":\"https:\/\/librairie7l.com\/en\/produit\/alexander-kluge-et-la-france-elements-de-poetique-transculturelle-2\/#breadcrumb\",\"itemListElement\":[{\"@type\":\"ListItem\",\"position\":1,\"name\":\"Accueil\",\"item\":\"https:\/\/librairie7l.com\/en\/\"},{\"@type\":\"ListItem\",\"position\":2,\"name\":\"Shop\",\"item\":\"https:\/\/librairie7l.com\/en\/shop\/\"},{\"@type\":\"ListItem\",\"position\":3,\"name\":\"ALEXANDER KLUGE ET LA FRANCE : \u00c9L\u00c9MENTS DE PO\u00c9TIQUE TRANSCULTURELLE\"}]},{\"@type\":\"WebSite\",\"@id\":\"https:\/\/librairie7l.com\/en\/#website\",\"url\":\"https:\/\/librairie7l.com\/en\/\",\"name\":\"Librairie 7L\",\"description\":\"Librairie fond\u00e9e en 1999 par Karl Lagerfeld \u00e0 Paris\",\"publisher\":{\"@id\":\"https:\/\/librairie7l.com\/en\/#organization\"},\"potentialAction\":[{\"@type\":\"SearchAction\",\"target\":{\"@type\":\"EntryPoint\",\"urlTemplate\":\"https:\/\/librairie7l.com\/en\/?s={search_term_string}\"},\"query-input\":\"required name=search_term_string\"}],\"inLanguage\":\"en-US\"},{\"@type\":\"Organization\",\"@id\":\"https:\/\/librairie7l.com\/en\/#organization\",\"name\":\"Librairie 7L\",\"url\":\"https:\/\/librairie7l.com\/en\/\",\"logo\":{\"@type\":\"ImageObject\",\"inLanguage\":\"en-US\",\"@id\":\"https:\/\/librairie7l.com\/en\/#\/schema\/logo\/image\/\",\"url\":\"https:\/\/librairie7l.com\/wp-content\/uploads\/2022\/08\/logo-1.png\",\"contentUrl\":\"https:\/\/librairie7l.com\/wp-content\/uploads\/2022\/08\/logo-1.png\",\"width\":227,\"height\":301,\"caption\":\"Librairie 7L\"},\"image\":{\"@id\":\"https:\/\/librairie7l.com\/en\/#\/schema\/logo\/image\/\"}}]}<\/script>\n<!-- \/ Yoast SEO plugin. -->","yoast_head_json":{"title":"Alexander Kluge et la France : \u00c9l\u00e9ments de po\u00e9tique transculturelle - Librairie 7L","robots":{"index":"index","follow":"follow","max-snippet":"max-snippet:-1","max-image-preview":"max-image-preview:large","max-video-preview":"max-video-preview:-1"},"canonical":"https:\/\/librairie7l.com\/en\/produit\/alexander-kluge-et-la-france-elements-de-poetique-transculturelle-2\/","og_locale":"en_US","og_type":"article","og_title":"Alexander Kluge et la France : \u00c9l\u00e9ments de po\u00e9tique transculturelle - Librairie 7L","og_description":"Alexander Kluge est l&#8217;un des grands noms de la pens\u00e9e et de l&#8217;art allemands des ann\u00e9es 1960 \u00e0 nos jours. \u00c9crivain, cin\u00e9aste et plus r\u00e9cemment producteur de t\u00e9l\u00e9vision, cet exp\u00e9rimentateur en mati\u00e8re d&#8217;\u00e9criture et de m\u00e9dias n&#8217;a pas h\u00e9sit\u00e9, encore r\u00e9cemment \u00e0 Paris, \u00e0 souligner combien la lecture de La Symphonie pastorale d&#8217;Andr\u00e9 Gide ainsi [&hellip;]","og_url":"https:\/\/librairie7l.com\/en\/produit\/alexander-kluge-et-la-france-elements-de-poetique-transculturelle-2\/","og_site_name":"Librairie 7L","article_modified_time":"2026-04-07T15:06:43+00:00","og_image":[{"width":600,"height":935,"url":"https:\/\/librairie7l.com\/wp-content\/uploads\/2022\/01\/9782383770411_1_75.jpg","type":"image\/jpeg"}],"twitter_card":"summary_large_image","twitter_misc":{"Est. reading time":"1 minute"},"schema":{"@context":"https:\/\/schema.org","@graph":[{"@type":"WebPage","@id":"https:\/\/librairie7l.com\/en\/produit\/alexander-kluge-et-la-france-elements-de-poetique-transculturelle-2\/","url":"https:\/\/librairie7l.com\/en\/produit\/alexander-kluge-et-la-france-elements-de-poetique-transculturelle-2\/","name":"Alexander Kluge et la France : \u00c9l\u00e9ments de po\u00e9tique transculturelle - Librairie 7L","isPartOf":{"@id":"https:\/\/librairie7l.com\/en\/#website"},"datePublished":"2025-05-28T11:04:02+00:00","dateModified":"2026-04-07T15:06:43+00:00","breadcrumb":{"@id":"https:\/\/librairie7l.com\/en\/produit\/alexander-kluge-et-la-france-elements-de-poetique-transculturelle-2\/#breadcrumb"},"inLanguage":"en-US","potentialAction":[{"@type":"ReadAction","target":["https:\/\/librairie7l.com\/en\/produit\/alexander-kluge-et-la-france-elements-de-poetique-transculturelle-2\/"]}]},{"@type":"BreadcrumbList","@id":"https:\/\/librairie7l.com\/en\/produit\/alexander-kluge-et-la-france-elements-de-poetique-transculturelle-2\/#breadcrumb","itemListElement":[{"@type":"ListItem","position":1,"name":"Accueil","item":"https:\/\/librairie7l.com\/en\/"},{"@type":"ListItem","position":2,"name":"Shop","item":"https:\/\/librairie7l.com\/en\/shop\/"},{"@type":"ListItem","position":3,"name":"ALEXANDER KLUGE ET LA FRANCE : \u00c9L\u00c9MENTS DE PO\u00c9TIQUE TRANSCULTURELLE"}]},{"@type":"WebSite","@id":"https:\/\/librairie7l.com\/en\/#website","url":"https:\/\/librairie7l.com\/en\/","name":"Librairie 7L","description":"Librairie fond\u00e9e en 1999 par Karl Lagerfeld \u00e0 Paris","publisher":{"@id":"https:\/\/librairie7l.com\/en\/#organization"},"potentialAction":[{"@type":"SearchAction","target":{"@type":"EntryPoint","urlTemplate":"https:\/\/librairie7l.com\/en\/?s={search_term_string}"},"query-input":"required name=search_term_string"}],"inLanguage":"en-US"},{"@type":"Organization","@id":"https:\/\/librairie7l.com\/en\/#organization","name":"Librairie 7L","url":"https:\/\/librairie7l.com\/en\/","logo":{"@type":"ImageObject","inLanguage":"en-US","@id":"https:\/\/librairie7l.com\/en\/#\/schema\/logo\/image\/","url":"https:\/\/librairie7l.com\/wp-content\/uploads\/2022\/08\/logo-1.png","contentUrl":"https:\/\/librairie7l.com\/wp-content\/uploads\/2022\/08\/logo-1.png","width":227,"height":301,"caption":"Librairie 7L"},"image":{"@id":"https:\/\/librairie7l.com\/en\/#\/schema\/logo\/image\/"}}]}},"_links":{"self":[{"href":"https:\/\/librairie7l.com\/en\/wp-json\/wp\/v2\/product\/48230"}],"collection":[{"href":"https:\/\/librairie7l.com\/en\/wp-json\/wp\/v2\/product"}],"about":[{"href":"https:\/\/librairie7l.com\/en\/wp-json\/wp\/v2\/types\/product"}],"wp:featuredmedia":[{"embeddable":true,"href":"https:\/\/librairie7l.com\/en\/wp-json\/wp\/v2\/media\/48228"}],"wp:attachment":[{"href":"https:\/\/librairie7l.com\/en\/wp-json\/wp\/v2\/media?parent=48230"}],"wp:term":[{"taxonomy":"product_cat","embeddable":true,"href":"https:\/\/librairie7l.com\/en\/wp-json\/wp\/v2\/product_cat?post=48230"},{"taxonomy":"product_tag","embeddable":true,"href":"https:\/\/librairie7l.com\/en\/wp-json\/wp\/v2\/product_tag?post=48230"}],"curies":[{"name":"wp","href":"https:\/\/api.w.org\/{rel}","templated":true}]}}