{"id":48239,"date":"2025-05-28T14:13:57","date_gmt":"2025-05-28T12:13:57","guid":{"rendered":"https:\/\/librairie7l.com\/?post_type=product&#038;p=48239"},"modified":"2026-04-07T23:05:32","modified_gmt":"2026-04-07T21:05:32","slug":"vers-une-architecture-2","status":"publish","type":"product","link":"https:\/\/librairie7l.com\/en\/produit\/vers-une-architecture-2\/","title":{"rendered":"VERS UNE ARCHITECTURE"},"content":{"rendered":"<p>\u00abVers une architecture aura \u00e9t\u00e9 le texte le plus c\u00e9l\u00e8bre, le plus publi\u00e9, le plus traduit, le plus lu de tous les manifestes de l&#8217;architecture moderne \u00e0 travers le monde.\u00bb Trait\u00e9 th\u00e9orique, ouvrage pol\u00e9mique, manifeste programmatique, Vers une architecture tient de toutes ces cat\u00e9gories \u00e0 la fois, sans appartenir \u00e0 aucune. Appliqu\u00e9s \u00e0 des b\u00e2timents industriels, des objets m\u00e9caniques et des monuments historiques, le regard neuf et le style irr\u00e9v\u00e9rencieux de Le Corbusier ont r\u00e9volutionn\u00e9 la pens\u00e9e architecturale et la mani\u00e8re de prendre en compte les transformations de la vie moderne. Publi\u00e9 pour la premi\u00e8re fois en 1923, Vers une architecture n&#8217;a cess\u00e9 depuis lors de nourrir les conceptions des architectes et de guider leurs pas \u00abvers\u00bb une architecture nouvelle.<\/p>\n","protected":false},"excerpt":{"rendered":"<p>\u00abVers une architecture aura \u00e9t\u00e9 le texte le plus c\u00e9l\u00e8bre, le plus publi\u00e9, le plus traduit, le plus lu de tous les manifestes de l&#8217;architecture moderne \u00e0 travers le monde.\u00bb Trait\u00e9 th\u00e9orique, ouvrage pol\u00e9mique, manifeste programmatique, Vers une architecture tient de toutes ces cat\u00e9gories \u00e0 la fois, sans appartenir \u00e0 aucune. Appliqu\u00e9s \u00e0 des b\u00e2timents [&hellip;]<\/p>\n","protected":false},"featured_media":48237,"template":"","meta":[],"product_cat":[7364,2948],"product_tag":[],"acf":[],"yoast_head":"<!-- This site is optimized with the Yoast SEO plugin v20.11 - https:\/\/yoast.com\/wordpress\/plugins\/seo\/ -->\n<title>Vers une architecture - Librairie 7L<\/title>\n<meta name=\"robots\" content=\"index, follow, max-snippet:-1, max-image-preview:large, max-video-preview:-1\" \/>\n<link rel=\"canonical\" href=\"https:\/\/librairie7l.com\/en\/produit\/vers-une-architecture-2\/\" \/>\n<meta property=\"og:locale\" content=\"en_US\" \/>\n<meta property=\"og:type\" content=\"article\" \/>\n<meta property=\"og:title\" content=\"Vers une architecture - Librairie 7L\" \/>\n<meta property=\"og:description\" content=\"\u00abVers une architecture aura \u00e9t\u00e9 le texte le plus c\u00e9l\u00e8bre, le plus publi\u00e9, le plus traduit, le plus lu de tous les manifestes de l&#8217;architecture moderne \u00e0 travers le monde.\u00bb Trait\u00e9 th\u00e9orique, ouvrage pol\u00e9mique, manifeste programmatique, Vers une architecture tient de toutes ces cat\u00e9gories \u00e0 la fois, sans appartenir \u00e0 aucune. Appliqu\u00e9s \u00e0 des b\u00e2timents [&hellip;]\" \/>\n<meta property=\"og:url\" content=\"https:\/\/librairie7l.com\/en\/produit\/vers-une-architecture-2\/\" \/>\n<meta property=\"og:site_name\" content=\"Librairie 7L\" \/>\n<meta property=\"article:modified_time\" content=\"2026-04-07T21:05:32+00:00\" \/>\n<meta property=\"og:image\" content=\"https:\/\/librairie7l.com\/wp-content\/uploads\/2024\/12\/9782080479556_1_75.jpg\" \/>\n\t<meta property=\"og:image:width\" content=\"600\" \/>\n\t<meta property=\"og:image:height\" content=\"988\" \/>\n\t<meta property=\"og:image:type\" content=\"image\/jpeg\" \/>\n<meta name=\"twitter:card\" content=\"summary_large_image\" \/>\n<meta name=\"twitter:label1\" content=\"Est. reading time\" \/>\n\t<meta name=\"twitter:data1\" content=\"1 minute\" \/>\n<script type=\"application\/ld+json\" class=\"yoast-schema-graph\">{\"@context\":\"https:\/\/schema.org\",\"@graph\":[{\"@type\":\"WebPage\",\"@id\":\"https:\/\/librairie7l.com\/en\/produit\/vers-une-architecture-2\/\",\"url\":\"https:\/\/librairie7l.com\/en\/produit\/vers-une-architecture-2\/\",\"name\":\"Vers une architecture - Librairie 7L\",\"isPartOf\":{\"@id\":\"https:\/\/librairie7l.com\/en\/#website\"},\"datePublished\":\"2025-05-28T12:13:57+00:00\",\"dateModified\":\"2026-04-07T21:05:32+00:00\",\"breadcrumb\":{\"@id\":\"https:\/\/librairie7l.com\/en\/produit\/vers-une-architecture-2\/#breadcrumb\"},\"inLanguage\":\"en-US\",\"potentialAction\":[{\"@type\":\"ReadAction\",\"target\":[\"https:\/\/librairie7l.com\/en\/produit\/vers-une-architecture-2\/\"]}]},{\"@type\":\"BreadcrumbList\",\"@id\":\"https:\/\/librairie7l.com\/en\/produit\/vers-une-architecture-2\/#breadcrumb\",\"itemListElement\":[{\"@type\":\"ListItem\",\"position\":1,\"name\":\"Accueil\",\"item\":\"https:\/\/librairie7l.com\/en\/\"},{\"@type\":\"ListItem\",\"position\":2,\"name\":\"Shop\",\"item\":\"https:\/\/librairie7l.com\/en\/shop\/\"},{\"@type\":\"ListItem\",\"position\":3,\"name\":\"VERS UNE ARCHITECTURE\"}]},{\"@type\":\"WebSite\",\"@id\":\"https:\/\/librairie7l.com\/en\/#website\",\"url\":\"https:\/\/librairie7l.com\/en\/\",\"name\":\"Librairie 7L\",\"description\":\"Librairie fond\u00e9e en 1999 par Karl Lagerfeld \u00e0 Paris\",\"publisher\":{\"@id\":\"https:\/\/librairie7l.com\/en\/#organization\"},\"potentialAction\":[{\"@type\":\"SearchAction\",\"target\":{\"@type\":\"EntryPoint\",\"urlTemplate\":\"https:\/\/librairie7l.com\/en\/?s={search_term_string}\"},\"query-input\":\"required name=search_term_string\"}],\"inLanguage\":\"en-US\"},{\"@type\":\"Organization\",\"@id\":\"https:\/\/librairie7l.com\/en\/#organization\",\"name\":\"Librairie 7L\",\"url\":\"https:\/\/librairie7l.com\/en\/\",\"logo\":{\"@type\":\"ImageObject\",\"inLanguage\":\"en-US\",\"@id\":\"https:\/\/librairie7l.com\/en\/#\/schema\/logo\/image\/\",\"url\":\"https:\/\/librairie7l.com\/wp-content\/uploads\/2022\/08\/logo-1.png\",\"contentUrl\":\"https:\/\/librairie7l.com\/wp-content\/uploads\/2022\/08\/logo-1.png\",\"width\":227,\"height\":301,\"caption\":\"Librairie 7L\"},\"image\":{\"@id\":\"https:\/\/librairie7l.com\/en\/#\/schema\/logo\/image\/\"}}]}<\/script>\n<!-- \/ Yoast SEO plugin. -->","yoast_head_json":{"title":"Vers une architecture - Librairie 7L","robots":{"index":"index","follow":"follow","max-snippet":"max-snippet:-1","max-image-preview":"max-image-preview:large","max-video-preview":"max-video-preview:-1"},"canonical":"https:\/\/librairie7l.com\/en\/produit\/vers-une-architecture-2\/","og_locale":"en_US","og_type":"article","og_title":"Vers une architecture - Librairie 7L","og_description":"\u00abVers une architecture aura \u00e9t\u00e9 le texte le plus c\u00e9l\u00e8bre, le plus publi\u00e9, le plus traduit, le plus lu de tous les manifestes de l&#8217;architecture moderne \u00e0 travers le monde.\u00bb Trait\u00e9 th\u00e9orique, ouvrage pol\u00e9mique, manifeste programmatique, Vers une architecture tient de toutes ces cat\u00e9gories \u00e0 la fois, sans appartenir \u00e0 aucune. Appliqu\u00e9s \u00e0 des b\u00e2timents [&hellip;]","og_url":"https:\/\/librairie7l.com\/en\/produit\/vers-une-architecture-2\/","og_site_name":"Librairie 7L","article_modified_time":"2026-04-07T21:05:32+00:00","og_image":[{"width":600,"height":988,"url":"https:\/\/librairie7l.com\/wp-content\/uploads\/2024\/12\/9782080479556_1_75.jpg","type":"image\/jpeg"}],"twitter_card":"summary_large_image","twitter_misc":{"Est. reading time":"1 minute"},"schema":{"@context":"https:\/\/schema.org","@graph":[{"@type":"WebPage","@id":"https:\/\/librairie7l.com\/en\/produit\/vers-une-architecture-2\/","url":"https:\/\/librairie7l.com\/en\/produit\/vers-une-architecture-2\/","name":"Vers une architecture - Librairie 7L","isPartOf":{"@id":"https:\/\/librairie7l.com\/en\/#website"},"datePublished":"2025-05-28T12:13:57+00:00","dateModified":"2026-04-07T21:05:32+00:00","breadcrumb":{"@id":"https:\/\/librairie7l.com\/en\/produit\/vers-une-architecture-2\/#breadcrumb"},"inLanguage":"en-US","potentialAction":[{"@type":"ReadAction","target":["https:\/\/librairie7l.com\/en\/produit\/vers-une-architecture-2\/"]}]},{"@type":"BreadcrumbList","@id":"https:\/\/librairie7l.com\/en\/produit\/vers-une-architecture-2\/#breadcrumb","itemListElement":[{"@type":"ListItem","position":1,"name":"Accueil","item":"https:\/\/librairie7l.com\/en\/"},{"@type":"ListItem","position":2,"name":"Shop","item":"https:\/\/librairie7l.com\/en\/shop\/"},{"@type":"ListItem","position":3,"name":"VERS UNE ARCHITECTURE"}]},{"@type":"WebSite","@id":"https:\/\/librairie7l.com\/en\/#website","url":"https:\/\/librairie7l.com\/en\/","name":"Librairie 7L","description":"Librairie fond\u00e9e en 1999 par Karl Lagerfeld \u00e0 Paris","publisher":{"@id":"https:\/\/librairie7l.com\/en\/#organization"},"potentialAction":[{"@type":"SearchAction","target":{"@type":"EntryPoint","urlTemplate":"https:\/\/librairie7l.com\/en\/?s={search_term_string}"},"query-input":"required name=search_term_string"}],"inLanguage":"en-US"},{"@type":"Organization","@id":"https:\/\/librairie7l.com\/en\/#organization","name":"Librairie 7L","url":"https:\/\/librairie7l.com\/en\/","logo":{"@type":"ImageObject","inLanguage":"en-US","@id":"https:\/\/librairie7l.com\/en\/#\/schema\/logo\/image\/","url":"https:\/\/librairie7l.com\/wp-content\/uploads\/2022\/08\/logo-1.png","contentUrl":"https:\/\/librairie7l.com\/wp-content\/uploads\/2022\/08\/logo-1.png","width":227,"height":301,"caption":"Librairie 7L"},"image":{"@id":"https:\/\/librairie7l.com\/en\/#\/schema\/logo\/image\/"}}]}},"_links":{"self":[{"href":"https:\/\/librairie7l.com\/en\/wp-json\/wp\/v2\/product\/48239"}],"collection":[{"href":"https:\/\/librairie7l.com\/en\/wp-json\/wp\/v2\/product"}],"about":[{"href":"https:\/\/librairie7l.com\/en\/wp-json\/wp\/v2\/types\/product"}],"wp:featuredmedia":[{"embeddable":true,"href":"https:\/\/librairie7l.com\/en\/wp-json\/wp\/v2\/media\/48237"}],"wp:attachment":[{"href":"https:\/\/librairie7l.com\/en\/wp-json\/wp\/v2\/media?parent=48239"}],"wp:term":[{"taxonomy":"product_cat","embeddable":true,"href":"https:\/\/librairie7l.com\/en\/wp-json\/wp\/v2\/product_cat?post=48239"},{"taxonomy":"product_tag","embeddable":true,"href":"https:\/\/librairie7l.com\/en\/wp-json\/wp\/v2\/product_tag?post=48239"}],"curies":[{"name":"wp","href":"https:\/\/api.w.org\/{rel}","templated":true}]}}