{"id":48253,"date":"2025-05-29T09:17:50","date_gmt":"2025-05-29T07:17:50","guid":{"rendered":"https:\/\/librairie7l.com\/?post_type=product&#038;p=48253"},"modified":"2026-04-16T08:14:54","modified_gmt":"2026-04-16T06:14:54","slug":"la-vie-des-arbres-2","status":"publish","type":"product","link":"https:\/\/librairie7l.com\/en\/produit\/la-vie-des-arbres-2\/","title":{"rendered":"LA VIE DES ARBRES"},"content":{"rendered":"<p>Francis Hall\u00e9 raconte dans ce beau texte sa passion pour les arbres. La science des arbres, il la poss\u00e8de ; la beaut\u00e9 des arbres, il la contemple ; l&#8217;ing\u00e9niosit\u00e9 des arbres et leur facult\u00e9 de se sortir de toute situation difficile, il s&#8217;en \u00e9merveille ; leur mani\u00e8re d&#8217;occuper l&#8217;espace, il ne cesse de l&#8217;observer. Il sait pourtant que les arbres sont loin d&#8217;avoir r\u00e9v\u00e9l\u00e9 tous leurs myst\u00e8res.<br \/>\nSon propos est aussi celui d&#8217;un sp\u00e9cialiste de l&#8217;\u00e9cologie, notamment tropicale, sa passion l&#8217;ayant men\u00e9 dans de nombreux pays \u00e0 travers le monde, jusqu&#8217;aux Tropiques. Il est aussi un ardent d\u00e9fenseur des for\u00eats primaires, jamais exploit\u00e9es par l&#8217;homme, qui ne repr\u00e9sentent plus que 5 % des for\u00eats de la plan\u00e8te. Il est grand temps de lire Francis Hall\u00e9.<\/p>\n<p>L&#8217;auteur : Francis Hall\u00e9 est botaniste, biologiste et dendrologue (sp\u00e9ciliste des arbres). Il a \u00e9tudi\u00e9 particuli\u00e8rement les for\u00eats tropicales. Il a publi\u00e9 de nombreux livres, notamment &#8220;Plaidoyer pour la for\u00eat tropicale&#8221;, Actes Sud, 2014 et &#8220;Plaidoyer pour l&#8217;arbre&#8221;, Actes Sud, 2005. Il est l&#8217;initiateur de l&#8217;exploration &#8220;Le radeau des cimes&#8221; qui \u00e9tudie la canop\u00e9e des for\u00eats du monde.<\/p>\n","protected":false},"excerpt":{"rendered":"<p>Francis Hall\u00e9 raconte dans ce beau texte sa passion pour les arbres. La science des arbres, il la poss\u00e8de ; la beaut\u00e9 des arbres, il la contemple ; l&#8217;ing\u00e9niosit\u00e9 des arbres et leur facult\u00e9 de se sortir de toute situation difficile, il s&#8217;en \u00e9merveille ; leur mani\u00e8re d&#8217;occuper l&#8217;espace, il ne cesse de l&#8217;observer. Il [&hellip;]<\/p>\n","protected":false},"featured_media":48251,"template":"","meta":[],"product_cat":[2948,2956],"product_tag":[],"acf":[],"yoast_head":"<!-- This site is optimized with the Yoast SEO plugin v20.11 - https:\/\/yoast.com\/wordpress\/plugins\/seo\/ -->\n<title>La vie des arbres - Librairie 7L<\/title>\n<meta name=\"robots\" content=\"index, follow, max-snippet:-1, max-image-preview:large, max-video-preview:-1\" \/>\n<link rel=\"canonical\" href=\"https:\/\/librairie7l.com\/en\/produit\/la-vie-des-arbres-2\/\" \/>\n<meta property=\"og:locale\" content=\"en_US\" \/>\n<meta property=\"og:type\" content=\"article\" \/>\n<meta property=\"og:title\" content=\"La vie des arbres - Librairie 7L\" \/>\n<meta property=\"og:description\" content=\"Francis Hall\u00e9 raconte dans ce beau texte sa passion pour les arbres. La science des arbres, il la poss\u00e8de ; la beaut\u00e9 des arbres, il la contemple ; l&#8217;ing\u00e9niosit\u00e9 des arbres et leur facult\u00e9 de se sortir de toute situation difficile, il s&#8217;en \u00e9merveille ; leur mani\u00e8re d&#8217;occuper l&#8217;espace, il ne cesse de l&#8217;observer. Il [&hellip;]\" \/>\n<meta property=\"og:url\" content=\"https:\/\/librairie7l.com\/en\/produit\/la-vie-des-arbres-2\/\" \/>\n<meta property=\"og:site_name\" content=\"Librairie 7L\" \/>\n<meta property=\"article:modified_time\" content=\"2026-04-16T06:14:54+00:00\" \/>\n<meta property=\"og:image\" content=\"https:\/\/librairie7l.com\/wp-content\/uploads\/2024\/05\/9782227502840_1_75.jpg\" \/>\n\t<meta property=\"og:image:width\" content=\"600\" \/>\n\t<meta property=\"og:image:height\" content=\"851\" \/>\n\t<meta property=\"og:image:type\" content=\"image\/jpeg\" \/>\n<meta name=\"twitter:card\" content=\"summary_large_image\" \/>\n<meta name=\"twitter:label1\" content=\"Est. reading time\" \/>\n\t<meta name=\"twitter:data1\" content=\"1 minute\" \/>\n<script type=\"application\/ld+json\" class=\"yoast-schema-graph\">{\"@context\":\"https:\/\/schema.org\",\"@graph\":[{\"@type\":\"WebPage\",\"@id\":\"https:\/\/librairie7l.com\/en\/produit\/la-vie-des-arbres-2\/\",\"url\":\"https:\/\/librairie7l.com\/en\/produit\/la-vie-des-arbres-2\/\",\"name\":\"La vie des arbres - Librairie 7L\",\"isPartOf\":{\"@id\":\"https:\/\/librairie7l.com\/en\/#website\"},\"datePublished\":\"2025-05-29T07:17:50+00:00\",\"dateModified\":\"2026-04-16T06:14:54+00:00\",\"breadcrumb\":{\"@id\":\"https:\/\/librairie7l.com\/en\/produit\/la-vie-des-arbres-2\/#breadcrumb\"},\"inLanguage\":\"en-US\",\"potentialAction\":[{\"@type\":\"ReadAction\",\"target\":[\"https:\/\/librairie7l.com\/en\/produit\/la-vie-des-arbres-2\/\"]}]},{\"@type\":\"BreadcrumbList\",\"@id\":\"https:\/\/librairie7l.com\/en\/produit\/la-vie-des-arbres-2\/#breadcrumb\",\"itemListElement\":[{\"@type\":\"ListItem\",\"position\":1,\"name\":\"Accueil\",\"item\":\"https:\/\/librairie7l.com\/en\/\"},{\"@type\":\"ListItem\",\"position\":2,\"name\":\"Shop\",\"item\":\"https:\/\/librairie7l.com\/en\/shop\/\"},{\"@type\":\"ListItem\",\"position\":3,\"name\":\"LA VIE DES ARBRES\"}]},{\"@type\":\"WebSite\",\"@id\":\"https:\/\/librairie7l.com\/en\/#website\",\"url\":\"https:\/\/librairie7l.com\/en\/\",\"name\":\"Librairie 7L\",\"description\":\"Librairie fond\u00e9e en 1999 par Karl Lagerfeld \u00e0 Paris\",\"publisher\":{\"@id\":\"https:\/\/librairie7l.com\/en\/#organization\"},\"potentialAction\":[{\"@type\":\"SearchAction\",\"target\":{\"@type\":\"EntryPoint\",\"urlTemplate\":\"https:\/\/librairie7l.com\/en\/?s={search_term_string}\"},\"query-input\":\"required name=search_term_string\"}],\"inLanguage\":\"en-US\"},{\"@type\":\"Organization\",\"@id\":\"https:\/\/librairie7l.com\/en\/#organization\",\"name\":\"Librairie 7L\",\"url\":\"https:\/\/librairie7l.com\/en\/\",\"logo\":{\"@type\":\"ImageObject\",\"inLanguage\":\"en-US\",\"@id\":\"https:\/\/librairie7l.com\/en\/#\/schema\/logo\/image\/\",\"url\":\"https:\/\/librairie7l.com\/wp-content\/uploads\/2022\/08\/logo-1.png\",\"contentUrl\":\"https:\/\/librairie7l.com\/wp-content\/uploads\/2022\/08\/logo-1.png\",\"width\":227,\"height\":301,\"caption\":\"Librairie 7L\"},\"image\":{\"@id\":\"https:\/\/librairie7l.com\/en\/#\/schema\/logo\/image\/\"}}]}<\/script>\n<!-- \/ Yoast SEO plugin. -->","yoast_head_json":{"title":"La vie des arbres - Librairie 7L","robots":{"index":"index","follow":"follow","max-snippet":"max-snippet:-1","max-image-preview":"max-image-preview:large","max-video-preview":"max-video-preview:-1"},"canonical":"https:\/\/librairie7l.com\/en\/produit\/la-vie-des-arbres-2\/","og_locale":"en_US","og_type":"article","og_title":"La vie des arbres - Librairie 7L","og_description":"Francis Hall\u00e9 raconte dans ce beau texte sa passion pour les arbres. La science des arbres, il la poss\u00e8de ; la beaut\u00e9 des arbres, il la contemple ; l&#8217;ing\u00e9niosit\u00e9 des arbres et leur facult\u00e9 de se sortir de toute situation difficile, il s&#8217;en \u00e9merveille ; leur mani\u00e8re d&#8217;occuper l&#8217;espace, il ne cesse de l&#8217;observer. Il [&hellip;]","og_url":"https:\/\/librairie7l.com\/en\/produit\/la-vie-des-arbres-2\/","og_site_name":"Librairie 7L","article_modified_time":"2026-04-16T06:14:54+00:00","og_image":[{"width":600,"height":851,"url":"https:\/\/librairie7l.com\/wp-content\/uploads\/2024\/05\/9782227502840_1_75.jpg","type":"image\/jpeg"}],"twitter_card":"summary_large_image","twitter_misc":{"Est. reading time":"1 minute"},"schema":{"@context":"https:\/\/schema.org","@graph":[{"@type":"WebPage","@id":"https:\/\/librairie7l.com\/en\/produit\/la-vie-des-arbres-2\/","url":"https:\/\/librairie7l.com\/en\/produit\/la-vie-des-arbres-2\/","name":"La vie des arbres - Librairie 7L","isPartOf":{"@id":"https:\/\/librairie7l.com\/en\/#website"},"datePublished":"2025-05-29T07:17:50+00:00","dateModified":"2026-04-16T06:14:54+00:00","breadcrumb":{"@id":"https:\/\/librairie7l.com\/en\/produit\/la-vie-des-arbres-2\/#breadcrumb"},"inLanguage":"en-US","potentialAction":[{"@type":"ReadAction","target":["https:\/\/librairie7l.com\/en\/produit\/la-vie-des-arbres-2\/"]}]},{"@type":"BreadcrumbList","@id":"https:\/\/librairie7l.com\/en\/produit\/la-vie-des-arbres-2\/#breadcrumb","itemListElement":[{"@type":"ListItem","position":1,"name":"Accueil","item":"https:\/\/librairie7l.com\/en\/"},{"@type":"ListItem","position":2,"name":"Shop","item":"https:\/\/librairie7l.com\/en\/shop\/"},{"@type":"ListItem","position":3,"name":"LA VIE DES ARBRES"}]},{"@type":"WebSite","@id":"https:\/\/librairie7l.com\/en\/#website","url":"https:\/\/librairie7l.com\/en\/","name":"Librairie 7L","description":"Librairie fond\u00e9e en 1999 par Karl Lagerfeld \u00e0 Paris","publisher":{"@id":"https:\/\/librairie7l.com\/en\/#organization"},"potentialAction":[{"@type":"SearchAction","target":{"@type":"EntryPoint","urlTemplate":"https:\/\/librairie7l.com\/en\/?s={search_term_string}"},"query-input":"required name=search_term_string"}],"inLanguage":"en-US"},{"@type":"Organization","@id":"https:\/\/librairie7l.com\/en\/#organization","name":"Librairie 7L","url":"https:\/\/librairie7l.com\/en\/","logo":{"@type":"ImageObject","inLanguage":"en-US","@id":"https:\/\/librairie7l.com\/en\/#\/schema\/logo\/image\/","url":"https:\/\/librairie7l.com\/wp-content\/uploads\/2022\/08\/logo-1.png","contentUrl":"https:\/\/librairie7l.com\/wp-content\/uploads\/2022\/08\/logo-1.png","width":227,"height":301,"caption":"Librairie 7L"},"image":{"@id":"https:\/\/librairie7l.com\/en\/#\/schema\/logo\/image\/"}}]}},"_links":{"self":[{"href":"https:\/\/librairie7l.com\/en\/wp-json\/wp\/v2\/product\/48253"}],"collection":[{"href":"https:\/\/librairie7l.com\/en\/wp-json\/wp\/v2\/product"}],"about":[{"href":"https:\/\/librairie7l.com\/en\/wp-json\/wp\/v2\/types\/product"}],"wp:featuredmedia":[{"embeddable":true,"href":"https:\/\/librairie7l.com\/en\/wp-json\/wp\/v2\/media\/48251"}],"wp:attachment":[{"href":"https:\/\/librairie7l.com\/en\/wp-json\/wp\/v2\/media?parent=48253"}],"wp:term":[{"taxonomy":"product_cat","embeddable":true,"href":"https:\/\/librairie7l.com\/en\/wp-json\/wp\/v2\/product_cat?post=48253"},{"taxonomy":"product_tag","embeddable":true,"href":"https:\/\/librairie7l.com\/en\/wp-json\/wp\/v2\/product_tag?post=48253"}],"curies":[{"name":"wp","href":"https:\/\/api.w.org\/{rel}","templated":true}]}}