{"id":48269,"date":"2025-05-29T09:18:02","date_gmt":"2025-05-29T07:18:02","guid":{"rendered":"https:\/\/librairie7l.com\/?post_type=product&#038;p=48269"},"modified":"2026-04-04T19:49:39","modified_gmt":"2026-04-04T17:49:39","slug":"vivre-avec-living-with-catalogue-du-pavillon-francais-de-la-biennale-darchitecture-de-venise-2025-2","status":"publish","type":"product","link":"https:\/\/librairie7l.com\/en\/produit\/vivre-avec-living-with-catalogue-du-pavillon-francais-de-la-biennale-darchitecture-de-venise-2025-2\/","title":{"rendered":"VIVRE AVEC&#8230; \/ LIVING WITH&#8230; : CATALOGUE DU PAVILLON FRAN\u00c7AIS DE LA BIENNALE D&#8217;ARCHITECTURE DE VENISE 2025"},"content":{"rendered":"<p>Une analyse des multiples enjeux auxquels est confront\u00e9e l&#8217;architecture contemporaine. Plus de cinquante projets architecturaux et urbanistiques pour penser le monde de demain sont pr\u00e9sent\u00e9s. Le changement climatique, les crises politiques et les mutations des usages sont abord\u00e9s.<\/p>\n","protected":false},"excerpt":{"rendered":"<p>Une analyse des multiples enjeux auxquels est confront\u00e9e l&#8217;architecture contemporaine. Plus de cinquante projets architecturaux et urbanistiques pour penser le monde de demain sont pr\u00e9sent\u00e9s. Le changement climatique, les crises politiques et les mutations des usages sont abord\u00e9s.<\/p>\n","protected":false},"featured_media":48267,"template":"","meta":[],"product_cat":[2948,2950],"product_tag":[],"acf":[],"yoast_head":"<!-- This site is optimized with the Yoast SEO plugin v20.11 - https:\/\/yoast.com\/wordpress\/plugins\/seo\/ -->\n<title>Vivre avec... \/ Living with... : Catalogue du Pavillon fran\u00e7ais de la Biennale d&#039;architecture de Venise 2025 - Librairie 7L<\/title>\n<meta name=\"robots\" content=\"index, follow, max-snippet:-1, max-image-preview:large, max-video-preview:-1\" \/>\n<link rel=\"canonical\" href=\"https:\/\/librairie7l.com\/en\/produit\/vivre-avec-living-with-catalogue-du-pavillon-francais-de-la-biennale-darchitecture-de-venise-2025-2\/\" \/>\n<meta property=\"og:locale\" content=\"en_US\" \/>\n<meta property=\"og:type\" content=\"article\" \/>\n<meta property=\"og:title\" content=\"Vivre avec... \/ Living with... : Catalogue du Pavillon fran\u00e7ais de la Biennale d&#039;architecture de Venise 2025 - Librairie 7L\" \/>\n<meta property=\"og:description\" content=\"Une analyse des multiples enjeux auxquels est confront\u00e9e l&#8217;architecture contemporaine. Plus de cinquante projets architecturaux et urbanistiques pour penser le monde de demain sont pr\u00e9sent\u00e9s. Le changement climatique, les crises politiques et les mutations des usages sont abord\u00e9s.\" \/>\n<meta property=\"og:url\" content=\"https:\/\/librairie7l.com\/en\/produit\/vivre-avec-living-with-catalogue-du-pavillon-francais-de-la-biennale-darchitecture-de-venise-2025-2\/\" \/>\n<meta property=\"og:site_name\" content=\"Librairie 7L\" \/>\n<meta property=\"article:modified_time\" content=\"2026-04-04T17:49:39+00:00\" \/>\n<meta property=\"og:image\" content=\"https:\/\/librairie7l.com\/wp-content\/uploads\/2025\/02\/9782080479686_1_75.jpg\" \/>\n\t<meta property=\"og:image:width\" content=\"600\" \/>\n\t<meta property=\"og:image:height\" content=\"749\" \/>\n\t<meta property=\"og:image:type\" content=\"image\/jpeg\" \/>\n<meta name=\"twitter:card\" content=\"summary_large_image\" \/>\n<script type=\"application\/ld+json\" class=\"yoast-schema-graph\">{\"@context\":\"https:\/\/schema.org\",\"@graph\":[{\"@type\":\"WebPage\",\"@id\":\"https:\/\/librairie7l.com\/en\/produit\/vivre-avec-living-with-catalogue-du-pavillon-francais-de-la-biennale-darchitecture-de-venise-2025-2\/\",\"url\":\"https:\/\/librairie7l.com\/en\/produit\/vivre-avec-living-with-catalogue-du-pavillon-francais-de-la-biennale-darchitecture-de-venise-2025-2\/\",\"name\":\"Vivre avec... \/ Living with... : Catalogue du Pavillon fran\u00e7ais de la Biennale d'architecture de Venise 2025 - Librairie 7L\",\"isPartOf\":{\"@id\":\"https:\/\/librairie7l.com\/en\/#website\"},\"datePublished\":\"2025-05-29T07:18:02+00:00\",\"dateModified\":\"2026-04-04T17:49:39+00:00\",\"breadcrumb\":{\"@id\":\"https:\/\/librairie7l.com\/en\/produit\/vivre-avec-living-with-catalogue-du-pavillon-francais-de-la-biennale-darchitecture-de-venise-2025-2\/#breadcrumb\"},\"inLanguage\":\"en-US\",\"potentialAction\":[{\"@type\":\"ReadAction\",\"target\":[\"https:\/\/librairie7l.com\/en\/produit\/vivre-avec-living-with-catalogue-du-pavillon-francais-de-la-biennale-darchitecture-de-venise-2025-2\/\"]}]},{\"@type\":\"BreadcrumbList\",\"@id\":\"https:\/\/librairie7l.com\/en\/produit\/vivre-avec-living-with-catalogue-du-pavillon-francais-de-la-biennale-darchitecture-de-venise-2025-2\/#breadcrumb\",\"itemListElement\":[{\"@type\":\"ListItem\",\"position\":1,\"name\":\"Accueil\",\"item\":\"https:\/\/librairie7l.com\/en\/\"},{\"@type\":\"ListItem\",\"position\":2,\"name\":\"Shop\",\"item\":\"https:\/\/librairie7l.com\/en\/shop\/\"},{\"@type\":\"ListItem\",\"position\":3,\"name\":\"VIVRE AVEC&#8230; \/ LIVING WITH&#8230; : CATALOGUE DU PAVILLON FRAN\u00c7AIS DE LA BIENNALE D&#8217;ARCHITECTURE DE VENISE 2025\"}]},{\"@type\":\"WebSite\",\"@id\":\"https:\/\/librairie7l.com\/en\/#website\",\"url\":\"https:\/\/librairie7l.com\/en\/\",\"name\":\"Librairie 7L\",\"description\":\"Librairie fond\u00e9e en 1999 par Karl Lagerfeld \u00e0 Paris\",\"publisher\":{\"@id\":\"https:\/\/librairie7l.com\/en\/#organization\"},\"potentialAction\":[{\"@type\":\"SearchAction\",\"target\":{\"@type\":\"EntryPoint\",\"urlTemplate\":\"https:\/\/librairie7l.com\/en\/?s={search_term_string}\"},\"query-input\":\"required name=search_term_string\"}],\"inLanguage\":\"en-US\"},{\"@type\":\"Organization\",\"@id\":\"https:\/\/librairie7l.com\/en\/#organization\",\"name\":\"Librairie 7L\",\"url\":\"https:\/\/librairie7l.com\/en\/\",\"logo\":{\"@type\":\"ImageObject\",\"inLanguage\":\"en-US\",\"@id\":\"https:\/\/librairie7l.com\/en\/#\/schema\/logo\/image\/\",\"url\":\"https:\/\/librairie7l.com\/wp-content\/uploads\/2022\/08\/logo-1.png\",\"contentUrl\":\"https:\/\/librairie7l.com\/wp-content\/uploads\/2022\/08\/logo-1.png\",\"width\":227,\"height\":301,\"caption\":\"Librairie 7L\"},\"image\":{\"@id\":\"https:\/\/librairie7l.com\/en\/#\/schema\/logo\/image\/\"}}]}<\/script>\n<!-- \/ Yoast SEO plugin. -->","yoast_head_json":{"title":"Vivre avec... \/ Living with... : Catalogue du Pavillon fran\u00e7ais de la Biennale d'architecture de Venise 2025 - Librairie 7L","robots":{"index":"index","follow":"follow","max-snippet":"max-snippet:-1","max-image-preview":"max-image-preview:large","max-video-preview":"max-video-preview:-1"},"canonical":"https:\/\/librairie7l.com\/en\/produit\/vivre-avec-living-with-catalogue-du-pavillon-francais-de-la-biennale-darchitecture-de-venise-2025-2\/","og_locale":"en_US","og_type":"article","og_title":"Vivre avec... \/ Living with... : Catalogue du Pavillon fran\u00e7ais de la Biennale d'architecture de Venise 2025 - Librairie 7L","og_description":"Une analyse des multiples enjeux auxquels est confront\u00e9e l&#8217;architecture contemporaine. Plus de cinquante projets architecturaux et urbanistiques pour penser le monde de demain sont pr\u00e9sent\u00e9s. Le changement climatique, les crises politiques et les mutations des usages sont abord\u00e9s.","og_url":"https:\/\/librairie7l.com\/en\/produit\/vivre-avec-living-with-catalogue-du-pavillon-francais-de-la-biennale-darchitecture-de-venise-2025-2\/","og_site_name":"Librairie 7L","article_modified_time":"2026-04-04T17:49:39+00:00","og_image":[{"width":600,"height":749,"url":"https:\/\/librairie7l.com\/wp-content\/uploads\/2025\/02\/9782080479686_1_75.jpg","type":"image\/jpeg"}],"twitter_card":"summary_large_image","schema":{"@context":"https:\/\/schema.org","@graph":[{"@type":"WebPage","@id":"https:\/\/librairie7l.com\/en\/produit\/vivre-avec-living-with-catalogue-du-pavillon-francais-de-la-biennale-darchitecture-de-venise-2025-2\/","url":"https:\/\/librairie7l.com\/en\/produit\/vivre-avec-living-with-catalogue-du-pavillon-francais-de-la-biennale-darchitecture-de-venise-2025-2\/","name":"Vivre avec... \/ Living with... : Catalogue du Pavillon fran\u00e7ais de la Biennale d'architecture de Venise 2025 - Librairie 7L","isPartOf":{"@id":"https:\/\/librairie7l.com\/en\/#website"},"datePublished":"2025-05-29T07:18:02+00:00","dateModified":"2026-04-04T17:49:39+00:00","breadcrumb":{"@id":"https:\/\/librairie7l.com\/en\/produit\/vivre-avec-living-with-catalogue-du-pavillon-francais-de-la-biennale-darchitecture-de-venise-2025-2\/#breadcrumb"},"inLanguage":"en-US","potentialAction":[{"@type":"ReadAction","target":["https:\/\/librairie7l.com\/en\/produit\/vivre-avec-living-with-catalogue-du-pavillon-francais-de-la-biennale-darchitecture-de-venise-2025-2\/"]}]},{"@type":"BreadcrumbList","@id":"https:\/\/librairie7l.com\/en\/produit\/vivre-avec-living-with-catalogue-du-pavillon-francais-de-la-biennale-darchitecture-de-venise-2025-2\/#breadcrumb","itemListElement":[{"@type":"ListItem","position":1,"name":"Accueil","item":"https:\/\/librairie7l.com\/en\/"},{"@type":"ListItem","position":2,"name":"Shop","item":"https:\/\/librairie7l.com\/en\/shop\/"},{"@type":"ListItem","position":3,"name":"VIVRE AVEC&#8230; \/ LIVING WITH&#8230; : CATALOGUE DU PAVILLON FRAN\u00c7AIS DE LA BIENNALE D&#8217;ARCHITECTURE DE VENISE 2025"}]},{"@type":"WebSite","@id":"https:\/\/librairie7l.com\/en\/#website","url":"https:\/\/librairie7l.com\/en\/","name":"Librairie 7L","description":"Librairie fond\u00e9e en 1999 par Karl Lagerfeld \u00e0 Paris","publisher":{"@id":"https:\/\/librairie7l.com\/en\/#organization"},"potentialAction":[{"@type":"SearchAction","target":{"@type":"EntryPoint","urlTemplate":"https:\/\/librairie7l.com\/en\/?s={search_term_string}"},"query-input":"required name=search_term_string"}],"inLanguage":"en-US"},{"@type":"Organization","@id":"https:\/\/librairie7l.com\/en\/#organization","name":"Librairie 7L","url":"https:\/\/librairie7l.com\/en\/","logo":{"@type":"ImageObject","inLanguage":"en-US","@id":"https:\/\/librairie7l.com\/en\/#\/schema\/logo\/image\/","url":"https:\/\/librairie7l.com\/wp-content\/uploads\/2022\/08\/logo-1.png","contentUrl":"https:\/\/librairie7l.com\/wp-content\/uploads\/2022\/08\/logo-1.png","width":227,"height":301,"caption":"Librairie 7L"},"image":{"@id":"https:\/\/librairie7l.com\/en\/#\/schema\/logo\/image\/"}}]}},"_links":{"self":[{"href":"https:\/\/librairie7l.com\/en\/wp-json\/wp\/v2\/product\/48269"}],"collection":[{"href":"https:\/\/librairie7l.com\/en\/wp-json\/wp\/v2\/product"}],"about":[{"href":"https:\/\/librairie7l.com\/en\/wp-json\/wp\/v2\/types\/product"}],"wp:featuredmedia":[{"embeddable":true,"href":"https:\/\/librairie7l.com\/en\/wp-json\/wp\/v2\/media\/48267"}],"wp:attachment":[{"href":"https:\/\/librairie7l.com\/en\/wp-json\/wp\/v2\/media?parent=48269"}],"wp:term":[{"taxonomy":"product_cat","embeddable":true,"href":"https:\/\/librairie7l.com\/en\/wp-json\/wp\/v2\/product_cat?post=48269"},{"taxonomy":"product_tag","embeddable":true,"href":"https:\/\/librairie7l.com\/en\/wp-json\/wp\/v2\/product_tag?post=48269"}],"curies":[{"name":"wp","href":"https:\/\/api.w.org\/{rel}","templated":true}]}}