{"id":48279,"date":"2025-05-31T09:17:41","date_gmt":"2025-05-31T07:17:41","guid":{"rendered":"https:\/\/librairie7l.com\/?post_type=product&#038;p=48279"},"modified":"2026-04-04T19:01:38","modified_gmt":"2026-04-04T17:01:38","slug":"la-vie-des-formes-philosophie-du-reenchantement-2","status":"publish","type":"product","link":"https:\/\/librairie7l.com\/en\/produit\/la-vie-des-formes-philosophie-du-reenchantement-2\/","title":{"rendered":"LA VIE DES FORMES : PHILOSOPHIE DU R\u00c9ENCHANTEMENT"},"content":{"rendered":"<p>Ce sont les formes avec lesquelles nous redessinons notre visage\u00a0:\u00a0chaque jour, peau contre peau sur notre corps, elles esquissent une vie dont elles incarnent un secret qui ne peut qu&#8217;\u00eatre v\u00e9cu. Les formes de la mode ne sont pas seulement des outils de connaissance du monde et de nous-m\u00eames. Ce sont aussi des amulettes qui nous servent \u00e0 inventer et \u00e0 exp\u00e9rimenter de nouvelles libert\u00e9s. Libert\u00e9 de ressusciter des possibles. Libert\u00e9 de construire des significations in\u00e9dites. Libert\u00e9 de choisir ce que nous voulons \u00eatre.<\/p>\n","protected":false},"excerpt":{"rendered":"<p>Ce sont les formes avec lesquelles nous redessinons notre visage\u00a0:\u00a0chaque jour, peau contre peau sur notre corps, elles esquissent une vie dont elles incarnent un secret qui ne peut qu&#8217;\u00eatre v\u00e9cu. Les formes de la mode ne sont pas seulement des outils de connaissance du monde et de nous-m\u00eames. Ce sont aussi des amulettes qui [&hellip;]<\/p>\n","protected":false},"featured_media":48277,"template":"","meta":[],"product_cat":[2948,2950],"product_tag":[],"acf":[],"yoast_head":"<!-- This site is optimized with the Yoast SEO plugin v20.11 - https:\/\/yoast.com\/wordpress\/plugins\/seo\/ -->\n<title>La vie des formes : Philosophie du r\u00e9enchantement - Librairie 7L<\/title>\n<meta name=\"robots\" content=\"index, follow, max-snippet:-1, max-image-preview:large, max-video-preview:-1\" \/>\n<link rel=\"canonical\" href=\"https:\/\/librairie7l.com\/en\/produit\/la-vie-des-formes-philosophie-du-reenchantement-2\/\" \/>\n<meta property=\"og:locale\" content=\"en_US\" \/>\n<meta property=\"og:type\" content=\"article\" \/>\n<meta property=\"og:title\" content=\"La vie des formes : Philosophie du r\u00e9enchantement - Librairie 7L\" \/>\n<meta property=\"og:description\" content=\"Ce sont les formes avec lesquelles nous redessinons notre visage\u00a0:\u00a0chaque jour, peau contre peau sur notre corps, elles esquissent une vie dont elles incarnent un secret qui ne peut qu&#8217;\u00eatre v\u00e9cu. Les formes de la mode ne sont pas seulement des outils de connaissance du monde et de nous-m\u00eames. Ce sont aussi des amulettes qui [&hellip;]\" \/>\n<meta property=\"og:url\" content=\"https:\/\/librairie7l.com\/en\/produit\/la-vie-des-formes-philosophie-du-reenchantement-2\/\" \/>\n<meta property=\"og:site_name\" content=\"Librairie 7L\" \/>\n<meta property=\"article:modified_time\" content=\"2026-04-04T17:01:38+00:00\" \/>\n<meta property=\"og:image\" content=\"https:\/\/librairie7l.com\/wp-content\/uploads\/2025\/02\/9782080461407_1_75.jpg\" \/>\n\t<meta property=\"og:image:width\" content=\"600\" \/>\n\t<meta property=\"og:image:height\" content=\"890\" \/>\n\t<meta property=\"og:image:type\" content=\"image\/jpeg\" \/>\n<meta name=\"twitter:card\" content=\"summary_large_image\" \/>\n<script type=\"application\/ld+json\" class=\"yoast-schema-graph\">{\"@context\":\"https:\/\/schema.org\",\"@graph\":[{\"@type\":\"WebPage\",\"@id\":\"https:\/\/librairie7l.com\/en\/produit\/la-vie-des-formes-philosophie-du-reenchantement-2\/\",\"url\":\"https:\/\/librairie7l.com\/en\/produit\/la-vie-des-formes-philosophie-du-reenchantement-2\/\",\"name\":\"La vie des formes : Philosophie du r\u00e9enchantement - Librairie 7L\",\"isPartOf\":{\"@id\":\"https:\/\/librairie7l.com\/en\/#website\"},\"datePublished\":\"2025-05-31T07:17:41+00:00\",\"dateModified\":\"2026-04-04T17:01:38+00:00\",\"breadcrumb\":{\"@id\":\"https:\/\/librairie7l.com\/en\/produit\/la-vie-des-formes-philosophie-du-reenchantement-2\/#breadcrumb\"},\"inLanguage\":\"en-US\",\"potentialAction\":[{\"@type\":\"ReadAction\",\"target\":[\"https:\/\/librairie7l.com\/en\/produit\/la-vie-des-formes-philosophie-du-reenchantement-2\/\"]}]},{\"@type\":\"BreadcrumbList\",\"@id\":\"https:\/\/librairie7l.com\/en\/produit\/la-vie-des-formes-philosophie-du-reenchantement-2\/#breadcrumb\",\"itemListElement\":[{\"@type\":\"ListItem\",\"position\":1,\"name\":\"Accueil\",\"item\":\"https:\/\/librairie7l.com\/en\/\"},{\"@type\":\"ListItem\",\"position\":2,\"name\":\"Shop\",\"item\":\"https:\/\/librairie7l.com\/en\/shop\/\"},{\"@type\":\"ListItem\",\"position\":3,\"name\":\"LA VIE DES FORMES : PHILOSOPHIE DU R\u00c9ENCHANTEMENT\"}]},{\"@type\":\"WebSite\",\"@id\":\"https:\/\/librairie7l.com\/en\/#website\",\"url\":\"https:\/\/librairie7l.com\/en\/\",\"name\":\"Librairie 7L\",\"description\":\"Librairie fond\u00e9e en 1999 par Karl Lagerfeld \u00e0 Paris\",\"publisher\":{\"@id\":\"https:\/\/librairie7l.com\/en\/#organization\"},\"potentialAction\":[{\"@type\":\"SearchAction\",\"target\":{\"@type\":\"EntryPoint\",\"urlTemplate\":\"https:\/\/librairie7l.com\/en\/?s={search_term_string}\"},\"query-input\":\"required name=search_term_string\"}],\"inLanguage\":\"en-US\"},{\"@type\":\"Organization\",\"@id\":\"https:\/\/librairie7l.com\/en\/#organization\",\"name\":\"Librairie 7L\",\"url\":\"https:\/\/librairie7l.com\/en\/\",\"logo\":{\"@type\":\"ImageObject\",\"inLanguage\":\"en-US\",\"@id\":\"https:\/\/librairie7l.com\/en\/#\/schema\/logo\/image\/\",\"url\":\"https:\/\/librairie7l.com\/wp-content\/uploads\/2022\/08\/logo-1.png\",\"contentUrl\":\"https:\/\/librairie7l.com\/wp-content\/uploads\/2022\/08\/logo-1.png\",\"width\":227,\"height\":301,\"caption\":\"Librairie 7L\"},\"image\":{\"@id\":\"https:\/\/librairie7l.com\/en\/#\/schema\/logo\/image\/\"}}]}<\/script>\n<!-- \/ Yoast SEO plugin. -->","yoast_head_json":{"title":"La vie des formes : Philosophie du r\u00e9enchantement - Librairie 7L","robots":{"index":"index","follow":"follow","max-snippet":"max-snippet:-1","max-image-preview":"max-image-preview:large","max-video-preview":"max-video-preview:-1"},"canonical":"https:\/\/librairie7l.com\/en\/produit\/la-vie-des-formes-philosophie-du-reenchantement-2\/","og_locale":"en_US","og_type":"article","og_title":"La vie des formes : Philosophie du r\u00e9enchantement - Librairie 7L","og_description":"Ce sont les formes avec lesquelles nous redessinons notre visage\u00a0:\u00a0chaque jour, peau contre peau sur notre corps, elles esquissent une vie dont elles incarnent un secret qui ne peut qu&#8217;\u00eatre v\u00e9cu. Les formes de la mode ne sont pas seulement des outils de connaissance du monde et de nous-m\u00eames. Ce sont aussi des amulettes qui [&hellip;]","og_url":"https:\/\/librairie7l.com\/en\/produit\/la-vie-des-formes-philosophie-du-reenchantement-2\/","og_site_name":"Librairie 7L","article_modified_time":"2026-04-04T17:01:38+00:00","og_image":[{"width":600,"height":890,"url":"https:\/\/librairie7l.com\/wp-content\/uploads\/2025\/02\/9782080461407_1_75.jpg","type":"image\/jpeg"}],"twitter_card":"summary_large_image","schema":{"@context":"https:\/\/schema.org","@graph":[{"@type":"WebPage","@id":"https:\/\/librairie7l.com\/en\/produit\/la-vie-des-formes-philosophie-du-reenchantement-2\/","url":"https:\/\/librairie7l.com\/en\/produit\/la-vie-des-formes-philosophie-du-reenchantement-2\/","name":"La vie des formes : Philosophie du r\u00e9enchantement - Librairie 7L","isPartOf":{"@id":"https:\/\/librairie7l.com\/en\/#website"},"datePublished":"2025-05-31T07:17:41+00:00","dateModified":"2026-04-04T17:01:38+00:00","breadcrumb":{"@id":"https:\/\/librairie7l.com\/en\/produit\/la-vie-des-formes-philosophie-du-reenchantement-2\/#breadcrumb"},"inLanguage":"en-US","potentialAction":[{"@type":"ReadAction","target":["https:\/\/librairie7l.com\/en\/produit\/la-vie-des-formes-philosophie-du-reenchantement-2\/"]}]},{"@type":"BreadcrumbList","@id":"https:\/\/librairie7l.com\/en\/produit\/la-vie-des-formes-philosophie-du-reenchantement-2\/#breadcrumb","itemListElement":[{"@type":"ListItem","position":1,"name":"Accueil","item":"https:\/\/librairie7l.com\/en\/"},{"@type":"ListItem","position":2,"name":"Shop","item":"https:\/\/librairie7l.com\/en\/shop\/"},{"@type":"ListItem","position":3,"name":"LA VIE DES FORMES : PHILOSOPHIE DU R\u00c9ENCHANTEMENT"}]},{"@type":"WebSite","@id":"https:\/\/librairie7l.com\/en\/#website","url":"https:\/\/librairie7l.com\/en\/","name":"Librairie 7L","description":"Librairie fond\u00e9e en 1999 par Karl Lagerfeld \u00e0 Paris","publisher":{"@id":"https:\/\/librairie7l.com\/en\/#organization"},"potentialAction":[{"@type":"SearchAction","target":{"@type":"EntryPoint","urlTemplate":"https:\/\/librairie7l.com\/en\/?s={search_term_string}"},"query-input":"required name=search_term_string"}],"inLanguage":"en-US"},{"@type":"Organization","@id":"https:\/\/librairie7l.com\/en\/#organization","name":"Librairie 7L","url":"https:\/\/librairie7l.com\/en\/","logo":{"@type":"ImageObject","inLanguage":"en-US","@id":"https:\/\/librairie7l.com\/en\/#\/schema\/logo\/image\/","url":"https:\/\/librairie7l.com\/wp-content\/uploads\/2022\/08\/logo-1.png","contentUrl":"https:\/\/librairie7l.com\/wp-content\/uploads\/2022\/08\/logo-1.png","width":227,"height":301,"caption":"Librairie 7L"},"image":{"@id":"https:\/\/librairie7l.com\/en\/#\/schema\/logo\/image\/"}}]}},"_links":{"self":[{"href":"https:\/\/librairie7l.com\/en\/wp-json\/wp\/v2\/product\/48279"}],"collection":[{"href":"https:\/\/librairie7l.com\/en\/wp-json\/wp\/v2\/product"}],"about":[{"href":"https:\/\/librairie7l.com\/en\/wp-json\/wp\/v2\/types\/product"}],"wp:featuredmedia":[{"embeddable":true,"href":"https:\/\/librairie7l.com\/en\/wp-json\/wp\/v2\/media\/48277"}],"wp:attachment":[{"href":"https:\/\/librairie7l.com\/en\/wp-json\/wp\/v2\/media?parent=48279"}],"wp:term":[{"taxonomy":"product_cat","embeddable":true,"href":"https:\/\/librairie7l.com\/en\/wp-json\/wp\/v2\/product_cat?post=48279"},{"taxonomy":"product_tag","embeddable":true,"href":"https:\/\/librairie7l.com\/en\/wp-json\/wp\/v2\/product_tag?post=48279"}],"curies":[{"name":"wp","href":"https:\/\/api.w.org\/{rel}","templated":true}]}}