{"id":48309,"date":"2025-06-01T09:17:48","date_gmt":"2025-06-01T07:17:48","guid":{"rendered":"https:\/\/librairie7l.com\/?post_type=product&#038;p=48309"},"modified":"2026-04-27T06:08:48","modified_gmt":"2026-04-27T04:08:48","slug":"jeanne-lanvin-2","status":"publish","type":"product","link":"https:\/\/librairie7l.com\/en\/produit\/jeanne-lanvin-2\/","title":{"rendered":"JEANNE LANVIN"},"content":{"rendered":"<p>Jeanne Lanvin (1867-1946) a fond\u00e9 la plus ancienne des maisons de couture fran\u00e7aises aujourd&#8217;hui en activit\u00e9. \u00c0 partir d&#8217;une documentation foisonnante et de premi\u00e8re main, J\u00e9r\u00f4me Picon livre une biographie o\u00f9 s&#8217;\u00e9crit aussi l&#8217;histoire d&#8217;un cheminement cr\u00e9atif, d&#8217;une r\u00e9ussite \u00e9conomique et d&#8217;une sensibilit\u00e9 f\u00e9minine. En ce 1er janvier 1867, aucune f\u00e9e ne veille sur le berceau de la petite Jeanne : ni la richesse &#8211; elle commencera de travailler \u00e0 treize ans -, ni la beaut\u00e9, ni m\u00eame ce chic ins\u00e9parable des grands noms de la haute couture fran\u00e7aise. Plus d&#8217;un demi-si\u00e8cle plus tard, ce sont les Ann\u00e9es folles, et Jeanne est \u00e0 la t\u00eate d&#8217;un empire. Aristocrates, riches \u00e9trang\u00e8res et actrices s&#8217;arrachent ses robes, qui leur dessinent un corps de jeune fille romantique et parfois gar\u00e7onne. Le nom de Lanvin baptise un bleu mythique et orne l&#8217;image, devenue c\u00e9l\u00e9brissime, de la femme \u00e0 l&#8217;enfant, que les flacons d&#8217;Arp\u00e8ge multiplient \u00e0 l&#8217;infini. Yvonne Printemps, Sacha Guitry, Anna de Noailles, l&#8217;Europe mondaine et jusqu&#8217;aux t\u00eates couronn\u00e9es fr\u00e9quentent sa maison de couture, rue du Faubourg-Saint-Honor\u00e9. Un tel aboutissement, Jeanne Lanvin le doit \u00e0 son travail, \u00e0 son sens aigu des affaires, \u00e0 son g\u00e9nie du marketing avant la lettre, mais aussi \u00e0 son amour pour sa fille, son \u00e9g\u00e9rie, sa passion \u00e9go\u00efste et \u00e9perdue, douloureuse souvent. Car si Chanel habillait les femmes \u00e0 son image, c&#8217;est pour sa fille que Jeanne Lanvin con\u00e7oit des v\u00eatements : pour l&#8217;enfant, puis la jeune femme, que les f\u00e9es firent comtesse Marie-Blanche de Polignac, reine du Tout-Paris&#8230;<\/p>\n","protected":false},"excerpt":{"rendered":"<p>Jeanne Lanvin (1867-1946) a fond\u00e9 la plus ancienne des maisons de couture fran\u00e7aises aujourd&#8217;hui en activit\u00e9. \u00c0 partir d&#8217;une documentation foisonnante et de premi\u00e8re main, J\u00e9r\u00f4me Picon livre une biographie o\u00f9 s&#8217;\u00e9crit aussi l&#8217;histoire d&#8217;un cheminement cr\u00e9atif, d&#8217;une r\u00e9ussite \u00e9conomique et d&#8217;une sensibilit\u00e9 f\u00e9minine. En ce 1er janvier 1867, aucune f\u00e9e ne veille sur le [&hellip;]<\/p>\n","protected":false},"featured_media":48307,"template":"","meta":[],"product_cat":[2948,2957],"product_tag":[],"acf":[],"yoast_head":"<!-- This site is optimized with the Yoast SEO plugin v20.11 - https:\/\/yoast.com\/wordpress\/plugins\/seo\/ -->\n<title>Jeanne Lanvin - Librairie 7L<\/title>\n<meta name=\"robots\" content=\"index, follow, max-snippet:-1, max-image-preview:large, max-video-preview:-1\" \/>\n<link rel=\"canonical\" href=\"https:\/\/librairie7l.com\/en\/produit\/jeanne-lanvin-2\/\" \/>\n<meta property=\"og:locale\" content=\"en_US\" \/>\n<meta property=\"og:type\" content=\"article\" \/>\n<meta property=\"og:title\" content=\"Jeanne Lanvin - Librairie 7L\" \/>\n<meta property=\"og:description\" content=\"Jeanne Lanvin (1867-1946) a fond\u00e9 la plus ancienne des maisons de couture fran\u00e7aises aujourd&#8217;hui en activit\u00e9. \u00c0 partir d&#8217;une documentation foisonnante et de premi\u00e8re main, J\u00e9r\u00f4me Picon livre une biographie o\u00f9 s&#8217;\u00e9crit aussi l&#8217;histoire d&#8217;un cheminement cr\u00e9atif, d&#8217;une r\u00e9ussite \u00e9conomique et d&#8217;une sensibilit\u00e9 f\u00e9minine. En ce 1er janvier 1867, aucune f\u00e9e ne veille sur le [&hellip;]\" \/>\n<meta property=\"og:url\" content=\"https:\/\/librairie7l.com\/en\/produit\/jeanne-lanvin-2\/\" \/>\n<meta property=\"og:site_name\" content=\"Librairie 7L\" \/>\n<meta property=\"article:modified_time\" content=\"2026-04-27T04:08:48+00:00\" \/>\n<meta property=\"og:image\" content=\"https:\/\/librairie7l.com\/wp-content\/uploads\/2024\/12\/9782080466587_1_75.jpg\" \/>\n\t<meta property=\"og:image:width\" content=\"600\" \/>\n\t<meta property=\"og:image:height\" content=\"946\" \/>\n\t<meta property=\"og:image:type\" content=\"image\/jpeg\" \/>\n<meta name=\"twitter:card\" content=\"summary_large_image\" \/>\n<meta name=\"twitter:label1\" content=\"Est. reading time\" \/>\n\t<meta name=\"twitter:data1\" content=\"1 minute\" \/>\n<script type=\"application\/ld+json\" class=\"yoast-schema-graph\">{\"@context\":\"https:\/\/schema.org\",\"@graph\":[{\"@type\":\"WebPage\",\"@id\":\"https:\/\/librairie7l.com\/en\/produit\/jeanne-lanvin-2\/\",\"url\":\"https:\/\/librairie7l.com\/en\/produit\/jeanne-lanvin-2\/\",\"name\":\"Jeanne Lanvin - Librairie 7L\",\"isPartOf\":{\"@id\":\"https:\/\/librairie7l.com\/en\/#website\"},\"datePublished\":\"2025-06-01T07:17:48+00:00\",\"dateModified\":\"2026-04-27T04:08:48+00:00\",\"breadcrumb\":{\"@id\":\"https:\/\/librairie7l.com\/en\/produit\/jeanne-lanvin-2\/#breadcrumb\"},\"inLanguage\":\"en-US\",\"potentialAction\":[{\"@type\":\"ReadAction\",\"target\":[\"https:\/\/librairie7l.com\/en\/produit\/jeanne-lanvin-2\/\"]}]},{\"@type\":\"BreadcrumbList\",\"@id\":\"https:\/\/librairie7l.com\/en\/produit\/jeanne-lanvin-2\/#breadcrumb\",\"itemListElement\":[{\"@type\":\"ListItem\",\"position\":1,\"name\":\"Accueil\",\"item\":\"https:\/\/librairie7l.com\/en\/\"},{\"@type\":\"ListItem\",\"position\":2,\"name\":\"Shop\",\"item\":\"https:\/\/librairie7l.com\/en\/shop\/\"},{\"@type\":\"ListItem\",\"position\":3,\"name\":\"JEANNE LANVIN\"}]},{\"@type\":\"WebSite\",\"@id\":\"https:\/\/librairie7l.com\/en\/#website\",\"url\":\"https:\/\/librairie7l.com\/en\/\",\"name\":\"Librairie 7L\",\"description\":\"Librairie fond\u00e9e en 1999 par Karl Lagerfeld \u00e0 Paris\",\"publisher\":{\"@id\":\"https:\/\/librairie7l.com\/en\/#organization\"},\"potentialAction\":[{\"@type\":\"SearchAction\",\"target\":{\"@type\":\"EntryPoint\",\"urlTemplate\":\"https:\/\/librairie7l.com\/en\/?s={search_term_string}\"},\"query-input\":\"required name=search_term_string\"}],\"inLanguage\":\"en-US\"},{\"@type\":\"Organization\",\"@id\":\"https:\/\/librairie7l.com\/en\/#organization\",\"name\":\"Librairie 7L\",\"url\":\"https:\/\/librairie7l.com\/en\/\",\"logo\":{\"@type\":\"ImageObject\",\"inLanguage\":\"en-US\",\"@id\":\"https:\/\/librairie7l.com\/en\/#\/schema\/logo\/image\/\",\"url\":\"https:\/\/librairie7l.com\/wp-content\/uploads\/2022\/08\/logo-1.png\",\"contentUrl\":\"https:\/\/librairie7l.com\/wp-content\/uploads\/2022\/08\/logo-1.png\",\"width\":227,\"height\":301,\"caption\":\"Librairie 7L\"},\"image\":{\"@id\":\"https:\/\/librairie7l.com\/en\/#\/schema\/logo\/image\/\"}}]}<\/script>\n<!-- \/ Yoast SEO plugin. -->","yoast_head_json":{"title":"Jeanne Lanvin - Librairie 7L","robots":{"index":"index","follow":"follow","max-snippet":"max-snippet:-1","max-image-preview":"max-image-preview:large","max-video-preview":"max-video-preview:-1"},"canonical":"https:\/\/librairie7l.com\/en\/produit\/jeanne-lanvin-2\/","og_locale":"en_US","og_type":"article","og_title":"Jeanne Lanvin - Librairie 7L","og_description":"Jeanne Lanvin (1867-1946) a fond\u00e9 la plus ancienne des maisons de couture fran\u00e7aises aujourd&#8217;hui en activit\u00e9. \u00c0 partir d&#8217;une documentation foisonnante et de premi\u00e8re main, J\u00e9r\u00f4me Picon livre une biographie o\u00f9 s&#8217;\u00e9crit aussi l&#8217;histoire d&#8217;un cheminement cr\u00e9atif, d&#8217;une r\u00e9ussite \u00e9conomique et d&#8217;une sensibilit\u00e9 f\u00e9minine. En ce 1er janvier 1867, aucune f\u00e9e ne veille sur le [&hellip;]","og_url":"https:\/\/librairie7l.com\/en\/produit\/jeanne-lanvin-2\/","og_site_name":"Librairie 7L","article_modified_time":"2026-04-27T04:08:48+00:00","og_image":[{"width":600,"height":946,"url":"https:\/\/librairie7l.com\/wp-content\/uploads\/2024\/12\/9782080466587_1_75.jpg","type":"image\/jpeg"}],"twitter_card":"summary_large_image","twitter_misc":{"Est. reading time":"1 minute"},"schema":{"@context":"https:\/\/schema.org","@graph":[{"@type":"WebPage","@id":"https:\/\/librairie7l.com\/en\/produit\/jeanne-lanvin-2\/","url":"https:\/\/librairie7l.com\/en\/produit\/jeanne-lanvin-2\/","name":"Jeanne Lanvin - Librairie 7L","isPartOf":{"@id":"https:\/\/librairie7l.com\/en\/#website"},"datePublished":"2025-06-01T07:17:48+00:00","dateModified":"2026-04-27T04:08:48+00:00","breadcrumb":{"@id":"https:\/\/librairie7l.com\/en\/produit\/jeanne-lanvin-2\/#breadcrumb"},"inLanguage":"en-US","potentialAction":[{"@type":"ReadAction","target":["https:\/\/librairie7l.com\/en\/produit\/jeanne-lanvin-2\/"]}]},{"@type":"BreadcrumbList","@id":"https:\/\/librairie7l.com\/en\/produit\/jeanne-lanvin-2\/#breadcrumb","itemListElement":[{"@type":"ListItem","position":1,"name":"Accueil","item":"https:\/\/librairie7l.com\/en\/"},{"@type":"ListItem","position":2,"name":"Shop","item":"https:\/\/librairie7l.com\/en\/shop\/"},{"@type":"ListItem","position":3,"name":"JEANNE LANVIN"}]},{"@type":"WebSite","@id":"https:\/\/librairie7l.com\/en\/#website","url":"https:\/\/librairie7l.com\/en\/","name":"Librairie 7L","description":"Librairie fond\u00e9e en 1999 par Karl Lagerfeld \u00e0 Paris","publisher":{"@id":"https:\/\/librairie7l.com\/en\/#organization"},"potentialAction":[{"@type":"SearchAction","target":{"@type":"EntryPoint","urlTemplate":"https:\/\/librairie7l.com\/en\/?s={search_term_string}"},"query-input":"required name=search_term_string"}],"inLanguage":"en-US"},{"@type":"Organization","@id":"https:\/\/librairie7l.com\/en\/#organization","name":"Librairie 7L","url":"https:\/\/librairie7l.com\/en\/","logo":{"@type":"ImageObject","inLanguage":"en-US","@id":"https:\/\/librairie7l.com\/en\/#\/schema\/logo\/image\/","url":"https:\/\/librairie7l.com\/wp-content\/uploads\/2022\/08\/logo-1.png","contentUrl":"https:\/\/librairie7l.com\/wp-content\/uploads\/2022\/08\/logo-1.png","width":227,"height":301,"caption":"Librairie 7L"},"image":{"@id":"https:\/\/librairie7l.com\/en\/#\/schema\/logo\/image\/"}}]}},"_links":{"self":[{"href":"https:\/\/librairie7l.com\/en\/wp-json\/wp\/v2\/product\/48309"}],"collection":[{"href":"https:\/\/librairie7l.com\/en\/wp-json\/wp\/v2\/product"}],"about":[{"href":"https:\/\/librairie7l.com\/en\/wp-json\/wp\/v2\/types\/product"}],"wp:featuredmedia":[{"embeddable":true,"href":"https:\/\/librairie7l.com\/en\/wp-json\/wp\/v2\/media\/48307"}],"wp:attachment":[{"href":"https:\/\/librairie7l.com\/en\/wp-json\/wp\/v2\/media?parent=48309"}],"wp:term":[{"taxonomy":"product_cat","embeddable":true,"href":"https:\/\/librairie7l.com\/en\/wp-json\/wp\/v2\/product_cat?post=48309"},{"taxonomy":"product_tag","embeddable":true,"href":"https:\/\/librairie7l.com\/en\/wp-json\/wp\/v2\/product_tag?post=48309"}],"curies":[{"name":"wp","href":"https:\/\/api.w.org\/{rel}","templated":true}]}}