{"id":48348,"date":"2025-06-02T19:58:44","date_gmt":"2025-06-02T17:58:44","guid":{"rendered":"https:\/\/librairie7l.com\/?post_type=product&#038;p=48348"},"modified":"2026-04-07T21:00:57","modified_gmt":"2026-04-07T19:00:57","slug":"plume-lointain-interieur-2","status":"publish","type":"product","link":"https:\/\/librairie7l.com\/en\/produit\/plume-lointain-interieur-2\/","title":{"rendered":"PLUME \/ LOINTAIN INTERIEUR"},"content":{"rendered":"<p>C&#8217;est peut-\u00eatre le recueil o\u00f9 appara\u00eet avec le plus d&#8217;ampleur le th\u00e8me essentiel de l&#8217;oeuvre d&#8217;Henri Michaux:le refus de la r\u00e9alit\u00e9 quotidienne &#8211; \u00absa d\u00e9faite:le quotidien\u00bb &#8211; et la revendication d&#8217;\u00abautre chose\u00bb. Cet autre chose souvent propos\u00e9, on le sait, sous la forme de situations imaginaires qui t\u00e9moignent chez le po\u00e8te du constant besoin d&#8217;inventer. Tant\u00f4t avec les couleurs apparemment l\u00e9g\u00e8res de l&#8217;humour, tant\u00f4t avec celles d&#8217;une angoisse existentielle que l&#8217;humour ne parvient plus \u00e0 cacher. Toujours, il est vrai, d&#8217;un \u00ablointain int\u00e9rieur\u00bb, c&#8217;est-\u00e0-dire de ces confins du subconscient que Michaux ne se lasse pas d&#8217;explorer.\u00c0 une autre distance, dirait-on, et sous une forme plus famili\u00e8re qui nous montre que ce po\u00e8te peut \u00eatre un merveilleux conteur, son imagination a projet\u00e9 un personnage, \u00abPlume\u00bb. \u00c0 travers les aventures \u00e0 la fois plaisantes et am\u00e8res dont il est le h\u00e9ros, Plume est bien ce que les Histoires de la litt\u00e9rature appellent un \u00abtype\u00bb:un homme dans l&#8217;embarras, singuli\u00e8rement, toujours malmen\u00e9 et mal re\u00e7u, parce qu&#8217;inadapt\u00e9 aux exigences sociales. C&#8217;est le \u00abcoupable-n\u00e9\u00bb, celui qui, en toutes circonstances, \u00abn&#8217;a pas suivi l&#8217;affaire\u00bb et se refuse \u00e0 la suivre. Mythe tr\u00e8s repr\u00e9sentatif d&#8217;une \u00e9poque o\u00f9 le social est particuli\u00e8rement contraignant &#8211; ce qui lui donne sa dimension.<\/p>\n","protected":false},"excerpt":{"rendered":"<p>C&#8217;est peut-\u00eatre le recueil o\u00f9 appara\u00eet avec le plus d&#8217;ampleur le th\u00e8me essentiel de l&#8217;oeuvre d&#8217;Henri Michaux:le refus de la r\u00e9alit\u00e9 quotidienne &#8211; \u00absa d\u00e9faite:le quotidien\u00bb &#8211; et la revendication d&#8217;\u00abautre chose\u00bb. Cet autre chose souvent propos\u00e9, on le sait, sous la forme de situations imaginaires qui t\u00e9moignent chez le po\u00e8te du constant besoin d&#8217;inventer. [&hellip;]<\/p>\n","protected":false},"featured_media":48346,"template":"","meta":[],"product_cat":[7364,2948],"product_tag":[],"acf":[],"yoast_head":"<!-- This site is optimized with the Yoast SEO plugin v20.11 - https:\/\/yoast.com\/wordpress\/plugins\/seo\/ -->\n<title>Plume \/ lointain interieur - Librairie 7L<\/title>\n<meta name=\"robots\" content=\"index, follow, max-snippet:-1, max-image-preview:large, max-video-preview:-1\" \/>\n<link rel=\"canonical\" href=\"https:\/\/librairie7l.com\/en\/produit\/plume-lointain-interieur-2\/\" \/>\n<meta property=\"og:locale\" content=\"en_US\" \/>\n<meta property=\"og:type\" content=\"article\" \/>\n<meta property=\"og:title\" content=\"Plume \/ lointain interieur - Librairie 7L\" \/>\n<meta property=\"og:description\" content=\"C&#8217;est peut-\u00eatre le recueil o\u00f9 appara\u00eet avec le plus d&#8217;ampleur le th\u00e8me essentiel de l&#8217;oeuvre d&#8217;Henri Michaux:le refus de la r\u00e9alit\u00e9 quotidienne &#8211; \u00absa d\u00e9faite:le quotidien\u00bb &#8211; et la revendication d&#8217;\u00abautre chose\u00bb. Cet autre chose souvent propos\u00e9, on le sait, sous la forme de situations imaginaires qui t\u00e9moignent chez le po\u00e8te du constant besoin d&#8217;inventer. [&hellip;]\" \/>\n<meta property=\"og:url\" content=\"https:\/\/librairie7l.com\/en\/produit\/plume-lointain-interieur-2\/\" \/>\n<meta property=\"og:site_name\" content=\"Librairie 7L\" \/>\n<meta property=\"article:modified_time\" content=\"2026-04-07T19:00:57+00:00\" \/>\n<meta property=\"og:image\" content=\"https:\/\/librairie7l.com\/wp-content\/uploads\/1998\/02\/9782070244485_1_75.jpg\" \/>\n\t<meta property=\"og:image:width\" content=\"600\" \/>\n\t<meta property=\"og:image:height\" content=\"940\" \/>\n\t<meta property=\"og:image:type\" content=\"image\/jpeg\" \/>\n<meta name=\"twitter:card\" content=\"summary_large_image\" \/>\n<meta name=\"twitter:label1\" content=\"Est. reading time\" \/>\n\t<meta name=\"twitter:data1\" content=\"1 minute\" \/>\n<script type=\"application\/ld+json\" class=\"yoast-schema-graph\">{\"@context\":\"https:\/\/schema.org\",\"@graph\":[{\"@type\":\"WebPage\",\"@id\":\"https:\/\/librairie7l.com\/en\/produit\/plume-lointain-interieur-2\/\",\"url\":\"https:\/\/librairie7l.com\/en\/produit\/plume-lointain-interieur-2\/\",\"name\":\"Plume \/ lointain interieur - Librairie 7L\",\"isPartOf\":{\"@id\":\"https:\/\/librairie7l.com\/en\/#website\"},\"datePublished\":\"2025-06-02T17:58:44+00:00\",\"dateModified\":\"2026-04-07T19:00:57+00:00\",\"breadcrumb\":{\"@id\":\"https:\/\/librairie7l.com\/en\/produit\/plume-lointain-interieur-2\/#breadcrumb\"},\"inLanguage\":\"en-US\",\"potentialAction\":[{\"@type\":\"ReadAction\",\"target\":[\"https:\/\/librairie7l.com\/en\/produit\/plume-lointain-interieur-2\/\"]}]},{\"@type\":\"BreadcrumbList\",\"@id\":\"https:\/\/librairie7l.com\/en\/produit\/plume-lointain-interieur-2\/#breadcrumb\",\"itemListElement\":[{\"@type\":\"ListItem\",\"position\":1,\"name\":\"Accueil\",\"item\":\"https:\/\/librairie7l.com\/en\/\"},{\"@type\":\"ListItem\",\"position\":2,\"name\":\"Shop\",\"item\":\"https:\/\/librairie7l.com\/en\/shop\/\"},{\"@type\":\"ListItem\",\"position\":3,\"name\":\"PLUME \/ LOINTAIN INTERIEUR\"}]},{\"@type\":\"WebSite\",\"@id\":\"https:\/\/librairie7l.com\/en\/#website\",\"url\":\"https:\/\/librairie7l.com\/en\/\",\"name\":\"Librairie 7L\",\"description\":\"Librairie fond\u00e9e en 1999 par Karl Lagerfeld \u00e0 Paris\",\"publisher\":{\"@id\":\"https:\/\/librairie7l.com\/en\/#organization\"},\"potentialAction\":[{\"@type\":\"SearchAction\",\"target\":{\"@type\":\"EntryPoint\",\"urlTemplate\":\"https:\/\/librairie7l.com\/en\/?s={search_term_string}\"},\"query-input\":\"required name=search_term_string\"}],\"inLanguage\":\"en-US\"},{\"@type\":\"Organization\",\"@id\":\"https:\/\/librairie7l.com\/en\/#organization\",\"name\":\"Librairie 7L\",\"url\":\"https:\/\/librairie7l.com\/en\/\",\"logo\":{\"@type\":\"ImageObject\",\"inLanguage\":\"en-US\",\"@id\":\"https:\/\/librairie7l.com\/en\/#\/schema\/logo\/image\/\",\"url\":\"https:\/\/librairie7l.com\/wp-content\/uploads\/2022\/08\/logo-1.png\",\"contentUrl\":\"https:\/\/librairie7l.com\/wp-content\/uploads\/2022\/08\/logo-1.png\",\"width\":227,\"height\":301,\"caption\":\"Librairie 7L\"},\"image\":{\"@id\":\"https:\/\/librairie7l.com\/en\/#\/schema\/logo\/image\/\"}}]}<\/script>\n<!-- \/ Yoast SEO plugin. -->","yoast_head_json":{"title":"Plume \/ lointain interieur - Librairie 7L","robots":{"index":"index","follow":"follow","max-snippet":"max-snippet:-1","max-image-preview":"max-image-preview:large","max-video-preview":"max-video-preview:-1"},"canonical":"https:\/\/librairie7l.com\/en\/produit\/plume-lointain-interieur-2\/","og_locale":"en_US","og_type":"article","og_title":"Plume \/ lointain interieur - Librairie 7L","og_description":"C&#8217;est peut-\u00eatre le recueil o\u00f9 appara\u00eet avec le plus d&#8217;ampleur le th\u00e8me essentiel de l&#8217;oeuvre d&#8217;Henri Michaux:le refus de la r\u00e9alit\u00e9 quotidienne &#8211; \u00absa d\u00e9faite:le quotidien\u00bb &#8211; et la revendication d&#8217;\u00abautre chose\u00bb. Cet autre chose souvent propos\u00e9, on le sait, sous la forme de situations imaginaires qui t\u00e9moignent chez le po\u00e8te du constant besoin d&#8217;inventer. [&hellip;]","og_url":"https:\/\/librairie7l.com\/en\/produit\/plume-lointain-interieur-2\/","og_site_name":"Librairie 7L","article_modified_time":"2026-04-07T19:00:57+00:00","og_image":[{"width":600,"height":940,"url":"https:\/\/librairie7l.com\/wp-content\/uploads\/1998\/02\/9782070244485_1_75.jpg","type":"image\/jpeg"}],"twitter_card":"summary_large_image","twitter_misc":{"Est. reading time":"1 minute"},"schema":{"@context":"https:\/\/schema.org","@graph":[{"@type":"WebPage","@id":"https:\/\/librairie7l.com\/en\/produit\/plume-lointain-interieur-2\/","url":"https:\/\/librairie7l.com\/en\/produit\/plume-lointain-interieur-2\/","name":"Plume \/ lointain interieur - Librairie 7L","isPartOf":{"@id":"https:\/\/librairie7l.com\/en\/#website"},"datePublished":"2025-06-02T17:58:44+00:00","dateModified":"2026-04-07T19:00:57+00:00","breadcrumb":{"@id":"https:\/\/librairie7l.com\/en\/produit\/plume-lointain-interieur-2\/#breadcrumb"},"inLanguage":"en-US","potentialAction":[{"@type":"ReadAction","target":["https:\/\/librairie7l.com\/en\/produit\/plume-lointain-interieur-2\/"]}]},{"@type":"BreadcrumbList","@id":"https:\/\/librairie7l.com\/en\/produit\/plume-lointain-interieur-2\/#breadcrumb","itemListElement":[{"@type":"ListItem","position":1,"name":"Accueil","item":"https:\/\/librairie7l.com\/en\/"},{"@type":"ListItem","position":2,"name":"Shop","item":"https:\/\/librairie7l.com\/en\/shop\/"},{"@type":"ListItem","position":3,"name":"PLUME \/ LOINTAIN INTERIEUR"}]},{"@type":"WebSite","@id":"https:\/\/librairie7l.com\/en\/#website","url":"https:\/\/librairie7l.com\/en\/","name":"Librairie 7L","description":"Librairie fond\u00e9e en 1999 par Karl Lagerfeld \u00e0 Paris","publisher":{"@id":"https:\/\/librairie7l.com\/en\/#organization"},"potentialAction":[{"@type":"SearchAction","target":{"@type":"EntryPoint","urlTemplate":"https:\/\/librairie7l.com\/en\/?s={search_term_string}"},"query-input":"required name=search_term_string"}],"inLanguage":"en-US"},{"@type":"Organization","@id":"https:\/\/librairie7l.com\/en\/#organization","name":"Librairie 7L","url":"https:\/\/librairie7l.com\/en\/","logo":{"@type":"ImageObject","inLanguage":"en-US","@id":"https:\/\/librairie7l.com\/en\/#\/schema\/logo\/image\/","url":"https:\/\/librairie7l.com\/wp-content\/uploads\/2022\/08\/logo-1.png","contentUrl":"https:\/\/librairie7l.com\/wp-content\/uploads\/2022\/08\/logo-1.png","width":227,"height":301,"caption":"Librairie 7L"},"image":{"@id":"https:\/\/librairie7l.com\/en\/#\/schema\/logo\/image\/"}}]}},"_links":{"self":[{"href":"https:\/\/librairie7l.com\/en\/wp-json\/wp\/v2\/product\/48348"}],"collection":[{"href":"https:\/\/librairie7l.com\/en\/wp-json\/wp\/v2\/product"}],"about":[{"href":"https:\/\/librairie7l.com\/en\/wp-json\/wp\/v2\/types\/product"}],"wp:featuredmedia":[{"embeddable":true,"href":"https:\/\/librairie7l.com\/en\/wp-json\/wp\/v2\/media\/48346"}],"wp:attachment":[{"href":"https:\/\/librairie7l.com\/en\/wp-json\/wp\/v2\/media?parent=48348"}],"wp:term":[{"taxonomy":"product_cat","embeddable":true,"href":"https:\/\/librairie7l.com\/en\/wp-json\/wp\/v2\/product_cat?post=48348"},{"taxonomy":"product_tag","embeddable":true,"href":"https:\/\/librairie7l.com\/en\/wp-json\/wp\/v2\/product_tag?post=48348"}],"curies":[{"name":"wp","href":"https:\/\/api.w.org\/{rel}","templated":true}]}}