{"id":48360,"date":"2025-06-02T20:00:24","date_gmt":"2025-06-02T18:00:24","guid":{"rendered":"https:\/\/librairie7l.com\/?post_type=product&#038;p=48360"},"modified":"2026-04-21T08:06:21","modified_gmt":"2026-04-21T06:06:21","slug":"tatiana-trouve-2","status":"publish","type":"product","link":"https:\/\/librairie7l.com\/en\/produit\/tatiana-trouve-2\/","title":{"rendered":"TATIANA TROUV\u00c9"},"content":{"rendered":"<p>Une relecture de l&#8217;oeuvre de Tatiana Trouv\u00e9 \u00e0 partir de sa pratique du dessin.<br \/>\nLa collection du MAMCO conserve nombre d&#8217;oeuvres de Tatiana Trouv\u00e9, une artiste apparue sur la sc\u00e8ne de l&#8217;art \u00e0 la fin des ann\u00e9es 1990. Il y a d&#8217;abord Prepared Space dont il existe deux versions (2014 et 2020) : il s&#8217;agit d&#8217;une salle enti\u00e8re recouverte de panneaux de bois blancs qui spatialise une mani\u00e8re de carte de navigation inscrite dans ses murs et dans son sol. On y fait l&#8217;exp\u00e9rience d&#8217;une d\u00e9sorientation en m\u00eame temps que d&#8217;un rapport \u00e0 la lin\u00e9arit\u00e9 : les lignes sur lesquelles nous marchons sont celles d&#8217;un vaste dessin spatialis\u00e9. Il y a ensuite toute la collection des copies de dessins, au total pr\u00e8s de 350 items, disponibles dans un module pr\u00e9cis\u00e9ment con\u00e7u par Trouv\u00e9. Cet ensemble imposant donne \u00e0 voir le laboratoire de l&#8217;oeuvre, son coeur actif en m\u00eame temps que son instance r\u00e9gulatrice. Il y a enfin un second module, d\u00e9di\u00e9 aux correspondances de l&#8217;artiste. Autant de moments de son oeuvre, \u00e9tudi\u00e9s ici d&#8217;une mani\u00e8re d\u00e9taill\u00e9e par Fran\u00e7oise Ninghetto et Thierry Davila, qui font de l&#8217;univers graphique de Trouv\u00e9 un \u00e9l\u00e9ment cl\u00e9 d&#8217;une entreprise artistique marqu\u00e9e du sceau de l&#8217;intimit\u00e9 et de l&#8217;exploration administrative de la m\u00e9moire.<\/p>\n","protected":false},"excerpt":{"rendered":"<p>Une relecture de l&#8217;oeuvre de Tatiana Trouv\u00e9 \u00e0 partir de sa pratique du dessin. La collection du MAMCO conserve nombre d&#8217;oeuvres de Tatiana Trouv\u00e9, une artiste apparue sur la sc\u00e8ne de l&#8217;art \u00e0 la fin des ann\u00e9es 1990. Il y a d&#8217;abord Prepared Space dont il existe deux versions (2014 et 2020) : il s&#8217;agit [&hellip;]<\/p>\n","protected":false},"featured_media":48358,"template":"","meta":[],"product_cat":[7364,2948],"product_tag":[],"acf":[],"yoast_head":"<!-- This site is optimized with the Yoast SEO plugin v20.11 - https:\/\/yoast.com\/wordpress\/plugins\/seo\/ -->\n<title>Tatiana trouv\u00e9 - Librairie 7L<\/title>\n<meta name=\"robots\" content=\"index, follow, max-snippet:-1, max-image-preview:large, max-video-preview:-1\" \/>\n<link rel=\"canonical\" href=\"https:\/\/librairie7l.com\/en\/produit\/tatiana-trouve-2\/\" \/>\n<meta property=\"og:locale\" content=\"en_US\" \/>\n<meta property=\"og:type\" content=\"article\" \/>\n<meta property=\"og:title\" content=\"Tatiana trouv\u00e9 - Librairie 7L\" \/>\n<meta property=\"og:description\" content=\"Une relecture de l&#8217;oeuvre de Tatiana Trouv\u00e9 \u00e0 partir de sa pratique du dessin. La collection du MAMCO conserve nombre d&#8217;oeuvres de Tatiana Trouv\u00e9, une artiste apparue sur la sc\u00e8ne de l&#8217;art \u00e0 la fin des ann\u00e9es 1990. Il y a d&#8217;abord Prepared Space dont il existe deux versions (2014 et 2020) : il s&#8217;agit [&hellip;]\" \/>\n<meta property=\"og:url\" content=\"https:\/\/librairie7l.com\/en\/produit\/tatiana-trouve-2\/\" \/>\n<meta property=\"og:site_name\" content=\"Librairie 7L\" \/>\n<meta property=\"article:modified_time\" content=\"2026-04-21T06:06:21+00:00\" \/>\n<meta property=\"og:image\" content=\"https:\/\/librairie7l.com\/wp-content\/uploads\/2022\/03\/9782940656080_1_75.jpg\" \/>\n\t<meta property=\"og:image:width\" content=\"600\" \/>\n\t<meta property=\"og:image:height\" content=\"856\" \/>\n\t<meta property=\"og:image:type\" content=\"image\/jpeg\" \/>\n<meta name=\"twitter:card\" content=\"summary_large_image\" \/>\n<meta name=\"twitter:label1\" content=\"Est. reading time\" \/>\n\t<meta name=\"twitter:data1\" content=\"1 minute\" \/>\n<script type=\"application\/ld+json\" class=\"yoast-schema-graph\">{\"@context\":\"https:\/\/schema.org\",\"@graph\":[{\"@type\":\"WebPage\",\"@id\":\"https:\/\/librairie7l.com\/en\/produit\/tatiana-trouve-2\/\",\"url\":\"https:\/\/librairie7l.com\/en\/produit\/tatiana-trouve-2\/\",\"name\":\"Tatiana trouv\u00e9 - Librairie 7L\",\"isPartOf\":{\"@id\":\"https:\/\/librairie7l.com\/en\/#website\"},\"datePublished\":\"2025-06-02T18:00:24+00:00\",\"dateModified\":\"2026-04-21T06:06:21+00:00\",\"breadcrumb\":{\"@id\":\"https:\/\/librairie7l.com\/en\/produit\/tatiana-trouve-2\/#breadcrumb\"},\"inLanguage\":\"en-US\",\"potentialAction\":[{\"@type\":\"ReadAction\",\"target\":[\"https:\/\/librairie7l.com\/en\/produit\/tatiana-trouve-2\/\"]}]},{\"@type\":\"BreadcrumbList\",\"@id\":\"https:\/\/librairie7l.com\/en\/produit\/tatiana-trouve-2\/#breadcrumb\",\"itemListElement\":[{\"@type\":\"ListItem\",\"position\":1,\"name\":\"Accueil\",\"item\":\"https:\/\/librairie7l.com\/en\/\"},{\"@type\":\"ListItem\",\"position\":2,\"name\":\"Shop\",\"item\":\"https:\/\/librairie7l.com\/en\/shop\/\"},{\"@type\":\"ListItem\",\"position\":3,\"name\":\"TATIANA TROUV\u00c9\"}]},{\"@type\":\"WebSite\",\"@id\":\"https:\/\/librairie7l.com\/en\/#website\",\"url\":\"https:\/\/librairie7l.com\/en\/\",\"name\":\"Librairie 7L\",\"description\":\"Librairie fond\u00e9e en 1999 par Karl Lagerfeld \u00e0 Paris\",\"publisher\":{\"@id\":\"https:\/\/librairie7l.com\/en\/#organization\"},\"potentialAction\":[{\"@type\":\"SearchAction\",\"target\":{\"@type\":\"EntryPoint\",\"urlTemplate\":\"https:\/\/librairie7l.com\/en\/?s={search_term_string}\"},\"query-input\":\"required name=search_term_string\"}],\"inLanguage\":\"en-US\"},{\"@type\":\"Organization\",\"@id\":\"https:\/\/librairie7l.com\/en\/#organization\",\"name\":\"Librairie 7L\",\"url\":\"https:\/\/librairie7l.com\/en\/\",\"logo\":{\"@type\":\"ImageObject\",\"inLanguage\":\"en-US\",\"@id\":\"https:\/\/librairie7l.com\/en\/#\/schema\/logo\/image\/\",\"url\":\"https:\/\/librairie7l.com\/wp-content\/uploads\/2022\/08\/logo-1.png\",\"contentUrl\":\"https:\/\/librairie7l.com\/wp-content\/uploads\/2022\/08\/logo-1.png\",\"width\":227,\"height\":301,\"caption\":\"Librairie 7L\"},\"image\":{\"@id\":\"https:\/\/librairie7l.com\/en\/#\/schema\/logo\/image\/\"}}]}<\/script>\n<!-- \/ Yoast SEO plugin. -->","yoast_head_json":{"title":"Tatiana trouv\u00e9 - Librairie 7L","robots":{"index":"index","follow":"follow","max-snippet":"max-snippet:-1","max-image-preview":"max-image-preview:large","max-video-preview":"max-video-preview:-1"},"canonical":"https:\/\/librairie7l.com\/en\/produit\/tatiana-trouve-2\/","og_locale":"en_US","og_type":"article","og_title":"Tatiana trouv\u00e9 - Librairie 7L","og_description":"Une relecture de l&#8217;oeuvre de Tatiana Trouv\u00e9 \u00e0 partir de sa pratique du dessin. La collection du MAMCO conserve nombre d&#8217;oeuvres de Tatiana Trouv\u00e9, une artiste apparue sur la sc\u00e8ne de l&#8217;art \u00e0 la fin des ann\u00e9es 1990. Il y a d&#8217;abord Prepared Space dont il existe deux versions (2014 et 2020) : il s&#8217;agit [&hellip;]","og_url":"https:\/\/librairie7l.com\/en\/produit\/tatiana-trouve-2\/","og_site_name":"Librairie 7L","article_modified_time":"2026-04-21T06:06:21+00:00","og_image":[{"width":600,"height":856,"url":"https:\/\/librairie7l.com\/wp-content\/uploads\/2022\/03\/9782940656080_1_75.jpg","type":"image\/jpeg"}],"twitter_card":"summary_large_image","twitter_misc":{"Est. reading time":"1 minute"},"schema":{"@context":"https:\/\/schema.org","@graph":[{"@type":"WebPage","@id":"https:\/\/librairie7l.com\/en\/produit\/tatiana-trouve-2\/","url":"https:\/\/librairie7l.com\/en\/produit\/tatiana-trouve-2\/","name":"Tatiana trouv\u00e9 - Librairie 7L","isPartOf":{"@id":"https:\/\/librairie7l.com\/en\/#website"},"datePublished":"2025-06-02T18:00:24+00:00","dateModified":"2026-04-21T06:06:21+00:00","breadcrumb":{"@id":"https:\/\/librairie7l.com\/en\/produit\/tatiana-trouve-2\/#breadcrumb"},"inLanguage":"en-US","potentialAction":[{"@type":"ReadAction","target":["https:\/\/librairie7l.com\/en\/produit\/tatiana-trouve-2\/"]}]},{"@type":"BreadcrumbList","@id":"https:\/\/librairie7l.com\/en\/produit\/tatiana-trouve-2\/#breadcrumb","itemListElement":[{"@type":"ListItem","position":1,"name":"Accueil","item":"https:\/\/librairie7l.com\/en\/"},{"@type":"ListItem","position":2,"name":"Shop","item":"https:\/\/librairie7l.com\/en\/shop\/"},{"@type":"ListItem","position":3,"name":"TATIANA TROUV\u00c9"}]},{"@type":"WebSite","@id":"https:\/\/librairie7l.com\/en\/#website","url":"https:\/\/librairie7l.com\/en\/","name":"Librairie 7L","description":"Librairie fond\u00e9e en 1999 par Karl Lagerfeld \u00e0 Paris","publisher":{"@id":"https:\/\/librairie7l.com\/en\/#organization"},"potentialAction":[{"@type":"SearchAction","target":{"@type":"EntryPoint","urlTemplate":"https:\/\/librairie7l.com\/en\/?s={search_term_string}"},"query-input":"required name=search_term_string"}],"inLanguage":"en-US"},{"@type":"Organization","@id":"https:\/\/librairie7l.com\/en\/#organization","name":"Librairie 7L","url":"https:\/\/librairie7l.com\/en\/","logo":{"@type":"ImageObject","inLanguage":"en-US","@id":"https:\/\/librairie7l.com\/en\/#\/schema\/logo\/image\/","url":"https:\/\/librairie7l.com\/wp-content\/uploads\/2022\/08\/logo-1.png","contentUrl":"https:\/\/librairie7l.com\/wp-content\/uploads\/2022\/08\/logo-1.png","width":227,"height":301,"caption":"Librairie 7L"},"image":{"@id":"https:\/\/librairie7l.com\/en\/#\/schema\/logo\/image\/"}}]}},"_links":{"self":[{"href":"https:\/\/librairie7l.com\/en\/wp-json\/wp\/v2\/product\/48360"}],"collection":[{"href":"https:\/\/librairie7l.com\/en\/wp-json\/wp\/v2\/product"}],"about":[{"href":"https:\/\/librairie7l.com\/en\/wp-json\/wp\/v2\/types\/product"}],"wp:featuredmedia":[{"embeddable":true,"href":"https:\/\/librairie7l.com\/en\/wp-json\/wp\/v2\/media\/48358"}],"wp:attachment":[{"href":"https:\/\/librairie7l.com\/en\/wp-json\/wp\/v2\/media?parent=48360"}],"wp:term":[{"taxonomy":"product_cat","embeddable":true,"href":"https:\/\/librairie7l.com\/en\/wp-json\/wp\/v2\/product_cat?post=48360"},{"taxonomy":"product_tag","embeddable":true,"href":"https:\/\/librairie7l.com\/en\/wp-json\/wp\/v2\/product_tag?post=48360"}],"curies":[{"name":"wp","href":"https:\/\/api.w.org\/{rel}","templated":true}]}}