{"id":48368,"date":"2025-06-02T20:46:46","date_gmt":"2025-06-02T18:46:46","guid":{"rendered":"https:\/\/librairie7l.com\/?post_type=product&#038;p=48368"},"modified":"2026-04-07T21:22:01","modified_gmt":"2026-04-07T19:22:01","slug":"giorgio-de-chirico-la-peinture-metaphysique-2","status":"publish","type":"product","link":"https:\/\/librairie7l.com\/en\/produit\/giorgio-de-chirico-la-peinture-metaphysique-2\/","title":{"rendered":"GIORGIO DE CHIRICO, LA PEINTURE M\u00c9TAPHYSIQUE"},"content":{"rendered":"<p>L&#8217;exposition  Giorgio de Chirico. La peinture m\u00e9taphysique  au mus\u00e9e de l&#8217;Orangerie, du 16 septembre au 14 d\u00e9cembre 2020, retrace le parcours et les influences artistiques et philosophiques qui ont nourri l&#8217;artiste Giorgio de Chirico de Munich \u00e0 Turin, puis \u00e0 Paris o\u00f9 il d\u00e9couvre les avant-gardes picturales de son temps et enfin \u00e0 Ferrare. De mani\u00e8re in\u00e9dite, seront mis en lumi\u00e8re les liens du peintre, d\u00e9couvert par Apollinaire puis soutenu par le marchand Paul Guillaume, avec les cercles culturels et litt\u00e9raires parisiens. N\u00e9 en Gr\u00e8ce et form\u00e9 dans le creuset de la culture classique et du romantisme allemand tardif, De Chirico d\u00e9veloppe les fondements d&#8217;une nouvelle conception artistique aux c\u00f4t\u00e9s de son fr\u00e8re cadet Alberto Savinio. El\u00e8ve \u00e0 l&#8217;Acad\u00e9mie des Beaux-Arts de Munich \u00e0 partir de 1908, il d\u00e9couvre la pens\u00e9e de Nietzsche et Schopenhauer ainsi que les oeuvres de Bocklin et de Klinger. Apr\u00e8s un passage \u00e0 Milan puis Florence, c&#8217;est cependant depuis la France, \u00e0 Paris d\u00e8s l&#8217;automne 1911, qu&#8217;il met en place un vocabulaire plastique singulier au contact des r\u00e9volutions picturales modernistes. Il est tr\u00e8s vite remarqu\u00e9 par certaines personnalit\u00e9s artistiques de son temps. Guillaume Apollinaire, Maurice Raynal et Andr\u00e9 Salmon, mais aussi Andr\u00e9 Breton, Paul \u00c9luard, Jean Paulhan, sont parmi les premiers \u00e0 s&#8217;int\u00e9resser \u00e0 son oeuvre et \u00e0 la promouvoir.<br \/>\nL&#8217;exposition trouve ainsi toute sa place au mus\u00e9e de l&#8217;Orangerie autour de la figure de Paul Guillaume qui fut le tout premier marchand de Giorgio de Chirico. De retour en Italie en 1915, il est envoy\u00e9 avec son fr\u00e8re Savinio \u00e0 Ferrare pour des raisons militaires et y poursuit ses recherches picturales. La p\u00e9riode ferraraise (juin 1915-d\u00e9cembre 1918) est l&#8217;occasion pour les peintres Carlo Carr\u00e0 et Giorgio Morandi de fr\u00e9quenter les deux fr\u00e8res permettant ainsi la formation de ce que l&#8217;on qualifiera plus tard d'&#8221;\u00e9cole m\u00e9taphysique&#8221; et sur laquelle se cl\u00f4t l&#8217;exposition.<\/p>\n","protected":false},"excerpt":{"rendered":"<p>L&#8217;exposition Giorgio de Chirico. La peinture m\u00e9taphysique au mus\u00e9e de l&#8217;Orangerie, du 16 septembre au 14 d\u00e9cembre 2020, retrace le parcours et les influences artistiques et philosophiques qui ont nourri l&#8217;artiste Giorgio de Chirico de Munich \u00e0 Turin, puis \u00e0 Paris o\u00f9 il d\u00e9couvre les avant-gardes picturales de son temps et enfin \u00e0 Ferrare. De [&hellip;]<\/p>\n","protected":false},"featured_media":48366,"template":"","meta":[],"product_cat":[7364,2948],"product_tag":[],"acf":[],"yoast_head":"<!-- This site is optimized with the Yoast SEO plugin v20.11 - https:\/\/yoast.com\/wordpress\/plugins\/seo\/ -->\n<title>Giorgio de Chirico, la peinture m\u00e9taphysique - Librairie 7L<\/title>\n<meta name=\"robots\" content=\"index, follow, max-snippet:-1, max-image-preview:large, max-video-preview:-1\" \/>\n<link rel=\"canonical\" href=\"https:\/\/librairie7l.com\/en\/produit\/giorgio-de-chirico-la-peinture-metaphysique-2\/\" \/>\n<meta property=\"og:locale\" content=\"en_US\" \/>\n<meta property=\"og:type\" content=\"article\" \/>\n<meta property=\"og:title\" content=\"Giorgio de Chirico, la peinture m\u00e9taphysique - Librairie 7L\" \/>\n<meta property=\"og:description\" content=\"L&#8217;exposition Giorgio de Chirico. La peinture m\u00e9taphysique au mus\u00e9e de l&#8217;Orangerie, du 16 septembre au 14 d\u00e9cembre 2020, retrace le parcours et les influences artistiques et philosophiques qui ont nourri l&#8217;artiste Giorgio de Chirico de Munich \u00e0 Turin, puis \u00e0 Paris o\u00f9 il d\u00e9couvre les avant-gardes picturales de son temps et enfin \u00e0 Ferrare. De [&hellip;]\" \/>\n<meta property=\"og:url\" content=\"https:\/\/librairie7l.com\/en\/produit\/giorgio-de-chirico-la-peinture-metaphysique-2\/\" \/>\n<meta property=\"og:site_name\" content=\"Librairie 7L\" \/>\n<meta property=\"article:modified_time\" content=\"2026-04-07T19:22:01+00:00\" \/>\n<meta property=\"og:image\" content=\"https:\/\/librairie7l.com\/wp-content\/uploads\/2020\/01\/9782754111355_1_75.jpg\" \/>\n\t<meta property=\"og:image:width\" content=\"250\" \/>\n\t<meta property=\"og:image:height\" content=\"342\" \/>\n\t<meta property=\"og:image:type\" content=\"image\/jpeg\" \/>\n<meta name=\"twitter:card\" content=\"summary_large_image\" \/>\n<meta name=\"twitter:label1\" content=\"Est. reading time\" \/>\n\t<meta name=\"twitter:data1\" content=\"2 minutes\" \/>\n<script type=\"application\/ld+json\" class=\"yoast-schema-graph\">{\"@context\":\"https:\/\/schema.org\",\"@graph\":[{\"@type\":\"WebPage\",\"@id\":\"https:\/\/librairie7l.com\/en\/produit\/giorgio-de-chirico-la-peinture-metaphysique-2\/\",\"url\":\"https:\/\/librairie7l.com\/en\/produit\/giorgio-de-chirico-la-peinture-metaphysique-2\/\",\"name\":\"Giorgio de Chirico, la peinture m\u00e9taphysique - Librairie 7L\",\"isPartOf\":{\"@id\":\"https:\/\/librairie7l.com\/en\/#website\"},\"datePublished\":\"2025-06-02T18:46:46+00:00\",\"dateModified\":\"2026-04-07T19:22:01+00:00\",\"breadcrumb\":{\"@id\":\"https:\/\/librairie7l.com\/en\/produit\/giorgio-de-chirico-la-peinture-metaphysique-2\/#breadcrumb\"},\"inLanguage\":\"en-US\",\"potentialAction\":[{\"@type\":\"ReadAction\",\"target\":[\"https:\/\/librairie7l.com\/en\/produit\/giorgio-de-chirico-la-peinture-metaphysique-2\/\"]}]},{\"@type\":\"BreadcrumbList\",\"@id\":\"https:\/\/librairie7l.com\/en\/produit\/giorgio-de-chirico-la-peinture-metaphysique-2\/#breadcrumb\",\"itemListElement\":[{\"@type\":\"ListItem\",\"position\":1,\"name\":\"Accueil\",\"item\":\"https:\/\/librairie7l.com\/en\/\"},{\"@type\":\"ListItem\",\"position\":2,\"name\":\"Shop\",\"item\":\"https:\/\/librairie7l.com\/en\/shop\/\"},{\"@type\":\"ListItem\",\"position\":3,\"name\":\"GIORGIO DE CHIRICO, LA PEINTURE M\u00c9TAPHYSIQUE\"}]},{\"@type\":\"WebSite\",\"@id\":\"https:\/\/librairie7l.com\/en\/#website\",\"url\":\"https:\/\/librairie7l.com\/en\/\",\"name\":\"Librairie 7L\",\"description\":\"Librairie fond\u00e9e en 1999 par Karl Lagerfeld \u00e0 Paris\",\"publisher\":{\"@id\":\"https:\/\/librairie7l.com\/en\/#organization\"},\"potentialAction\":[{\"@type\":\"SearchAction\",\"target\":{\"@type\":\"EntryPoint\",\"urlTemplate\":\"https:\/\/librairie7l.com\/en\/?s={search_term_string}\"},\"query-input\":\"required name=search_term_string\"}],\"inLanguage\":\"en-US\"},{\"@type\":\"Organization\",\"@id\":\"https:\/\/librairie7l.com\/en\/#organization\",\"name\":\"Librairie 7L\",\"url\":\"https:\/\/librairie7l.com\/en\/\",\"logo\":{\"@type\":\"ImageObject\",\"inLanguage\":\"en-US\",\"@id\":\"https:\/\/librairie7l.com\/en\/#\/schema\/logo\/image\/\",\"url\":\"https:\/\/librairie7l.com\/wp-content\/uploads\/2022\/08\/logo-1.png\",\"contentUrl\":\"https:\/\/librairie7l.com\/wp-content\/uploads\/2022\/08\/logo-1.png\",\"width\":227,\"height\":301,\"caption\":\"Librairie 7L\"},\"image\":{\"@id\":\"https:\/\/librairie7l.com\/en\/#\/schema\/logo\/image\/\"}}]}<\/script>\n<!-- \/ Yoast SEO plugin. -->","yoast_head_json":{"title":"Giorgio de Chirico, la peinture m\u00e9taphysique - Librairie 7L","robots":{"index":"index","follow":"follow","max-snippet":"max-snippet:-1","max-image-preview":"max-image-preview:large","max-video-preview":"max-video-preview:-1"},"canonical":"https:\/\/librairie7l.com\/en\/produit\/giorgio-de-chirico-la-peinture-metaphysique-2\/","og_locale":"en_US","og_type":"article","og_title":"Giorgio de Chirico, la peinture m\u00e9taphysique - Librairie 7L","og_description":"L&#8217;exposition Giorgio de Chirico. La peinture m\u00e9taphysique au mus\u00e9e de l&#8217;Orangerie, du 16 septembre au 14 d\u00e9cembre 2020, retrace le parcours et les influences artistiques et philosophiques qui ont nourri l&#8217;artiste Giorgio de Chirico de Munich \u00e0 Turin, puis \u00e0 Paris o\u00f9 il d\u00e9couvre les avant-gardes picturales de son temps et enfin \u00e0 Ferrare. De [&hellip;]","og_url":"https:\/\/librairie7l.com\/en\/produit\/giorgio-de-chirico-la-peinture-metaphysique-2\/","og_site_name":"Librairie 7L","article_modified_time":"2026-04-07T19:22:01+00:00","og_image":[{"width":250,"height":342,"url":"https:\/\/librairie7l.com\/wp-content\/uploads\/2020\/01\/9782754111355_1_75.jpg","type":"image\/jpeg"}],"twitter_card":"summary_large_image","twitter_misc":{"Est. reading time":"2 minutes"},"schema":{"@context":"https:\/\/schema.org","@graph":[{"@type":"WebPage","@id":"https:\/\/librairie7l.com\/en\/produit\/giorgio-de-chirico-la-peinture-metaphysique-2\/","url":"https:\/\/librairie7l.com\/en\/produit\/giorgio-de-chirico-la-peinture-metaphysique-2\/","name":"Giorgio de Chirico, la peinture m\u00e9taphysique - Librairie 7L","isPartOf":{"@id":"https:\/\/librairie7l.com\/en\/#website"},"datePublished":"2025-06-02T18:46:46+00:00","dateModified":"2026-04-07T19:22:01+00:00","breadcrumb":{"@id":"https:\/\/librairie7l.com\/en\/produit\/giorgio-de-chirico-la-peinture-metaphysique-2\/#breadcrumb"},"inLanguage":"en-US","potentialAction":[{"@type":"ReadAction","target":["https:\/\/librairie7l.com\/en\/produit\/giorgio-de-chirico-la-peinture-metaphysique-2\/"]}]},{"@type":"BreadcrumbList","@id":"https:\/\/librairie7l.com\/en\/produit\/giorgio-de-chirico-la-peinture-metaphysique-2\/#breadcrumb","itemListElement":[{"@type":"ListItem","position":1,"name":"Accueil","item":"https:\/\/librairie7l.com\/en\/"},{"@type":"ListItem","position":2,"name":"Shop","item":"https:\/\/librairie7l.com\/en\/shop\/"},{"@type":"ListItem","position":3,"name":"GIORGIO DE CHIRICO, LA PEINTURE M\u00c9TAPHYSIQUE"}]},{"@type":"WebSite","@id":"https:\/\/librairie7l.com\/en\/#website","url":"https:\/\/librairie7l.com\/en\/","name":"Librairie 7L","description":"Librairie fond\u00e9e en 1999 par Karl Lagerfeld \u00e0 Paris","publisher":{"@id":"https:\/\/librairie7l.com\/en\/#organization"},"potentialAction":[{"@type":"SearchAction","target":{"@type":"EntryPoint","urlTemplate":"https:\/\/librairie7l.com\/en\/?s={search_term_string}"},"query-input":"required name=search_term_string"}],"inLanguage":"en-US"},{"@type":"Organization","@id":"https:\/\/librairie7l.com\/en\/#organization","name":"Librairie 7L","url":"https:\/\/librairie7l.com\/en\/","logo":{"@type":"ImageObject","inLanguage":"en-US","@id":"https:\/\/librairie7l.com\/en\/#\/schema\/logo\/image\/","url":"https:\/\/librairie7l.com\/wp-content\/uploads\/2022\/08\/logo-1.png","contentUrl":"https:\/\/librairie7l.com\/wp-content\/uploads\/2022\/08\/logo-1.png","width":227,"height":301,"caption":"Librairie 7L"},"image":{"@id":"https:\/\/librairie7l.com\/en\/#\/schema\/logo\/image\/"}}]}},"_links":{"self":[{"href":"https:\/\/librairie7l.com\/en\/wp-json\/wp\/v2\/product\/48368"}],"collection":[{"href":"https:\/\/librairie7l.com\/en\/wp-json\/wp\/v2\/product"}],"about":[{"href":"https:\/\/librairie7l.com\/en\/wp-json\/wp\/v2\/types\/product"}],"wp:featuredmedia":[{"embeddable":true,"href":"https:\/\/librairie7l.com\/en\/wp-json\/wp\/v2\/media\/48366"}],"wp:attachment":[{"href":"https:\/\/librairie7l.com\/en\/wp-json\/wp\/v2\/media?parent=48368"}],"wp:term":[{"taxonomy":"product_cat","embeddable":true,"href":"https:\/\/librairie7l.com\/en\/wp-json\/wp\/v2\/product_cat?post=48368"},{"taxonomy":"product_tag","embeddable":true,"href":"https:\/\/librairie7l.com\/en\/wp-json\/wp\/v2\/product_tag?post=48368"}],"curies":[{"name":"wp","href":"https:\/\/api.w.org\/{rel}","templated":true}]}}