{"id":48390,"date":"2025-06-04T09:17:40","date_gmt":"2025-06-04T07:17:40","guid":{"rendered":"https:\/\/librairie7l.com\/?post_type=product&#038;p=48390"},"modified":"2026-04-09T16:51:40","modified_gmt":"2026-04-09T14:51:40","slug":"la-panthere-2","status":"publish","type":"product","link":"https:\/\/librairie7l.com\/en\/produit\/la-panthere-2\/","title":{"rendered":"LA PANTH\u00c8RE"},"content":{"rendered":"<p>Jeanne Toussaint voit le jour dans la Flandre des brodeuses, \u00e0 la fin du XIXe si\u00e8cle. Dot\u00e9e d&#8217;un go\u00fbt tr\u00e8s s\u00fbr et d&#8217;une volont\u00e9 d&#8217;acier, elle part \u00e0 la conqu\u00eate de Paris, o\u00f9 elle enflamme le coeur de Louis Cartier, qui lui enseigne les pierres pr\u00e9cieuses et les alliages myst\u00e9rieux. De leur amour naissent des bijoux fabuleux : oiseaux de paradis, aigrettes et diad\u00e8mes cisel\u00e9s, mais surtout la mythique panth\u00e8re&#8230; Un style est n\u00e9, le sien. Dans une travers\u00e9e du si\u00e8cle o\u00f9 l&#8217;on croise Proust, Cocteau, Hemingway, Scott et Zelda, Coco Chanel, ou encore la duchesse de Windsor, St\u00e9phanie des Horts met en lumi\u00e8re le destin extraordinaire de la g\u00e9niale Jeanne Toussaint.Dans ce roman vrai, la journaliste parvient \u00e0 trouver le rythme juste, rapide et pr\u00e9cis, qui permet au lecteur de saisir la personnalit\u00e9 flamboyante de celle qui fut la plus grande joailli\u00e8re de son temps. Blaise de Chabalier, Le Figaro litt\u00e9raire.<\/p>\n","protected":false},"excerpt":{"rendered":"<p>Jeanne Toussaint voit le jour dans la Flandre des brodeuses, \u00e0 la fin du XIXe si\u00e8cle. Dot\u00e9e d&#8217;un go\u00fbt tr\u00e8s s\u00fbr et d&#8217;une volont\u00e9 d&#8217;acier, elle part \u00e0 la conqu\u00eate de Paris, o\u00f9 elle enflamme le coeur de Louis Cartier, qui lui enseigne les pierres pr\u00e9cieuses et les alliages myst\u00e9rieux. De leur amour naissent des [&hellip;]<\/p>\n","protected":false},"featured_media":48388,"template":"","meta":[],"product_cat":[2948,2957],"product_tag":[],"acf":[],"yoast_head":"<!-- This site is optimized with the Yoast SEO plugin v20.11 - https:\/\/yoast.com\/wordpress\/plugins\/seo\/ -->\n<title>La panth\u00e8re - Librairie 7L<\/title>\n<meta name=\"robots\" content=\"index, follow, max-snippet:-1, max-image-preview:large, max-video-preview:-1\" \/>\n<link rel=\"canonical\" href=\"https:\/\/librairie7l.com\/en\/produit\/la-panthere-2\/\" \/>\n<meta property=\"og:locale\" content=\"en_US\" \/>\n<meta property=\"og:type\" content=\"article\" \/>\n<meta property=\"og:title\" content=\"La panth\u00e8re - Librairie 7L\" \/>\n<meta property=\"og:description\" content=\"Jeanne Toussaint voit le jour dans la Flandre des brodeuses, \u00e0 la fin du XIXe si\u00e8cle. Dot\u00e9e d&#8217;un go\u00fbt tr\u00e8s s\u00fbr et d&#8217;une volont\u00e9 d&#8217;acier, elle part \u00e0 la conqu\u00eate de Paris, o\u00f9 elle enflamme le coeur de Louis Cartier, qui lui enseigne les pierres pr\u00e9cieuses et les alliages myst\u00e9rieux. De leur amour naissent des [&hellip;]\" \/>\n<meta property=\"og:url\" content=\"https:\/\/librairie7l.com\/en\/produit\/la-panthere-2\/\" \/>\n<meta property=\"og:site_name\" content=\"Librairie 7L\" \/>\n<meta property=\"article:modified_time\" content=\"2026-04-09T14:51:40+00:00\" \/>\n<meta property=\"og:image\" content=\"https:\/\/librairie7l.com\/wp-content\/uploads\/2011\/01\/9782253158011_1_75.jpg\" \/>\n\t<meta property=\"og:image:width\" content=\"600\" \/>\n\t<meta property=\"og:image:height\" content=\"971\" \/>\n\t<meta property=\"og:image:type\" content=\"image\/jpeg\" \/>\n<meta name=\"twitter:card\" content=\"summary_large_image\" \/>\n<meta name=\"twitter:label1\" content=\"Est. reading time\" \/>\n\t<meta name=\"twitter:data1\" content=\"1 minute\" \/>\n<script type=\"application\/ld+json\" class=\"yoast-schema-graph\">{\"@context\":\"https:\/\/schema.org\",\"@graph\":[{\"@type\":\"WebPage\",\"@id\":\"https:\/\/librairie7l.com\/en\/produit\/la-panthere-2\/\",\"url\":\"https:\/\/librairie7l.com\/en\/produit\/la-panthere-2\/\",\"name\":\"La panth\u00e8re - Librairie 7L\",\"isPartOf\":{\"@id\":\"https:\/\/librairie7l.com\/en\/#website\"},\"datePublished\":\"2025-06-04T07:17:40+00:00\",\"dateModified\":\"2026-04-09T14:51:40+00:00\",\"breadcrumb\":{\"@id\":\"https:\/\/librairie7l.com\/en\/produit\/la-panthere-2\/#breadcrumb\"},\"inLanguage\":\"en-US\",\"potentialAction\":[{\"@type\":\"ReadAction\",\"target\":[\"https:\/\/librairie7l.com\/en\/produit\/la-panthere-2\/\"]}]},{\"@type\":\"BreadcrumbList\",\"@id\":\"https:\/\/librairie7l.com\/en\/produit\/la-panthere-2\/#breadcrumb\",\"itemListElement\":[{\"@type\":\"ListItem\",\"position\":1,\"name\":\"Accueil\",\"item\":\"https:\/\/librairie7l.com\/en\/\"},{\"@type\":\"ListItem\",\"position\":2,\"name\":\"Shop\",\"item\":\"https:\/\/librairie7l.com\/en\/shop\/\"},{\"@type\":\"ListItem\",\"position\":3,\"name\":\"LA PANTH\u00c8RE\"}]},{\"@type\":\"WebSite\",\"@id\":\"https:\/\/librairie7l.com\/en\/#website\",\"url\":\"https:\/\/librairie7l.com\/en\/\",\"name\":\"Librairie 7L\",\"description\":\"Librairie fond\u00e9e en 1999 par Karl Lagerfeld \u00e0 Paris\",\"publisher\":{\"@id\":\"https:\/\/librairie7l.com\/en\/#organization\"},\"potentialAction\":[{\"@type\":\"SearchAction\",\"target\":{\"@type\":\"EntryPoint\",\"urlTemplate\":\"https:\/\/librairie7l.com\/en\/?s={search_term_string}\"},\"query-input\":\"required name=search_term_string\"}],\"inLanguage\":\"en-US\"},{\"@type\":\"Organization\",\"@id\":\"https:\/\/librairie7l.com\/en\/#organization\",\"name\":\"Librairie 7L\",\"url\":\"https:\/\/librairie7l.com\/en\/\",\"logo\":{\"@type\":\"ImageObject\",\"inLanguage\":\"en-US\",\"@id\":\"https:\/\/librairie7l.com\/en\/#\/schema\/logo\/image\/\",\"url\":\"https:\/\/librairie7l.com\/wp-content\/uploads\/2022\/08\/logo-1.png\",\"contentUrl\":\"https:\/\/librairie7l.com\/wp-content\/uploads\/2022\/08\/logo-1.png\",\"width\":227,\"height\":301,\"caption\":\"Librairie 7L\"},\"image\":{\"@id\":\"https:\/\/librairie7l.com\/en\/#\/schema\/logo\/image\/\"}}]}<\/script>\n<!-- \/ Yoast SEO plugin. -->","yoast_head_json":{"title":"La panth\u00e8re - Librairie 7L","robots":{"index":"index","follow":"follow","max-snippet":"max-snippet:-1","max-image-preview":"max-image-preview:large","max-video-preview":"max-video-preview:-1"},"canonical":"https:\/\/librairie7l.com\/en\/produit\/la-panthere-2\/","og_locale":"en_US","og_type":"article","og_title":"La panth\u00e8re - Librairie 7L","og_description":"Jeanne Toussaint voit le jour dans la Flandre des brodeuses, \u00e0 la fin du XIXe si\u00e8cle. Dot\u00e9e d&#8217;un go\u00fbt tr\u00e8s s\u00fbr et d&#8217;une volont\u00e9 d&#8217;acier, elle part \u00e0 la conqu\u00eate de Paris, o\u00f9 elle enflamme le coeur de Louis Cartier, qui lui enseigne les pierres pr\u00e9cieuses et les alliages myst\u00e9rieux. De leur amour naissent des [&hellip;]","og_url":"https:\/\/librairie7l.com\/en\/produit\/la-panthere-2\/","og_site_name":"Librairie 7L","article_modified_time":"2026-04-09T14:51:40+00:00","og_image":[{"width":600,"height":971,"url":"https:\/\/librairie7l.com\/wp-content\/uploads\/2011\/01\/9782253158011_1_75.jpg","type":"image\/jpeg"}],"twitter_card":"summary_large_image","twitter_misc":{"Est. reading time":"1 minute"},"schema":{"@context":"https:\/\/schema.org","@graph":[{"@type":"WebPage","@id":"https:\/\/librairie7l.com\/en\/produit\/la-panthere-2\/","url":"https:\/\/librairie7l.com\/en\/produit\/la-panthere-2\/","name":"La panth\u00e8re - Librairie 7L","isPartOf":{"@id":"https:\/\/librairie7l.com\/en\/#website"},"datePublished":"2025-06-04T07:17:40+00:00","dateModified":"2026-04-09T14:51:40+00:00","breadcrumb":{"@id":"https:\/\/librairie7l.com\/en\/produit\/la-panthere-2\/#breadcrumb"},"inLanguage":"en-US","potentialAction":[{"@type":"ReadAction","target":["https:\/\/librairie7l.com\/en\/produit\/la-panthere-2\/"]}]},{"@type":"BreadcrumbList","@id":"https:\/\/librairie7l.com\/en\/produit\/la-panthere-2\/#breadcrumb","itemListElement":[{"@type":"ListItem","position":1,"name":"Accueil","item":"https:\/\/librairie7l.com\/en\/"},{"@type":"ListItem","position":2,"name":"Shop","item":"https:\/\/librairie7l.com\/en\/shop\/"},{"@type":"ListItem","position":3,"name":"LA PANTH\u00c8RE"}]},{"@type":"WebSite","@id":"https:\/\/librairie7l.com\/en\/#website","url":"https:\/\/librairie7l.com\/en\/","name":"Librairie 7L","description":"Librairie fond\u00e9e en 1999 par Karl Lagerfeld \u00e0 Paris","publisher":{"@id":"https:\/\/librairie7l.com\/en\/#organization"},"potentialAction":[{"@type":"SearchAction","target":{"@type":"EntryPoint","urlTemplate":"https:\/\/librairie7l.com\/en\/?s={search_term_string}"},"query-input":"required name=search_term_string"}],"inLanguage":"en-US"},{"@type":"Organization","@id":"https:\/\/librairie7l.com\/en\/#organization","name":"Librairie 7L","url":"https:\/\/librairie7l.com\/en\/","logo":{"@type":"ImageObject","inLanguage":"en-US","@id":"https:\/\/librairie7l.com\/en\/#\/schema\/logo\/image\/","url":"https:\/\/librairie7l.com\/wp-content\/uploads\/2022\/08\/logo-1.png","contentUrl":"https:\/\/librairie7l.com\/wp-content\/uploads\/2022\/08\/logo-1.png","width":227,"height":301,"caption":"Librairie 7L"},"image":{"@id":"https:\/\/librairie7l.com\/en\/#\/schema\/logo\/image\/"}}]}},"_links":{"self":[{"href":"https:\/\/librairie7l.com\/en\/wp-json\/wp\/v2\/product\/48390"}],"collection":[{"href":"https:\/\/librairie7l.com\/en\/wp-json\/wp\/v2\/product"}],"about":[{"href":"https:\/\/librairie7l.com\/en\/wp-json\/wp\/v2\/types\/product"}],"wp:featuredmedia":[{"embeddable":true,"href":"https:\/\/librairie7l.com\/en\/wp-json\/wp\/v2\/media\/48388"}],"wp:attachment":[{"href":"https:\/\/librairie7l.com\/en\/wp-json\/wp\/v2\/media?parent=48390"}],"wp:term":[{"taxonomy":"product_cat","embeddable":true,"href":"https:\/\/librairie7l.com\/en\/wp-json\/wp\/v2\/product_cat?post=48390"},{"taxonomy":"product_tag","embeddable":true,"href":"https:\/\/librairie7l.com\/en\/wp-json\/wp\/v2\/product_tag?post=48390"}],"curies":[{"name":"wp","href":"https:\/\/api.w.org\/{rel}","templated":true}]}}