{"id":48398,"date":"2025-06-04T09:17:44","date_gmt":"2025-06-04T07:17:44","guid":{"rendered":"https:\/\/librairie7l.com\/?post_type=product&#038;p=48398"},"modified":"2026-04-23T17:23:06","modified_gmt":"2026-04-23T15:23:06","slug":"francois-rouan-autour-de-lempreinte-2","status":"publish","type":"product","link":"https:\/\/librairie7l.com\/en\/produit\/francois-rouan-autour-de-lempreinte-2\/","title":{"rendered":"FRAN\u00c7OIS ROUAN, AUTOUR DE L&#8217;EMPREINTE"},"content":{"rendered":"<p>N\u00e9 en 1943 \u00e0 Montpellier, l&#8217;artiste Fran\u00e7ois Rouan n&#8217;a eu de cesse d&#8217;interroger la nature de la peinture et d&#8217;en livrer sa conception unique. \u00c0 la suite de ses recherches sur les collages, il \u00e9labore sa technique du tressage, fil rouge d&#8217;une production qui accueille le souvenir et cherche \u00e0 retrouver la trace d&#8217;une humanit\u00e9 autrement myst\u00e9rieuse. Accompagnant l&#8217;exposition personnelle que lui consacre le mus\u00e9e des Beaux-Arts de Lyon \u00e0 l&#8217;\u00e9t\u00e9 2025, le catalogue interroge une oeuvre prolifique dont les monochromes agissent comme des r\u00e9v\u00e9lateurs de la pr\u00e9sence charnelle de la couleur. Les textes de l&#8217;ouvrage \u00e9tudient avec sensibilit\u00e9 et \u00e9rudition le rapport de Fran\u00e7ois Rouan \u00e0 l&#8217;alt\u00e9rit\u00e9, \u00e0 la peinture et au dessin, dressant le portrait d&#8217;un artiste contemporain qui questionne l&#8217;histoire sensible du monde et l&#8217;empreinte qu&#8217;elle laisse en chacun de nous.<\/p>\n","protected":false},"excerpt":{"rendered":"<p>N\u00e9 en 1943 \u00e0 Montpellier, l&#8217;artiste Fran\u00e7ois Rouan n&#8217;a eu de cesse d&#8217;interroger la nature de la peinture et d&#8217;en livrer sa conception unique. \u00c0 la suite de ses recherches sur les collages, il \u00e9labore sa technique du tressage, fil rouge d&#8217;une production qui accueille le souvenir et cherche \u00e0 retrouver la trace d&#8217;une humanit\u00e9 [&hellip;]<\/p>\n","protected":false},"featured_media":48396,"template":"","meta":[],"product_cat":[2948,2953],"product_tag":[],"acf":[],"yoast_head":"<!-- This site is optimized with the Yoast SEO plugin v20.11 - https:\/\/yoast.com\/wordpress\/plugins\/seo\/ -->\n<title>Fran\u00e7ois Rouan, autour de l&#039;empreinte - Librairie 7L<\/title>\n<meta name=\"robots\" content=\"index, follow, max-snippet:-1, max-image-preview:large, max-video-preview:-1\" \/>\n<link rel=\"canonical\" href=\"https:\/\/librairie7l.com\/en\/produit\/francois-rouan-autour-de-lempreinte-2\/\" \/>\n<meta property=\"og:locale\" content=\"en_US\" \/>\n<meta property=\"og:type\" content=\"article\" \/>\n<meta property=\"og:title\" content=\"Fran\u00e7ois Rouan, autour de l&#039;empreinte - Librairie 7L\" \/>\n<meta property=\"og:description\" content=\"N\u00e9 en 1943 \u00e0 Montpellier, l&#8217;artiste Fran\u00e7ois Rouan n&#8217;a eu de cesse d&#8217;interroger la nature de la peinture et d&#8217;en livrer sa conception unique. \u00c0 la suite de ses recherches sur les collages, il \u00e9labore sa technique du tressage, fil rouge d&#8217;une production qui accueille le souvenir et cherche \u00e0 retrouver la trace d&#8217;une humanit\u00e9 [&hellip;]\" \/>\n<meta property=\"og:url\" content=\"https:\/\/librairie7l.com\/en\/produit\/francois-rouan-autour-de-lempreinte-2\/\" \/>\n<meta property=\"og:site_name\" content=\"Librairie 7L\" \/>\n<meta property=\"article:modified_time\" content=\"2026-04-23T15:23:06+00:00\" \/>\n<meta property=\"og:image\" content=\"https:\/\/librairie7l.com\/wp-content\/uploads\/2025\/02\/9782370742827_1_75.jpg\" \/>\n\t<meta property=\"og:image:width\" content=\"400\" \/>\n\t<meta property=\"og:image:height\" content=\"440\" \/>\n\t<meta property=\"og:image:type\" content=\"image\/jpeg\" \/>\n<meta name=\"twitter:card\" content=\"summary_large_image\" \/>\n<meta name=\"twitter:label1\" content=\"Est. reading time\" \/>\n\t<meta name=\"twitter:data1\" content=\"1 minute\" \/>\n<script type=\"application\/ld+json\" class=\"yoast-schema-graph\">{\"@context\":\"https:\/\/schema.org\",\"@graph\":[{\"@type\":\"WebPage\",\"@id\":\"https:\/\/librairie7l.com\/en\/produit\/francois-rouan-autour-de-lempreinte-2\/\",\"url\":\"https:\/\/librairie7l.com\/en\/produit\/francois-rouan-autour-de-lempreinte-2\/\",\"name\":\"Fran\u00e7ois Rouan, autour de l'empreinte - Librairie 7L\",\"isPartOf\":{\"@id\":\"https:\/\/librairie7l.com\/en\/#website\"},\"datePublished\":\"2025-06-04T07:17:44+00:00\",\"dateModified\":\"2026-04-23T15:23:06+00:00\",\"breadcrumb\":{\"@id\":\"https:\/\/librairie7l.com\/en\/produit\/francois-rouan-autour-de-lempreinte-2\/#breadcrumb\"},\"inLanguage\":\"en-US\",\"potentialAction\":[{\"@type\":\"ReadAction\",\"target\":[\"https:\/\/librairie7l.com\/en\/produit\/francois-rouan-autour-de-lempreinte-2\/\"]}]},{\"@type\":\"BreadcrumbList\",\"@id\":\"https:\/\/librairie7l.com\/en\/produit\/francois-rouan-autour-de-lempreinte-2\/#breadcrumb\",\"itemListElement\":[{\"@type\":\"ListItem\",\"position\":1,\"name\":\"Accueil\",\"item\":\"https:\/\/librairie7l.com\/en\/\"},{\"@type\":\"ListItem\",\"position\":2,\"name\":\"Shop\",\"item\":\"https:\/\/librairie7l.com\/en\/shop\/\"},{\"@type\":\"ListItem\",\"position\":3,\"name\":\"FRAN\u00c7OIS ROUAN, AUTOUR DE L&#8217;EMPREINTE\"}]},{\"@type\":\"WebSite\",\"@id\":\"https:\/\/librairie7l.com\/en\/#website\",\"url\":\"https:\/\/librairie7l.com\/en\/\",\"name\":\"Librairie 7L\",\"description\":\"Librairie fond\u00e9e en 1999 par Karl Lagerfeld \u00e0 Paris\",\"publisher\":{\"@id\":\"https:\/\/librairie7l.com\/en\/#organization\"},\"potentialAction\":[{\"@type\":\"SearchAction\",\"target\":{\"@type\":\"EntryPoint\",\"urlTemplate\":\"https:\/\/librairie7l.com\/en\/?s={search_term_string}\"},\"query-input\":\"required name=search_term_string\"}],\"inLanguage\":\"en-US\"},{\"@type\":\"Organization\",\"@id\":\"https:\/\/librairie7l.com\/en\/#organization\",\"name\":\"Librairie 7L\",\"url\":\"https:\/\/librairie7l.com\/en\/\",\"logo\":{\"@type\":\"ImageObject\",\"inLanguage\":\"en-US\",\"@id\":\"https:\/\/librairie7l.com\/en\/#\/schema\/logo\/image\/\",\"url\":\"https:\/\/librairie7l.com\/wp-content\/uploads\/2022\/08\/logo-1.png\",\"contentUrl\":\"https:\/\/librairie7l.com\/wp-content\/uploads\/2022\/08\/logo-1.png\",\"width\":227,\"height\":301,\"caption\":\"Librairie 7L\"},\"image\":{\"@id\":\"https:\/\/librairie7l.com\/en\/#\/schema\/logo\/image\/\"}}]}<\/script>\n<!-- \/ Yoast SEO plugin. -->","yoast_head_json":{"title":"Fran\u00e7ois Rouan, autour de l'empreinte - Librairie 7L","robots":{"index":"index","follow":"follow","max-snippet":"max-snippet:-1","max-image-preview":"max-image-preview:large","max-video-preview":"max-video-preview:-1"},"canonical":"https:\/\/librairie7l.com\/en\/produit\/francois-rouan-autour-de-lempreinte-2\/","og_locale":"en_US","og_type":"article","og_title":"Fran\u00e7ois Rouan, autour de l'empreinte - Librairie 7L","og_description":"N\u00e9 en 1943 \u00e0 Montpellier, l&#8217;artiste Fran\u00e7ois Rouan n&#8217;a eu de cesse d&#8217;interroger la nature de la peinture et d&#8217;en livrer sa conception unique. \u00c0 la suite de ses recherches sur les collages, il \u00e9labore sa technique du tressage, fil rouge d&#8217;une production qui accueille le souvenir et cherche \u00e0 retrouver la trace d&#8217;une humanit\u00e9 [&hellip;]","og_url":"https:\/\/librairie7l.com\/en\/produit\/francois-rouan-autour-de-lempreinte-2\/","og_site_name":"Librairie 7L","article_modified_time":"2026-04-23T15:23:06+00:00","og_image":[{"width":400,"height":440,"url":"https:\/\/librairie7l.com\/wp-content\/uploads\/2025\/02\/9782370742827_1_75.jpg","type":"image\/jpeg"}],"twitter_card":"summary_large_image","twitter_misc":{"Est. reading time":"1 minute"},"schema":{"@context":"https:\/\/schema.org","@graph":[{"@type":"WebPage","@id":"https:\/\/librairie7l.com\/en\/produit\/francois-rouan-autour-de-lempreinte-2\/","url":"https:\/\/librairie7l.com\/en\/produit\/francois-rouan-autour-de-lempreinte-2\/","name":"Fran\u00e7ois Rouan, autour de l'empreinte - Librairie 7L","isPartOf":{"@id":"https:\/\/librairie7l.com\/en\/#website"},"datePublished":"2025-06-04T07:17:44+00:00","dateModified":"2026-04-23T15:23:06+00:00","breadcrumb":{"@id":"https:\/\/librairie7l.com\/en\/produit\/francois-rouan-autour-de-lempreinte-2\/#breadcrumb"},"inLanguage":"en-US","potentialAction":[{"@type":"ReadAction","target":["https:\/\/librairie7l.com\/en\/produit\/francois-rouan-autour-de-lempreinte-2\/"]}]},{"@type":"BreadcrumbList","@id":"https:\/\/librairie7l.com\/en\/produit\/francois-rouan-autour-de-lempreinte-2\/#breadcrumb","itemListElement":[{"@type":"ListItem","position":1,"name":"Accueil","item":"https:\/\/librairie7l.com\/en\/"},{"@type":"ListItem","position":2,"name":"Shop","item":"https:\/\/librairie7l.com\/en\/shop\/"},{"@type":"ListItem","position":3,"name":"FRAN\u00c7OIS ROUAN, AUTOUR DE L&#8217;EMPREINTE"}]},{"@type":"WebSite","@id":"https:\/\/librairie7l.com\/en\/#website","url":"https:\/\/librairie7l.com\/en\/","name":"Librairie 7L","description":"Librairie fond\u00e9e en 1999 par Karl Lagerfeld \u00e0 Paris","publisher":{"@id":"https:\/\/librairie7l.com\/en\/#organization"},"potentialAction":[{"@type":"SearchAction","target":{"@type":"EntryPoint","urlTemplate":"https:\/\/librairie7l.com\/en\/?s={search_term_string}"},"query-input":"required name=search_term_string"}],"inLanguage":"en-US"},{"@type":"Organization","@id":"https:\/\/librairie7l.com\/en\/#organization","name":"Librairie 7L","url":"https:\/\/librairie7l.com\/en\/","logo":{"@type":"ImageObject","inLanguage":"en-US","@id":"https:\/\/librairie7l.com\/en\/#\/schema\/logo\/image\/","url":"https:\/\/librairie7l.com\/wp-content\/uploads\/2022\/08\/logo-1.png","contentUrl":"https:\/\/librairie7l.com\/wp-content\/uploads\/2022\/08\/logo-1.png","width":227,"height":301,"caption":"Librairie 7L"},"image":{"@id":"https:\/\/librairie7l.com\/en\/#\/schema\/logo\/image\/"}}]}},"_links":{"self":[{"href":"https:\/\/librairie7l.com\/en\/wp-json\/wp\/v2\/product\/48398"}],"collection":[{"href":"https:\/\/librairie7l.com\/en\/wp-json\/wp\/v2\/product"}],"about":[{"href":"https:\/\/librairie7l.com\/en\/wp-json\/wp\/v2\/types\/product"}],"wp:featuredmedia":[{"embeddable":true,"href":"https:\/\/librairie7l.com\/en\/wp-json\/wp\/v2\/media\/48396"}],"wp:attachment":[{"href":"https:\/\/librairie7l.com\/en\/wp-json\/wp\/v2\/media?parent=48398"}],"wp:term":[{"taxonomy":"product_cat","embeddable":true,"href":"https:\/\/librairie7l.com\/en\/wp-json\/wp\/v2\/product_cat?post=48398"},{"taxonomy":"product_tag","embeddable":true,"href":"https:\/\/librairie7l.com\/en\/wp-json\/wp\/v2\/product_tag?post=48398"}],"curies":[{"name":"wp","href":"https:\/\/api.w.org\/{rel}","templated":true}]}}