{"id":48422,"date":"2025-06-05T09:17:44","date_gmt":"2025-06-05T07:17:44","guid":{"rendered":"https:\/\/librairie7l.com\/?post_type=product&#038;p=48422"},"modified":"2026-04-23T04:05:38","modified_gmt":"2026-04-23T02:05:38","slug":"cacher-montrer-une-histoire-des-oeuvres-invisibles-en-occident-2","status":"publish","type":"product","link":"https:\/\/librairie7l.com\/en\/produit\/cacher-montrer-une-histoire-des-oeuvres-invisibles-en-occident-2\/","title":{"rendered":"CACHER \/ MONTRER : UNE HISTOIRE DES OEUVRES INVISIBLES EN OCCIDENT"},"content":{"rendered":"<p>ll s&#8217;agit de prendre le r\u00e9cit de l&#8217;art \u00e0 rebours. Les oeuvres, consid\u00e9rons-nous, sont faites pour \u00eatre montr\u00e9es de la fa\u00e7on la plus large possible, mais, durant des mill\u00e9naires, il n&#8217;en a pas \u00e9t\u00e9 ainsi. C&#8217;est une histoire de la dissimulation voulue des oeuvres, et de la force qu&#8217;elles acqu\u00e9raient en \u00e9tant tenues \u00e9loign\u00e9es d&#8217;une admiration constante, qui est tent\u00e9e dans cet ouvrage. L&#8217;enqu\u00eate part du texte de Bataille, Lascaux ou la Naissance de l&#8217;art (1955). Elle se poursuit en \u00c9gypte, puis \u00e0 Byzance et en Occident au Moyen \u00c2ge. La Renaissance y tient une place majeure avec Van Eyck, Lotto, Giorgione, Titien, Rapha\u00ebl (La Fornarina) et L\u00e9onard &#8211; derri\u00e8re La Joconde aurait d\u00fb se trouver une version avec le mod\u00e8le nu. L&#8217;essai examine les collections du XVIIe si\u00e8cle, o\u00f9 les tableaux \u00e9taient prot\u00e9g\u00e9s par des rideaux, les \u00abboudoirs\u00bb du XVIIIe, o\u00f9 l&#8217;on conservait les oeuvres aux sujets indiscrets de Watteau, de Boucher, de Fragonard. Il chemine par les mus\u00e9es, o\u00f9 l&#8217;on prit des pr\u00e9cautions pour que le grand pubtic ne voie point d&#8217;oeuvres qui puissent choquer, et se conclut par L&#8217;Origine du monde, de Courbet, tableau qui fut accroch\u00e9, avant son arriv\u00e9e au mus\u00e9e d&#8217;Orsay, soit dans des pi\u00e8ces intimes de demeures priv\u00e9es, soit derri\u00e8re un rideau ou diverses peintures &#8211; jusqu&#8217;au \u00abcache\u00bb d&#8217;Andr\u00e9 Masson, beau-fr\u00e8re du psychanalyste Lacan qui fut le dernier propri\u00e9taire de l&#8217;oeuvre.<\/p>\n","protected":false},"excerpt":{"rendered":"<p>ll s&#8217;agit de prendre le r\u00e9cit de l&#8217;art \u00e0 rebours. Les oeuvres, consid\u00e9rons-nous, sont faites pour \u00eatre montr\u00e9es de la fa\u00e7on la plus large possible, mais, durant des mill\u00e9naires, il n&#8217;en a pas \u00e9t\u00e9 ainsi. C&#8217;est une histoire de la dissimulation voulue des oeuvres, et de la force qu&#8217;elles acqu\u00e9raient en \u00e9tant tenues \u00e9loign\u00e9es d&#8217;une [&hellip;]<\/p>\n","protected":false},"featured_media":48420,"template":"","meta":[],"product_cat":[2948,2953],"product_tag":[],"acf":[],"yoast_head":"<!-- This site is optimized with the Yoast SEO plugin v20.11 - https:\/\/yoast.com\/wordpress\/plugins\/seo\/ -->\n<title>Cacher \/ montrer : Une histoire des oeuvres invisibles en Occident - Librairie 7L<\/title>\n<meta name=\"robots\" content=\"index, follow, max-snippet:-1, max-image-preview:large, max-video-preview:-1\" \/>\n<link rel=\"canonical\" href=\"https:\/\/librairie7l.com\/en\/produit\/cacher-montrer-une-histoire-des-oeuvres-invisibles-en-occident-2\/\" \/>\n<meta property=\"og:locale\" content=\"en_US\" \/>\n<meta property=\"og:type\" content=\"article\" \/>\n<meta property=\"og:title\" content=\"Cacher \/ montrer : Une histoire des oeuvres invisibles en Occident - Librairie 7L\" \/>\n<meta property=\"og:description\" content=\"ll s&#8217;agit de prendre le r\u00e9cit de l&#8217;art \u00e0 rebours. Les oeuvres, consid\u00e9rons-nous, sont faites pour \u00eatre montr\u00e9es de la fa\u00e7on la plus large possible, mais, durant des mill\u00e9naires, il n&#8217;en a pas \u00e9t\u00e9 ainsi. C&#8217;est une histoire de la dissimulation voulue des oeuvres, et de la force qu&#8217;elles acqu\u00e9raient en \u00e9tant tenues \u00e9loign\u00e9es d&#8217;une [&hellip;]\" \/>\n<meta property=\"og:url\" content=\"https:\/\/librairie7l.com\/en\/produit\/cacher-montrer-une-histoire-des-oeuvres-invisibles-en-occident-2\/\" \/>\n<meta property=\"og:site_name\" content=\"Librairie 7L\" \/>\n<meta property=\"article:modified_time\" content=\"2026-04-23T02:05:38+00:00\" \/>\n<meta property=\"og:image\" content=\"https:\/\/librairie7l.com\/wp-content\/uploads\/2024\/12\/9782073000873_1_75.jpg\" \/>\n\t<meta property=\"og:image:width\" content=\"600\" \/>\n\t<meta property=\"og:image:height\" content=\"824\" \/>\n\t<meta property=\"og:image:type\" content=\"image\/jpeg\" \/>\n<meta name=\"twitter:card\" content=\"summary_large_image\" \/>\n<meta name=\"twitter:label1\" content=\"Est. reading time\" \/>\n\t<meta name=\"twitter:data1\" content=\"1 minute\" \/>\n<script type=\"application\/ld+json\" class=\"yoast-schema-graph\">{\"@context\":\"https:\/\/schema.org\",\"@graph\":[{\"@type\":\"WebPage\",\"@id\":\"https:\/\/librairie7l.com\/en\/produit\/cacher-montrer-une-histoire-des-oeuvres-invisibles-en-occident-2\/\",\"url\":\"https:\/\/librairie7l.com\/en\/produit\/cacher-montrer-une-histoire-des-oeuvres-invisibles-en-occident-2\/\",\"name\":\"Cacher \/ montrer : Une histoire des oeuvres invisibles en Occident - Librairie 7L\",\"isPartOf\":{\"@id\":\"https:\/\/librairie7l.com\/en\/#website\"},\"datePublished\":\"2025-06-05T07:17:44+00:00\",\"dateModified\":\"2026-04-23T02:05:38+00:00\",\"breadcrumb\":{\"@id\":\"https:\/\/librairie7l.com\/en\/produit\/cacher-montrer-une-histoire-des-oeuvres-invisibles-en-occident-2\/#breadcrumb\"},\"inLanguage\":\"en-US\",\"potentialAction\":[{\"@type\":\"ReadAction\",\"target\":[\"https:\/\/librairie7l.com\/en\/produit\/cacher-montrer-une-histoire-des-oeuvres-invisibles-en-occident-2\/\"]}]},{\"@type\":\"BreadcrumbList\",\"@id\":\"https:\/\/librairie7l.com\/en\/produit\/cacher-montrer-une-histoire-des-oeuvres-invisibles-en-occident-2\/#breadcrumb\",\"itemListElement\":[{\"@type\":\"ListItem\",\"position\":1,\"name\":\"Accueil\",\"item\":\"https:\/\/librairie7l.com\/en\/\"},{\"@type\":\"ListItem\",\"position\":2,\"name\":\"Shop\",\"item\":\"https:\/\/librairie7l.com\/en\/shop\/\"},{\"@type\":\"ListItem\",\"position\":3,\"name\":\"CACHER \/ MONTRER : UNE HISTOIRE DES OEUVRES INVISIBLES EN OCCIDENT\"}]},{\"@type\":\"WebSite\",\"@id\":\"https:\/\/librairie7l.com\/en\/#website\",\"url\":\"https:\/\/librairie7l.com\/en\/\",\"name\":\"Librairie 7L\",\"description\":\"Librairie fond\u00e9e en 1999 par Karl Lagerfeld \u00e0 Paris\",\"publisher\":{\"@id\":\"https:\/\/librairie7l.com\/en\/#organization\"},\"potentialAction\":[{\"@type\":\"SearchAction\",\"target\":{\"@type\":\"EntryPoint\",\"urlTemplate\":\"https:\/\/librairie7l.com\/en\/?s={search_term_string}\"},\"query-input\":\"required name=search_term_string\"}],\"inLanguage\":\"en-US\"},{\"@type\":\"Organization\",\"@id\":\"https:\/\/librairie7l.com\/en\/#organization\",\"name\":\"Librairie 7L\",\"url\":\"https:\/\/librairie7l.com\/en\/\",\"logo\":{\"@type\":\"ImageObject\",\"inLanguage\":\"en-US\",\"@id\":\"https:\/\/librairie7l.com\/en\/#\/schema\/logo\/image\/\",\"url\":\"https:\/\/librairie7l.com\/wp-content\/uploads\/2022\/08\/logo-1.png\",\"contentUrl\":\"https:\/\/librairie7l.com\/wp-content\/uploads\/2022\/08\/logo-1.png\",\"width\":227,\"height\":301,\"caption\":\"Librairie 7L\"},\"image\":{\"@id\":\"https:\/\/librairie7l.com\/en\/#\/schema\/logo\/image\/\"}}]}<\/script>\n<!-- \/ Yoast SEO plugin. -->","yoast_head_json":{"title":"Cacher \/ montrer : Une histoire des oeuvres invisibles en Occident - Librairie 7L","robots":{"index":"index","follow":"follow","max-snippet":"max-snippet:-1","max-image-preview":"max-image-preview:large","max-video-preview":"max-video-preview:-1"},"canonical":"https:\/\/librairie7l.com\/en\/produit\/cacher-montrer-une-histoire-des-oeuvres-invisibles-en-occident-2\/","og_locale":"en_US","og_type":"article","og_title":"Cacher \/ montrer : Une histoire des oeuvres invisibles en Occident - Librairie 7L","og_description":"ll s&#8217;agit de prendre le r\u00e9cit de l&#8217;art \u00e0 rebours. Les oeuvres, consid\u00e9rons-nous, sont faites pour \u00eatre montr\u00e9es de la fa\u00e7on la plus large possible, mais, durant des mill\u00e9naires, il n&#8217;en a pas \u00e9t\u00e9 ainsi. C&#8217;est une histoire de la dissimulation voulue des oeuvres, et de la force qu&#8217;elles acqu\u00e9raient en \u00e9tant tenues \u00e9loign\u00e9es d&#8217;une [&hellip;]","og_url":"https:\/\/librairie7l.com\/en\/produit\/cacher-montrer-une-histoire-des-oeuvres-invisibles-en-occident-2\/","og_site_name":"Librairie 7L","article_modified_time":"2026-04-23T02:05:38+00:00","og_image":[{"width":600,"height":824,"url":"https:\/\/librairie7l.com\/wp-content\/uploads\/2024\/12\/9782073000873_1_75.jpg","type":"image\/jpeg"}],"twitter_card":"summary_large_image","twitter_misc":{"Est. reading time":"1 minute"},"schema":{"@context":"https:\/\/schema.org","@graph":[{"@type":"WebPage","@id":"https:\/\/librairie7l.com\/en\/produit\/cacher-montrer-une-histoire-des-oeuvres-invisibles-en-occident-2\/","url":"https:\/\/librairie7l.com\/en\/produit\/cacher-montrer-une-histoire-des-oeuvres-invisibles-en-occident-2\/","name":"Cacher \/ montrer : Une histoire des oeuvres invisibles en Occident - Librairie 7L","isPartOf":{"@id":"https:\/\/librairie7l.com\/en\/#website"},"datePublished":"2025-06-05T07:17:44+00:00","dateModified":"2026-04-23T02:05:38+00:00","breadcrumb":{"@id":"https:\/\/librairie7l.com\/en\/produit\/cacher-montrer-une-histoire-des-oeuvres-invisibles-en-occident-2\/#breadcrumb"},"inLanguage":"en-US","potentialAction":[{"@type":"ReadAction","target":["https:\/\/librairie7l.com\/en\/produit\/cacher-montrer-une-histoire-des-oeuvres-invisibles-en-occident-2\/"]}]},{"@type":"BreadcrumbList","@id":"https:\/\/librairie7l.com\/en\/produit\/cacher-montrer-une-histoire-des-oeuvres-invisibles-en-occident-2\/#breadcrumb","itemListElement":[{"@type":"ListItem","position":1,"name":"Accueil","item":"https:\/\/librairie7l.com\/en\/"},{"@type":"ListItem","position":2,"name":"Shop","item":"https:\/\/librairie7l.com\/en\/shop\/"},{"@type":"ListItem","position":3,"name":"CACHER \/ MONTRER : UNE HISTOIRE DES OEUVRES INVISIBLES EN OCCIDENT"}]},{"@type":"WebSite","@id":"https:\/\/librairie7l.com\/en\/#website","url":"https:\/\/librairie7l.com\/en\/","name":"Librairie 7L","description":"Librairie fond\u00e9e en 1999 par Karl Lagerfeld \u00e0 Paris","publisher":{"@id":"https:\/\/librairie7l.com\/en\/#organization"},"potentialAction":[{"@type":"SearchAction","target":{"@type":"EntryPoint","urlTemplate":"https:\/\/librairie7l.com\/en\/?s={search_term_string}"},"query-input":"required name=search_term_string"}],"inLanguage":"en-US"},{"@type":"Organization","@id":"https:\/\/librairie7l.com\/en\/#organization","name":"Librairie 7L","url":"https:\/\/librairie7l.com\/en\/","logo":{"@type":"ImageObject","inLanguage":"en-US","@id":"https:\/\/librairie7l.com\/en\/#\/schema\/logo\/image\/","url":"https:\/\/librairie7l.com\/wp-content\/uploads\/2022\/08\/logo-1.png","contentUrl":"https:\/\/librairie7l.com\/wp-content\/uploads\/2022\/08\/logo-1.png","width":227,"height":301,"caption":"Librairie 7L"},"image":{"@id":"https:\/\/librairie7l.com\/en\/#\/schema\/logo\/image\/"}}]}},"_links":{"self":[{"href":"https:\/\/librairie7l.com\/en\/wp-json\/wp\/v2\/product\/48422"}],"collection":[{"href":"https:\/\/librairie7l.com\/en\/wp-json\/wp\/v2\/product"}],"about":[{"href":"https:\/\/librairie7l.com\/en\/wp-json\/wp\/v2\/types\/product"}],"wp:featuredmedia":[{"embeddable":true,"href":"https:\/\/librairie7l.com\/en\/wp-json\/wp\/v2\/media\/48420"}],"wp:attachment":[{"href":"https:\/\/librairie7l.com\/en\/wp-json\/wp\/v2\/media?parent=48422"}],"wp:term":[{"taxonomy":"product_cat","embeddable":true,"href":"https:\/\/librairie7l.com\/en\/wp-json\/wp\/v2\/product_cat?post=48422"},{"taxonomy":"product_tag","embeddable":true,"href":"https:\/\/librairie7l.com\/en\/wp-json\/wp\/v2\/product_tag?post=48422"}],"curies":[{"name":"wp","href":"https:\/\/api.w.org\/{rel}","templated":true}]}}