{"id":48426,"date":"2025-06-05T09:17:47","date_gmt":"2025-06-05T07:17:47","guid":{"rendered":"https:\/\/librairie7l.com\/?post_type=product&#038;p=48426"},"modified":"2026-04-09T15:03:59","modified_gmt":"2026-04-09T13:03:59","slug":"12-couturieres-qui-ont-change-lhistoire-2","status":"publish","type":"product","link":"https:\/\/librairie7l.com\/en\/produit\/12-couturieres-qui-ont-change-lhistoire-2\/","title":{"rendered":"12 COUTURI\u00c8RES QUI ONT CHANG\u00c9 L&#8217;HISTOIRE"},"content":{"rendered":"<p>En habillant leur \u00e9poque, 12 couturi\u00e8res ont \u00e9crit, chacune, une page d&#8217;Histoire. Plus qu&#8217;une griffe, elles ont laiss\u00e9 une marque et leurs noms sont inscrits \u00e0 jamais dans les m\u00e9moires : Rose Bertin (la couturi\u00e8re de la reine Marie-Antoinette), Jeanne Paquin, Jeanne Lanvin, Madeleine Vionnet, Coco Chanel, Elsa Schiaparelli, Nina Ricci, Madame Gr\u00e8s, Carven, Sonia Rykiel, Vivienne Westwood, Miuccia Prada.<\/p>\n<p>Modiste royale, couturi\u00e8res de g\u00e9nie, stylistes embl\u00e9matiques&#8230; chacune \u00e0 sa mani\u00e8re, arbitre de la mode, a trouv\u00e9 le droit fil et s&#8217;est jou\u00e9e des coups d&#8217;\u00e9pingles du destin. Pionni\u00e8res, combatives, elles ont aliment\u00e9 les passions, impos\u00e9 des codes vestimentaires, bris\u00e9 des tabous. Leurs vies constituent un d\u00e9fil\u00e9 de drames, de rivalit\u00e9s et de passions.<\/p>\n","protected":false},"excerpt":{"rendered":"<p>En habillant leur \u00e9poque, 12 couturi\u00e8res ont \u00e9crit, chacune, une page d&#8217;Histoire. Plus qu&#8217;une griffe, elles ont laiss\u00e9 une marque et leurs noms sont inscrits \u00e0 jamais dans les m\u00e9moires : Rose Bertin (la couturi\u00e8re de la reine Marie-Antoinette), Jeanne Paquin, Jeanne Lanvin, Madeleine Vionnet, Coco Chanel, Elsa Schiaparelli, Nina Ricci, Madame Gr\u00e8s, Carven, Sonia [&hellip;]<\/p>\n","protected":false},"featured_media":48424,"template":"","meta":[],"product_cat":[2948,2957],"product_tag":[],"acf":[],"yoast_head":"<!-- This site is optimized with the Yoast SEO plugin v20.11 - https:\/\/yoast.com\/wordpress\/plugins\/seo\/ -->\n<title>12 couturi\u00e8res qui ont chang\u00e9 l&#039;histoire - Librairie 7L<\/title>\n<meta name=\"robots\" content=\"index, follow, max-snippet:-1, max-image-preview:large, max-video-preview:-1\" \/>\n<link rel=\"canonical\" href=\"https:\/\/librairie7l.com\/en\/produit\/12-couturieres-qui-ont-change-lhistoire-2\/\" \/>\n<meta property=\"og:locale\" content=\"en_US\" \/>\n<meta property=\"og:type\" content=\"article\" \/>\n<meta property=\"og:title\" content=\"12 couturi\u00e8res qui ont chang\u00e9 l&#039;histoire - Librairie 7L\" \/>\n<meta property=\"og:description\" content=\"En habillant leur \u00e9poque, 12 couturi\u00e8res ont \u00e9crit, chacune, une page d&#8217;Histoire. Plus qu&#8217;une griffe, elles ont laiss\u00e9 une marque et leurs noms sont inscrits \u00e0 jamais dans les m\u00e9moires : Rose Bertin (la couturi\u00e8re de la reine Marie-Antoinette), Jeanne Paquin, Jeanne Lanvin, Madeleine Vionnet, Coco Chanel, Elsa Schiaparelli, Nina Ricci, Madame Gr\u00e8s, Carven, Sonia [&hellip;]\" \/>\n<meta property=\"og:url\" content=\"https:\/\/librairie7l.com\/en\/produit\/12-couturieres-qui-ont-change-lhistoire-2\/\" \/>\n<meta property=\"og:site_name\" content=\"Librairie 7L\" \/>\n<meta property=\"article:modified_time\" content=\"2026-04-09T13:03:59+00:00\" \/>\n<meta property=\"og:image\" content=\"https:\/\/librairie7l.com\/wp-content\/uploads\/2025\/01\/9782416019081_1_75.jpg\" \/>\n\t<meta property=\"og:image:width\" content=\"600\" \/>\n\t<meta property=\"og:image:height\" content=\"992\" \/>\n\t<meta property=\"og:image:type\" content=\"image\/jpeg\" \/>\n<meta name=\"twitter:card\" content=\"summary_large_image\" \/>\n<meta name=\"twitter:label1\" content=\"Est. reading time\" \/>\n\t<meta name=\"twitter:data1\" content=\"1 minute\" \/>\n<script type=\"application\/ld+json\" class=\"yoast-schema-graph\">{\"@context\":\"https:\/\/schema.org\",\"@graph\":[{\"@type\":\"WebPage\",\"@id\":\"https:\/\/librairie7l.com\/en\/produit\/12-couturieres-qui-ont-change-lhistoire-2\/\",\"url\":\"https:\/\/librairie7l.com\/en\/produit\/12-couturieres-qui-ont-change-lhistoire-2\/\",\"name\":\"12 couturi\u00e8res qui ont chang\u00e9 l'histoire - Librairie 7L\",\"isPartOf\":{\"@id\":\"https:\/\/librairie7l.com\/en\/#website\"},\"datePublished\":\"2025-06-05T07:17:47+00:00\",\"dateModified\":\"2026-04-09T13:03:59+00:00\",\"breadcrumb\":{\"@id\":\"https:\/\/librairie7l.com\/en\/produit\/12-couturieres-qui-ont-change-lhistoire-2\/#breadcrumb\"},\"inLanguage\":\"en-US\",\"potentialAction\":[{\"@type\":\"ReadAction\",\"target\":[\"https:\/\/librairie7l.com\/en\/produit\/12-couturieres-qui-ont-change-lhistoire-2\/\"]}]},{\"@type\":\"BreadcrumbList\",\"@id\":\"https:\/\/librairie7l.com\/en\/produit\/12-couturieres-qui-ont-change-lhistoire-2\/#breadcrumb\",\"itemListElement\":[{\"@type\":\"ListItem\",\"position\":1,\"name\":\"Accueil\",\"item\":\"https:\/\/librairie7l.com\/en\/\"},{\"@type\":\"ListItem\",\"position\":2,\"name\":\"Shop\",\"item\":\"https:\/\/librairie7l.com\/en\/shop\/\"},{\"@type\":\"ListItem\",\"position\":3,\"name\":\"12 COUTURI\u00c8RES QUI ONT CHANG\u00c9 L&#8217;HISTOIRE\"}]},{\"@type\":\"WebSite\",\"@id\":\"https:\/\/librairie7l.com\/en\/#website\",\"url\":\"https:\/\/librairie7l.com\/en\/\",\"name\":\"Librairie 7L\",\"description\":\"Librairie fond\u00e9e en 1999 par Karl Lagerfeld \u00e0 Paris\",\"publisher\":{\"@id\":\"https:\/\/librairie7l.com\/en\/#organization\"},\"potentialAction\":[{\"@type\":\"SearchAction\",\"target\":{\"@type\":\"EntryPoint\",\"urlTemplate\":\"https:\/\/librairie7l.com\/en\/?s={search_term_string}\"},\"query-input\":\"required name=search_term_string\"}],\"inLanguage\":\"en-US\"},{\"@type\":\"Organization\",\"@id\":\"https:\/\/librairie7l.com\/en\/#organization\",\"name\":\"Librairie 7L\",\"url\":\"https:\/\/librairie7l.com\/en\/\",\"logo\":{\"@type\":\"ImageObject\",\"inLanguage\":\"en-US\",\"@id\":\"https:\/\/librairie7l.com\/en\/#\/schema\/logo\/image\/\",\"url\":\"https:\/\/librairie7l.com\/wp-content\/uploads\/2022\/08\/logo-1.png\",\"contentUrl\":\"https:\/\/librairie7l.com\/wp-content\/uploads\/2022\/08\/logo-1.png\",\"width\":227,\"height\":301,\"caption\":\"Librairie 7L\"},\"image\":{\"@id\":\"https:\/\/librairie7l.com\/en\/#\/schema\/logo\/image\/\"}}]}<\/script>\n<!-- \/ Yoast SEO plugin. -->","yoast_head_json":{"title":"12 couturi\u00e8res qui ont chang\u00e9 l'histoire - Librairie 7L","robots":{"index":"index","follow":"follow","max-snippet":"max-snippet:-1","max-image-preview":"max-image-preview:large","max-video-preview":"max-video-preview:-1"},"canonical":"https:\/\/librairie7l.com\/en\/produit\/12-couturieres-qui-ont-change-lhistoire-2\/","og_locale":"en_US","og_type":"article","og_title":"12 couturi\u00e8res qui ont chang\u00e9 l'histoire - Librairie 7L","og_description":"En habillant leur \u00e9poque, 12 couturi\u00e8res ont \u00e9crit, chacune, une page d&#8217;Histoire. Plus qu&#8217;une griffe, elles ont laiss\u00e9 une marque et leurs noms sont inscrits \u00e0 jamais dans les m\u00e9moires : Rose Bertin (la couturi\u00e8re de la reine Marie-Antoinette), Jeanne Paquin, Jeanne Lanvin, Madeleine Vionnet, Coco Chanel, Elsa Schiaparelli, Nina Ricci, Madame Gr\u00e8s, Carven, Sonia [&hellip;]","og_url":"https:\/\/librairie7l.com\/en\/produit\/12-couturieres-qui-ont-change-lhistoire-2\/","og_site_name":"Librairie 7L","article_modified_time":"2026-04-09T13:03:59+00:00","og_image":[{"width":600,"height":992,"url":"https:\/\/librairie7l.com\/wp-content\/uploads\/2025\/01\/9782416019081_1_75.jpg","type":"image\/jpeg"}],"twitter_card":"summary_large_image","twitter_misc":{"Est. reading time":"1 minute"},"schema":{"@context":"https:\/\/schema.org","@graph":[{"@type":"WebPage","@id":"https:\/\/librairie7l.com\/en\/produit\/12-couturieres-qui-ont-change-lhistoire-2\/","url":"https:\/\/librairie7l.com\/en\/produit\/12-couturieres-qui-ont-change-lhistoire-2\/","name":"12 couturi\u00e8res qui ont chang\u00e9 l'histoire - Librairie 7L","isPartOf":{"@id":"https:\/\/librairie7l.com\/en\/#website"},"datePublished":"2025-06-05T07:17:47+00:00","dateModified":"2026-04-09T13:03:59+00:00","breadcrumb":{"@id":"https:\/\/librairie7l.com\/en\/produit\/12-couturieres-qui-ont-change-lhistoire-2\/#breadcrumb"},"inLanguage":"en-US","potentialAction":[{"@type":"ReadAction","target":["https:\/\/librairie7l.com\/en\/produit\/12-couturieres-qui-ont-change-lhistoire-2\/"]}]},{"@type":"BreadcrumbList","@id":"https:\/\/librairie7l.com\/en\/produit\/12-couturieres-qui-ont-change-lhistoire-2\/#breadcrumb","itemListElement":[{"@type":"ListItem","position":1,"name":"Accueil","item":"https:\/\/librairie7l.com\/en\/"},{"@type":"ListItem","position":2,"name":"Shop","item":"https:\/\/librairie7l.com\/en\/shop\/"},{"@type":"ListItem","position":3,"name":"12 COUTURI\u00c8RES QUI ONT CHANG\u00c9 L&#8217;HISTOIRE"}]},{"@type":"WebSite","@id":"https:\/\/librairie7l.com\/en\/#website","url":"https:\/\/librairie7l.com\/en\/","name":"Librairie 7L","description":"Librairie fond\u00e9e en 1999 par Karl Lagerfeld \u00e0 Paris","publisher":{"@id":"https:\/\/librairie7l.com\/en\/#organization"},"potentialAction":[{"@type":"SearchAction","target":{"@type":"EntryPoint","urlTemplate":"https:\/\/librairie7l.com\/en\/?s={search_term_string}"},"query-input":"required name=search_term_string"}],"inLanguage":"en-US"},{"@type":"Organization","@id":"https:\/\/librairie7l.com\/en\/#organization","name":"Librairie 7L","url":"https:\/\/librairie7l.com\/en\/","logo":{"@type":"ImageObject","inLanguage":"en-US","@id":"https:\/\/librairie7l.com\/en\/#\/schema\/logo\/image\/","url":"https:\/\/librairie7l.com\/wp-content\/uploads\/2022\/08\/logo-1.png","contentUrl":"https:\/\/librairie7l.com\/wp-content\/uploads\/2022\/08\/logo-1.png","width":227,"height":301,"caption":"Librairie 7L"},"image":{"@id":"https:\/\/librairie7l.com\/en\/#\/schema\/logo\/image\/"}}]}},"_links":{"self":[{"href":"https:\/\/librairie7l.com\/en\/wp-json\/wp\/v2\/product\/48426"}],"collection":[{"href":"https:\/\/librairie7l.com\/en\/wp-json\/wp\/v2\/product"}],"about":[{"href":"https:\/\/librairie7l.com\/en\/wp-json\/wp\/v2\/types\/product"}],"wp:featuredmedia":[{"embeddable":true,"href":"https:\/\/librairie7l.com\/en\/wp-json\/wp\/v2\/media\/48424"}],"wp:attachment":[{"href":"https:\/\/librairie7l.com\/en\/wp-json\/wp\/v2\/media?parent=48426"}],"wp:term":[{"taxonomy":"product_cat","embeddable":true,"href":"https:\/\/librairie7l.com\/en\/wp-json\/wp\/v2\/product_cat?post=48426"},{"taxonomy":"product_tag","embeddable":true,"href":"https:\/\/librairie7l.com\/en\/wp-json\/wp\/v2\/product_tag?post=48426"}],"curies":[{"name":"wp","href":"https:\/\/api.w.org\/{rel}","templated":true}]}}