{"id":48430,"date":"2025-06-05T09:17:49","date_gmt":"2025-06-05T07:17:49","guid":{"rendered":"https:\/\/librairie7l.com\/?post_type=product&#038;p=48430"},"modified":"2026-04-23T04:02:41","modified_gmt":"2026-04-23T02:02:41","slug":"pompei-un-art-de-vivre-2","status":"publish","type":"product","link":"https:\/\/librairie7l.com\/en\/produit\/pompei-un-art-de-vivre-2\/","title":{"rendered":"POMP\u00c9I, UN ART DE VIVRE"},"content":{"rendered":"<p>Si les monuments publics de l&#8217;Empire romain, th\u00e9\u00e2tres, amphith\u00e9\u00e2tres, thermes, temples sont nombreux et souvent en bon \u00e9tat de conservation, les maisons, en dehors de celles retrouv\u00e9es ensevelies par le V\u00e9suve le 24 ao\u00fbt 79 \u00e0 Pomp\u00e9i, Herculanum, Oplontis et Stabies, sont tr\u00e8s rares. Ces villas continuent \u00e0 nous \u00e9merveiller par leur \u00e9tat de conservation. Leurs infrastructures, l&#8217;eau courante, la distribution de la chaleur, le tout-\u00e0-l&#8217;\u00e9gout, l&#8217;int\u00e9gration des espaces verts, jusqu&#8217;aux formes des objets quotidiens, sont d&#8217;une modernit\u00e9 spectaculaire. L&#8217;exposition consacr\u00e9e \u00e0 Pomp\u00e9i, pr\u00e9sent\u00e9e au mus\u00e9e Maillol et con\u00e7ue par Patrizia Nitti, directeur artistique, en accord avec Olivier Lorquin, pr\u00e9sident du mus\u00e9e, s&#8217;attache \u00e0 montrer la modernit\u00e9 de la civilisation romaine, socle et m\u00e9moire incontournable de notre culture occidentale. La sc\u00e9nographie reconstitue une Domus Pompeiana, une villa pomp\u00e9ienne. Le visiteur circule ainsi dans cette villa comme si elle \u00e9tait sienne, parcourant l&#8217;Atrium (le portique), le Triclinium (salle \u00e0 manger), l&#8217;autel, la salle de bain, la cuisine., cr\u00e9ant pour un instant l&#8217;illusion, malgr\u00e9 les 2 000 ans qui nous s\u00e9parent, d&#8217;\u00eatre les contemporains des ma\u00eetres de maison. Chaque pi\u00e8ce sera orn\u00e9e de fresques et tous les objets usuels s&#8217;y trouveront. Plus de deux cents oeuvres venant de Pomp\u00e9i seront ainsi pr\u00e9sent\u00e9es.<\/p>\n","protected":false},"excerpt":{"rendered":"<p>Si les monuments publics de l&#8217;Empire romain, th\u00e9\u00e2tres, amphith\u00e9\u00e2tres, thermes, temples sont nombreux et souvent en bon \u00e9tat de conservation, les maisons, en dehors de celles retrouv\u00e9es ensevelies par le V\u00e9suve le 24 ao\u00fbt 79 \u00e0 Pomp\u00e9i, Herculanum, Oplontis et Stabies, sont tr\u00e8s rares. Ces villas continuent \u00e0 nous \u00e9merveiller par leur \u00e9tat de conservation. [&hellip;]<\/p>\n","protected":false},"featured_media":48428,"template":"","meta":[],"product_cat":[2948,2953],"product_tag":[],"acf":[],"yoast_head":"<!-- This site is optimized with the Yoast SEO plugin v20.11 - https:\/\/yoast.com\/wordpress\/plugins\/seo\/ -->\n<title>Pomp\u00e9i, un art de vivre - Librairie 7L<\/title>\n<meta name=\"robots\" content=\"index, follow, max-snippet:-1, max-image-preview:large, max-video-preview:-1\" \/>\n<link rel=\"canonical\" href=\"https:\/\/librairie7l.com\/en\/produit\/pompei-un-art-de-vivre-2\/\" \/>\n<meta property=\"og:locale\" content=\"en_US\" \/>\n<meta property=\"og:type\" content=\"article\" \/>\n<meta property=\"og:title\" content=\"Pomp\u00e9i, un art de vivre - Librairie 7L\" \/>\n<meta property=\"og:description\" content=\"Si les monuments publics de l&#8217;Empire romain, th\u00e9\u00e2tres, amphith\u00e9\u00e2tres, thermes, temples sont nombreux et souvent en bon \u00e9tat de conservation, les maisons, en dehors de celles retrouv\u00e9es ensevelies par le V\u00e9suve le 24 ao\u00fbt 79 \u00e0 Pomp\u00e9i, Herculanum, Oplontis et Stabies, sont tr\u00e8s rares. Ces villas continuent \u00e0 nous \u00e9merveiller par leur \u00e9tat de conservation. [&hellip;]\" \/>\n<meta property=\"og:url\" content=\"https:\/\/librairie7l.com\/en\/produit\/pompei-un-art-de-vivre-2\/\" \/>\n<meta property=\"og:site_name\" content=\"Librairie 7L\" \/>\n<meta property=\"article:modified_time\" content=\"2026-04-23T02:02:41+00:00\" \/>\n<meta property=\"og:image\" content=\"https:\/\/librairie7l.com\/wp-content\/uploads\/2011\/05\/9782070135226_1_75.jpg\" \/>\n\t<meta property=\"og:image:width\" content=\"772\" \/>\n\t<meta property=\"og:image:height\" content=\"600\" \/>\n\t<meta property=\"og:image:type\" content=\"image\/jpeg\" \/>\n<meta name=\"twitter:card\" content=\"summary_large_image\" \/>\n<meta name=\"twitter:label1\" content=\"Est. reading time\" \/>\n\t<meta name=\"twitter:data1\" content=\"1 minute\" \/>\n<script type=\"application\/ld+json\" class=\"yoast-schema-graph\">{\"@context\":\"https:\/\/schema.org\",\"@graph\":[{\"@type\":\"WebPage\",\"@id\":\"https:\/\/librairie7l.com\/en\/produit\/pompei-un-art-de-vivre-2\/\",\"url\":\"https:\/\/librairie7l.com\/en\/produit\/pompei-un-art-de-vivre-2\/\",\"name\":\"Pomp\u00e9i, un art de vivre - Librairie 7L\",\"isPartOf\":{\"@id\":\"https:\/\/librairie7l.com\/en\/#website\"},\"datePublished\":\"2025-06-05T07:17:49+00:00\",\"dateModified\":\"2026-04-23T02:02:41+00:00\",\"breadcrumb\":{\"@id\":\"https:\/\/librairie7l.com\/en\/produit\/pompei-un-art-de-vivre-2\/#breadcrumb\"},\"inLanguage\":\"en-US\",\"potentialAction\":[{\"@type\":\"ReadAction\",\"target\":[\"https:\/\/librairie7l.com\/en\/produit\/pompei-un-art-de-vivre-2\/\"]}]},{\"@type\":\"BreadcrumbList\",\"@id\":\"https:\/\/librairie7l.com\/en\/produit\/pompei-un-art-de-vivre-2\/#breadcrumb\",\"itemListElement\":[{\"@type\":\"ListItem\",\"position\":1,\"name\":\"Accueil\",\"item\":\"https:\/\/librairie7l.com\/en\/\"},{\"@type\":\"ListItem\",\"position\":2,\"name\":\"Shop\",\"item\":\"https:\/\/librairie7l.com\/en\/shop\/\"},{\"@type\":\"ListItem\",\"position\":3,\"name\":\"POMP\u00c9I, UN ART DE VIVRE\"}]},{\"@type\":\"WebSite\",\"@id\":\"https:\/\/librairie7l.com\/en\/#website\",\"url\":\"https:\/\/librairie7l.com\/en\/\",\"name\":\"Librairie 7L\",\"description\":\"Librairie fond\u00e9e en 1999 par Karl Lagerfeld \u00e0 Paris\",\"publisher\":{\"@id\":\"https:\/\/librairie7l.com\/en\/#organization\"},\"potentialAction\":[{\"@type\":\"SearchAction\",\"target\":{\"@type\":\"EntryPoint\",\"urlTemplate\":\"https:\/\/librairie7l.com\/en\/?s={search_term_string}\"},\"query-input\":\"required name=search_term_string\"}],\"inLanguage\":\"en-US\"},{\"@type\":\"Organization\",\"@id\":\"https:\/\/librairie7l.com\/en\/#organization\",\"name\":\"Librairie 7L\",\"url\":\"https:\/\/librairie7l.com\/en\/\",\"logo\":{\"@type\":\"ImageObject\",\"inLanguage\":\"en-US\",\"@id\":\"https:\/\/librairie7l.com\/en\/#\/schema\/logo\/image\/\",\"url\":\"https:\/\/librairie7l.com\/wp-content\/uploads\/2022\/08\/logo-1.png\",\"contentUrl\":\"https:\/\/librairie7l.com\/wp-content\/uploads\/2022\/08\/logo-1.png\",\"width\":227,\"height\":301,\"caption\":\"Librairie 7L\"},\"image\":{\"@id\":\"https:\/\/librairie7l.com\/en\/#\/schema\/logo\/image\/\"}}]}<\/script>\n<!-- \/ Yoast SEO plugin. -->","yoast_head_json":{"title":"Pomp\u00e9i, un art de vivre - Librairie 7L","robots":{"index":"index","follow":"follow","max-snippet":"max-snippet:-1","max-image-preview":"max-image-preview:large","max-video-preview":"max-video-preview:-1"},"canonical":"https:\/\/librairie7l.com\/en\/produit\/pompei-un-art-de-vivre-2\/","og_locale":"en_US","og_type":"article","og_title":"Pomp\u00e9i, un art de vivre - Librairie 7L","og_description":"Si les monuments publics de l&#8217;Empire romain, th\u00e9\u00e2tres, amphith\u00e9\u00e2tres, thermes, temples sont nombreux et souvent en bon \u00e9tat de conservation, les maisons, en dehors de celles retrouv\u00e9es ensevelies par le V\u00e9suve le 24 ao\u00fbt 79 \u00e0 Pomp\u00e9i, Herculanum, Oplontis et Stabies, sont tr\u00e8s rares. Ces villas continuent \u00e0 nous \u00e9merveiller par leur \u00e9tat de conservation. [&hellip;]","og_url":"https:\/\/librairie7l.com\/en\/produit\/pompei-un-art-de-vivre-2\/","og_site_name":"Librairie 7L","article_modified_time":"2026-04-23T02:02:41+00:00","og_image":[{"width":772,"height":600,"url":"https:\/\/librairie7l.com\/wp-content\/uploads\/2011\/05\/9782070135226_1_75.jpg","type":"image\/jpeg"}],"twitter_card":"summary_large_image","twitter_misc":{"Est. reading time":"1 minute"},"schema":{"@context":"https:\/\/schema.org","@graph":[{"@type":"WebPage","@id":"https:\/\/librairie7l.com\/en\/produit\/pompei-un-art-de-vivre-2\/","url":"https:\/\/librairie7l.com\/en\/produit\/pompei-un-art-de-vivre-2\/","name":"Pomp\u00e9i, un art de vivre - Librairie 7L","isPartOf":{"@id":"https:\/\/librairie7l.com\/en\/#website"},"datePublished":"2025-06-05T07:17:49+00:00","dateModified":"2026-04-23T02:02:41+00:00","breadcrumb":{"@id":"https:\/\/librairie7l.com\/en\/produit\/pompei-un-art-de-vivre-2\/#breadcrumb"},"inLanguage":"en-US","potentialAction":[{"@type":"ReadAction","target":["https:\/\/librairie7l.com\/en\/produit\/pompei-un-art-de-vivre-2\/"]}]},{"@type":"BreadcrumbList","@id":"https:\/\/librairie7l.com\/en\/produit\/pompei-un-art-de-vivre-2\/#breadcrumb","itemListElement":[{"@type":"ListItem","position":1,"name":"Accueil","item":"https:\/\/librairie7l.com\/en\/"},{"@type":"ListItem","position":2,"name":"Shop","item":"https:\/\/librairie7l.com\/en\/shop\/"},{"@type":"ListItem","position":3,"name":"POMP\u00c9I, UN ART DE VIVRE"}]},{"@type":"WebSite","@id":"https:\/\/librairie7l.com\/en\/#website","url":"https:\/\/librairie7l.com\/en\/","name":"Librairie 7L","description":"Librairie fond\u00e9e en 1999 par Karl Lagerfeld \u00e0 Paris","publisher":{"@id":"https:\/\/librairie7l.com\/en\/#organization"},"potentialAction":[{"@type":"SearchAction","target":{"@type":"EntryPoint","urlTemplate":"https:\/\/librairie7l.com\/en\/?s={search_term_string}"},"query-input":"required name=search_term_string"}],"inLanguage":"en-US"},{"@type":"Organization","@id":"https:\/\/librairie7l.com\/en\/#organization","name":"Librairie 7L","url":"https:\/\/librairie7l.com\/en\/","logo":{"@type":"ImageObject","inLanguage":"en-US","@id":"https:\/\/librairie7l.com\/en\/#\/schema\/logo\/image\/","url":"https:\/\/librairie7l.com\/wp-content\/uploads\/2022\/08\/logo-1.png","contentUrl":"https:\/\/librairie7l.com\/wp-content\/uploads\/2022\/08\/logo-1.png","width":227,"height":301,"caption":"Librairie 7L"},"image":{"@id":"https:\/\/librairie7l.com\/en\/#\/schema\/logo\/image\/"}}]}},"_links":{"self":[{"href":"https:\/\/librairie7l.com\/en\/wp-json\/wp\/v2\/product\/48430"}],"collection":[{"href":"https:\/\/librairie7l.com\/en\/wp-json\/wp\/v2\/product"}],"about":[{"href":"https:\/\/librairie7l.com\/en\/wp-json\/wp\/v2\/types\/product"}],"wp:featuredmedia":[{"embeddable":true,"href":"https:\/\/librairie7l.com\/en\/wp-json\/wp\/v2\/media\/48428"}],"wp:attachment":[{"href":"https:\/\/librairie7l.com\/en\/wp-json\/wp\/v2\/media?parent=48430"}],"wp:term":[{"taxonomy":"product_cat","embeddable":true,"href":"https:\/\/librairie7l.com\/en\/wp-json\/wp\/v2\/product_cat?post=48430"},{"taxonomy":"product_tag","embeddable":true,"href":"https:\/\/librairie7l.com\/en\/wp-json\/wp\/v2\/product_tag?post=48430"}],"curies":[{"name":"wp","href":"https:\/\/api.w.org\/{rel}","templated":true}]}}