{"id":48434,"date":"2025-06-05T09:17:55","date_gmt":"2025-06-05T07:17:55","guid":{"rendered":"https:\/\/librairie7l.com\/?post_type=product&#038;p=48434"},"modified":"2026-04-23T04:06:09","modified_gmt":"2026-04-23T02:06:09","slug":"niki-de-saint-phalle-les-annees-1980-et-1990-lart-en-liberte-nouvelle-edition-2","status":"publish","type":"product","link":"https:\/\/librairie7l.com\/en\/produit\/niki-de-saint-phalle-les-annees-1980-et-1990-lart-en-liberte-nouvelle-edition-2\/","title":{"rendered":"NIKI DE SAINT PHALLE : LES ANN\u00c9ES 1980 ET 1990. L&#8217;ART EN LIBERT\u00c9-NOUVELLE \u00c9DITION"},"content":{"rendered":"<p>C\u00e9l\u00e9br\u00e9e d\u00e8s les ann\u00e9es 1960 pour ses embl\u00e9matiques Nanas et ses peintures de Tirs, l&#8217;artiste franco-am\u00e9ricaine Niki de Saint Phalle (1930-2002) poursuit dans les ann\u00e9es 1980 et 1990 un parcours marqu\u00e9 par une libert\u00e9, une ind\u00e9pendance, une diversit\u00e9 d&#8217;oeuvres et un engagement exemplaires. Ces deux d\u00e9cennies voient l&#8217;aboutissement du monumental Jardin des Tarots, en Italie, \u00e0 la fois lieu d&#8217;art et de vie. La rencontre directe avec le public, hors des lieux d&#8217;exposition traditionnels, int\u00e9resse particuli\u00e8rement l&#8217;artiste, qui imagine des oeuvres pour l&#8217;espace public tout en cherchant \u00e0 faire entrer l&#8217;art chez chacun \u00e0 travers la cr\u00e9ation de mobilier, de bijoux ou encore de parfums. Ce mod\u00e8le d&#8217;entrepreneuriat novateur lui permet d&#8217;\u00eatre son propre m\u00e9c\u00e8ne pour le chantier du Jardin des Tarots. Elle qui avait tr\u00e8s t\u00f4t d\u00e9velopp\u00e9 une conviction f\u00e9ministe continue son combat pour les droits des femmes. Elle d\u00e9fend \u00e9galement les malades du sida, la repr\u00e9sentation noire, ainsi que la cause animale et la lutte contre le r\u00e9chauffement climatique, en \u00e9cof\u00e9ministe avant l&#8217;heure. Avec la libert\u00e9 de parole qui la caract\u00e9rise, elle se consacre aussi \u00e0 l&#8217;\u00e9criture. Malgr\u00e9 les difficult\u00e9s, son engagement sans faille s&#8217;affirme r\u00e9solument sous l&#8217;angle de la libert\u00e9 et de la joie.<\/p>\n","protected":false},"excerpt":{"rendered":"<p>C\u00e9l\u00e9br\u00e9e d\u00e8s les ann\u00e9es 1960 pour ses embl\u00e9matiques Nanas et ses peintures de Tirs, l&#8217;artiste franco-am\u00e9ricaine Niki de Saint Phalle (1930-2002) poursuit dans les ann\u00e9es 1980 et 1990 un parcours marqu\u00e9 par une libert\u00e9, une ind\u00e9pendance, une diversit\u00e9 d&#8217;oeuvres et un engagement exemplaires. Ces deux d\u00e9cennies voient l&#8217;aboutissement du monumental Jardin des Tarots, en Italie, [&hellip;]<\/p>\n","protected":false},"featured_media":48432,"template":"","meta":[],"product_cat":[2948,2953],"product_tag":[],"acf":[],"yoast_head":"<!-- This site is optimized with the Yoast SEO plugin v20.11 - https:\/\/yoast.com\/wordpress\/plugins\/seo\/ -->\n<title>Niki de Saint Phalle : Les ann\u00e9es 1980 et 1990. L&#039;art en libert\u00e9-Nouvelle \u00e9dition - Librairie 7L<\/title>\n<meta name=\"robots\" content=\"index, follow, max-snippet:-1, max-image-preview:large, max-video-preview:-1\" \/>\n<link rel=\"canonical\" href=\"https:\/\/librairie7l.com\/en\/produit\/niki-de-saint-phalle-les-annees-1980-et-1990-lart-en-liberte-nouvelle-edition-2\/\" \/>\n<meta property=\"og:locale\" content=\"en_US\" \/>\n<meta property=\"og:type\" content=\"article\" \/>\n<meta property=\"og:title\" content=\"Niki de Saint Phalle : Les ann\u00e9es 1980 et 1990. L&#039;art en libert\u00e9-Nouvelle \u00e9dition - Librairie 7L\" \/>\n<meta property=\"og:description\" content=\"C\u00e9l\u00e9br\u00e9e d\u00e8s les ann\u00e9es 1960 pour ses embl\u00e9matiques Nanas et ses peintures de Tirs, l&#8217;artiste franco-am\u00e9ricaine Niki de Saint Phalle (1930-2002) poursuit dans les ann\u00e9es 1980 et 1990 un parcours marqu\u00e9 par une libert\u00e9, une ind\u00e9pendance, une diversit\u00e9 d&#8217;oeuvres et un engagement exemplaires. Ces deux d\u00e9cennies voient l&#8217;aboutissement du monumental Jardin des Tarots, en Italie, [&hellip;]\" \/>\n<meta property=\"og:url\" content=\"https:\/\/librairie7l.com\/en\/produit\/niki-de-saint-phalle-les-annees-1980-et-1990-lart-en-liberte-nouvelle-edition-2\/\" \/>\n<meta property=\"og:site_name\" content=\"Librairie 7L\" \/>\n<meta property=\"article:modified_time\" content=\"2026-04-23T02:06:09+00:00\" \/>\n<meta property=\"og:image\" content=\"https:\/\/librairie7l.com\/wp-content\/uploads\/2025\/01\/9782073113931_1_75.jpg\" \/>\n\t<meta property=\"og:image:width\" content=\"600\" \/>\n\t<meta property=\"og:image:height\" content=\"734\" \/>\n\t<meta property=\"og:image:type\" content=\"image\/jpeg\" \/>\n<meta name=\"twitter:card\" content=\"summary_large_image\" \/>\n<meta name=\"twitter:label1\" content=\"Est. reading time\" \/>\n\t<meta name=\"twitter:data1\" content=\"1 minute\" \/>\n<script type=\"application\/ld+json\" class=\"yoast-schema-graph\">{\"@context\":\"https:\/\/schema.org\",\"@graph\":[{\"@type\":\"WebPage\",\"@id\":\"https:\/\/librairie7l.com\/en\/produit\/niki-de-saint-phalle-les-annees-1980-et-1990-lart-en-liberte-nouvelle-edition-2\/\",\"url\":\"https:\/\/librairie7l.com\/en\/produit\/niki-de-saint-phalle-les-annees-1980-et-1990-lart-en-liberte-nouvelle-edition-2\/\",\"name\":\"Niki de Saint Phalle : Les ann\u00e9es 1980 et 1990. L'art en libert\u00e9-Nouvelle \u00e9dition - Librairie 7L\",\"isPartOf\":{\"@id\":\"https:\/\/librairie7l.com\/en\/#website\"},\"datePublished\":\"2025-06-05T07:17:55+00:00\",\"dateModified\":\"2026-04-23T02:06:09+00:00\",\"breadcrumb\":{\"@id\":\"https:\/\/librairie7l.com\/en\/produit\/niki-de-saint-phalle-les-annees-1980-et-1990-lart-en-liberte-nouvelle-edition-2\/#breadcrumb\"},\"inLanguage\":\"en-US\",\"potentialAction\":[{\"@type\":\"ReadAction\",\"target\":[\"https:\/\/librairie7l.com\/en\/produit\/niki-de-saint-phalle-les-annees-1980-et-1990-lart-en-liberte-nouvelle-edition-2\/\"]}]},{\"@type\":\"BreadcrumbList\",\"@id\":\"https:\/\/librairie7l.com\/en\/produit\/niki-de-saint-phalle-les-annees-1980-et-1990-lart-en-liberte-nouvelle-edition-2\/#breadcrumb\",\"itemListElement\":[{\"@type\":\"ListItem\",\"position\":1,\"name\":\"Accueil\",\"item\":\"https:\/\/librairie7l.com\/en\/\"},{\"@type\":\"ListItem\",\"position\":2,\"name\":\"Shop\",\"item\":\"https:\/\/librairie7l.com\/en\/shop\/\"},{\"@type\":\"ListItem\",\"position\":3,\"name\":\"NIKI DE SAINT PHALLE : LES ANN\u00c9ES 1980 ET 1990. L&#8217;ART EN LIBERT\u00c9-NOUVELLE \u00c9DITION\"}]},{\"@type\":\"WebSite\",\"@id\":\"https:\/\/librairie7l.com\/en\/#website\",\"url\":\"https:\/\/librairie7l.com\/en\/\",\"name\":\"Librairie 7L\",\"description\":\"Librairie fond\u00e9e en 1999 par Karl Lagerfeld \u00e0 Paris\",\"publisher\":{\"@id\":\"https:\/\/librairie7l.com\/en\/#organization\"},\"potentialAction\":[{\"@type\":\"SearchAction\",\"target\":{\"@type\":\"EntryPoint\",\"urlTemplate\":\"https:\/\/librairie7l.com\/en\/?s={search_term_string}\"},\"query-input\":\"required name=search_term_string\"}],\"inLanguage\":\"en-US\"},{\"@type\":\"Organization\",\"@id\":\"https:\/\/librairie7l.com\/en\/#organization\",\"name\":\"Librairie 7L\",\"url\":\"https:\/\/librairie7l.com\/en\/\",\"logo\":{\"@type\":\"ImageObject\",\"inLanguage\":\"en-US\",\"@id\":\"https:\/\/librairie7l.com\/en\/#\/schema\/logo\/image\/\",\"url\":\"https:\/\/librairie7l.com\/wp-content\/uploads\/2022\/08\/logo-1.png\",\"contentUrl\":\"https:\/\/librairie7l.com\/wp-content\/uploads\/2022\/08\/logo-1.png\",\"width\":227,\"height\":301,\"caption\":\"Librairie 7L\"},\"image\":{\"@id\":\"https:\/\/librairie7l.com\/en\/#\/schema\/logo\/image\/\"}}]}<\/script>\n<!-- \/ Yoast SEO plugin. -->","yoast_head_json":{"title":"Niki de Saint Phalle : Les ann\u00e9es 1980 et 1990. L'art en libert\u00e9-Nouvelle \u00e9dition - Librairie 7L","robots":{"index":"index","follow":"follow","max-snippet":"max-snippet:-1","max-image-preview":"max-image-preview:large","max-video-preview":"max-video-preview:-1"},"canonical":"https:\/\/librairie7l.com\/en\/produit\/niki-de-saint-phalle-les-annees-1980-et-1990-lart-en-liberte-nouvelle-edition-2\/","og_locale":"en_US","og_type":"article","og_title":"Niki de Saint Phalle : Les ann\u00e9es 1980 et 1990. L'art en libert\u00e9-Nouvelle \u00e9dition - Librairie 7L","og_description":"C\u00e9l\u00e9br\u00e9e d\u00e8s les ann\u00e9es 1960 pour ses embl\u00e9matiques Nanas et ses peintures de Tirs, l&#8217;artiste franco-am\u00e9ricaine Niki de Saint Phalle (1930-2002) poursuit dans les ann\u00e9es 1980 et 1990 un parcours marqu\u00e9 par une libert\u00e9, une ind\u00e9pendance, une diversit\u00e9 d&#8217;oeuvres et un engagement exemplaires. Ces deux d\u00e9cennies voient l&#8217;aboutissement du monumental Jardin des Tarots, en Italie, [&hellip;]","og_url":"https:\/\/librairie7l.com\/en\/produit\/niki-de-saint-phalle-les-annees-1980-et-1990-lart-en-liberte-nouvelle-edition-2\/","og_site_name":"Librairie 7L","article_modified_time":"2026-04-23T02:06:09+00:00","og_image":[{"width":600,"height":734,"url":"https:\/\/librairie7l.com\/wp-content\/uploads\/2025\/01\/9782073113931_1_75.jpg","type":"image\/jpeg"}],"twitter_card":"summary_large_image","twitter_misc":{"Est. reading time":"1 minute"},"schema":{"@context":"https:\/\/schema.org","@graph":[{"@type":"WebPage","@id":"https:\/\/librairie7l.com\/en\/produit\/niki-de-saint-phalle-les-annees-1980-et-1990-lart-en-liberte-nouvelle-edition-2\/","url":"https:\/\/librairie7l.com\/en\/produit\/niki-de-saint-phalle-les-annees-1980-et-1990-lart-en-liberte-nouvelle-edition-2\/","name":"Niki de Saint Phalle : Les ann\u00e9es 1980 et 1990. L'art en libert\u00e9-Nouvelle \u00e9dition - Librairie 7L","isPartOf":{"@id":"https:\/\/librairie7l.com\/en\/#website"},"datePublished":"2025-06-05T07:17:55+00:00","dateModified":"2026-04-23T02:06:09+00:00","breadcrumb":{"@id":"https:\/\/librairie7l.com\/en\/produit\/niki-de-saint-phalle-les-annees-1980-et-1990-lart-en-liberte-nouvelle-edition-2\/#breadcrumb"},"inLanguage":"en-US","potentialAction":[{"@type":"ReadAction","target":["https:\/\/librairie7l.com\/en\/produit\/niki-de-saint-phalle-les-annees-1980-et-1990-lart-en-liberte-nouvelle-edition-2\/"]}]},{"@type":"BreadcrumbList","@id":"https:\/\/librairie7l.com\/en\/produit\/niki-de-saint-phalle-les-annees-1980-et-1990-lart-en-liberte-nouvelle-edition-2\/#breadcrumb","itemListElement":[{"@type":"ListItem","position":1,"name":"Accueil","item":"https:\/\/librairie7l.com\/en\/"},{"@type":"ListItem","position":2,"name":"Shop","item":"https:\/\/librairie7l.com\/en\/shop\/"},{"@type":"ListItem","position":3,"name":"NIKI DE SAINT PHALLE : LES ANN\u00c9ES 1980 ET 1990. L&#8217;ART EN LIBERT\u00c9-NOUVELLE \u00c9DITION"}]},{"@type":"WebSite","@id":"https:\/\/librairie7l.com\/en\/#website","url":"https:\/\/librairie7l.com\/en\/","name":"Librairie 7L","description":"Librairie fond\u00e9e en 1999 par Karl Lagerfeld \u00e0 Paris","publisher":{"@id":"https:\/\/librairie7l.com\/en\/#organization"},"potentialAction":[{"@type":"SearchAction","target":{"@type":"EntryPoint","urlTemplate":"https:\/\/librairie7l.com\/en\/?s={search_term_string}"},"query-input":"required name=search_term_string"}],"inLanguage":"en-US"},{"@type":"Organization","@id":"https:\/\/librairie7l.com\/en\/#organization","name":"Librairie 7L","url":"https:\/\/librairie7l.com\/en\/","logo":{"@type":"ImageObject","inLanguage":"en-US","@id":"https:\/\/librairie7l.com\/en\/#\/schema\/logo\/image\/","url":"https:\/\/librairie7l.com\/wp-content\/uploads\/2022\/08\/logo-1.png","contentUrl":"https:\/\/librairie7l.com\/wp-content\/uploads\/2022\/08\/logo-1.png","width":227,"height":301,"caption":"Librairie 7L"},"image":{"@id":"https:\/\/librairie7l.com\/en\/#\/schema\/logo\/image\/"}}]}},"_links":{"self":[{"href":"https:\/\/librairie7l.com\/en\/wp-json\/wp\/v2\/product\/48434"}],"collection":[{"href":"https:\/\/librairie7l.com\/en\/wp-json\/wp\/v2\/product"}],"about":[{"href":"https:\/\/librairie7l.com\/en\/wp-json\/wp\/v2\/types\/product"}],"wp:featuredmedia":[{"embeddable":true,"href":"https:\/\/librairie7l.com\/en\/wp-json\/wp\/v2\/media\/48432"}],"wp:attachment":[{"href":"https:\/\/librairie7l.com\/en\/wp-json\/wp\/v2\/media?parent=48434"}],"wp:term":[{"taxonomy":"product_cat","embeddable":true,"href":"https:\/\/librairie7l.com\/en\/wp-json\/wp\/v2\/product_cat?post=48434"},{"taxonomy":"product_tag","embeddable":true,"href":"https:\/\/librairie7l.com\/en\/wp-json\/wp\/v2\/product_tag?post=48434"}],"curies":[{"name":"wp","href":"https:\/\/api.w.org\/{rel}","templated":true}]}}