{"id":48438,"date":"2025-06-05T09:17:58","date_gmt":"2025-06-05T07:17:58","guid":{"rendered":"https:\/\/librairie7l.com\/?post_type=product&#038;p=48438"},"modified":"2026-04-07T00:43:23","modified_gmt":"2026-04-06T22:43:23","slug":"maille-metallique-lhistoire-dun-tissage-2","status":"publish","type":"product","link":"https:\/\/librairie7l.com\/en\/produit\/maille-metallique-lhistoire-dun-tissage-2\/","title":{"rendered":"MAILLE M\u00c9TALLIQUE : L&#8217;HISTOIRE D&#8217;UN TISSAGE"},"content":{"rendered":"<p>\u00abElle est spiral\u00e9e, tress\u00e9e, tricot\u00e9e. Elle est d&#8217;acier, d&#8217;aluminium, de bronze, de cuivre. Elle est fa\u00e7ade, toiture, rideau, parure, tapisserie ou mobilier. Elle est \u00e0 la fois souple et robuste, opaque et transparente. Diablement ambivalente, elle est pr\u00eate \u00e0 tout pour accompagner le geste de l&#8217;architecte. Avec le projet de la Biblioth\u00e8que nationale de France, Ga\u00eblle Lauriot-Pr\u00e9vost et Dominique Perrault ont sorti la maille m\u00e9tallique de l&#8217;invisibilit\u00e9 \u00e0 laquelle la seule fonctionnalit\u00e9 la cantonnait. D\u00e9fricheurs, ils en ont fait une alli\u00e9e de l&#8217;architecture, ouvrant la voie \u00e0 d&#8217;autres concepteurs qui, \u00e0 travers le monde, s&#8217;en sont empar\u00e9s. Les deux volumes de ce coffret c\u00e9l\u00e8brent ce nouveau mat\u00e9riau de construction n\u00e9 de la rencontre avec l&#8217;ing\u00e9nierie industrielle et l&#8217;architecture. Tout est l\u00e0, en r\u00e9cits fran\u00e7ais, anglais et allemand &#8211; exp\u00e9rience v\u00e9cue, approche historique, d\u00e9tours impr\u00e9vu &#8211; et en images. Le tout sur quelque 2300 pages. Tous azimuts, l&#8217;incroyable diversit\u00e9 d&#8217;expression de la maille m\u00e9tallique.\u00bb &#8211; 55 projets et r\u00e9alisations tout en images, soit plus de 2000 documents d\u00e9ploy\u00e9s plein cadre dans un volume de 1920 pages, qui m\u00ealent photographies (d\u00e9tails, vues de chantier, vues d&#8217;usine, vues d&#8217;ensemble) et documents graphiques (plans, coupes, \u00e9l\u00e9vation, dessins \u00e0 main lev\u00e9e, dessins techniques). &#8211; Pour introduire ce corpus d&#8217;images, un volume de 384 pages r\u00e9unit les essais de\u00a0:\u00a0Ga\u00eblle Lauriot-Pr\u00e9vost, Maille m\u00e9tallique\u00a0:\u00a0durabilit\u00e9 programm\u00e9e\u00a0; Dominique Perrault, La critique du mur\u00a0; Barry Bergdoll, Entrela\u00e7ages\u00a0:\u00a0notes sur l&#8217;histoire du tissage et de la construction\u00a0; Sophie Lemahieu, La maille \u00e0 contresens\u00a0:\u00a0de la mode \u00e0 l&#8217;architecture\u00a0; Philippe Tr\u00e9tiack, GKD-DPA\u00a0:\u00a0un tissage franco-allemand.<\/p>\n","protected":false},"excerpt":{"rendered":"<p>\u00abElle est spiral\u00e9e, tress\u00e9e, tricot\u00e9e. Elle est d&#8217;acier, d&#8217;aluminium, de bronze, de cuivre. Elle est fa\u00e7ade, toiture, rideau, parure, tapisserie ou mobilier. Elle est \u00e0 la fois souple et robuste, opaque et transparente. Diablement ambivalente, elle est pr\u00eate \u00e0 tout pour accompagner le geste de l&#8217;architecte. Avec le projet de la Biblioth\u00e8que nationale de France, [&hellip;]<\/p>\n","protected":false},"featured_media":48436,"template":"","meta":[],"product_cat":[2948,2950],"product_tag":[],"acf":[],"yoast_head":"<!-- This site is optimized with the Yoast SEO plugin v20.11 - https:\/\/yoast.com\/wordpress\/plugins\/seo\/ -->\n<title>Maille m\u00e9tallique : L&#039;histoire d&#039;un tissage - Librairie 7L<\/title>\n<meta name=\"robots\" content=\"index, follow, max-snippet:-1, max-image-preview:large, max-video-preview:-1\" \/>\n<link rel=\"canonical\" href=\"https:\/\/librairie7l.com\/en\/produit\/maille-metallique-lhistoire-dun-tissage-2\/\" \/>\n<meta property=\"og:locale\" content=\"en_US\" \/>\n<meta property=\"og:type\" content=\"article\" \/>\n<meta property=\"og:title\" content=\"Maille m\u00e9tallique : L&#039;histoire d&#039;un tissage - Librairie 7L\" \/>\n<meta property=\"og:description\" content=\"\u00abElle est spiral\u00e9e, tress\u00e9e, tricot\u00e9e. Elle est d&#8217;acier, d&#8217;aluminium, de bronze, de cuivre. Elle est fa\u00e7ade, toiture, rideau, parure, tapisserie ou mobilier. Elle est \u00e0 la fois souple et robuste, opaque et transparente. Diablement ambivalente, elle est pr\u00eate \u00e0 tout pour accompagner le geste de l&#8217;architecte. Avec le projet de la Biblioth\u00e8que nationale de France, [&hellip;]\" \/>\n<meta property=\"og:url\" content=\"https:\/\/librairie7l.com\/en\/produit\/maille-metallique-lhistoire-dun-tissage-2\/\" \/>\n<meta property=\"og:site_name\" content=\"Librairie 7L\" \/>\n<meta property=\"article:modified_time\" content=\"2026-04-06T22:43:23+00:00\" \/>\n<meta property=\"og:image\" content=\"https:\/\/librairie7l.com\/wp-content\/uploads\/2025\/01\/9782073067814_1_75.jpg\" \/>\n\t<meta property=\"og:image:width\" content=\"600\" \/>\n\t<meta property=\"og:image:height\" content=\"888\" \/>\n\t<meta property=\"og:image:type\" content=\"image\/jpeg\" \/>\n<meta name=\"twitter:card\" content=\"summary_large_image\" \/>\n<meta name=\"twitter:label1\" content=\"Est. reading time\" \/>\n\t<meta name=\"twitter:data1\" content=\"1 minute\" \/>\n<script type=\"application\/ld+json\" class=\"yoast-schema-graph\">{\"@context\":\"https:\/\/schema.org\",\"@graph\":[{\"@type\":\"WebPage\",\"@id\":\"https:\/\/librairie7l.com\/en\/produit\/maille-metallique-lhistoire-dun-tissage-2\/\",\"url\":\"https:\/\/librairie7l.com\/en\/produit\/maille-metallique-lhistoire-dun-tissage-2\/\",\"name\":\"Maille m\u00e9tallique : L'histoire d'un tissage - Librairie 7L\",\"isPartOf\":{\"@id\":\"https:\/\/librairie7l.com\/en\/#website\"},\"datePublished\":\"2025-06-05T07:17:58+00:00\",\"dateModified\":\"2026-04-06T22:43:23+00:00\",\"breadcrumb\":{\"@id\":\"https:\/\/librairie7l.com\/en\/produit\/maille-metallique-lhistoire-dun-tissage-2\/#breadcrumb\"},\"inLanguage\":\"en-US\",\"potentialAction\":[{\"@type\":\"ReadAction\",\"target\":[\"https:\/\/librairie7l.com\/en\/produit\/maille-metallique-lhistoire-dun-tissage-2\/\"]}]},{\"@type\":\"BreadcrumbList\",\"@id\":\"https:\/\/librairie7l.com\/en\/produit\/maille-metallique-lhistoire-dun-tissage-2\/#breadcrumb\",\"itemListElement\":[{\"@type\":\"ListItem\",\"position\":1,\"name\":\"Accueil\",\"item\":\"https:\/\/librairie7l.com\/en\/\"},{\"@type\":\"ListItem\",\"position\":2,\"name\":\"Shop\",\"item\":\"https:\/\/librairie7l.com\/en\/shop\/\"},{\"@type\":\"ListItem\",\"position\":3,\"name\":\"MAILLE M\u00c9TALLIQUE : L&#8217;HISTOIRE D&#8217;UN TISSAGE\"}]},{\"@type\":\"WebSite\",\"@id\":\"https:\/\/librairie7l.com\/en\/#website\",\"url\":\"https:\/\/librairie7l.com\/en\/\",\"name\":\"Librairie 7L\",\"description\":\"Librairie fond\u00e9e en 1999 par Karl Lagerfeld \u00e0 Paris\",\"publisher\":{\"@id\":\"https:\/\/librairie7l.com\/en\/#organization\"},\"potentialAction\":[{\"@type\":\"SearchAction\",\"target\":{\"@type\":\"EntryPoint\",\"urlTemplate\":\"https:\/\/librairie7l.com\/en\/?s={search_term_string}\"},\"query-input\":\"required name=search_term_string\"}],\"inLanguage\":\"en-US\"},{\"@type\":\"Organization\",\"@id\":\"https:\/\/librairie7l.com\/en\/#organization\",\"name\":\"Librairie 7L\",\"url\":\"https:\/\/librairie7l.com\/en\/\",\"logo\":{\"@type\":\"ImageObject\",\"inLanguage\":\"en-US\",\"@id\":\"https:\/\/librairie7l.com\/en\/#\/schema\/logo\/image\/\",\"url\":\"https:\/\/librairie7l.com\/wp-content\/uploads\/2022\/08\/logo-1.png\",\"contentUrl\":\"https:\/\/librairie7l.com\/wp-content\/uploads\/2022\/08\/logo-1.png\",\"width\":227,\"height\":301,\"caption\":\"Librairie 7L\"},\"image\":{\"@id\":\"https:\/\/librairie7l.com\/en\/#\/schema\/logo\/image\/\"}}]}<\/script>\n<!-- \/ Yoast SEO plugin. -->","yoast_head_json":{"title":"Maille m\u00e9tallique : L'histoire d'un tissage - Librairie 7L","robots":{"index":"index","follow":"follow","max-snippet":"max-snippet:-1","max-image-preview":"max-image-preview:large","max-video-preview":"max-video-preview:-1"},"canonical":"https:\/\/librairie7l.com\/en\/produit\/maille-metallique-lhistoire-dun-tissage-2\/","og_locale":"en_US","og_type":"article","og_title":"Maille m\u00e9tallique : L'histoire d'un tissage - Librairie 7L","og_description":"\u00abElle est spiral\u00e9e, tress\u00e9e, tricot\u00e9e. Elle est d&#8217;acier, d&#8217;aluminium, de bronze, de cuivre. Elle est fa\u00e7ade, toiture, rideau, parure, tapisserie ou mobilier. Elle est \u00e0 la fois souple et robuste, opaque et transparente. Diablement ambivalente, elle est pr\u00eate \u00e0 tout pour accompagner le geste de l&#8217;architecte. Avec le projet de la Biblioth\u00e8que nationale de France, [&hellip;]","og_url":"https:\/\/librairie7l.com\/en\/produit\/maille-metallique-lhistoire-dun-tissage-2\/","og_site_name":"Librairie 7L","article_modified_time":"2026-04-06T22:43:23+00:00","og_image":[{"width":600,"height":888,"url":"https:\/\/librairie7l.com\/wp-content\/uploads\/2025\/01\/9782073067814_1_75.jpg","type":"image\/jpeg"}],"twitter_card":"summary_large_image","twitter_misc":{"Est. reading time":"1 minute"},"schema":{"@context":"https:\/\/schema.org","@graph":[{"@type":"WebPage","@id":"https:\/\/librairie7l.com\/en\/produit\/maille-metallique-lhistoire-dun-tissage-2\/","url":"https:\/\/librairie7l.com\/en\/produit\/maille-metallique-lhistoire-dun-tissage-2\/","name":"Maille m\u00e9tallique : L'histoire d'un tissage - Librairie 7L","isPartOf":{"@id":"https:\/\/librairie7l.com\/en\/#website"},"datePublished":"2025-06-05T07:17:58+00:00","dateModified":"2026-04-06T22:43:23+00:00","breadcrumb":{"@id":"https:\/\/librairie7l.com\/en\/produit\/maille-metallique-lhistoire-dun-tissage-2\/#breadcrumb"},"inLanguage":"en-US","potentialAction":[{"@type":"ReadAction","target":["https:\/\/librairie7l.com\/en\/produit\/maille-metallique-lhistoire-dun-tissage-2\/"]}]},{"@type":"BreadcrumbList","@id":"https:\/\/librairie7l.com\/en\/produit\/maille-metallique-lhistoire-dun-tissage-2\/#breadcrumb","itemListElement":[{"@type":"ListItem","position":1,"name":"Accueil","item":"https:\/\/librairie7l.com\/en\/"},{"@type":"ListItem","position":2,"name":"Shop","item":"https:\/\/librairie7l.com\/en\/shop\/"},{"@type":"ListItem","position":3,"name":"MAILLE M\u00c9TALLIQUE : L&#8217;HISTOIRE D&#8217;UN TISSAGE"}]},{"@type":"WebSite","@id":"https:\/\/librairie7l.com\/en\/#website","url":"https:\/\/librairie7l.com\/en\/","name":"Librairie 7L","description":"Librairie fond\u00e9e en 1999 par Karl Lagerfeld \u00e0 Paris","publisher":{"@id":"https:\/\/librairie7l.com\/en\/#organization"},"potentialAction":[{"@type":"SearchAction","target":{"@type":"EntryPoint","urlTemplate":"https:\/\/librairie7l.com\/en\/?s={search_term_string}"},"query-input":"required name=search_term_string"}],"inLanguage":"en-US"},{"@type":"Organization","@id":"https:\/\/librairie7l.com\/en\/#organization","name":"Librairie 7L","url":"https:\/\/librairie7l.com\/en\/","logo":{"@type":"ImageObject","inLanguage":"en-US","@id":"https:\/\/librairie7l.com\/en\/#\/schema\/logo\/image\/","url":"https:\/\/librairie7l.com\/wp-content\/uploads\/2022\/08\/logo-1.png","contentUrl":"https:\/\/librairie7l.com\/wp-content\/uploads\/2022\/08\/logo-1.png","width":227,"height":301,"caption":"Librairie 7L"},"image":{"@id":"https:\/\/librairie7l.com\/en\/#\/schema\/logo\/image\/"}}]}},"_links":{"self":[{"href":"https:\/\/librairie7l.com\/en\/wp-json\/wp\/v2\/product\/48438"}],"collection":[{"href":"https:\/\/librairie7l.com\/en\/wp-json\/wp\/v2\/product"}],"about":[{"href":"https:\/\/librairie7l.com\/en\/wp-json\/wp\/v2\/types\/product"}],"wp:featuredmedia":[{"embeddable":true,"href":"https:\/\/librairie7l.com\/en\/wp-json\/wp\/v2\/media\/48436"}],"wp:attachment":[{"href":"https:\/\/librairie7l.com\/en\/wp-json\/wp\/v2\/media?parent=48438"}],"wp:term":[{"taxonomy":"product_cat","embeddable":true,"href":"https:\/\/librairie7l.com\/en\/wp-json\/wp\/v2\/product_cat?post=48438"},{"taxonomy":"product_tag","embeddable":true,"href":"https:\/\/librairie7l.com\/en\/wp-json\/wp\/v2\/product_tag?post=48438"}],"curies":[{"name":"wp","href":"https:\/\/api.w.org\/{rel}","templated":true}]}}