{"id":48442,"date":"2025-06-05T09:18:01","date_gmt":"2025-06-05T07:18:01","guid":{"rendered":"https:\/\/librairie7l.com\/?post_type=product&#038;p=48442"},"modified":"2026-04-22T22:05:49","modified_gmt":"2026-04-22T20:05:49","slug":"pascal-monteil-histoires-brodees-au-bord-de-lapocalypse-2","status":"publish","type":"product","link":"https:\/\/librairie7l.com\/en\/produit\/pascal-monteil-histoires-brodees-au-bord-de-lapocalypse-2\/","title":{"rendered":"PASCAL MONTEIL : HISTOIRES BROD\u00c9ES AU BORD DE L&#8217;APOCALYPSE"},"content":{"rendered":"<p>Pascal Monteil a \u00e9t\u00e9 tisserand \u00e0 Tabriz, c\u00e9ramiste \u00e0 Kyoto,<br \/>\npeintre d&#8217;ic\u00f4nes \u00e0 Istanbul ou batelier \u00e0 Calcutta : pendant 35<br \/>\nans, apr\u00e8s des \u00e9tudes de beaux-arts \u00e0 la Villa Arson (Nice), il a<br \/>\nsilonn\u00e9 l&#8217;Asie et le Moyen-Orient \u00e0 la recherche de  ls anciens et<br \/>\nrompus pour retisser une autre histoire de la peinture.<br \/>\nInstall\u00e9 \u00e0 Arles depuis 2017, il brode \u00e0 aiguille lev\u00e9e et \u00e0 m\u00eame<br \/>\nles genoux des toiles de chanvre du 19e<br \/>\n s., sans esquisse<br \/>\npr\u00e9alable mais avec l&#8217;\u00e9criture comme point de d\u00e9part des r\u00e9cits<br \/>\nqu&#8217;il racontera bient\u00f4t en tapisserie. Son  l, selon Christian<br \/>\nLacroix, \u00ab se fait tour \u00e0 tour gouache, aquarelle, glacis, huile<br \/>\n\u00e9paisse, charbon de bois, scari ant la toile, y faisant appara\u00eetre<br \/>\njour apr\u00e8s jour, mois apr\u00e8s mois [&#8230;] des processions, des exils,<br \/>\ndes architectures e ray\u00e9es, des po\u00e8tes sur des civi\u00e8res, des<br \/>\ndescentes de lits d&#8217;artistes, des barques pour proph\u00e8tes et des<br \/>\npapes d\u00e9faillants sous le poids des  eurs \u00bb. <\/p>\n","protected":false},"excerpt":{"rendered":"<p>Pascal Monteil a \u00e9t\u00e9 tisserand \u00e0 Tabriz, c\u00e9ramiste \u00e0 Kyoto, peintre d&#8217;ic\u00f4nes \u00e0 Istanbul ou batelier \u00e0 Calcutta : pendant 35 ans, apr\u00e8s des \u00e9tudes de beaux-arts \u00e0 la Villa Arson (Nice), il a silonn\u00e9 l&#8217;Asie et le Moyen-Orient \u00e0 la recherche de ls anciens et rompus pour retisser une autre histoire de la peinture. [&hellip;]<\/p>\n","protected":false},"featured_media":48440,"template":"","meta":[],"product_cat":[2948,2953],"product_tag":[],"acf":[],"yoast_head":"<!-- This site is optimized with the Yoast SEO plugin v20.11 - https:\/\/yoast.com\/wordpress\/plugins\/seo\/ -->\n<title>Pascal Monteil : Histoires brod\u00e9es au bord de l&#039;Apocalypse - Librairie 7L<\/title>\n<meta name=\"robots\" content=\"index, follow, max-snippet:-1, max-image-preview:large, max-video-preview:-1\" \/>\n<link rel=\"canonical\" href=\"https:\/\/librairie7l.com\/en\/produit\/pascal-monteil-histoires-brodees-au-bord-de-lapocalypse-2\/\" \/>\n<meta property=\"og:locale\" content=\"en_US\" \/>\n<meta property=\"og:type\" content=\"article\" \/>\n<meta property=\"og:title\" content=\"Pascal Monteil : Histoires brod\u00e9es au bord de l&#039;Apocalypse - Librairie 7L\" \/>\n<meta property=\"og:description\" content=\"Pascal Monteil a \u00e9t\u00e9 tisserand \u00e0 Tabriz, c\u00e9ramiste \u00e0 Kyoto, peintre d&#8217;ic\u00f4nes \u00e0 Istanbul ou batelier \u00e0 Calcutta : pendant 35 ans, apr\u00e8s des \u00e9tudes de beaux-arts \u00e0 la Villa Arson (Nice), il a silonn\u00e9 l&#8217;Asie et le Moyen-Orient \u00e0 la recherche de ls anciens et rompus pour retisser une autre histoire de la peinture. [&hellip;]\" \/>\n<meta property=\"og:url\" content=\"https:\/\/librairie7l.com\/en\/produit\/pascal-monteil-histoires-brodees-au-bord-de-lapocalypse-2\/\" \/>\n<meta property=\"og:site_name\" content=\"Librairie 7L\" \/>\n<meta property=\"article:modified_time\" content=\"2026-04-22T20:05:49+00:00\" \/>\n<meta property=\"og:image\" content=\"https:\/\/librairie7l.com\/wp-content\/uploads\/2025\/02\/9782490952588_1_75.jpg\" \/>\n\t<meta property=\"og:image:width\" content=\"600\" \/>\n\t<meta property=\"og:image:height\" content=\"818\" \/>\n\t<meta property=\"og:image:type\" content=\"image\/jpeg\" \/>\n<meta name=\"twitter:card\" content=\"summary_large_image\" \/>\n<meta name=\"twitter:label1\" content=\"Est. reading time\" \/>\n\t<meta name=\"twitter:data1\" content=\"1 minute\" \/>\n<script type=\"application\/ld+json\" class=\"yoast-schema-graph\">{\"@context\":\"https:\/\/schema.org\",\"@graph\":[{\"@type\":\"WebPage\",\"@id\":\"https:\/\/librairie7l.com\/en\/produit\/pascal-monteil-histoires-brodees-au-bord-de-lapocalypse-2\/\",\"url\":\"https:\/\/librairie7l.com\/en\/produit\/pascal-monteil-histoires-brodees-au-bord-de-lapocalypse-2\/\",\"name\":\"Pascal Monteil : Histoires brod\u00e9es au bord de l'Apocalypse - Librairie 7L\",\"isPartOf\":{\"@id\":\"https:\/\/librairie7l.com\/en\/#website\"},\"datePublished\":\"2025-06-05T07:18:01+00:00\",\"dateModified\":\"2026-04-22T20:05:49+00:00\",\"breadcrumb\":{\"@id\":\"https:\/\/librairie7l.com\/en\/produit\/pascal-monteil-histoires-brodees-au-bord-de-lapocalypse-2\/#breadcrumb\"},\"inLanguage\":\"en-US\",\"potentialAction\":[{\"@type\":\"ReadAction\",\"target\":[\"https:\/\/librairie7l.com\/en\/produit\/pascal-monteil-histoires-brodees-au-bord-de-lapocalypse-2\/\"]}]},{\"@type\":\"BreadcrumbList\",\"@id\":\"https:\/\/librairie7l.com\/en\/produit\/pascal-monteil-histoires-brodees-au-bord-de-lapocalypse-2\/#breadcrumb\",\"itemListElement\":[{\"@type\":\"ListItem\",\"position\":1,\"name\":\"Accueil\",\"item\":\"https:\/\/librairie7l.com\/en\/\"},{\"@type\":\"ListItem\",\"position\":2,\"name\":\"Shop\",\"item\":\"https:\/\/librairie7l.com\/en\/shop\/\"},{\"@type\":\"ListItem\",\"position\":3,\"name\":\"PASCAL MONTEIL : HISTOIRES BROD\u00c9ES AU BORD DE L&#8217;APOCALYPSE\"}]},{\"@type\":\"WebSite\",\"@id\":\"https:\/\/librairie7l.com\/en\/#website\",\"url\":\"https:\/\/librairie7l.com\/en\/\",\"name\":\"Librairie 7L\",\"description\":\"Librairie fond\u00e9e en 1999 par Karl Lagerfeld \u00e0 Paris\",\"publisher\":{\"@id\":\"https:\/\/librairie7l.com\/en\/#organization\"},\"potentialAction\":[{\"@type\":\"SearchAction\",\"target\":{\"@type\":\"EntryPoint\",\"urlTemplate\":\"https:\/\/librairie7l.com\/en\/?s={search_term_string}\"},\"query-input\":\"required name=search_term_string\"}],\"inLanguage\":\"en-US\"},{\"@type\":\"Organization\",\"@id\":\"https:\/\/librairie7l.com\/en\/#organization\",\"name\":\"Librairie 7L\",\"url\":\"https:\/\/librairie7l.com\/en\/\",\"logo\":{\"@type\":\"ImageObject\",\"inLanguage\":\"en-US\",\"@id\":\"https:\/\/librairie7l.com\/en\/#\/schema\/logo\/image\/\",\"url\":\"https:\/\/librairie7l.com\/wp-content\/uploads\/2022\/08\/logo-1.png\",\"contentUrl\":\"https:\/\/librairie7l.com\/wp-content\/uploads\/2022\/08\/logo-1.png\",\"width\":227,\"height\":301,\"caption\":\"Librairie 7L\"},\"image\":{\"@id\":\"https:\/\/librairie7l.com\/en\/#\/schema\/logo\/image\/\"}}]}<\/script>\n<!-- \/ Yoast SEO plugin. -->","yoast_head_json":{"title":"Pascal Monteil : Histoires brod\u00e9es au bord de l'Apocalypse - Librairie 7L","robots":{"index":"index","follow":"follow","max-snippet":"max-snippet:-1","max-image-preview":"max-image-preview:large","max-video-preview":"max-video-preview:-1"},"canonical":"https:\/\/librairie7l.com\/en\/produit\/pascal-monteil-histoires-brodees-au-bord-de-lapocalypse-2\/","og_locale":"en_US","og_type":"article","og_title":"Pascal Monteil : Histoires brod\u00e9es au bord de l'Apocalypse - Librairie 7L","og_description":"Pascal Monteil a \u00e9t\u00e9 tisserand \u00e0 Tabriz, c\u00e9ramiste \u00e0 Kyoto, peintre d&#8217;ic\u00f4nes \u00e0 Istanbul ou batelier \u00e0 Calcutta : pendant 35 ans, apr\u00e8s des \u00e9tudes de beaux-arts \u00e0 la Villa Arson (Nice), il a silonn\u00e9 l&#8217;Asie et le Moyen-Orient \u00e0 la recherche de ls anciens et rompus pour retisser une autre histoire de la peinture. [&hellip;]","og_url":"https:\/\/librairie7l.com\/en\/produit\/pascal-monteil-histoires-brodees-au-bord-de-lapocalypse-2\/","og_site_name":"Librairie 7L","article_modified_time":"2026-04-22T20:05:49+00:00","og_image":[{"width":600,"height":818,"url":"https:\/\/librairie7l.com\/wp-content\/uploads\/2025\/02\/9782490952588_1_75.jpg","type":"image\/jpeg"}],"twitter_card":"summary_large_image","twitter_misc":{"Est. reading time":"1 minute"},"schema":{"@context":"https:\/\/schema.org","@graph":[{"@type":"WebPage","@id":"https:\/\/librairie7l.com\/en\/produit\/pascal-monteil-histoires-brodees-au-bord-de-lapocalypse-2\/","url":"https:\/\/librairie7l.com\/en\/produit\/pascal-monteil-histoires-brodees-au-bord-de-lapocalypse-2\/","name":"Pascal Monteil : Histoires brod\u00e9es au bord de l'Apocalypse - Librairie 7L","isPartOf":{"@id":"https:\/\/librairie7l.com\/en\/#website"},"datePublished":"2025-06-05T07:18:01+00:00","dateModified":"2026-04-22T20:05:49+00:00","breadcrumb":{"@id":"https:\/\/librairie7l.com\/en\/produit\/pascal-monteil-histoires-brodees-au-bord-de-lapocalypse-2\/#breadcrumb"},"inLanguage":"en-US","potentialAction":[{"@type":"ReadAction","target":["https:\/\/librairie7l.com\/en\/produit\/pascal-monteil-histoires-brodees-au-bord-de-lapocalypse-2\/"]}]},{"@type":"BreadcrumbList","@id":"https:\/\/librairie7l.com\/en\/produit\/pascal-monteil-histoires-brodees-au-bord-de-lapocalypse-2\/#breadcrumb","itemListElement":[{"@type":"ListItem","position":1,"name":"Accueil","item":"https:\/\/librairie7l.com\/en\/"},{"@type":"ListItem","position":2,"name":"Shop","item":"https:\/\/librairie7l.com\/en\/shop\/"},{"@type":"ListItem","position":3,"name":"PASCAL MONTEIL : HISTOIRES BROD\u00c9ES AU BORD DE L&#8217;APOCALYPSE"}]},{"@type":"WebSite","@id":"https:\/\/librairie7l.com\/en\/#website","url":"https:\/\/librairie7l.com\/en\/","name":"Librairie 7L","description":"Librairie fond\u00e9e en 1999 par Karl Lagerfeld \u00e0 Paris","publisher":{"@id":"https:\/\/librairie7l.com\/en\/#organization"},"potentialAction":[{"@type":"SearchAction","target":{"@type":"EntryPoint","urlTemplate":"https:\/\/librairie7l.com\/en\/?s={search_term_string}"},"query-input":"required name=search_term_string"}],"inLanguage":"en-US"},{"@type":"Organization","@id":"https:\/\/librairie7l.com\/en\/#organization","name":"Librairie 7L","url":"https:\/\/librairie7l.com\/en\/","logo":{"@type":"ImageObject","inLanguage":"en-US","@id":"https:\/\/librairie7l.com\/en\/#\/schema\/logo\/image\/","url":"https:\/\/librairie7l.com\/wp-content\/uploads\/2022\/08\/logo-1.png","contentUrl":"https:\/\/librairie7l.com\/wp-content\/uploads\/2022\/08\/logo-1.png","width":227,"height":301,"caption":"Librairie 7L"},"image":{"@id":"https:\/\/librairie7l.com\/en\/#\/schema\/logo\/image\/"}}]}},"_links":{"self":[{"href":"https:\/\/librairie7l.com\/en\/wp-json\/wp\/v2\/product\/48442"}],"collection":[{"href":"https:\/\/librairie7l.com\/en\/wp-json\/wp\/v2\/product"}],"about":[{"href":"https:\/\/librairie7l.com\/en\/wp-json\/wp\/v2\/types\/product"}],"wp:featuredmedia":[{"embeddable":true,"href":"https:\/\/librairie7l.com\/en\/wp-json\/wp\/v2\/media\/48440"}],"wp:attachment":[{"href":"https:\/\/librairie7l.com\/en\/wp-json\/wp\/v2\/media?parent=48442"}],"wp:term":[{"taxonomy":"product_cat","embeddable":true,"href":"https:\/\/librairie7l.com\/en\/wp-json\/wp\/v2\/product_cat?post=48442"},{"taxonomy":"product_tag","embeddable":true,"href":"https:\/\/librairie7l.com\/en\/wp-json\/wp\/v2\/product_tag?post=48442"}],"curies":[{"name":"wp","href":"https:\/\/api.w.org\/{rel}","templated":true}]}}