{"id":48450,"date":"2025-06-05T09:18:07","date_gmt":"2025-06-05T07:18:07","guid":{"rendered":"https:\/\/librairie7l.com\/?post_type=product&#038;p=48450"},"modified":"2026-04-07T02:19:28","modified_gmt":"2026-04-07T00:19:28","slug":"formes-utiles-2","status":"publish","type":"product","link":"https:\/\/librairie7l.com\/en\/produit\/formes-utiles-2\/","title":{"rendered":"FORMES UTILES"},"content":{"rendered":"<p>Andr\u00e9 Hermant (1908-1978) a construit des mus\u00e9es (Chagall \u00e0 Nice, la tapisserie \u00e0 Beauvais), et particip\u00e9 \u00e0 la r\u00e9daction de \u00abL&#8217;Architecture d&#8217;aujourd&#8217;hui\u00bb et de \u00abTechniques et architecture\u00bb. Il s&#8217;est beaucoup investi dans la notion de \u00ab Formes utiles \u00bb, r\u00e9alisant une maison \u00e9conomique, avant de publier ce livre en 1959. Il y d\u00e9fend le principe que l&#8217;utile et le moderne peuvent \u00eatre beaux sans mettre la vente en priorit\u00e9. Suit un texte que Hermant publia en 1969 que nous avons intitul\u00e9 \u00ab Pour une prise de conscience publique \u00bb. Il y prolonge sa r\u00e9flexion sur ce qu&#8217;il appelle \u00ab l&#8217;incapacit\u00e9 d&#8217;architecture \u00bb de nos soci\u00e9t\u00e9s.<\/p>\n","protected":false},"excerpt":{"rendered":"<p>Andr\u00e9 Hermant (1908-1978) a construit des mus\u00e9es (Chagall \u00e0 Nice, la tapisserie \u00e0 Beauvais), et particip\u00e9 \u00e0 la r\u00e9daction de \u00abL&#8217;Architecture d&#8217;aujourd&#8217;hui\u00bb et de \u00abTechniques et architecture\u00bb. Il s&#8217;est beaucoup investi dans la notion de \u00ab Formes utiles \u00bb, r\u00e9alisant une maison \u00e9conomique, avant de publier ce livre en 1959. Il y d\u00e9fend le principe [&hellip;]<\/p>\n","protected":false},"featured_media":48448,"template":"","meta":[],"product_cat":[2948,2950],"product_tag":[],"acf":[],"yoast_head":"<!-- This site is optimized with the Yoast SEO plugin v20.11 - https:\/\/yoast.com\/wordpress\/plugins\/seo\/ -->\n<title>Formes utiles - Librairie 7L<\/title>\n<meta name=\"robots\" content=\"index, follow, max-snippet:-1, max-image-preview:large, max-video-preview:-1\" \/>\n<link rel=\"canonical\" href=\"https:\/\/librairie7l.com\/en\/produit\/formes-utiles-2\/\" \/>\n<meta property=\"og:locale\" content=\"en_US\" \/>\n<meta property=\"og:type\" content=\"article\" \/>\n<meta property=\"og:title\" content=\"Formes utiles - Librairie 7L\" \/>\n<meta property=\"og:description\" content=\"Andr\u00e9 Hermant (1908-1978) a construit des mus\u00e9es (Chagall \u00e0 Nice, la tapisserie \u00e0 Beauvais), et particip\u00e9 \u00e0 la r\u00e9daction de \u00abL&#8217;Architecture d&#8217;aujourd&#8217;hui\u00bb et de \u00abTechniques et architecture\u00bb. Il s&#8217;est beaucoup investi dans la notion de \u00ab Formes utiles \u00bb, r\u00e9alisant une maison \u00e9conomique, avant de publier ce livre en 1959. Il y d\u00e9fend le principe [&hellip;]\" \/>\n<meta property=\"og:url\" content=\"https:\/\/librairie7l.com\/en\/produit\/formes-utiles-2\/\" \/>\n<meta property=\"og:site_name\" content=\"Librairie 7L\" \/>\n<meta property=\"article:modified_time\" content=\"2026-04-07T00:19:28+00:00\" \/>\n<meta property=\"og:image\" content=\"https:\/\/librairie7l.com\/wp-content\/uploads\/2013\/12\/9782910342906_1_75.jpg\" \/>\n\t<meta property=\"og:image:width\" content=\"600\" \/>\n\t<meta property=\"og:image:height\" content=\"689\" \/>\n\t<meta property=\"og:image:type\" content=\"image\/jpeg\" \/>\n<meta name=\"twitter:card\" content=\"summary_large_image\" \/>\n<meta name=\"twitter:label1\" content=\"Est. reading time\" \/>\n\t<meta name=\"twitter:data1\" content=\"1 minute\" \/>\n<script type=\"application\/ld+json\" class=\"yoast-schema-graph\">{\"@context\":\"https:\/\/schema.org\",\"@graph\":[{\"@type\":\"WebPage\",\"@id\":\"https:\/\/librairie7l.com\/en\/produit\/formes-utiles-2\/\",\"url\":\"https:\/\/librairie7l.com\/en\/produit\/formes-utiles-2\/\",\"name\":\"Formes utiles - Librairie 7L\",\"isPartOf\":{\"@id\":\"https:\/\/librairie7l.com\/en\/#website\"},\"datePublished\":\"2025-06-05T07:18:07+00:00\",\"dateModified\":\"2026-04-07T00:19:28+00:00\",\"breadcrumb\":{\"@id\":\"https:\/\/librairie7l.com\/en\/produit\/formes-utiles-2\/#breadcrumb\"},\"inLanguage\":\"en-US\",\"potentialAction\":[{\"@type\":\"ReadAction\",\"target\":[\"https:\/\/librairie7l.com\/en\/produit\/formes-utiles-2\/\"]}]},{\"@type\":\"BreadcrumbList\",\"@id\":\"https:\/\/librairie7l.com\/en\/produit\/formes-utiles-2\/#breadcrumb\",\"itemListElement\":[{\"@type\":\"ListItem\",\"position\":1,\"name\":\"Accueil\",\"item\":\"https:\/\/librairie7l.com\/en\/\"},{\"@type\":\"ListItem\",\"position\":2,\"name\":\"Shop\",\"item\":\"https:\/\/librairie7l.com\/en\/shop\/\"},{\"@type\":\"ListItem\",\"position\":3,\"name\":\"FORMES UTILES\"}]},{\"@type\":\"WebSite\",\"@id\":\"https:\/\/librairie7l.com\/en\/#website\",\"url\":\"https:\/\/librairie7l.com\/en\/\",\"name\":\"Librairie 7L\",\"description\":\"Librairie fond\u00e9e en 1999 par Karl Lagerfeld \u00e0 Paris\",\"publisher\":{\"@id\":\"https:\/\/librairie7l.com\/en\/#organization\"},\"potentialAction\":[{\"@type\":\"SearchAction\",\"target\":{\"@type\":\"EntryPoint\",\"urlTemplate\":\"https:\/\/librairie7l.com\/en\/?s={search_term_string}\"},\"query-input\":\"required name=search_term_string\"}],\"inLanguage\":\"en-US\"},{\"@type\":\"Organization\",\"@id\":\"https:\/\/librairie7l.com\/en\/#organization\",\"name\":\"Librairie 7L\",\"url\":\"https:\/\/librairie7l.com\/en\/\",\"logo\":{\"@type\":\"ImageObject\",\"inLanguage\":\"en-US\",\"@id\":\"https:\/\/librairie7l.com\/en\/#\/schema\/logo\/image\/\",\"url\":\"https:\/\/librairie7l.com\/wp-content\/uploads\/2022\/08\/logo-1.png\",\"contentUrl\":\"https:\/\/librairie7l.com\/wp-content\/uploads\/2022\/08\/logo-1.png\",\"width\":227,\"height\":301,\"caption\":\"Librairie 7L\"},\"image\":{\"@id\":\"https:\/\/librairie7l.com\/en\/#\/schema\/logo\/image\/\"}}]}<\/script>\n<!-- \/ Yoast SEO plugin. -->","yoast_head_json":{"title":"Formes utiles - Librairie 7L","robots":{"index":"index","follow":"follow","max-snippet":"max-snippet:-1","max-image-preview":"max-image-preview:large","max-video-preview":"max-video-preview:-1"},"canonical":"https:\/\/librairie7l.com\/en\/produit\/formes-utiles-2\/","og_locale":"en_US","og_type":"article","og_title":"Formes utiles - Librairie 7L","og_description":"Andr\u00e9 Hermant (1908-1978) a construit des mus\u00e9es (Chagall \u00e0 Nice, la tapisserie \u00e0 Beauvais), et particip\u00e9 \u00e0 la r\u00e9daction de \u00abL&#8217;Architecture d&#8217;aujourd&#8217;hui\u00bb et de \u00abTechniques et architecture\u00bb. Il s&#8217;est beaucoup investi dans la notion de \u00ab Formes utiles \u00bb, r\u00e9alisant une maison \u00e9conomique, avant de publier ce livre en 1959. Il y d\u00e9fend le principe [&hellip;]","og_url":"https:\/\/librairie7l.com\/en\/produit\/formes-utiles-2\/","og_site_name":"Librairie 7L","article_modified_time":"2026-04-07T00:19:28+00:00","og_image":[{"width":600,"height":689,"url":"https:\/\/librairie7l.com\/wp-content\/uploads\/2013\/12\/9782910342906_1_75.jpg","type":"image\/jpeg"}],"twitter_card":"summary_large_image","twitter_misc":{"Est. reading time":"1 minute"},"schema":{"@context":"https:\/\/schema.org","@graph":[{"@type":"WebPage","@id":"https:\/\/librairie7l.com\/en\/produit\/formes-utiles-2\/","url":"https:\/\/librairie7l.com\/en\/produit\/formes-utiles-2\/","name":"Formes utiles - Librairie 7L","isPartOf":{"@id":"https:\/\/librairie7l.com\/en\/#website"},"datePublished":"2025-06-05T07:18:07+00:00","dateModified":"2026-04-07T00:19:28+00:00","breadcrumb":{"@id":"https:\/\/librairie7l.com\/en\/produit\/formes-utiles-2\/#breadcrumb"},"inLanguage":"en-US","potentialAction":[{"@type":"ReadAction","target":["https:\/\/librairie7l.com\/en\/produit\/formes-utiles-2\/"]}]},{"@type":"BreadcrumbList","@id":"https:\/\/librairie7l.com\/en\/produit\/formes-utiles-2\/#breadcrumb","itemListElement":[{"@type":"ListItem","position":1,"name":"Accueil","item":"https:\/\/librairie7l.com\/en\/"},{"@type":"ListItem","position":2,"name":"Shop","item":"https:\/\/librairie7l.com\/en\/shop\/"},{"@type":"ListItem","position":3,"name":"FORMES UTILES"}]},{"@type":"WebSite","@id":"https:\/\/librairie7l.com\/en\/#website","url":"https:\/\/librairie7l.com\/en\/","name":"Librairie 7L","description":"Librairie fond\u00e9e en 1999 par Karl Lagerfeld \u00e0 Paris","publisher":{"@id":"https:\/\/librairie7l.com\/en\/#organization"},"potentialAction":[{"@type":"SearchAction","target":{"@type":"EntryPoint","urlTemplate":"https:\/\/librairie7l.com\/en\/?s={search_term_string}"},"query-input":"required name=search_term_string"}],"inLanguage":"en-US"},{"@type":"Organization","@id":"https:\/\/librairie7l.com\/en\/#organization","name":"Librairie 7L","url":"https:\/\/librairie7l.com\/en\/","logo":{"@type":"ImageObject","inLanguage":"en-US","@id":"https:\/\/librairie7l.com\/en\/#\/schema\/logo\/image\/","url":"https:\/\/librairie7l.com\/wp-content\/uploads\/2022\/08\/logo-1.png","contentUrl":"https:\/\/librairie7l.com\/wp-content\/uploads\/2022\/08\/logo-1.png","width":227,"height":301,"caption":"Librairie 7L"},"image":{"@id":"https:\/\/librairie7l.com\/en\/#\/schema\/logo\/image\/"}}]}},"_links":{"self":[{"href":"https:\/\/librairie7l.com\/en\/wp-json\/wp\/v2\/product\/48450"}],"collection":[{"href":"https:\/\/librairie7l.com\/en\/wp-json\/wp\/v2\/product"}],"about":[{"href":"https:\/\/librairie7l.com\/en\/wp-json\/wp\/v2\/types\/product"}],"wp:featuredmedia":[{"embeddable":true,"href":"https:\/\/librairie7l.com\/en\/wp-json\/wp\/v2\/media\/48448"}],"wp:attachment":[{"href":"https:\/\/librairie7l.com\/en\/wp-json\/wp\/v2\/media?parent=48450"}],"wp:term":[{"taxonomy":"product_cat","embeddable":true,"href":"https:\/\/librairie7l.com\/en\/wp-json\/wp\/v2\/product_cat?post=48450"},{"taxonomy":"product_tag","embeddable":true,"href":"https:\/\/librairie7l.com\/en\/wp-json\/wp\/v2\/product_tag?post=48450"}],"curies":[{"name":"wp","href":"https:\/\/api.w.org\/{rel}","templated":true}]}}