{"id":48454,"date":"2025-06-05T09:18:10","date_gmt":"2025-06-05T07:18:10","guid":{"rendered":"https:\/\/librairie7l.com\/?post_type=product&#038;p=48454"},"modified":"2026-04-17T03:06:22","modified_gmt":"2026-04-17T01:06:22","slug":"capri-les-grilles-de-paradis-2","status":"publish","type":"product","link":"https:\/\/librairie7l.com\/en\/produit\/capri-les-grilles-de-paradis-2\/","title":{"rendered":"CAPRI, LES GRILLES DE PARADIS"},"content":{"rendered":"<p>Sur une \u00eele, o\u00f9 l&#8217;architecture est d&#8217;essence paysanne, o\u00f9 les maisons se ressemblent par la force majeure des mat\u00e9riaux disponibles, le fer forg\u00e9, souvent produit par le mar\u00e9chal ferrant, devient un signe de reconnaissance, une mani\u00e8re de singulariser son habitat. La vari\u00e9t\u00e9 des dessins rappelle que l&#8217;ile a toujours \u00e9t\u00e9, m\u00eame dans les p\u00e9riodes de crises et de guerre, un lieu o\u00f9 souffle un sentiment de libert\u00e9, de tol\u00e9rance.<br \/>\nLes grilles, souvent d&#8217;une facture simple, sans pr\u00e9tention, teint\u00e9e ici et l\u00e0 d&#8217;un peu de classicisme ou d&#8217;Art D\u00e9co, disent gentiment au passant qu&#8217;on est ici, singulier et toujours un peu \u00e0 contre-courant.<\/p>\n","protected":false},"excerpt":{"rendered":"<p>Sur une \u00eele, o\u00f9 l&#8217;architecture est d&#8217;essence paysanne, o\u00f9 les maisons se ressemblent par la force majeure des mat\u00e9riaux disponibles, le fer forg\u00e9, souvent produit par le mar\u00e9chal ferrant, devient un signe de reconnaissance, une mani\u00e8re de singulariser son habitat. La vari\u00e9t\u00e9 des dessins rappelle que l&#8217;ile a toujours \u00e9t\u00e9, m\u00eame dans les p\u00e9riodes de [&hellip;]<\/p>\n","protected":false},"featured_media":48452,"template":"","meta":[],"product_cat":[2948,2952],"product_tag":[],"acf":[],"yoast_head":"<!-- This site is optimized with the Yoast SEO plugin v20.11 - https:\/\/yoast.com\/wordpress\/plugins\/seo\/ -->\n<title>Capri, les grilles de paradis - Librairie 7L<\/title>\n<meta name=\"robots\" content=\"index, follow, max-snippet:-1, max-image-preview:large, max-video-preview:-1\" \/>\n<link rel=\"canonical\" href=\"https:\/\/librairie7l.com\/en\/produit\/capri-les-grilles-de-paradis-2\/\" \/>\n<meta property=\"og:locale\" content=\"en_US\" \/>\n<meta property=\"og:type\" content=\"article\" \/>\n<meta property=\"og:title\" content=\"Capri, les grilles de paradis - Librairie 7L\" \/>\n<meta property=\"og:description\" content=\"Sur une \u00eele, o\u00f9 l&#8217;architecture est d&#8217;essence paysanne, o\u00f9 les maisons se ressemblent par la force majeure des mat\u00e9riaux disponibles, le fer forg\u00e9, souvent produit par le mar\u00e9chal ferrant, devient un signe de reconnaissance, une mani\u00e8re de singulariser son habitat. La vari\u00e9t\u00e9 des dessins rappelle que l&#8217;ile a toujours \u00e9t\u00e9, m\u00eame dans les p\u00e9riodes de [&hellip;]\" \/>\n<meta property=\"og:url\" content=\"https:\/\/librairie7l.com\/en\/produit\/capri-les-grilles-de-paradis-2\/\" \/>\n<meta property=\"og:site_name\" content=\"Librairie 7L\" \/>\n<meta property=\"article:modified_time\" content=\"2026-04-17T01:06:22+00:00\" \/>\n<meta property=\"og:image\" content=\"https:\/\/librairie7l.com\/wp-content\/uploads\/2016\/01\/9782871433200_1_75.jpg\" \/>\n\t<meta property=\"og:image:width\" content=\"600\" \/>\n\t<meta property=\"og:image:height\" content=\"669\" \/>\n\t<meta property=\"og:image:type\" content=\"image\/jpeg\" \/>\n<meta name=\"twitter:card\" content=\"summary_large_image\" \/>\n<meta name=\"twitter:label1\" content=\"Est. reading time\" \/>\n\t<meta name=\"twitter:data1\" content=\"1 minute\" \/>\n<script type=\"application\/ld+json\" class=\"yoast-schema-graph\">{\"@context\":\"https:\/\/schema.org\",\"@graph\":[{\"@type\":\"WebPage\",\"@id\":\"https:\/\/librairie7l.com\/en\/produit\/capri-les-grilles-de-paradis-2\/\",\"url\":\"https:\/\/librairie7l.com\/en\/produit\/capri-les-grilles-de-paradis-2\/\",\"name\":\"Capri, les grilles de paradis - Librairie 7L\",\"isPartOf\":{\"@id\":\"https:\/\/librairie7l.com\/en\/#website\"},\"datePublished\":\"2025-06-05T07:18:10+00:00\",\"dateModified\":\"2026-04-17T01:06:22+00:00\",\"breadcrumb\":{\"@id\":\"https:\/\/librairie7l.com\/en\/produit\/capri-les-grilles-de-paradis-2\/#breadcrumb\"},\"inLanguage\":\"en-US\",\"potentialAction\":[{\"@type\":\"ReadAction\",\"target\":[\"https:\/\/librairie7l.com\/en\/produit\/capri-les-grilles-de-paradis-2\/\"]}]},{\"@type\":\"BreadcrumbList\",\"@id\":\"https:\/\/librairie7l.com\/en\/produit\/capri-les-grilles-de-paradis-2\/#breadcrumb\",\"itemListElement\":[{\"@type\":\"ListItem\",\"position\":1,\"name\":\"Accueil\",\"item\":\"https:\/\/librairie7l.com\/en\/\"},{\"@type\":\"ListItem\",\"position\":2,\"name\":\"Shop\",\"item\":\"https:\/\/librairie7l.com\/en\/shop\/\"},{\"@type\":\"ListItem\",\"position\":3,\"name\":\"CAPRI, LES GRILLES DE PARADIS\"}]},{\"@type\":\"WebSite\",\"@id\":\"https:\/\/librairie7l.com\/en\/#website\",\"url\":\"https:\/\/librairie7l.com\/en\/\",\"name\":\"Librairie 7L\",\"description\":\"Librairie fond\u00e9e en 1999 par Karl Lagerfeld \u00e0 Paris\",\"publisher\":{\"@id\":\"https:\/\/librairie7l.com\/en\/#organization\"},\"potentialAction\":[{\"@type\":\"SearchAction\",\"target\":{\"@type\":\"EntryPoint\",\"urlTemplate\":\"https:\/\/librairie7l.com\/en\/?s={search_term_string}\"},\"query-input\":\"required name=search_term_string\"}],\"inLanguage\":\"en-US\"},{\"@type\":\"Organization\",\"@id\":\"https:\/\/librairie7l.com\/en\/#organization\",\"name\":\"Librairie 7L\",\"url\":\"https:\/\/librairie7l.com\/en\/\",\"logo\":{\"@type\":\"ImageObject\",\"inLanguage\":\"en-US\",\"@id\":\"https:\/\/librairie7l.com\/en\/#\/schema\/logo\/image\/\",\"url\":\"https:\/\/librairie7l.com\/wp-content\/uploads\/2022\/08\/logo-1.png\",\"contentUrl\":\"https:\/\/librairie7l.com\/wp-content\/uploads\/2022\/08\/logo-1.png\",\"width\":227,\"height\":301,\"caption\":\"Librairie 7L\"},\"image\":{\"@id\":\"https:\/\/librairie7l.com\/en\/#\/schema\/logo\/image\/\"}}]}<\/script>\n<!-- \/ Yoast SEO plugin. -->","yoast_head_json":{"title":"Capri, les grilles de paradis - Librairie 7L","robots":{"index":"index","follow":"follow","max-snippet":"max-snippet:-1","max-image-preview":"max-image-preview:large","max-video-preview":"max-video-preview:-1"},"canonical":"https:\/\/librairie7l.com\/en\/produit\/capri-les-grilles-de-paradis-2\/","og_locale":"en_US","og_type":"article","og_title":"Capri, les grilles de paradis - Librairie 7L","og_description":"Sur une \u00eele, o\u00f9 l&#8217;architecture est d&#8217;essence paysanne, o\u00f9 les maisons se ressemblent par la force majeure des mat\u00e9riaux disponibles, le fer forg\u00e9, souvent produit par le mar\u00e9chal ferrant, devient un signe de reconnaissance, une mani\u00e8re de singulariser son habitat. La vari\u00e9t\u00e9 des dessins rappelle que l&#8217;ile a toujours \u00e9t\u00e9, m\u00eame dans les p\u00e9riodes de [&hellip;]","og_url":"https:\/\/librairie7l.com\/en\/produit\/capri-les-grilles-de-paradis-2\/","og_site_name":"Librairie 7L","article_modified_time":"2026-04-17T01:06:22+00:00","og_image":[{"width":600,"height":669,"url":"https:\/\/librairie7l.com\/wp-content\/uploads\/2016\/01\/9782871433200_1_75.jpg","type":"image\/jpeg"}],"twitter_card":"summary_large_image","twitter_misc":{"Est. reading time":"1 minute"},"schema":{"@context":"https:\/\/schema.org","@graph":[{"@type":"WebPage","@id":"https:\/\/librairie7l.com\/en\/produit\/capri-les-grilles-de-paradis-2\/","url":"https:\/\/librairie7l.com\/en\/produit\/capri-les-grilles-de-paradis-2\/","name":"Capri, les grilles de paradis - Librairie 7L","isPartOf":{"@id":"https:\/\/librairie7l.com\/en\/#website"},"datePublished":"2025-06-05T07:18:10+00:00","dateModified":"2026-04-17T01:06:22+00:00","breadcrumb":{"@id":"https:\/\/librairie7l.com\/en\/produit\/capri-les-grilles-de-paradis-2\/#breadcrumb"},"inLanguage":"en-US","potentialAction":[{"@type":"ReadAction","target":["https:\/\/librairie7l.com\/en\/produit\/capri-les-grilles-de-paradis-2\/"]}]},{"@type":"BreadcrumbList","@id":"https:\/\/librairie7l.com\/en\/produit\/capri-les-grilles-de-paradis-2\/#breadcrumb","itemListElement":[{"@type":"ListItem","position":1,"name":"Accueil","item":"https:\/\/librairie7l.com\/en\/"},{"@type":"ListItem","position":2,"name":"Shop","item":"https:\/\/librairie7l.com\/en\/shop\/"},{"@type":"ListItem","position":3,"name":"CAPRI, LES GRILLES DE PARADIS"}]},{"@type":"WebSite","@id":"https:\/\/librairie7l.com\/en\/#website","url":"https:\/\/librairie7l.com\/en\/","name":"Librairie 7L","description":"Librairie fond\u00e9e en 1999 par Karl Lagerfeld \u00e0 Paris","publisher":{"@id":"https:\/\/librairie7l.com\/en\/#organization"},"potentialAction":[{"@type":"SearchAction","target":{"@type":"EntryPoint","urlTemplate":"https:\/\/librairie7l.com\/en\/?s={search_term_string}"},"query-input":"required name=search_term_string"}],"inLanguage":"en-US"},{"@type":"Organization","@id":"https:\/\/librairie7l.com\/en\/#organization","name":"Librairie 7L","url":"https:\/\/librairie7l.com\/en\/","logo":{"@type":"ImageObject","inLanguage":"en-US","@id":"https:\/\/librairie7l.com\/en\/#\/schema\/logo\/image\/","url":"https:\/\/librairie7l.com\/wp-content\/uploads\/2022\/08\/logo-1.png","contentUrl":"https:\/\/librairie7l.com\/wp-content\/uploads\/2022\/08\/logo-1.png","width":227,"height":301,"caption":"Librairie 7L"},"image":{"@id":"https:\/\/librairie7l.com\/en\/#\/schema\/logo\/image\/"}}]}},"_links":{"self":[{"href":"https:\/\/librairie7l.com\/en\/wp-json\/wp\/v2\/product\/48454"}],"collection":[{"href":"https:\/\/librairie7l.com\/en\/wp-json\/wp\/v2\/product"}],"about":[{"href":"https:\/\/librairie7l.com\/en\/wp-json\/wp\/v2\/types\/product"}],"wp:featuredmedia":[{"embeddable":true,"href":"https:\/\/librairie7l.com\/en\/wp-json\/wp\/v2\/media\/48452"}],"wp:attachment":[{"href":"https:\/\/librairie7l.com\/en\/wp-json\/wp\/v2\/media?parent=48454"}],"wp:term":[{"taxonomy":"product_cat","embeddable":true,"href":"https:\/\/librairie7l.com\/en\/wp-json\/wp\/v2\/product_cat?post=48454"},{"taxonomy":"product_tag","embeddable":true,"href":"https:\/\/librairie7l.com\/en\/wp-json\/wp\/v2\/product_tag?post=48454"}],"curies":[{"name":"wp","href":"https:\/\/api.w.org\/{rel}","templated":true}]}}