{"id":48462,"date":"2025-06-05T09:18:15","date_gmt":"2025-06-05T07:18:15","guid":{"rendered":"https:\/\/librairie7l.com\/?post_type=product&#038;p=48462"},"modified":"2026-04-23T02:19:17","modified_gmt":"2026-04-23T00:19:17","slug":"la-seconde-vie-de-pompei-renaissance-de-lantique-des-lumieres-au-romantisme-1738-1860-2","status":"publish","type":"product","link":"https:\/\/librairie7l.com\/en\/produit\/la-seconde-vie-de-pompei-renaissance-de-lantique-des-lumieres-au-romantisme-1738-1860-2\/","title":{"rendered":"LA SECONDE VIE DE POMP\u00c9I ; RENAISSANCE DE L&#8217;ANTIQUE, DES LUMI\u00c8RES AU ROMANTISME 1738-1860"},"content":{"rendered":"<p>La ville antique de Pomp\u00e9i n&#8217;aurait \u00e9t\u00e9 qu&#8217;un centre provincial de l&#8217;Empire romain comme tant d&#8217;autres, 1 si une fatale \u00e9ruption du V\u00e9suve, survenue en l&#8217;an 79 apr\u00e8s J.-C .. ne l&#8217;avait pas enti\u00e8rement d\u00e9truite, et ne l&#8217;avait ensuite aussit\u00d4t pr\u00e9serv\u00e9e. en la recouvrant d&#8217;une \u00e9paisse couche de cendres et de mati\u00e8res volcaniques solidifi\u00e9es. Cette protection conserva quasiment intacts 1 e s vestiges de l&#8217;antique Pomp\u00e9i au cours denviron mille sept cents ans. En 1748, les \u00e9quipes d&#8217;ing\u00e9nieurs militaires qui effectuaient pour le roi de Naples des fouilles arch\u00e9ologiques dans la r\u00e9gion v\u00e9suvienne, faisaient les premi\u00e8res d\u00e9couvertes sur le site. La date de 1748 devint alors ceUe du d\u00e9but de la nouvelle vie de la cit\u00e9 romaine qui habita pendant plus de deux cents ans, et habite encore l&#8217;imaginaire europ\u00e9en.<br \/>\nCurieusement. le temps des premi\u00e8res d\u00e9couvertes \u00e0 Pomp\u00e9i co\u00efncida avec celui d&#8217;une recrudescence de ractivit\u00e9 volcanique du V\u00e9suve, qui connut dans la seconde moiti\u00e9 du XVlII\u00e8me si\u00e8cle de fr\u00e9quentes \u00e9ruptions. La nature semblait c\u00e9l\u00e9brer un \u00e9v\u00e9nement historique marquant. Les yeux de l&#8217;Europe toute en\u00b7 ti\u00e8re se tourn\u00e8rent alors vers Naples et vers la Campanie.<br \/>\nAu XVlII\u00e8me si\u00e8cle, la fortune naissante de Pomp\u00e9i ne fut pas orient\u00e9e vers la ville elle-m\u00eame, mais se focalisa essentiellement sur quelques antiques extraites de son sous-sol. Ce fut alors que firent leur apparition dans l&#8217;art occidental les variations sur le th\u00e8me des satyres et des vols de centaures, faunes et bacchantes amoureux, comme les interpr\u00e9tations les plus vari\u00e9es du th\u00e8me des danseuses dites d&#8217;Hercu anum et de celui de l&#8217;Amour prisonnier. Dans la d\u00e9coration int\u00e9rieure, le traitement des parois \u00e0 la pomp\u00e9ienne s&#8217;imposa, et dans les arts d\u00e9coratifs l&#8217;adoption d&#8217;un mobilier et dobjets imitant ceux qui ornaient les demeures des anciens Pomp\u00e9iens, tels les tripodes, les cand\u00e9labres, les lampes, les cassolettes, les vases, les amphores, devint une mode incontournable.<br \/>\nAu d\u00e9but du XlX\u00e8me si\u00e8cle, notamment au cours des r\u00e8gnes de deux souverains fran\u00e7ais, Joseph Bo \u00b7 naparte et Joachim Murat, une programmation globale des fouilles de Pomp\u00e9i put \u00eatre formul\u00e9e et le p\u00e9rim\u00e8tre des murailles de la ville antique fut trac\u00e9 avec pr\u00e9cision. I..:attention des responsables des fouilles se d\u00e9pla\u00e7a alors vers l&#8217;architecture et l&#8217;urbanisme de la cit\u00e9. Ibuvrage d&#8217;un architecte fran\u00e7ais prot\u00e9g\u00e9 de la reine Caroline Murat synth\u00e9tise le tournant v\u00e9cu par l&#8217;arch\u00e9ologie pomp\u00e9ienne dans les premi\u00e8res d\u00e9cennies du si\u00e8cle: ((Les Ruines de Pomp\u00e9i\u00bb de Fran\u00e7ois Mazais, qui fut publi\u00e9 en plusieurs volumes entre 1813 et 1838. Le recueil permettaient en effet de circuler dans les rues de Pomp\u00e9i, de p\u00e9netrer dans les habitations et dans les thermes fr\u00e9quent\u00e9s par les Pomp\u00e9iens, de visiter ses temples et de participer aux jeux et aux comp\u00e9titions dans ses th\u00e9\u00e2tres. Le quotidien des Anciens redevenait familier aux Modernes du XIX\u00e8me si\u00e8cle et en pleine \u00e9closion du Romantisme, enllamma leur imagination. La ville antique devint alors le cadre d&#8217;u ne vaste production litt\u00e9raire, th\u00e9\u00e2trale, musicale, peinte, sculpt\u00e9e, dessin\u00e9e et grav\u00e9e, faisant revivre les histoires du pass\u00e9 et privil\u00e9giant g\u00e9n\u00e9ralement ~ les derniers jours de Pomp\u00e9i)} au cours desquels l\u00ebruption meurtri\u00e8re avait forg\u00e9 le mythe de la cit\u00e9, La seconde vie de Pomp\u00e9i v\u00e9hicul\u00e9e par les tableaux- phares d&#8217;une \u00e9poque, par des pochades et des tableautins: s&#8217;exprima par la plume d&#8217;\u00e9crivains d&#8217;\u00e9lite, comme par celle de romanciers populaires, dont les oeuvres furent cDuron n\u00e9es d&#8217;un succ\u00e8s \u00e9ph\u00e9m\u00e8re.<br \/>\nElle toucha ainsi un public extr\u00eamement large, ce m\u00eame public qui nourrit aujourd&#8217;hui, inlassable\u00b7 ment, les flux de visiteurs qui se rendent sur le site, p\u00e8lerins des temps modernes partis de tous les pays du monde pour le voir de leurs propres yeux.<\/p>\n","protected":false},"excerpt":{"rendered":"<p>La ville antique de Pomp\u00e9i n&#8217;aurait \u00e9t\u00e9 qu&#8217;un centre provincial de l&#8217;Empire romain comme tant d&#8217;autres, 1 si une fatale \u00e9ruption du V\u00e9suve, survenue en l&#8217;an 79 apr\u00e8s J.-C .. ne l&#8217;avait pas enti\u00e8rement d\u00e9truite, et ne l&#8217;avait ensuite aussit\u00d4t pr\u00e9serv\u00e9e. en la recouvrant d&#8217;une \u00e9paisse couche de cendres et de mati\u00e8res volcaniques solidifi\u00e9es. Cette [&hellip;]<\/p>\n","protected":false},"featured_media":48460,"template":"","meta":[],"product_cat":[2948,2953],"product_tag":[],"acf":[],"yoast_head":"<!-- This site is optimized with the Yoast SEO plugin v20.11 - https:\/\/yoast.com\/wordpress\/plugins\/seo\/ -->\n<title>La seconde vie de Pomp\u00e9i ; renaissance de l&#039;antique, des Lumi\u00e8res au Romantisme 1738-1860 - Librairie 7L<\/title>\n<meta name=\"robots\" content=\"index, follow, max-snippet:-1, max-image-preview:large, max-video-preview:-1\" \/>\n<link rel=\"canonical\" href=\"https:\/\/librairie7l.com\/en\/produit\/la-seconde-vie-de-pompei-renaissance-de-lantique-des-lumieres-au-romantisme-1738-1860-2\/\" \/>\n<meta property=\"og:locale\" content=\"en_US\" \/>\n<meta property=\"og:type\" content=\"article\" \/>\n<meta property=\"og:title\" content=\"La seconde vie de Pomp\u00e9i ; renaissance de l&#039;antique, des Lumi\u00e8res au Romantisme 1738-1860 - Librairie 7L\" \/>\n<meta property=\"og:description\" content=\"La ville antique de Pomp\u00e9i n&#8217;aurait \u00e9t\u00e9 qu&#8217;un centre provincial de l&#8217;Empire romain comme tant d&#8217;autres, 1 si une fatale \u00e9ruption du V\u00e9suve, survenue en l&#8217;an 79 apr\u00e8s J.-C .. ne l&#8217;avait pas enti\u00e8rement d\u00e9truite, et ne l&#8217;avait ensuite aussit\u00d4t pr\u00e9serv\u00e9e. en la recouvrant d&#8217;une \u00e9paisse couche de cendres et de mati\u00e8res volcaniques solidifi\u00e9es. Cette [&hellip;]\" \/>\n<meta property=\"og:url\" content=\"https:\/\/librairie7l.com\/en\/produit\/la-seconde-vie-de-pompei-renaissance-de-lantique-des-lumieres-au-romantisme-1738-1860-2\/\" \/>\n<meta property=\"og:site_name\" content=\"Librairie 7L\" \/>\n<meta property=\"article:modified_time\" content=\"2026-04-23T00:19:17+00:00\" \/>\n<meta property=\"og:image\" content=\"https:\/\/librairie7l.com\/wp-content\/uploads\/2016\/06\/9782353402519_1_75.jpg\" \/>\n\t<meta property=\"og:image:width\" content=\"1000\" \/>\n\t<meta property=\"og:image:height\" content=\"1257\" \/>\n\t<meta property=\"og:image:type\" content=\"image\/jpeg\" \/>\n<meta name=\"twitter:card\" content=\"summary_large_image\" \/>\n<meta name=\"twitter:label1\" content=\"Est. reading time\" \/>\n\t<meta name=\"twitter:data1\" content=\"3 minutes\" \/>\n<script type=\"application\/ld+json\" class=\"yoast-schema-graph\">{\"@context\":\"https:\/\/schema.org\",\"@graph\":[{\"@type\":\"WebPage\",\"@id\":\"https:\/\/librairie7l.com\/en\/produit\/la-seconde-vie-de-pompei-renaissance-de-lantique-des-lumieres-au-romantisme-1738-1860-2\/\",\"url\":\"https:\/\/librairie7l.com\/en\/produit\/la-seconde-vie-de-pompei-renaissance-de-lantique-des-lumieres-au-romantisme-1738-1860-2\/\",\"name\":\"La seconde vie de Pomp\u00e9i ; renaissance de l'antique, des Lumi\u00e8res au Romantisme 1738-1860 - Librairie 7L\",\"isPartOf\":{\"@id\":\"https:\/\/librairie7l.com\/en\/#website\"},\"datePublished\":\"2025-06-05T07:18:15+00:00\",\"dateModified\":\"2026-04-23T00:19:17+00:00\",\"breadcrumb\":{\"@id\":\"https:\/\/librairie7l.com\/en\/produit\/la-seconde-vie-de-pompei-renaissance-de-lantique-des-lumieres-au-romantisme-1738-1860-2\/#breadcrumb\"},\"inLanguage\":\"en-US\",\"potentialAction\":[{\"@type\":\"ReadAction\",\"target\":[\"https:\/\/librairie7l.com\/en\/produit\/la-seconde-vie-de-pompei-renaissance-de-lantique-des-lumieres-au-romantisme-1738-1860-2\/\"]}]},{\"@type\":\"BreadcrumbList\",\"@id\":\"https:\/\/librairie7l.com\/en\/produit\/la-seconde-vie-de-pompei-renaissance-de-lantique-des-lumieres-au-romantisme-1738-1860-2\/#breadcrumb\",\"itemListElement\":[{\"@type\":\"ListItem\",\"position\":1,\"name\":\"Accueil\",\"item\":\"https:\/\/librairie7l.com\/en\/\"},{\"@type\":\"ListItem\",\"position\":2,\"name\":\"Shop\",\"item\":\"https:\/\/librairie7l.com\/en\/shop\/\"},{\"@type\":\"ListItem\",\"position\":3,\"name\":\"LA SECONDE VIE DE POMP\u00c9I ; RENAISSANCE DE L&#8217;ANTIQUE, DES LUMI\u00c8RES AU ROMANTISME 1738-1860\"}]},{\"@type\":\"WebSite\",\"@id\":\"https:\/\/librairie7l.com\/en\/#website\",\"url\":\"https:\/\/librairie7l.com\/en\/\",\"name\":\"Librairie 7L\",\"description\":\"Librairie fond\u00e9e en 1999 par Karl Lagerfeld \u00e0 Paris\",\"publisher\":{\"@id\":\"https:\/\/librairie7l.com\/en\/#organization\"},\"potentialAction\":[{\"@type\":\"SearchAction\",\"target\":{\"@type\":\"EntryPoint\",\"urlTemplate\":\"https:\/\/librairie7l.com\/en\/?s={search_term_string}\"},\"query-input\":\"required name=search_term_string\"}],\"inLanguage\":\"en-US\"},{\"@type\":\"Organization\",\"@id\":\"https:\/\/librairie7l.com\/en\/#organization\",\"name\":\"Librairie 7L\",\"url\":\"https:\/\/librairie7l.com\/en\/\",\"logo\":{\"@type\":\"ImageObject\",\"inLanguage\":\"en-US\",\"@id\":\"https:\/\/librairie7l.com\/en\/#\/schema\/logo\/image\/\",\"url\":\"https:\/\/librairie7l.com\/wp-content\/uploads\/2022\/08\/logo-1.png\",\"contentUrl\":\"https:\/\/librairie7l.com\/wp-content\/uploads\/2022\/08\/logo-1.png\",\"width\":227,\"height\":301,\"caption\":\"Librairie 7L\"},\"image\":{\"@id\":\"https:\/\/librairie7l.com\/en\/#\/schema\/logo\/image\/\"}}]}<\/script>\n<!-- \/ Yoast SEO plugin. -->","yoast_head_json":{"title":"La seconde vie de Pomp\u00e9i ; renaissance de l'antique, des Lumi\u00e8res au Romantisme 1738-1860 - Librairie 7L","robots":{"index":"index","follow":"follow","max-snippet":"max-snippet:-1","max-image-preview":"max-image-preview:large","max-video-preview":"max-video-preview:-1"},"canonical":"https:\/\/librairie7l.com\/en\/produit\/la-seconde-vie-de-pompei-renaissance-de-lantique-des-lumieres-au-romantisme-1738-1860-2\/","og_locale":"en_US","og_type":"article","og_title":"La seconde vie de Pomp\u00e9i ; renaissance de l'antique, des Lumi\u00e8res au Romantisme 1738-1860 - Librairie 7L","og_description":"La ville antique de Pomp\u00e9i n&#8217;aurait \u00e9t\u00e9 qu&#8217;un centre provincial de l&#8217;Empire romain comme tant d&#8217;autres, 1 si une fatale \u00e9ruption du V\u00e9suve, survenue en l&#8217;an 79 apr\u00e8s J.-C .. ne l&#8217;avait pas enti\u00e8rement d\u00e9truite, et ne l&#8217;avait ensuite aussit\u00d4t pr\u00e9serv\u00e9e. en la recouvrant d&#8217;une \u00e9paisse couche de cendres et de mati\u00e8res volcaniques solidifi\u00e9es. Cette [&hellip;]","og_url":"https:\/\/librairie7l.com\/en\/produit\/la-seconde-vie-de-pompei-renaissance-de-lantique-des-lumieres-au-romantisme-1738-1860-2\/","og_site_name":"Librairie 7L","article_modified_time":"2026-04-23T00:19:17+00:00","og_image":[{"width":1000,"height":1257,"url":"https:\/\/librairie7l.com\/wp-content\/uploads\/2016\/06\/9782353402519_1_75.jpg","type":"image\/jpeg"}],"twitter_card":"summary_large_image","twitter_misc":{"Est. reading time":"3 minutes"},"schema":{"@context":"https:\/\/schema.org","@graph":[{"@type":"WebPage","@id":"https:\/\/librairie7l.com\/en\/produit\/la-seconde-vie-de-pompei-renaissance-de-lantique-des-lumieres-au-romantisme-1738-1860-2\/","url":"https:\/\/librairie7l.com\/en\/produit\/la-seconde-vie-de-pompei-renaissance-de-lantique-des-lumieres-au-romantisme-1738-1860-2\/","name":"La seconde vie de Pomp\u00e9i ; renaissance de l'antique, des Lumi\u00e8res au Romantisme 1738-1860 - Librairie 7L","isPartOf":{"@id":"https:\/\/librairie7l.com\/en\/#website"},"datePublished":"2025-06-05T07:18:15+00:00","dateModified":"2026-04-23T00:19:17+00:00","breadcrumb":{"@id":"https:\/\/librairie7l.com\/en\/produit\/la-seconde-vie-de-pompei-renaissance-de-lantique-des-lumieres-au-romantisme-1738-1860-2\/#breadcrumb"},"inLanguage":"en-US","potentialAction":[{"@type":"ReadAction","target":["https:\/\/librairie7l.com\/en\/produit\/la-seconde-vie-de-pompei-renaissance-de-lantique-des-lumieres-au-romantisme-1738-1860-2\/"]}]},{"@type":"BreadcrumbList","@id":"https:\/\/librairie7l.com\/en\/produit\/la-seconde-vie-de-pompei-renaissance-de-lantique-des-lumieres-au-romantisme-1738-1860-2\/#breadcrumb","itemListElement":[{"@type":"ListItem","position":1,"name":"Accueil","item":"https:\/\/librairie7l.com\/en\/"},{"@type":"ListItem","position":2,"name":"Shop","item":"https:\/\/librairie7l.com\/en\/shop\/"},{"@type":"ListItem","position":3,"name":"LA SECONDE VIE DE POMP\u00c9I ; RENAISSANCE DE L&#8217;ANTIQUE, DES LUMI\u00c8RES AU ROMANTISME 1738-1860"}]},{"@type":"WebSite","@id":"https:\/\/librairie7l.com\/en\/#website","url":"https:\/\/librairie7l.com\/en\/","name":"Librairie 7L","description":"Librairie fond\u00e9e en 1999 par Karl Lagerfeld \u00e0 Paris","publisher":{"@id":"https:\/\/librairie7l.com\/en\/#organization"},"potentialAction":[{"@type":"SearchAction","target":{"@type":"EntryPoint","urlTemplate":"https:\/\/librairie7l.com\/en\/?s={search_term_string}"},"query-input":"required name=search_term_string"}],"inLanguage":"en-US"},{"@type":"Organization","@id":"https:\/\/librairie7l.com\/en\/#organization","name":"Librairie 7L","url":"https:\/\/librairie7l.com\/en\/","logo":{"@type":"ImageObject","inLanguage":"en-US","@id":"https:\/\/librairie7l.com\/en\/#\/schema\/logo\/image\/","url":"https:\/\/librairie7l.com\/wp-content\/uploads\/2022\/08\/logo-1.png","contentUrl":"https:\/\/librairie7l.com\/wp-content\/uploads\/2022\/08\/logo-1.png","width":227,"height":301,"caption":"Librairie 7L"},"image":{"@id":"https:\/\/librairie7l.com\/en\/#\/schema\/logo\/image\/"}}]}},"_links":{"self":[{"href":"https:\/\/librairie7l.com\/en\/wp-json\/wp\/v2\/product\/48462"}],"collection":[{"href":"https:\/\/librairie7l.com\/en\/wp-json\/wp\/v2\/product"}],"about":[{"href":"https:\/\/librairie7l.com\/en\/wp-json\/wp\/v2\/types\/product"}],"wp:featuredmedia":[{"embeddable":true,"href":"https:\/\/librairie7l.com\/en\/wp-json\/wp\/v2\/media\/48460"}],"wp:attachment":[{"href":"https:\/\/librairie7l.com\/en\/wp-json\/wp\/v2\/media?parent=48462"}],"wp:term":[{"taxonomy":"product_cat","embeddable":true,"href":"https:\/\/librairie7l.com\/en\/wp-json\/wp\/v2\/product_cat?post=48462"},{"taxonomy":"product_tag","embeddable":true,"href":"https:\/\/librairie7l.com\/en\/wp-json\/wp\/v2\/product_tag?post=48462"}],"curies":[{"name":"wp","href":"https:\/\/api.w.org\/{rel}","templated":true}]}}