{"id":48466,"date":"2025-06-05T09:18:19","date_gmt":"2025-06-05T07:18:19","guid":{"rendered":"https:\/\/librairie7l.com\/?post_type=product&#038;p=48466"},"modified":"2026-04-09T16:51:34","modified_gmt":"2026-04-09T14:51:34","slug":"italian-gentleman-eloge-de-lelegance-a-litalienne-2","status":"publish","type":"product","link":"https:\/\/librairie7l.com\/en\/produit\/italian-gentleman-eloge-de-lelegance-a-litalienne-2\/","title":{"rendered":"ITALIAN GENTLEMAN ; \u00c9LOGE DE L&#8217;\u00c9L\u00c9GANCE \u00c0 L&#8217;ITALIENNE"},"content":{"rendered":"<p>Dans le monde de la mode masculine, l&#8217;Italie est une r\u00e9f\u00e9rence.<br \/>\nLondres poss\u00e8de Savile Row, Paris ses groupes de luxe et New York Madison Avenue, mais le g\u00e9nie de l&#8217;Italie en mati\u00e8re d&#8217;\u00e9l\u00e9gance masculine est incontestable.<br \/>\nBien au-del\u00e0 de ses marques mondialement c\u00e9l\u00e8bres, l&#8217;\u00e2me du style italien se niche dans les ateliers et les salons de v\u00e9n\u00e9rables artisans qui, depuis des g\u00e9n\u00e9rations, cr\u00e9ent les plus beaux v\u00eatements qui soient.<br \/>\nHugo Jacomet, le c\u00e9l\u00e8bre \u00ab Parisian Gentleman \u00bb, est parti \u00e0 la recherche de cette \u00e2me et de cette main italiennes. Trois ans de voyages en Italie, du Pi\u00e9mont \u00e0 la Sicile, ont permis de lever le voile sur ces artisans qui, trop souvent dans l&#8217;ombre, habillent les hommes les plus \u00e9l\u00e9gants de la plan\u00e8te.<\/p>\n","protected":false},"excerpt":{"rendered":"<p>Dans le monde de la mode masculine, l&#8217;Italie est une r\u00e9f\u00e9rence. Londres poss\u00e8de Savile Row, Paris ses groupes de luxe et New York Madison Avenue, mais le g\u00e9nie de l&#8217;Italie en mati\u00e8re d&#8217;\u00e9l\u00e9gance masculine est incontestable. Bien au-del\u00e0 de ses marques mondialement c\u00e9l\u00e8bres, l&#8217;\u00e2me du style italien se niche dans les ateliers et les salons [&hellip;]<\/p>\n","protected":false},"featured_media":48464,"template":"","meta":[],"product_cat":[2948,2957],"product_tag":[],"acf":[],"yoast_head":"<!-- This site is optimized with the Yoast SEO plugin v20.11 - https:\/\/yoast.com\/wordpress\/plugins\/seo\/ -->\n<title>Italian gentleman ; \u00e9loge de l&#039;\u00e9l\u00e9gance \u00e0 l&#039;italienne - Librairie 7L<\/title>\n<meta name=\"robots\" content=\"index, follow, max-snippet:-1, max-image-preview:large, max-video-preview:-1\" \/>\n<link rel=\"canonical\" href=\"https:\/\/librairie7l.com\/en\/produit\/italian-gentleman-eloge-de-lelegance-a-litalienne-2\/\" \/>\n<meta property=\"og:locale\" content=\"en_US\" \/>\n<meta property=\"og:type\" content=\"article\" \/>\n<meta property=\"og:title\" content=\"Italian gentleman ; \u00e9loge de l&#039;\u00e9l\u00e9gance \u00e0 l&#039;italienne - Librairie 7L\" \/>\n<meta property=\"og:description\" content=\"Dans le monde de la mode masculine, l&#8217;Italie est une r\u00e9f\u00e9rence. Londres poss\u00e8de Savile Row, Paris ses groupes de luxe et New York Madison Avenue, mais le g\u00e9nie de l&#8217;Italie en mati\u00e8re d&#8217;\u00e9l\u00e9gance masculine est incontestable. Bien au-del\u00e0 de ses marques mondialement c\u00e9l\u00e8bres, l&#8217;\u00e2me du style italien se niche dans les ateliers et les salons [&hellip;]\" \/>\n<meta property=\"og:url\" content=\"https:\/\/librairie7l.com\/en\/produit\/italian-gentleman-eloge-de-lelegance-a-litalienne-2\/\" \/>\n<meta property=\"og:site_name\" content=\"Librairie 7L\" \/>\n<meta property=\"article:modified_time\" content=\"2026-04-09T14:51:34+00:00\" \/>\n<meta property=\"og:image\" content=\"https:\/\/librairie7l.com\/wp-content\/uploads\/2019\/06\/9782369560838_1_75.jpg\" \/>\n\t<meta property=\"og:image:width\" content=\"600\" \/>\n\t<meta property=\"og:image:height\" content=\"743\" \/>\n\t<meta property=\"og:image:type\" content=\"image\/jpeg\" \/>\n<meta name=\"twitter:card\" content=\"summary_large_image\" \/>\n<meta name=\"twitter:label1\" content=\"Est. reading time\" \/>\n\t<meta name=\"twitter:data1\" content=\"1 minute\" \/>\n<script type=\"application\/ld+json\" class=\"yoast-schema-graph\">{\"@context\":\"https:\/\/schema.org\",\"@graph\":[{\"@type\":\"WebPage\",\"@id\":\"https:\/\/librairie7l.com\/en\/produit\/italian-gentleman-eloge-de-lelegance-a-litalienne-2\/\",\"url\":\"https:\/\/librairie7l.com\/en\/produit\/italian-gentleman-eloge-de-lelegance-a-litalienne-2\/\",\"name\":\"Italian gentleman ; \u00e9loge de l'\u00e9l\u00e9gance \u00e0 l'italienne - Librairie 7L\",\"isPartOf\":{\"@id\":\"https:\/\/librairie7l.com\/en\/#website\"},\"datePublished\":\"2025-06-05T07:18:19+00:00\",\"dateModified\":\"2026-04-09T14:51:34+00:00\",\"breadcrumb\":{\"@id\":\"https:\/\/librairie7l.com\/en\/produit\/italian-gentleman-eloge-de-lelegance-a-litalienne-2\/#breadcrumb\"},\"inLanguage\":\"en-US\",\"potentialAction\":[{\"@type\":\"ReadAction\",\"target\":[\"https:\/\/librairie7l.com\/en\/produit\/italian-gentleman-eloge-de-lelegance-a-litalienne-2\/\"]}]},{\"@type\":\"BreadcrumbList\",\"@id\":\"https:\/\/librairie7l.com\/en\/produit\/italian-gentleman-eloge-de-lelegance-a-litalienne-2\/#breadcrumb\",\"itemListElement\":[{\"@type\":\"ListItem\",\"position\":1,\"name\":\"Accueil\",\"item\":\"https:\/\/librairie7l.com\/en\/\"},{\"@type\":\"ListItem\",\"position\":2,\"name\":\"Shop\",\"item\":\"https:\/\/librairie7l.com\/en\/shop\/\"},{\"@type\":\"ListItem\",\"position\":3,\"name\":\"ITALIAN GENTLEMAN ; \u00c9LOGE DE L&#8217;\u00c9L\u00c9GANCE \u00c0 L&#8217;ITALIENNE\"}]},{\"@type\":\"WebSite\",\"@id\":\"https:\/\/librairie7l.com\/en\/#website\",\"url\":\"https:\/\/librairie7l.com\/en\/\",\"name\":\"Librairie 7L\",\"description\":\"Librairie fond\u00e9e en 1999 par Karl Lagerfeld \u00e0 Paris\",\"publisher\":{\"@id\":\"https:\/\/librairie7l.com\/en\/#organization\"},\"potentialAction\":[{\"@type\":\"SearchAction\",\"target\":{\"@type\":\"EntryPoint\",\"urlTemplate\":\"https:\/\/librairie7l.com\/en\/?s={search_term_string}\"},\"query-input\":\"required name=search_term_string\"}],\"inLanguage\":\"en-US\"},{\"@type\":\"Organization\",\"@id\":\"https:\/\/librairie7l.com\/en\/#organization\",\"name\":\"Librairie 7L\",\"url\":\"https:\/\/librairie7l.com\/en\/\",\"logo\":{\"@type\":\"ImageObject\",\"inLanguage\":\"en-US\",\"@id\":\"https:\/\/librairie7l.com\/en\/#\/schema\/logo\/image\/\",\"url\":\"https:\/\/librairie7l.com\/wp-content\/uploads\/2022\/08\/logo-1.png\",\"contentUrl\":\"https:\/\/librairie7l.com\/wp-content\/uploads\/2022\/08\/logo-1.png\",\"width\":227,\"height\":301,\"caption\":\"Librairie 7L\"},\"image\":{\"@id\":\"https:\/\/librairie7l.com\/en\/#\/schema\/logo\/image\/\"}}]}<\/script>\n<!-- \/ Yoast SEO plugin. -->","yoast_head_json":{"title":"Italian gentleman ; \u00e9loge de l'\u00e9l\u00e9gance \u00e0 l'italienne - Librairie 7L","robots":{"index":"index","follow":"follow","max-snippet":"max-snippet:-1","max-image-preview":"max-image-preview:large","max-video-preview":"max-video-preview:-1"},"canonical":"https:\/\/librairie7l.com\/en\/produit\/italian-gentleman-eloge-de-lelegance-a-litalienne-2\/","og_locale":"en_US","og_type":"article","og_title":"Italian gentleman ; \u00e9loge de l'\u00e9l\u00e9gance \u00e0 l'italienne - Librairie 7L","og_description":"Dans le monde de la mode masculine, l&#8217;Italie est une r\u00e9f\u00e9rence. Londres poss\u00e8de Savile Row, Paris ses groupes de luxe et New York Madison Avenue, mais le g\u00e9nie de l&#8217;Italie en mati\u00e8re d&#8217;\u00e9l\u00e9gance masculine est incontestable. Bien au-del\u00e0 de ses marques mondialement c\u00e9l\u00e8bres, l&#8217;\u00e2me du style italien se niche dans les ateliers et les salons [&hellip;]","og_url":"https:\/\/librairie7l.com\/en\/produit\/italian-gentleman-eloge-de-lelegance-a-litalienne-2\/","og_site_name":"Librairie 7L","article_modified_time":"2026-04-09T14:51:34+00:00","og_image":[{"width":600,"height":743,"url":"https:\/\/librairie7l.com\/wp-content\/uploads\/2019\/06\/9782369560838_1_75.jpg","type":"image\/jpeg"}],"twitter_card":"summary_large_image","twitter_misc":{"Est. reading time":"1 minute"},"schema":{"@context":"https:\/\/schema.org","@graph":[{"@type":"WebPage","@id":"https:\/\/librairie7l.com\/en\/produit\/italian-gentleman-eloge-de-lelegance-a-litalienne-2\/","url":"https:\/\/librairie7l.com\/en\/produit\/italian-gentleman-eloge-de-lelegance-a-litalienne-2\/","name":"Italian gentleman ; \u00e9loge de l'\u00e9l\u00e9gance \u00e0 l'italienne - Librairie 7L","isPartOf":{"@id":"https:\/\/librairie7l.com\/en\/#website"},"datePublished":"2025-06-05T07:18:19+00:00","dateModified":"2026-04-09T14:51:34+00:00","breadcrumb":{"@id":"https:\/\/librairie7l.com\/en\/produit\/italian-gentleman-eloge-de-lelegance-a-litalienne-2\/#breadcrumb"},"inLanguage":"en-US","potentialAction":[{"@type":"ReadAction","target":["https:\/\/librairie7l.com\/en\/produit\/italian-gentleman-eloge-de-lelegance-a-litalienne-2\/"]}]},{"@type":"BreadcrumbList","@id":"https:\/\/librairie7l.com\/en\/produit\/italian-gentleman-eloge-de-lelegance-a-litalienne-2\/#breadcrumb","itemListElement":[{"@type":"ListItem","position":1,"name":"Accueil","item":"https:\/\/librairie7l.com\/en\/"},{"@type":"ListItem","position":2,"name":"Shop","item":"https:\/\/librairie7l.com\/en\/shop\/"},{"@type":"ListItem","position":3,"name":"ITALIAN GENTLEMAN ; \u00c9LOGE DE L&#8217;\u00c9L\u00c9GANCE \u00c0 L&#8217;ITALIENNE"}]},{"@type":"WebSite","@id":"https:\/\/librairie7l.com\/en\/#website","url":"https:\/\/librairie7l.com\/en\/","name":"Librairie 7L","description":"Librairie fond\u00e9e en 1999 par Karl Lagerfeld \u00e0 Paris","publisher":{"@id":"https:\/\/librairie7l.com\/en\/#organization"},"potentialAction":[{"@type":"SearchAction","target":{"@type":"EntryPoint","urlTemplate":"https:\/\/librairie7l.com\/en\/?s={search_term_string}"},"query-input":"required name=search_term_string"}],"inLanguage":"en-US"},{"@type":"Organization","@id":"https:\/\/librairie7l.com\/en\/#organization","name":"Librairie 7L","url":"https:\/\/librairie7l.com\/en\/","logo":{"@type":"ImageObject","inLanguage":"en-US","@id":"https:\/\/librairie7l.com\/en\/#\/schema\/logo\/image\/","url":"https:\/\/librairie7l.com\/wp-content\/uploads\/2022\/08\/logo-1.png","contentUrl":"https:\/\/librairie7l.com\/wp-content\/uploads\/2022\/08\/logo-1.png","width":227,"height":301,"caption":"Librairie 7L"},"image":{"@id":"https:\/\/librairie7l.com\/en\/#\/schema\/logo\/image\/"}}]}},"_links":{"self":[{"href":"https:\/\/librairie7l.com\/en\/wp-json\/wp\/v2\/product\/48466"}],"collection":[{"href":"https:\/\/librairie7l.com\/en\/wp-json\/wp\/v2\/product"}],"about":[{"href":"https:\/\/librairie7l.com\/en\/wp-json\/wp\/v2\/types\/product"}],"wp:featuredmedia":[{"embeddable":true,"href":"https:\/\/librairie7l.com\/en\/wp-json\/wp\/v2\/media\/48464"}],"wp:attachment":[{"href":"https:\/\/librairie7l.com\/en\/wp-json\/wp\/v2\/media?parent=48466"}],"wp:term":[{"taxonomy":"product_cat","embeddable":true,"href":"https:\/\/librairie7l.com\/en\/wp-json\/wp\/v2\/product_cat?post=48466"},{"taxonomy":"product_tag","embeddable":true,"href":"https:\/\/librairie7l.com\/en\/wp-json\/wp\/v2\/product_tag?post=48466"}],"curies":[{"name":"wp","href":"https:\/\/api.w.org\/{rel}","templated":true}]}}