{"id":48488,"date":"2025-06-05T10:16:20","date_gmt":"2025-06-05T08:16:20","guid":{"rendered":"https:\/\/librairie7l.com\/?post_type=product&#038;p=48488"},"modified":"2026-04-09T16:50:59","modified_gmt":"2026-04-09T14:50:59","slug":"superfine-tailoring-black-style-2","status":"publish","type":"product","link":"https:\/\/librairie7l.com\/en\/produit\/superfine-tailoring-black-style-2\/","title":{"rendered":"SUPERFINE : TAILORING BLACK STYLE"},"content":{"rendered":"<p>Cette exploration de la mode dandy noire et de sa repr\u00e9sentation dans l&#8217;art et la litt\u00e9rature met en lumi\u00e8re l&#8217;h\u00e9ritage vibrant et complexe d&#8217;un style reconnaissable mais en constante \u00e9volution, depuis ses origines dans l&#8217;Europe des Lumi\u00e8res jusqu&#8217;aux mondes de l&#8217;art et de la mode contemporains. Superfine : Tailoring Black Style explore l&#8217;histoire d&#8217;un style caract\u00e9ris\u00e9 par des modes audacieuses et raffin\u00e9es, des exc\u00e8s provocants et une relation d\u00e9terminante avec la masculinit\u00e9 noire \u00e0 travers trois si\u00e8cles. Cette publication interroge les origines du style en tant qu&#8217;uniforme impos\u00e9 aux domestiques noirs dans les riches foyers europ\u00e9ens du XVIIIe si\u00e8cle, en passant par son utilisation en tant que d\u00e9claration d&#8217;agence artistique et politique pendant la Renaissance de Harlem et le Mouvement des droits civiques, jusqu&#8217;\u00e0 aujourd&#8217;hui, o\u00f9 le dandysme est \u00e9galement une composante essentielle de l&#8217;esth\u00e9tique hip-hop et des v\u00eatements de rue populaires. Les sections mettent en \u00e9vidence les qualit\u00e9s du style dandy qui r\u00e9sonnent \u00e0 travers le temps, notamment le cosmopolitisme, la caricature, le d\u00e9guisement, l&#8217;aisance, la propri\u00e9t\u00e9 et la pr\u00e9sence. L&#8217;ouvrage pr\u00e9sente de nouvelles photographies de v\u00eatements, d&#8217;accessoires et d&#8217;oeuvres d&#8217;art datant d&#8217;environ 1700 \u00e0 nos jours, ainsi que des voix actuelles dans les domaines de la mode, de la litt\u00e9rature et de l&#8217;art qui \u00e9crivent sur ces objets. Incluant des oeuvres de c\u00e9l\u00e8bres cr\u00e9ateurs de mode contemporains, ainsi que les premi\u00e8res cr\u00e9ations de cr\u00e9ateurs anonymes, cette publication captivante d\u00e9montre comment les arbitres du style noir ont utilis\u00e9 les outils caract\u00e9ristiques du dandy &#8211; le v\u00eatement, le geste et l&#8217;esprit &#8211; pour briser les fronti\u00e8res et fa\u00e7onner de nouvelles r\u00e9alit\u00e9s culturelles et sociales.<\/p>\n","protected":false},"excerpt":{"rendered":"<p>Cette exploration de la mode dandy noire et de sa repr\u00e9sentation dans l&#8217;art et la litt\u00e9rature met en lumi\u00e8re l&#8217;h\u00e9ritage vibrant et complexe d&#8217;un style reconnaissable mais en constante \u00e9volution, depuis ses origines dans l&#8217;Europe des Lumi\u00e8res jusqu&#8217;aux mondes de l&#8217;art et de la mode contemporains. Superfine : Tailoring Black Style explore l&#8217;histoire d&#8217;un style [&hellip;]<\/p>\n","protected":false},"featured_media":48486,"template":"","meta":[],"product_cat":[2948,2957],"product_tag":[],"acf":[],"yoast_head":"<!-- This site is optimized with the Yoast SEO plugin v20.11 - https:\/\/yoast.com\/wordpress\/plugins\/seo\/ -->\n<title>Superfine : Tailoring black style - Librairie 7L<\/title>\n<meta name=\"robots\" content=\"index, follow, max-snippet:-1, max-image-preview:large, max-video-preview:-1\" \/>\n<link rel=\"canonical\" href=\"https:\/\/librairie7l.com\/en\/produit\/superfine-tailoring-black-style-2\/\" \/>\n<meta property=\"og:locale\" content=\"en_US\" \/>\n<meta property=\"og:type\" content=\"article\" \/>\n<meta property=\"og:title\" content=\"Superfine : Tailoring black style - Librairie 7L\" \/>\n<meta property=\"og:description\" content=\"Cette exploration de la mode dandy noire et de sa repr\u00e9sentation dans l&#8217;art et la litt\u00e9rature met en lumi\u00e8re l&#8217;h\u00e9ritage vibrant et complexe d&#8217;un style reconnaissable mais en constante \u00e9volution, depuis ses origines dans l&#8217;Europe des Lumi\u00e8res jusqu&#8217;aux mondes de l&#8217;art et de la mode contemporains. Superfine : Tailoring Black Style explore l&#8217;histoire d&#8217;un style [&hellip;]\" \/>\n<meta property=\"og:url\" content=\"https:\/\/librairie7l.com\/en\/produit\/superfine-tailoring-black-style-2\/\" \/>\n<meta property=\"og:site_name\" content=\"Librairie 7L\" \/>\n<meta property=\"article:modified_time\" content=\"2026-04-09T14:50:59+00:00\" \/>\n<meta property=\"og:image\" content=\"https:\/\/librairie7l.com\/wp-content\/uploads\/2025\/02\/9781588397997_1_75.jpg\" \/>\n\t<meta property=\"og:image:width\" content=\"600\" \/>\n\t<meta property=\"og:image:height\" content=\"776\" \/>\n\t<meta property=\"og:image:type\" content=\"image\/jpeg\" \/>\n<meta name=\"twitter:card\" content=\"summary_large_image\" \/>\n<meta name=\"twitter:label1\" content=\"Est. reading time\" \/>\n\t<meta name=\"twitter:data1\" content=\"1 minute\" \/>\n<script type=\"application\/ld+json\" class=\"yoast-schema-graph\">{\"@context\":\"https:\/\/schema.org\",\"@graph\":[{\"@type\":\"WebPage\",\"@id\":\"https:\/\/librairie7l.com\/en\/produit\/superfine-tailoring-black-style-2\/\",\"url\":\"https:\/\/librairie7l.com\/en\/produit\/superfine-tailoring-black-style-2\/\",\"name\":\"Superfine : Tailoring black style - Librairie 7L\",\"isPartOf\":{\"@id\":\"https:\/\/librairie7l.com\/en\/#website\"},\"datePublished\":\"2025-06-05T08:16:20+00:00\",\"dateModified\":\"2026-04-09T14:50:59+00:00\",\"breadcrumb\":{\"@id\":\"https:\/\/librairie7l.com\/en\/produit\/superfine-tailoring-black-style-2\/#breadcrumb\"},\"inLanguage\":\"en-US\",\"potentialAction\":[{\"@type\":\"ReadAction\",\"target\":[\"https:\/\/librairie7l.com\/en\/produit\/superfine-tailoring-black-style-2\/\"]}]},{\"@type\":\"BreadcrumbList\",\"@id\":\"https:\/\/librairie7l.com\/en\/produit\/superfine-tailoring-black-style-2\/#breadcrumb\",\"itemListElement\":[{\"@type\":\"ListItem\",\"position\":1,\"name\":\"Accueil\",\"item\":\"https:\/\/librairie7l.com\/en\/\"},{\"@type\":\"ListItem\",\"position\":2,\"name\":\"Shop\",\"item\":\"https:\/\/librairie7l.com\/en\/shop\/\"},{\"@type\":\"ListItem\",\"position\":3,\"name\":\"SUPERFINE : TAILORING BLACK STYLE\"}]},{\"@type\":\"WebSite\",\"@id\":\"https:\/\/librairie7l.com\/en\/#website\",\"url\":\"https:\/\/librairie7l.com\/en\/\",\"name\":\"Librairie 7L\",\"description\":\"Librairie fond\u00e9e en 1999 par Karl Lagerfeld \u00e0 Paris\",\"publisher\":{\"@id\":\"https:\/\/librairie7l.com\/en\/#organization\"},\"potentialAction\":[{\"@type\":\"SearchAction\",\"target\":{\"@type\":\"EntryPoint\",\"urlTemplate\":\"https:\/\/librairie7l.com\/en\/?s={search_term_string}\"},\"query-input\":\"required name=search_term_string\"}],\"inLanguage\":\"en-US\"},{\"@type\":\"Organization\",\"@id\":\"https:\/\/librairie7l.com\/en\/#organization\",\"name\":\"Librairie 7L\",\"url\":\"https:\/\/librairie7l.com\/en\/\",\"logo\":{\"@type\":\"ImageObject\",\"inLanguage\":\"en-US\",\"@id\":\"https:\/\/librairie7l.com\/en\/#\/schema\/logo\/image\/\",\"url\":\"https:\/\/librairie7l.com\/wp-content\/uploads\/2022\/08\/logo-1.png\",\"contentUrl\":\"https:\/\/librairie7l.com\/wp-content\/uploads\/2022\/08\/logo-1.png\",\"width\":227,\"height\":301,\"caption\":\"Librairie 7L\"},\"image\":{\"@id\":\"https:\/\/librairie7l.com\/en\/#\/schema\/logo\/image\/\"}}]}<\/script>\n<!-- \/ Yoast SEO plugin. -->","yoast_head_json":{"title":"Superfine : Tailoring black style - Librairie 7L","robots":{"index":"index","follow":"follow","max-snippet":"max-snippet:-1","max-image-preview":"max-image-preview:large","max-video-preview":"max-video-preview:-1"},"canonical":"https:\/\/librairie7l.com\/en\/produit\/superfine-tailoring-black-style-2\/","og_locale":"en_US","og_type":"article","og_title":"Superfine : Tailoring black style - Librairie 7L","og_description":"Cette exploration de la mode dandy noire et de sa repr\u00e9sentation dans l&#8217;art et la litt\u00e9rature met en lumi\u00e8re l&#8217;h\u00e9ritage vibrant et complexe d&#8217;un style reconnaissable mais en constante \u00e9volution, depuis ses origines dans l&#8217;Europe des Lumi\u00e8res jusqu&#8217;aux mondes de l&#8217;art et de la mode contemporains. Superfine : Tailoring Black Style explore l&#8217;histoire d&#8217;un style [&hellip;]","og_url":"https:\/\/librairie7l.com\/en\/produit\/superfine-tailoring-black-style-2\/","og_site_name":"Librairie 7L","article_modified_time":"2026-04-09T14:50:59+00:00","og_image":[{"width":600,"height":776,"url":"https:\/\/librairie7l.com\/wp-content\/uploads\/2025\/02\/9781588397997_1_75.jpg","type":"image\/jpeg"}],"twitter_card":"summary_large_image","twitter_misc":{"Est. reading time":"1 minute"},"schema":{"@context":"https:\/\/schema.org","@graph":[{"@type":"WebPage","@id":"https:\/\/librairie7l.com\/en\/produit\/superfine-tailoring-black-style-2\/","url":"https:\/\/librairie7l.com\/en\/produit\/superfine-tailoring-black-style-2\/","name":"Superfine : Tailoring black style - Librairie 7L","isPartOf":{"@id":"https:\/\/librairie7l.com\/en\/#website"},"datePublished":"2025-06-05T08:16:20+00:00","dateModified":"2026-04-09T14:50:59+00:00","breadcrumb":{"@id":"https:\/\/librairie7l.com\/en\/produit\/superfine-tailoring-black-style-2\/#breadcrumb"},"inLanguage":"en-US","potentialAction":[{"@type":"ReadAction","target":["https:\/\/librairie7l.com\/en\/produit\/superfine-tailoring-black-style-2\/"]}]},{"@type":"BreadcrumbList","@id":"https:\/\/librairie7l.com\/en\/produit\/superfine-tailoring-black-style-2\/#breadcrumb","itemListElement":[{"@type":"ListItem","position":1,"name":"Accueil","item":"https:\/\/librairie7l.com\/en\/"},{"@type":"ListItem","position":2,"name":"Shop","item":"https:\/\/librairie7l.com\/en\/shop\/"},{"@type":"ListItem","position":3,"name":"SUPERFINE : TAILORING BLACK STYLE"}]},{"@type":"WebSite","@id":"https:\/\/librairie7l.com\/en\/#website","url":"https:\/\/librairie7l.com\/en\/","name":"Librairie 7L","description":"Librairie fond\u00e9e en 1999 par Karl Lagerfeld \u00e0 Paris","publisher":{"@id":"https:\/\/librairie7l.com\/en\/#organization"},"potentialAction":[{"@type":"SearchAction","target":{"@type":"EntryPoint","urlTemplate":"https:\/\/librairie7l.com\/en\/?s={search_term_string}"},"query-input":"required name=search_term_string"}],"inLanguage":"en-US"},{"@type":"Organization","@id":"https:\/\/librairie7l.com\/en\/#organization","name":"Librairie 7L","url":"https:\/\/librairie7l.com\/en\/","logo":{"@type":"ImageObject","inLanguage":"en-US","@id":"https:\/\/librairie7l.com\/en\/#\/schema\/logo\/image\/","url":"https:\/\/librairie7l.com\/wp-content\/uploads\/2022\/08\/logo-1.png","contentUrl":"https:\/\/librairie7l.com\/wp-content\/uploads\/2022\/08\/logo-1.png","width":227,"height":301,"caption":"Librairie 7L"},"image":{"@id":"https:\/\/librairie7l.com\/en\/#\/schema\/logo\/image\/"}}]}},"_links":{"self":[{"href":"https:\/\/librairie7l.com\/en\/wp-json\/wp\/v2\/product\/48488"}],"collection":[{"href":"https:\/\/librairie7l.com\/en\/wp-json\/wp\/v2\/product"}],"about":[{"href":"https:\/\/librairie7l.com\/en\/wp-json\/wp\/v2\/types\/product"}],"wp:featuredmedia":[{"embeddable":true,"href":"https:\/\/librairie7l.com\/en\/wp-json\/wp\/v2\/media\/48486"}],"wp:attachment":[{"href":"https:\/\/librairie7l.com\/en\/wp-json\/wp\/v2\/media?parent=48488"}],"wp:term":[{"taxonomy":"product_cat","embeddable":true,"href":"https:\/\/librairie7l.com\/en\/wp-json\/wp\/v2\/product_cat?post=48488"},{"taxonomy":"product_tag","embeddable":true,"href":"https:\/\/librairie7l.com\/en\/wp-json\/wp\/v2\/product_tag?post=48488"}],"curies":[{"name":"wp","href":"https:\/\/api.w.org\/{rel}","templated":true}]}}