{"id":48492,"date":"2025-06-05T10:16:23","date_gmt":"2025-06-05T08:16:23","guid":{"rendered":"https:\/\/librairie7l.com\/?post_type=product&#038;p=48492"},"modified":"2026-04-23T04:11:07","modified_gmt":"2026-04-23T02:11:07","slug":"famm-female-artists-of-the-mougins-museum-france-2","status":"publish","type":"product","link":"https:\/\/librairie7l.com\/en\/produit\/famm-female-artists-of-the-mougins-museum-france-2\/","title":{"rendered":"FAMM-FEMALE ARTISTS OF THE MOUGINS MUSEUM, FRANCE"},"content":{"rendered":"<p>Un sanctuaire \u00e9poustouflant consacr\u00e9 exclusivement aux oeuvres d&#8217;artistes femmes extraordinaires. Pendant des si\u00e8cles, les cr\u00e9ations des femmes artistes ont \u00e9t\u00e9 largement ignor\u00e9es par l&#8217;histoire de l&#8217;art. Avec l&#8217;ouverture du Mus\u00e9e des femmes artistes de Mougins (FAMM), ce d\u00e9s\u00e9quilibre dans la reconnaissance et l&#8217;appr\u00e9ciation de l&#8217;art des femmes du monde entier est en train d&#8217;\u00eatre corrig\u00e9. \u00c0 travers les peintures, les sculptures et les photographies issues de la remarquable collection Levett, le FAMM raconte l&#8217;histoire de la cr\u00e9ativit\u00e9 f\u00e9minine, de l&#8217;impressionnisme \u00e0 nos jours. R\u00e9dig\u00e9 par des conservatrices, des universitaires et des historiennes de l&#8217;art, ce superbe ouvrage pr\u00e9sente plus de 230 oeuvres d&#8217;art spectaculaires provenant du FAMM et de la collection Levett. Cette publication est pr\u00e9c\u00e9d\u00e9e d&#8217;une introduction vivante et d&#8217;une chronologie illustr\u00e9e qui met en lumi\u00e8re les \u00e9v\u00e9nements significatifs impliquant des femmes artistes ainsi que certains des courants stylistiques et th\u00e9matiques les plus importants dans les arts visuels depuis le milieu du XIX^e si\u00e8cle. Dans la partie principale du livre, les oeuvres pr\u00e9sent\u00e9es sont divis\u00e9es en six sections th\u00e9matiques qui repr\u00e9sentent un voyage artistique fascinant : des impressionnistes visionnaires comme Berthe Morisot et Mary Cassatt, des surr\u00e9alistes audacieuses comme Leonora Carrington, Leonor Fini et Dorothea Tanning, la figuration audacieuse d&#8217;Elaine de Kooning, Alice Neel, Jenny Saville et Sahara Longa, jusqu&#8217;aux oeuvres abstraites puissantes de Lee Krasner, Joan Mitchell, Helen Frankenthaler, Alma Thomas et Lalan. Les deux derni\u00e8res sections, consacr\u00e9es \u00e0 la sculpture et \u00e0 l&#8217;art contemporain, incluent Barbara Hepworth, Louise Bourgeois, Sarah Lucas, Howardena Pindell, Tracey Emin, Marina Abramovic et Stacey Gillian Abe, pour n&#8217;en citer que quelques-uns. L&#8217;auteur de chaque section pr\u00e9sente un essai concis ainsi que des l\u00e9gendes d\u00e9taill\u00e9es qui fournissent un commentaire int\u00e9ressant sur chaque oeuvre d&#8217;art s\u00e9lectionn\u00e9e et sur l&#8217;artiste qui l&#8217;a cr\u00e9\u00e9e. Cet ouvrage, qui fait autorit\u00e9 et qui est issu d&#8217;une collection exceptionnelle, est une v\u00e9ritable c\u00e9l\u00e9bration des femmes dans l&#8217;art, qu&#8217;il s&#8217;agisse d&#8217;innovatrices v\u00e9n\u00e9r\u00e9es des 150 derni\u00e8res ann\u00e9es ou de nouvelles stars \u00e9mergentes.<\/p>\n","protected":false},"excerpt":{"rendered":"<p>Un sanctuaire \u00e9poustouflant consacr\u00e9 exclusivement aux oeuvres d&#8217;artistes femmes extraordinaires. Pendant des si\u00e8cles, les cr\u00e9ations des femmes artistes ont \u00e9t\u00e9 largement ignor\u00e9es par l&#8217;histoire de l&#8217;art. Avec l&#8217;ouverture du Mus\u00e9e des femmes artistes de Mougins (FAMM), ce d\u00e9s\u00e9quilibre dans la reconnaissance et l&#8217;appr\u00e9ciation de l&#8217;art des femmes du monde entier est en train d&#8217;\u00eatre corrig\u00e9. [&hellip;]<\/p>\n","protected":false},"featured_media":48490,"template":"","meta":[],"product_cat":[2948,2953],"product_tag":[],"acf":[],"yoast_head":"<!-- This site is optimized with the Yoast SEO plugin v20.11 - https:\/\/yoast.com\/wordpress\/plugins\/seo\/ -->\n<title>Famm-female Artists of the Mougins Museum, France - Librairie 7L<\/title>\n<meta name=\"robots\" content=\"index, follow, max-snippet:-1, max-image-preview:large, max-video-preview:-1\" \/>\n<link rel=\"canonical\" href=\"https:\/\/librairie7l.com\/en\/produit\/famm-female-artists-of-the-mougins-museum-france-2\/\" \/>\n<meta property=\"og:locale\" content=\"en_US\" \/>\n<meta property=\"og:type\" content=\"article\" \/>\n<meta property=\"og:title\" content=\"Famm-female Artists of the Mougins Museum, France - Librairie 7L\" \/>\n<meta property=\"og:description\" content=\"Un sanctuaire \u00e9poustouflant consacr\u00e9 exclusivement aux oeuvres d&#8217;artistes femmes extraordinaires. Pendant des si\u00e8cles, les cr\u00e9ations des femmes artistes ont \u00e9t\u00e9 largement ignor\u00e9es par l&#8217;histoire de l&#8217;art. Avec l&#8217;ouverture du Mus\u00e9e des femmes artistes de Mougins (FAMM), ce d\u00e9s\u00e9quilibre dans la reconnaissance et l&#8217;appr\u00e9ciation de l&#8217;art des femmes du monde entier est en train d&#8217;\u00eatre corrig\u00e9. [&hellip;]\" \/>\n<meta property=\"og:url\" content=\"https:\/\/librairie7l.com\/en\/produit\/famm-female-artists-of-the-mougins-museum-france-2\/\" \/>\n<meta property=\"og:site_name\" content=\"Librairie 7L\" \/>\n<meta property=\"article:modified_time\" content=\"2026-04-23T02:11:07+00:00\" \/>\n<meta property=\"og:image\" content=\"https:\/\/librairie7l.com\/wp-content\/uploads\/2025\/02\/9781858947181_1_75.jpg\" \/>\n\t<meta property=\"og:image:width\" content=\"600\" \/>\n\t<meta property=\"og:image:height\" content=\"693\" \/>\n\t<meta property=\"og:image:type\" content=\"image\/jpeg\" \/>\n<meta name=\"twitter:card\" content=\"summary_large_image\" \/>\n<meta name=\"twitter:label1\" content=\"Est. reading time\" \/>\n\t<meta name=\"twitter:data1\" content=\"2 minutes\" \/>\n<script type=\"application\/ld+json\" class=\"yoast-schema-graph\">{\"@context\":\"https:\/\/schema.org\",\"@graph\":[{\"@type\":\"WebPage\",\"@id\":\"https:\/\/librairie7l.com\/en\/produit\/famm-female-artists-of-the-mougins-museum-france-2\/\",\"url\":\"https:\/\/librairie7l.com\/en\/produit\/famm-female-artists-of-the-mougins-museum-france-2\/\",\"name\":\"Famm-female Artists of the Mougins Museum, France - Librairie 7L\",\"isPartOf\":{\"@id\":\"https:\/\/librairie7l.com\/en\/#website\"},\"datePublished\":\"2025-06-05T08:16:23+00:00\",\"dateModified\":\"2026-04-23T02:11:07+00:00\",\"breadcrumb\":{\"@id\":\"https:\/\/librairie7l.com\/en\/produit\/famm-female-artists-of-the-mougins-museum-france-2\/#breadcrumb\"},\"inLanguage\":\"en-US\",\"potentialAction\":[{\"@type\":\"ReadAction\",\"target\":[\"https:\/\/librairie7l.com\/en\/produit\/famm-female-artists-of-the-mougins-museum-france-2\/\"]}]},{\"@type\":\"BreadcrumbList\",\"@id\":\"https:\/\/librairie7l.com\/en\/produit\/famm-female-artists-of-the-mougins-museum-france-2\/#breadcrumb\",\"itemListElement\":[{\"@type\":\"ListItem\",\"position\":1,\"name\":\"Accueil\",\"item\":\"https:\/\/librairie7l.com\/en\/\"},{\"@type\":\"ListItem\",\"position\":2,\"name\":\"Shop\",\"item\":\"https:\/\/librairie7l.com\/en\/shop\/\"},{\"@type\":\"ListItem\",\"position\":3,\"name\":\"FAMM-FEMALE ARTISTS OF THE MOUGINS MUSEUM, FRANCE\"}]},{\"@type\":\"WebSite\",\"@id\":\"https:\/\/librairie7l.com\/en\/#website\",\"url\":\"https:\/\/librairie7l.com\/en\/\",\"name\":\"Librairie 7L\",\"description\":\"Librairie fond\u00e9e en 1999 par Karl Lagerfeld \u00e0 Paris\",\"publisher\":{\"@id\":\"https:\/\/librairie7l.com\/en\/#organization\"},\"potentialAction\":[{\"@type\":\"SearchAction\",\"target\":{\"@type\":\"EntryPoint\",\"urlTemplate\":\"https:\/\/librairie7l.com\/en\/?s={search_term_string}\"},\"query-input\":\"required name=search_term_string\"}],\"inLanguage\":\"en-US\"},{\"@type\":\"Organization\",\"@id\":\"https:\/\/librairie7l.com\/en\/#organization\",\"name\":\"Librairie 7L\",\"url\":\"https:\/\/librairie7l.com\/en\/\",\"logo\":{\"@type\":\"ImageObject\",\"inLanguage\":\"en-US\",\"@id\":\"https:\/\/librairie7l.com\/en\/#\/schema\/logo\/image\/\",\"url\":\"https:\/\/librairie7l.com\/wp-content\/uploads\/2022\/08\/logo-1.png\",\"contentUrl\":\"https:\/\/librairie7l.com\/wp-content\/uploads\/2022\/08\/logo-1.png\",\"width\":227,\"height\":301,\"caption\":\"Librairie 7L\"},\"image\":{\"@id\":\"https:\/\/librairie7l.com\/en\/#\/schema\/logo\/image\/\"}}]}<\/script>\n<!-- \/ Yoast SEO plugin. -->","yoast_head_json":{"title":"Famm-female Artists of the Mougins Museum, France - Librairie 7L","robots":{"index":"index","follow":"follow","max-snippet":"max-snippet:-1","max-image-preview":"max-image-preview:large","max-video-preview":"max-video-preview:-1"},"canonical":"https:\/\/librairie7l.com\/en\/produit\/famm-female-artists-of-the-mougins-museum-france-2\/","og_locale":"en_US","og_type":"article","og_title":"Famm-female Artists of the Mougins Museum, France - Librairie 7L","og_description":"Un sanctuaire \u00e9poustouflant consacr\u00e9 exclusivement aux oeuvres d&#8217;artistes femmes extraordinaires. Pendant des si\u00e8cles, les cr\u00e9ations des femmes artistes ont \u00e9t\u00e9 largement ignor\u00e9es par l&#8217;histoire de l&#8217;art. Avec l&#8217;ouverture du Mus\u00e9e des femmes artistes de Mougins (FAMM), ce d\u00e9s\u00e9quilibre dans la reconnaissance et l&#8217;appr\u00e9ciation de l&#8217;art des femmes du monde entier est en train d&#8217;\u00eatre corrig\u00e9. [&hellip;]","og_url":"https:\/\/librairie7l.com\/en\/produit\/famm-female-artists-of-the-mougins-museum-france-2\/","og_site_name":"Librairie 7L","article_modified_time":"2026-04-23T02:11:07+00:00","og_image":[{"width":600,"height":693,"url":"https:\/\/librairie7l.com\/wp-content\/uploads\/2025\/02\/9781858947181_1_75.jpg","type":"image\/jpeg"}],"twitter_card":"summary_large_image","twitter_misc":{"Est. reading time":"2 minutes"},"schema":{"@context":"https:\/\/schema.org","@graph":[{"@type":"WebPage","@id":"https:\/\/librairie7l.com\/en\/produit\/famm-female-artists-of-the-mougins-museum-france-2\/","url":"https:\/\/librairie7l.com\/en\/produit\/famm-female-artists-of-the-mougins-museum-france-2\/","name":"Famm-female Artists of the Mougins Museum, France - Librairie 7L","isPartOf":{"@id":"https:\/\/librairie7l.com\/en\/#website"},"datePublished":"2025-06-05T08:16:23+00:00","dateModified":"2026-04-23T02:11:07+00:00","breadcrumb":{"@id":"https:\/\/librairie7l.com\/en\/produit\/famm-female-artists-of-the-mougins-museum-france-2\/#breadcrumb"},"inLanguage":"en-US","potentialAction":[{"@type":"ReadAction","target":["https:\/\/librairie7l.com\/en\/produit\/famm-female-artists-of-the-mougins-museum-france-2\/"]}]},{"@type":"BreadcrumbList","@id":"https:\/\/librairie7l.com\/en\/produit\/famm-female-artists-of-the-mougins-museum-france-2\/#breadcrumb","itemListElement":[{"@type":"ListItem","position":1,"name":"Accueil","item":"https:\/\/librairie7l.com\/en\/"},{"@type":"ListItem","position":2,"name":"Shop","item":"https:\/\/librairie7l.com\/en\/shop\/"},{"@type":"ListItem","position":3,"name":"FAMM-FEMALE ARTISTS OF THE MOUGINS MUSEUM, FRANCE"}]},{"@type":"WebSite","@id":"https:\/\/librairie7l.com\/en\/#website","url":"https:\/\/librairie7l.com\/en\/","name":"Librairie 7L","description":"Librairie fond\u00e9e en 1999 par Karl Lagerfeld \u00e0 Paris","publisher":{"@id":"https:\/\/librairie7l.com\/en\/#organization"},"potentialAction":[{"@type":"SearchAction","target":{"@type":"EntryPoint","urlTemplate":"https:\/\/librairie7l.com\/en\/?s={search_term_string}"},"query-input":"required name=search_term_string"}],"inLanguage":"en-US"},{"@type":"Organization","@id":"https:\/\/librairie7l.com\/en\/#organization","name":"Librairie 7L","url":"https:\/\/librairie7l.com\/en\/","logo":{"@type":"ImageObject","inLanguage":"en-US","@id":"https:\/\/librairie7l.com\/en\/#\/schema\/logo\/image\/","url":"https:\/\/librairie7l.com\/wp-content\/uploads\/2022\/08\/logo-1.png","contentUrl":"https:\/\/librairie7l.com\/wp-content\/uploads\/2022\/08\/logo-1.png","width":227,"height":301,"caption":"Librairie 7L"},"image":{"@id":"https:\/\/librairie7l.com\/en\/#\/schema\/logo\/image\/"}}]}},"_links":{"self":[{"href":"https:\/\/librairie7l.com\/en\/wp-json\/wp\/v2\/product\/48492"}],"collection":[{"href":"https:\/\/librairie7l.com\/en\/wp-json\/wp\/v2\/product"}],"about":[{"href":"https:\/\/librairie7l.com\/en\/wp-json\/wp\/v2\/types\/product"}],"wp:featuredmedia":[{"embeddable":true,"href":"https:\/\/librairie7l.com\/en\/wp-json\/wp\/v2\/media\/48490"}],"wp:attachment":[{"href":"https:\/\/librairie7l.com\/en\/wp-json\/wp\/v2\/media?parent=48492"}],"wp:term":[{"taxonomy":"product_cat","embeddable":true,"href":"https:\/\/librairie7l.com\/en\/wp-json\/wp\/v2\/product_cat?post=48492"},{"taxonomy":"product_tag","embeddable":true,"href":"https:\/\/librairie7l.com\/en\/wp-json\/wp\/v2\/product_tag?post=48492"}],"curies":[{"name":"wp","href":"https:\/\/api.w.org\/{rel}","templated":true}]}}