{"id":48508,"date":"2025-06-05T10:16:35","date_gmt":"2025-06-05T08:16:35","guid":{"rendered":"https:\/\/librairie7l.com\/?post_type=product&#038;p=48508"},"modified":"2026-04-15T00:29:16","modified_gmt":"2026-04-14T22:29:16","slug":"tall-socks-2","status":"publish","type":"product","link":"https:\/\/librairie7l.com\/en\/produit\/tall-socks-2\/","title":{"rendered":"TALL SOCKS"},"content":{"rendered":"<p>Des photographies prises \u00e0 New York il y a plus de 50 ans par Mark Cohen seront pu-bli\u00e9es pour la premi\u00e8re fois dans Tall Socks. En juillet 1973, Mark Cohen a pass\u00e9 un mois dans une chambre d&#8217;\u00e9tudiant \u00e0 l&#8217;universit\u00e9 de New York, tout en participant \u00e0 un atelier de production cin\u00e9matographique. Ses cours quotidiens \u00e9tant de courte dur\u00e9e, il profitait de son temps libre pour se promener dans la ville avec son appareil photo. Seules quelques images ont \u00e9t\u00e9 imprim\u00e9es \u00e0 l&#8217;\u00e9poque et la grande majorit\u00e9 d&#8217;entre elles sont rest\u00e9es invisibles, sauf sous forme de n\u00e9gatifs, jusqu&#8217;\u00e0 aujourd&#8217;hui. Dans les ann\u00e9es 1970, New York \u00e9tait r\u00e9put\u00e9e pour ses taux de criminalit\u00e9 \u00e9lev\u00e9s, ses d\u00e9sordres sociaux, son m\u00e9tro peu s\u00fbr et sa qualit\u00e9 de vie en d\u00e9clin. La stagnation \u00e9co- nomique avait durement frapp\u00e9 la ville et de nombreux habitants de la classe moyenne avaient quitt\u00e9 la ville pour la banlieue. Les photographies de Cohen en t\u00e9moignent souvent par les graffitis, les d\u00e9tritus et les ruines pr\u00e9sents dans les rues, mais ses images d\u00e9peignent \u00e9galement un New York plein de vie et en mouvement. Bien que la s\u00e9- quence du livre ne suive aucune narration formelle, le rythme des images donne l&#8217;im- pression de se promener dans une ville dont les habitants sont en perp\u00e9tuel \u00e9tat de transit, Cohen se d\u00e9pla\u00e7ant discr\u00e8tement \u00e0 travers elle. Il y a des changements d&#8217;un bloc \u00e0 l&#8217;autre, d&#8217;une \u00e9tape \u00e0 l&#8217;autre, et des d\u00e9tails et des impressions sont observ\u00e9s. Certaines images sont empreintes d&#8217;un sentiment de menace &#8211; l&#8217;\u00e9blouissement d&#8217;un \u00e9tranger et les stations de m\u00e9tro mena\u00e7antes &#8211; mais aussi d&#8217;humour et de joie que l&#8217;on retrouve dans les chaussettes hautes d&#8217;un enfant, une dame avec des plumes de paon, un \u00e9l\u00e9phant incongru ou une fille portant une planche de bois dans une rue pav\u00e9e. Mark Cohen prend des photos depuis l&#8217;\u00e2ge de 14 ans et est surtout connu pour son travail r\u00e9alis\u00e9 dans sa ville natale de Wilkes-Barre, en Pennsylvanie, o\u00f9 il n&#8217;avait qu&#8217;\u00e0 sor-tir de chez lui pour se mettre au travail. Il n&#8217;avait pas besoin de se d\u00e9placer parce qu&#8217;il y avait une infinit\u00e9 de possibilit\u00e9s et de variations dans les rues chaque jour. La m\u00eame m\u00e9thode de travail s&#8217;applique \u00e0 son court s\u00e9jour \u00e0 New York. Il lui suffisait de marcher. Cohen a un style photographique singulier qui r\u00e9sulte du fait qu&#8217;il tient son appareil photo au niveau de la hanche pour photographier intuitivement, souvent au plus pr\u00e8s de ses sujets. Cela conf\u00e8re \u00e0 ses images une perspective inhabituelle &#8211; elles montrent le monde vu de la hauteur d&#8217;un enfant, en se concentrant sur des objets ou des angles qui sont souvent n\u00e9glig\u00e9s, en recadrant les figures et en regardant curieusement dans les embrasures de portes et dans les rues. Le familier devient \u00e0 la fois frais et \u00e9trange.<\/p>\n","protected":false},"excerpt":{"rendered":"<p>Des photographies prises \u00e0 New York il y a plus de 50 ans par Mark Cohen seront pu-bli\u00e9es pour la premi\u00e8re fois dans Tall Socks. En juillet 1973, Mark Cohen a pass\u00e9 un mois dans une chambre d&#8217;\u00e9tudiant \u00e0 l&#8217;universit\u00e9 de New York, tout en participant \u00e0 un atelier de production cin\u00e9matographique. Ses cours quotidiens [&hellip;]<\/p>\n","protected":false},"featured_media":48506,"template":"","meta":[],"product_cat":[2948,2958],"product_tag":[],"acf":[],"yoast_head":"<!-- This site is optimized with the Yoast SEO plugin v20.11 - https:\/\/yoast.com\/wordpress\/plugins\/seo\/ -->\n<title>Tall socks - Librairie 7L<\/title>\n<meta name=\"robots\" content=\"index, follow, max-snippet:-1, max-image-preview:large, max-video-preview:-1\" \/>\n<link rel=\"canonical\" href=\"https:\/\/librairie7l.com\/en\/produit\/tall-socks-2\/\" \/>\n<meta property=\"og:locale\" content=\"en_US\" \/>\n<meta property=\"og:type\" content=\"article\" \/>\n<meta property=\"og:title\" content=\"Tall socks - Librairie 7L\" \/>\n<meta property=\"og:description\" content=\"Des photographies prises \u00e0 New York il y a plus de 50 ans par Mark Cohen seront pu-bli\u00e9es pour la premi\u00e8re fois dans Tall Socks. En juillet 1973, Mark Cohen a pass\u00e9 un mois dans une chambre d&#8217;\u00e9tudiant \u00e0 l&#8217;universit\u00e9 de New York, tout en participant \u00e0 un atelier de production cin\u00e9matographique. Ses cours quotidiens [&hellip;]\" \/>\n<meta property=\"og:url\" content=\"https:\/\/librairie7l.com\/en\/produit\/tall-socks-2\/\" \/>\n<meta property=\"og:site_name\" content=\"Librairie 7L\" \/>\n<meta property=\"article:modified_time\" content=\"2026-04-14T22:29:16+00:00\" \/>\n<meta property=\"og:image\" content=\"https:\/\/librairie7l.com\/wp-content\/uploads\/2025\/02\/9781915423740_1_75.jpg\" \/>\n\t<meta property=\"og:image:width\" content=\"600\" \/>\n\t<meta property=\"og:image:height\" content=\"824\" \/>\n\t<meta property=\"og:image:type\" content=\"image\/jpeg\" \/>\n<meta name=\"twitter:card\" content=\"summary_large_image\" \/>\n<meta name=\"twitter:label1\" content=\"Est. reading time\" \/>\n\t<meta name=\"twitter:data1\" content=\"3 minutes\" \/>\n<script type=\"application\/ld+json\" class=\"yoast-schema-graph\">{\"@context\":\"https:\/\/schema.org\",\"@graph\":[{\"@type\":\"WebPage\",\"@id\":\"https:\/\/librairie7l.com\/en\/produit\/tall-socks-2\/\",\"url\":\"https:\/\/librairie7l.com\/en\/produit\/tall-socks-2\/\",\"name\":\"Tall socks - Librairie 7L\",\"isPartOf\":{\"@id\":\"https:\/\/librairie7l.com\/en\/#website\"},\"datePublished\":\"2025-06-05T08:16:35+00:00\",\"dateModified\":\"2026-04-14T22:29:16+00:00\",\"breadcrumb\":{\"@id\":\"https:\/\/librairie7l.com\/en\/produit\/tall-socks-2\/#breadcrumb\"},\"inLanguage\":\"en-US\",\"potentialAction\":[{\"@type\":\"ReadAction\",\"target\":[\"https:\/\/librairie7l.com\/en\/produit\/tall-socks-2\/\"]}]},{\"@type\":\"BreadcrumbList\",\"@id\":\"https:\/\/librairie7l.com\/en\/produit\/tall-socks-2\/#breadcrumb\",\"itemListElement\":[{\"@type\":\"ListItem\",\"position\":1,\"name\":\"Accueil\",\"item\":\"https:\/\/librairie7l.com\/en\/\"},{\"@type\":\"ListItem\",\"position\":2,\"name\":\"Shop\",\"item\":\"https:\/\/librairie7l.com\/en\/shop\/\"},{\"@type\":\"ListItem\",\"position\":3,\"name\":\"TALL SOCKS\"}]},{\"@type\":\"WebSite\",\"@id\":\"https:\/\/librairie7l.com\/en\/#website\",\"url\":\"https:\/\/librairie7l.com\/en\/\",\"name\":\"Librairie 7L\",\"description\":\"Librairie fond\u00e9e en 1999 par Karl Lagerfeld \u00e0 Paris\",\"publisher\":{\"@id\":\"https:\/\/librairie7l.com\/en\/#organization\"},\"potentialAction\":[{\"@type\":\"SearchAction\",\"target\":{\"@type\":\"EntryPoint\",\"urlTemplate\":\"https:\/\/librairie7l.com\/en\/?s={search_term_string}\"},\"query-input\":\"required name=search_term_string\"}],\"inLanguage\":\"en-US\"},{\"@type\":\"Organization\",\"@id\":\"https:\/\/librairie7l.com\/en\/#organization\",\"name\":\"Librairie 7L\",\"url\":\"https:\/\/librairie7l.com\/en\/\",\"logo\":{\"@type\":\"ImageObject\",\"inLanguage\":\"en-US\",\"@id\":\"https:\/\/librairie7l.com\/en\/#\/schema\/logo\/image\/\",\"url\":\"https:\/\/librairie7l.com\/wp-content\/uploads\/2022\/08\/logo-1.png\",\"contentUrl\":\"https:\/\/librairie7l.com\/wp-content\/uploads\/2022\/08\/logo-1.png\",\"width\":227,\"height\":301,\"caption\":\"Librairie 7L\"},\"image\":{\"@id\":\"https:\/\/librairie7l.com\/en\/#\/schema\/logo\/image\/\"}}]}<\/script>\n<!-- \/ Yoast SEO plugin. -->","yoast_head_json":{"title":"Tall socks - Librairie 7L","robots":{"index":"index","follow":"follow","max-snippet":"max-snippet:-1","max-image-preview":"max-image-preview:large","max-video-preview":"max-video-preview:-1"},"canonical":"https:\/\/librairie7l.com\/en\/produit\/tall-socks-2\/","og_locale":"en_US","og_type":"article","og_title":"Tall socks - Librairie 7L","og_description":"Des photographies prises \u00e0 New York il y a plus de 50 ans par Mark Cohen seront pu-bli\u00e9es pour la premi\u00e8re fois dans Tall Socks. En juillet 1973, Mark Cohen a pass\u00e9 un mois dans une chambre d&#8217;\u00e9tudiant \u00e0 l&#8217;universit\u00e9 de New York, tout en participant \u00e0 un atelier de production cin\u00e9matographique. Ses cours quotidiens [&hellip;]","og_url":"https:\/\/librairie7l.com\/en\/produit\/tall-socks-2\/","og_site_name":"Librairie 7L","article_modified_time":"2026-04-14T22:29:16+00:00","og_image":[{"width":600,"height":824,"url":"https:\/\/librairie7l.com\/wp-content\/uploads\/2025\/02\/9781915423740_1_75.jpg","type":"image\/jpeg"}],"twitter_card":"summary_large_image","twitter_misc":{"Est. reading time":"3 minutes"},"schema":{"@context":"https:\/\/schema.org","@graph":[{"@type":"WebPage","@id":"https:\/\/librairie7l.com\/en\/produit\/tall-socks-2\/","url":"https:\/\/librairie7l.com\/en\/produit\/tall-socks-2\/","name":"Tall socks - Librairie 7L","isPartOf":{"@id":"https:\/\/librairie7l.com\/en\/#website"},"datePublished":"2025-06-05T08:16:35+00:00","dateModified":"2026-04-14T22:29:16+00:00","breadcrumb":{"@id":"https:\/\/librairie7l.com\/en\/produit\/tall-socks-2\/#breadcrumb"},"inLanguage":"en-US","potentialAction":[{"@type":"ReadAction","target":["https:\/\/librairie7l.com\/en\/produit\/tall-socks-2\/"]}]},{"@type":"BreadcrumbList","@id":"https:\/\/librairie7l.com\/en\/produit\/tall-socks-2\/#breadcrumb","itemListElement":[{"@type":"ListItem","position":1,"name":"Accueil","item":"https:\/\/librairie7l.com\/en\/"},{"@type":"ListItem","position":2,"name":"Shop","item":"https:\/\/librairie7l.com\/en\/shop\/"},{"@type":"ListItem","position":3,"name":"TALL SOCKS"}]},{"@type":"WebSite","@id":"https:\/\/librairie7l.com\/en\/#website","url":"https:\/\/librairie7l.com\/en\/","name":"Librairie 7L","description":"Librairie fond\u00e9e en 1999 par Karl Lagerfeld \u00e0 Paris","publisher":{"@id":"https:\/\/librairie7l.com\/en\/#organization"},"potentialAction":[{"@type":"SearchAction","target":{"@type":"EntryPoint","urlTemplate":"https:\/\/librairie7l.com\/en\/?s={search_term_string}"},"query-input":"required name=search_term_string"}],"inLanguage":"en-US"},{"@type":"Organization","@id":"https:\/\/librairie7l.com\/en\/#organization","name":"Librairie 7L","url":"https:\/\/librairie7l.com\/en\/","logo":{"@type":"ImageObject","inLanguage":"en-US","@id":"https:\/\/librairie7l.com\/en\/#\/schema\/logo\/image\/","url":"https:\/\/librairie7l.com\/wp-content\/uploads\/2022\/08\/logo-1.png","contentUrl":"https:\/\/librairie7l.com\/wp-content\/uploads\/2022\/08\/logo-1.png","width":227,"height":301,"caption":"Librairie 7L"},"image":{"@id":"https:\/\/librairie7l.com\/en\/#\/schema\/logo\/image\/"}}]}},"_links":{"self":[{"href":"https:\/\/librairie7l.com\/en\/wp-json\/wp\/v2\/product\/48508"}],"collection":[{"href":"https:\/\/librairie7l.com\/en\/wp-json\/wp\/v2\/product"}],"about":[{"href":"https:\/\/librairie7l.com\/en\/wp-json\/wp\/v2\/types\/product"}],"wp:featuredmedia":[{"embeddable":true,"href":"https:\/\/librairie7l.com\/en\/wp-json\/wp\/v2\/media\/48506"}],"wp:attachment":[{"href":"https:\/\/librairie7l.com\/en\/wp-json\/wp\/v2\/media?parent=48508"}],"wp:term":[{"taxonomy":"product_cat","embeddable":true,"href":"https:\/\/librairie7l.com\/en\/wp-json\/wp\/v2\/product_cat?post=48508"},{"taxonomy":"product_tag","embeddable":true,"href":"https:\/\/librairie7l.com\/en\/wp-json\/wp\/v2\/product_tag?post=48508"}],"curies":[{"name":"wp","href":"https:\/\/api.w.org\/{rel}","templated":true}]}}