{"id":48536,"date":"2025-06-05T10:16:50","date_gmt":"2025-06-05T08:16:50","guid":{"rendered":"https:\/\/librairie7l.com\/?post_type=product&#038;p=48536"},"modified":"2026-04-15T00:41:32","modified_gmt":"2026-04-14T22:41:32","slug":"jacques-hitier-modernite-industrielle-2","status":"publish","type":"product","link":"https:\/\/librairie7l.com\/en\/produit\/jacques-hitier-modernite-industrielle-2\/","title":{"rendered":"JACQUES HITIER MODERNITE INDUSTRIELLE"},"content":{"rendered":"<p>\u00c9l\u00e8ve, enseignant puis directeur de l&#8217;\u00e9cole Boulle, Jacques Hitier (1917-1999) s&#8217;est singularis\u00e9 en associant l&#8217;\u00e9l\u00e9gance des arts d\u00e9coratifs \u00e0 la modernit\u00e9 du meuble industriel. Cet ouvrage en fran\u00e7ais qui retrace le parcours d&#8217;une figure m\u00e9connue du design des ann\u00e9es 50\/60 en France est enrichi de nombreux documents d&#8217;\u00e9poque conserv\u00e9s par sa famille : aquarelles, croquis, plans techniques et photographies.<\/p>\n","protected":false},"excerpt":{"rendered":"<p>\u00c9l\u00e8ve, enseignant puis directeur de l&#8217;\u00e9cole Boulle, Jacques Hitier (1917-1999) s&#8217;est singularis\u00e9 en associant l&#8217;\u00e9l\u00e9gance des arts d\u00e9coratifs \u00e0 la modernit\u00e9 du meuble industriel. Cet ouvrage en fran\u00e7ais qui retrace le parcours d&#8217;une figure m\u00e9connue du design des ann\u00e9es 50\/60 en France est enrichi de nombreux documents d&#8217;\u00e9poque conserv\u00e9s par sa famille : aquarelles, croquis, [&hellip;]<\/p>\n","protected":false},"featured_media":48534,"template":"","meta":[],"product_cat":[2948,2952],"product_tag":[],"acf":[],"yoast_head":"<!-- This site is optimized with the Yoast SEO plugin v20.11 - https:\/\/yoast.com\/wordpress\/plugins\/seo\/ -->\n<title>Jacques hitier modernite industrielle - Librairie 7L<\/title>\n<meta name=\"robots\" content=\"index, follow, max-snippet:-1, max-image-preview:large, max-video-preview:-1\" \/>\n<link rel=\"canonical\" href=\"https:\/\/librairie7l.com\/en\/produit\/jacques-hitier-modernite-industrielle-2\/\" \/>\n<meta property=\"og:locale\" content=\"en_US\" \/>\n<meta property=\"og:type\" content=\"article\" \/>\n<meta property=\"og:title\" content=\"Jacques hitier modernite industrielle - Librairie 7L\" \/>\n<meta property=\"og:description\" content=\"\u00c9l\u00e8ve, enseignant puis directeur de l&#8217;\u00e9cole Boulle, Jacques Hitier (1917-1999) s&#8217;est singularis\u00e9 en associant l&#8217;\u00e9l\u00e9gance des arts d\u00e9coratifs \u00e0 la modernit\u00e9 du meuble industriel. Cet ouvrage en fran\u00e7ais qui retrace le parcours d&#8217;une figure m\u00e9connue du design des ann\u00e9es 50\/60 en France est enrichi de nombreux documents d&#8217;\u00e9poque conserv\u00e9s par sa famille : aquarelles, croquis, [&hellip;]\" \/>\n<meta property=\"og:url\" content=\"https:\/\/librairie7l.com\/en\/produit\/jacques-hitier-modernite-industrielle-2\/\" \/>\n<meta property=\"og:site_name\" content=\"Librairie 7L\" \/>\n<meta property=\"article:modified_time\" content=\"2026-04-14T22:41:32+00:00\" \/>\n<meta property=\"og:image\" content=\"https:\/\/librairie7l.com\/wp-content\/uploads\/2013\/01\/9782919459049_1_75.jpg\" \/>\n\t<meta property=\"og:image:width\" content=\"344\" \/>\n\t<meta property=\"og:image:height\" content=\"500\" \/>\n\t<meta property=\"og:image:type\" content=\"image\/jpeg\" \/>\n<meta name=\"twitter:card\" content=\"summary_large_image\" \/>\n<script type=\"application\/ld+json\" class=\"yoast-schema-graph\">{\"@context\":\"https:\/\/schema.org\",\"@graph\":[{\"@type\":\"WebPage\",\"@id\":\"https:\/\/librairie7l.com\/en\/produit\/jacques-hitier-modernite-industrielle-2\/\",\"url\":\"https:\/\/librairie7l.com\/en\/produit\/jacques-hitier-modernite-industrielle-2\/\",\"name\":\"Jacques hitier modernite industrielle - Librairie 7L\",\"isPartOf\":{\"@id\":\"https:\/\/librairie7l.com\/en\/#website\"},\"datePublished\":\"2025-06-05T08:16:50+00:00\",\"dateModified\":\"2026-04-14T22:41:32+00:00\",\"breadcrumb\":{\"@id\":\"https:\/\/librairie7l.com\/en\/produit\/jacques-hitier-modernite-industrielle-2\/#breadcrumb\"},\"inLanguage\":\"en-US\",\"potentialAction\":[{\"@type\":\"ReadAction\",\"target\":[\"https:\/\/librairie7l.com\/en\/produit\/jacques-hitier-modernite-industrielle-2\/\"]}]},{\"@type\":\"BreadcrumbList\",\"@id\":\"https:\/\/librairie7l.com\/en\/produit\/jacques-hitier-modernite-industrielle-2\/#breadcrumb\",\"itemListElement\":[{\"@type\":\"ListItem\",\"position\":1,\"name\":\"Accueil\",\"item\":\"https:\/\/librairie7l.com\/en\/\"},{\"@type\":\"ListItem\",\"position\":2,\"name\":\"Shop\",\"item\":\"https:\/\/librairie7l.com\/en\/shop\/\"},{\"@type\":\"ListItem\",\"position\":3,\"name\":\"JACQUES HITIER MODERNITE INDUSTRIELLE\"}]},{\"@type\":\"WebSite\",\"@id\":\"https:\/\/librairie7l.com\/en\/#website\",\"url\":\"https:\/\/librairie7l.com\/en\/\",\"name\":\"Librairie 7L\",\"description\":\"Librairie fond\u00e9e en 1999 par Karl Lagerfeld \u00e0 Paris\",\"publisher\":{\"@id\":\"https:\/\/librairie7l.com\/en\/#organization\"},\"potentialAction\":[{\"@type\":\"SearchAction\",\"target\":{\"@type\":\"EntryPoint\",\"urlTemplate\":\"https:\/\/librairie7l.com\/en\/?s={search_term_string}\"},\"query-input\":\"required name=search_term_string\"}],\"inLanguage\":\"en-US\"},{\"@type\":\"Organization\",\"@id\":\"https:\/\/librairie7l.com\/en\/#organization\",\"name\":\"Librairie 7L\",\"url\":\"https:\/\/librairie7l.com\/en\/\",\"logo\":{\"@type\":\"ImageObject\",\"inLanguage\":\"en-US\",\"@id\":\"https:\/\/librairie7l.com\/en\/#\/schema\/logo\/image\/\",\"url\":\"https:\/\/librairie7l.com\/wp-content\/uploads\/2022\/08\/logo-1.png\",\"contentUrl\":\"https:\/\/librairie7l.com\/wp-content\/uploads\/2022\/08\/logo-1.png\",\"width\":227,\"height\":301,\"caption\":\"Librairie 7L\"},\"image\":{\"@id\":\"https:\/\/librairie7l.com\/en\/#\/schema\/logo\/image\/\"}}]}<\/script>\n<!-- \/ Yoast SEO plugin. -->","yoast_head_json":{"title":"Jacques hitier modernite industrielle - Librairie 7L","robots":{"index":"index","follow":"follow","max-snippet":"max-snippet:-1","max-image-preview":"max-image-preview:large","max-video-preview":"max-video-preview:-1"},"canonical":"https:\/\/librairie7l.com\/en\/produit\/jacques-hitier-modernite-industrielle-2\/","og_locale":"en_US","og_type":"article","og_title":"Jacques hitier modernite industrielle - Librairie 7L","og_description":"\u00c9l\u00e8ve, enseignant puis directeur de l&#8217;\u00e9cole Boulle, Jacques Hitier (1917-1999) s&#8217;est singularis\u00e9 en associant l&#8217;\u00e9l\u00e9gance des arts d\u00e9coratifs \u00e0 la modernit\u00e9 du meuble industriel. Cet ouvrage en fran\u00e7ais qui retrace le parcours d&#8217;une figure m\u00e9connue du design des ann\u00e9es 50\/60 en France est enrichi de nombreux documents d&#8217;\u00e9poque conserv\u00e9s par sa famille : aquarelles, croquis, [&hellip;]","og_url":"https:\/\/librairie7l.com\/en\/produit\/jacques-hitier-modernite-industrielle-2\/","og_site_name":"Librairie 7L","article_modified_time":"2026-04-14T22:41:32+00:00","og_image":[{"width":344,"height":500,"url":"https:\/\/librairie7l.com\/wp-content\/uploads\/2013\/01\/9782919459049_1_75.jpg","type":"image\/jpeg"}],"twitter_card":"summary_large_image","schema":{"@context":"https:\/\/schema.org","@graph":[{"@type":"WebPage","@id":"https:\/\/librairie7l.com\/en\/produit\/jacques-hitier-modernite-industrielle-2\/","url":"https:\/\/librairie7l.com\/en\/produit\/jacques-hitier-modernite-industrielle-2\/","name":"Jacques hitier modernite industrielle - Librairie 7L","isPartOf":{"@id":"https:\/\/librairie7l.com\/en\/#website"},"datePublished":"2025-06-05T08:16:50+00:00","dateModified":"2026-04-14T22:41:32+00:00","breadcrumb":{"@id":"https:\/\/librairie7l.com\/en\/produit\/jacques-hitier-modernite-industrielle-2\/#breadcrumb"},"inLanguage":"en-US","potentialAction":[{"@type":"ReadAction","target":["https:\/\/librairie7l.com\/en\/produit\/jacques-hitier-modernite-industrielle-2\/"]}]},{"@type":"BreadcrumbList","@id":"https:\/\/librairie7l.com\/en\/produit\/jacques-hitier-modernite-industrielle-2\/#breadcrumb","itemListElement":[{"@type":"ListItem","position":1,"name":"Accueil","item":"https:\/\/librairie7l.com\/en\/"},{"@type":"ListItem","position":2,"name":"Shop","item":"https:\/\/librairie7l.com\/en\/shop\/"},{"@type":"ListItem","position":3,"name":"JACQUES HITIER MODERNITE INDUSTRIELLE"}]},{"@type":"WebSite","@id":"https:\/\/librairie7l.com\/en\/#website","url":"https:\/\/librairie7l.com\/en\/","name":"Librairie 7L","description":"Librairie fond\u00e9e en 1999 par Karl Lagerfeld \u00e0 Paris","publisher":{"@id":"https:\/\/librairie7l.com\/en\/#organization"},"potentialAction":[{"@type":"SearchAction","target":{"@type":"EntryPoint","urlTemplate":"https:\/\/librairie7l.com\/en\/?s={search_term_string}"},"query-input":"required name=search_term_string"}],"inLanguage":"en-US"},{"@type":"Organization","@id":"https:\/\/librairie7l.com\/en\/#organization","name":"Librairie 7L","url":"https:\/\/librairie7l.com\/en\/","logo":{"@type":"ImageObject","inLanguage":"en-US","@id":"https:\/\/librairie7l.com\/en\/#\/schema\/logo\/image\/","url":"https:\/\/librairie7l.com\/wp-content\/uploads\/2022\/08\/logo-1.png","contentUrl":"https:\/\/librairie7l.com\/wp-content\/uploads\/2022\/08\/logo-1.png","width":227,"height":301,"caption":"Librairie 7L"},"image":{"@id":"https:\/\/librairie7l.com\/en\/#\/schema\/logo\/image\/"}}]}},"_links":{"self":[{"href":"https:\/\/librairie7l.com\/en\/wp-json\/wp\/v2\/product\/48536"}],"collection":[{"href":"https:\/\/librairie7l.com\/en\/wp-json\/wp\/v2\/product"}],"about":[{"href":"https:\/\/librairie7l.com\/en\/wp-json\/wp\/v2\/types\/product"}],"wp:featuredmedia":[{"embeddable":true,"href":"https:\/\/librairie7l.com\/en\/wp-json\/wp\/v2\/media\/48534"}],"wp:attachment":[{"href":"https:\/\/librairie7l.com\/en\/wp-json\/wp\/v2\/media?parent=48536"}],"wp:term":[{"taxonomy":"product_cat","embeddable":true,"href":"https:\/\/librairie7l.com\/en\/wp-json\/wp\/v2\/product_cat?post=48536"},{"taxonomy":"product_tag","embeddable":true,"href":"https:\/\/librairie7l.com\/en\/wp-json\/wp\/v2\/product_tag?post=48536"}],"curies":[{"name":"wp","href":"https:\/\/api.w.org\/{rel}","templated":true}]}}