{"id":48550,"date":"2025-06-05T22:39:29","date_gmt":"2025-06-05T20:39:29","guid":{"rendered":"https:\/\/librairie7l.com\/?post_type=product&#038;p=48550"},"modified":"2026-04-07T15:54:35","modified_gmt":"2026-04-07T13:54:35","slug":"les-tres-riches-heures-du-duc-de-berry-2","status":"publish","type":"product","link":"https:\/\/librairie7l.com\/en\/produit\/les-tres-riches-heures-du-duc-de-berry-2\/","title":{"rendered":"LES TR\u00c8S RICHES HEURES DU DUC DE BERRY"},"content":{"rendered":"<p>Les Tr\u00e8s Riches Heures du duc de Berry sont bien plus qu&#8217;un simple manuscrit. C\u00e9l\u00e9br\u00e9 comme la \u00ab Joconde \u00bb des manuscrits, ce recueil d&#8217;offices et de pri\u00e8res personnalis\u00e9 pour le duc de Berry, fr\u00e8re du roi Charles V, t\u00e9moigne du faste et du raffinement artistique de la fin du Moyen \u00c2ge.<br \/>\nR\u00e9alis\u00e9 tout au long du XVe si\u00e8cle sur v\u00e9lin, \u00e0 la d\u00e9trempe, \u00e0 l&#8217;or, \u00e0 l&#8217;argent et \u00e0 l&#8217;encre, ce livre exceptionnel compte parmi ses enlumineurs les fr\u00e8res Limbourg, \u00e9minents artistes attach\u00e9s \u00e0 la cour de Bourgogne puis de Berry.<br \/>\nCompos\u00e9es de 121 miniatures, elles captivent par leurs repr\u00e9sentations de ch\u00e2teaux historiques (Palais de la Cit\u00e9, Palais du Louvre, ch\u00e2teau de Vincennes), de sc\u00e8nes princi\u00e8res et des travaux des champs rythm\u00e9s par les saisons.<br \/>\nLe catalogue de l&#8217;exposition permet d&#8217;appr\u00e9hender chaque \u00e9tape de la cr\u00e9ation des Tr\u00e8s Riches Heures pendant pr\u00e8s d&#8217;un si\u00e8cle : l&#8217;influence du livre sur les artistes qui ont pu l&#8217;approcher, et comprendre les raisons de l&#8217;engouement que le manuscrit suscite encore. Il s&#8217;attarde aussi sur la figure de Jean de Berry, son fastueux m\u00e9c\u00e9nat et son go\u00fbt des livres.<br \/>\nPour la premi\u00e8re fois depuis la mort du prince en 1416, tous ses livres d&#8217;heures aujourd&#8217;hui connus sont r\u00e9unis en un seul et m\u00eame endroit.<br \/>\nCette rencontre au sommet, permise par les pr\u00eats des oeuvres les plus prestigieuses &#8211; dont les Belles Heures conserv\u00e9es au Metropolitan Museum of Art &#8211; est accompagn\u00e9e par la pr\u00e9sentation d&#8217;une grande partie de la biblioth\u00e8que du duc de Berry, l&#8217;une des plus fameuses du Moyen \u00c2ge.<\/p>\n","protected":false},"excerpt":{"rendered":"<p>Les Tr\u00e8s Riches Heures du duc de Berry sont bien plus qu&#8217;un simple manuscrit. C\u00e9l\u00e9br\u00e9 comme la \u00ab Joconde \u00bb des manuscrits, ce recueil d&#8217;offices et de pri\u00e8res personnalis\u00e9 pour le duc de Berry, fr\u00e8re du roi Charles V, t\u00e9moigne du faste et du raffinement artistique de la fin du Moyen \u00c2ge. R\u00e9alis\u00e9 tout au [&hellip;]<\/p>\n","protected":false},"featured_media":48548,"template":"","meta":[],"product_cat":[7364,2948],"product_tag":[],"acf":[],"yoast_head":"<!-- This site is optimized with the Yoast SEO plugin v20.11 - https:\/\/yoast.com\/wordpress\/plugins\/seo\/ -->\n<title>Les tr\u00e8s riches heures du Duc de Berry - Librairie 7L<\/title>\n<meta name=\"robots\" content=\"index, follow, max-snippet:-1, max-image-preview:large, max-video-preview:-1\" \/>\n<link rel=\"canonical\" href=\"https:\/\/librairie7l.com\/en\/produit\/les-tres-riches-heures-du-duc-de-berry-2\/\" \/>\n<meta property=\"og:locale\" content=\"en_US\" \/>\n<meta property=\"og:type\" content=\"article\" \/>\n<meta property=\"og:title\" content=\"Les tr\u00e8s riches heures du Duc de Berry - Librairie 7L\" \/>\n<meta property=\"og:description\" content=\"Les Tr\u00e8s Riches Heures du duc de Berry sont bien plus qu&#8217;un simple manuscrit. C\u00e9l\u00e9br\u00e9 comme la \u00ab Joconde \u00bb des manuscrits, ce recueil d&#8217;offices et de pri\u00e8res personnalis\u00e9 pour le duc de Berry, fr\u00e8re du roi Charles V, t\u00e9moigne du faste et du raffinement artistique de la fin du Moyen \u00c2ge. R\u00e9alis\u00e9 tout au [&hellip;]\" \/>\n<meta property=\"og:url\" content=\"https:\/\/librairie7l.com\/en\/produit\/les-tres-riches-heures-du-duc-de-berry-2\/\" \/>\n<meta property=\"og:site_name\" content=\"Librairie 7L\" \/>\n<meta property=\"article:modified_time\" content=\"2026-04-07T13:54:35+00:00\" \/>\n<meta property=\"og:image\" content=\"https:\/\/librairie7l.com\/wp-content\/uploads\/2025\/02\/9782382032237_1_75.jpg\" \/>\n\t<meta property=\"og:image:width\" content=\"600\" \/>\n\t<meta property=\"og:image:height\" content=\"845\" \/>\n\t<meta property=\"og:image:type\" content=\"image\/jpeg\" \/>\n<meta name=\"twitter:card\" content=\"summary_large_image\" \/>\n<meta name=\"twitter:label1\" content=\"Est. reading time\" \/>\n\t<meta name=\"twitter:data1\" content=\"1 minute\" \/>\n<script type=\"application\/ld+json\" class=\"yoast-schema-graph\">{\"@context\":\"https:\/\/schema.org\",\"@graph\":[{\"@type\":\"WebPage\",\"@id\":\"https:\/\/librairie7l.com\/en\/produit\/les-tres-riches-heures-du-duc-de-berry-2\/\",\"url\":\"https:\/\/librairie7l.com\/en\/produit\/les-tres-riches-heures-du-duc-de-berry-2\/\",\"name\":\"Les tr\u00e8s riches heures du Duc de Berry - Librairie 7L\",\"isPartOf\":{\"@id\":\"https:\/\/librairie7l.com\/en\/#website\"},\"datePublished\":\"2025-06-05T20:39:29+00:00\",\"dateModified\":\"2026-04-07T13:54:35+00:00\",\"breadcrumb\":{\"@id\":\"https:\/\/librairie7l.com\/en\/produit\/les-tres-riches-heures-du-duc-de-berry-2\/#breadcrumb\"},\"inLanguage\":\"en-US\",\"potentialAction\":[{\"@type\":\"ReadAction\",\"target\":[\"https:\/\/librairie7l.com\/en\/produit\/les-tres-riches-heures-du-duc-de-berry-2\/\"]}]},{\"@type\":\"BreadcrumbList\",\"@id\":\"https:\/\/librairie7l.com\/en\/produit\/les-tres-riches-heures-du-duc-de-berry-2\/#breadcrumb\",\"itemListElement\":[{\"@type\":\"ListItem\",\"position\":1,\"name\":\"Accueil\",\"item\":\"https:\/\/librairie7l.com\/en\/\"},{\"@type\":\"ListItem\",\"position\":2,\"name\":\"Shop\",\"item\":\"https:\/\/librairie7l.com\/en\/shop\/\"},{\"@type\":\"ListItem\",\"position\":3,\"name\":\"LES TR\u00c8S RICHES HEURES DU DUC DE BERRY\"}]},{\"@type\":\"WebSite\",\"@id\":\"https:\/\/librairie7l.com\/en\/#website\",\"url\":\"https:\/\/librairie7l.com\/en\/\",\"name\":\"Librairie 7L\",\"description\":\"Librairie fond\u00e9e en 1999 par Karl Lagerfeld \u00e0 Paris\",\"publisher\":{\"@id\":\"https:\/\/librairie7l.com\/en\/#organization\"},\"potentialAction\":[{\"@type\":\"SearchAction\",\"target\":{\"@type\":\"EntryPoint\",\"urlTemplate\":\"https:\/\/librairie7l.com\/en\/?s={search_term_string}\"},\"query-input\":\"required name=search_term_string\"}],\"inLanguage\":\"en-US\"},{\"@type\":\"Organization\",\"@id\":\"https:\/\/librairie7l.com\/en\/#organization\",\"name\":\"Librairie 7L\",\"url\":\"https:\/\/librairie7l.com\/en\/\",\"logo\":{\"@type\":\"ImageObject\",\"inLanguage\":\"en-US\",\"@id\":\"https:\/\/librairie7l.com\/en\/#\/schema\/logo\/image\/\",\"url\":\"https:\/\/librairie7l.com\/wp-content\/uploads\/2022\/08\/logo-1.png\",\"contentUrl\":\"https:\/\/librairie7l.com\/wp-content\/uploads\/2022\/08\/logo-1.png\",\"width\":227,\"height\":301,\"caption\":\"Librairie 7L\"},\"image\":{\"@id\":\"https:\/\/librairie7l.com\/en\/#\/schema\/logo\/image\/\"}}]}<\/script>\n<!-- \/ Yoast SEO plugin. -->","yoast_head_json":{"title":"Les tr\u00e8s riches heures du Duc de Berry - Librairie 7L","robots":{"index":"index","follow":"follow","max-snippet":"max-snippet:-1","max-image-preview":"max-image-preview:large","max-video-preview":"max-video-preview:-1"},"canonical":"https:\/\/librairie7l.com\/en\/produit\/les-tres-riches-heures-du-duc-de-berry-2\/","og_locale":"en_US","og_type":"article","og_title":"Les tr\u00e8s riches heures du Duc de Berry - Librairie 7L","og_description":"Les Tr\u00e8s Riches Heures du duc de Berry sont bien plus qu&#8217;un simple manuscrit. C\u00e9l\u00e9br\u00e9 comme la \u00ab Joconde \u00bb des manuscrits, ce recueil d&#8217;offices et de pri\u00e8res personnalis\u00e9 pour le duc de Berry, fr\u00e8re du roi Charles V, t\u00e9moigne du faste et du raffinement artistique de la fin du Moyen \u00c2ge. R\u00e9alis\u00e9 tout au [&hellip;]","og_url":"https:\/\/librairie7l.com\/en\/produit\/les-tres-riches-heures-du-duc-de-berry-2\/","og_site_name":"Librairie 7L","article_modified_time":"2026-04-07T13:54:35+00:00","og_image":[{"width":600,"height":845,"url":"https:\/\/librairie7l.com\/wp-content\/uploads\/2025\/02\/9782382032237_1_75.jpg","type":"image\/jpeg"}],"twitter_card":"summary_large_image","twitter_misc":{"Est. reading time":"1 minute"},"schema":{"@context":"https:\/\/schema.org","@graph":[{"@type":"WebPage","@id":"https:\/\/librairie7l.com\/en\/produit\/les-tres-riches-heures-du-duc-de-berry-2\/","url":"https:\/\/librairie7l.com\/en\/produit\/les-tres-riches-heures-du-duc-de-berry-2\/","name":"Les tr\u00e8s riches heures du Duc de Berry - Librairie 7L","isPartOf":{"@id":"https:\/\/librairie7l.com\/en\/#website"},"datePublished":"2025-06-05T20:39:29+00:00","dateModified":"2026-04-07T13:54:35+00:00","breadcrumb":{"@id":"https:\/\/librairie7l.com\/en\/produit\/les-tres-riches-heures-du-duc-de-berry-2\/#breadcrumb"},"inLanguage":"en-US","potentialAction":[{"@type":"ReadAction","target":["https:\/\/librairie7l.com\/en\/produit\/les-tres-riches-heures-du-duc-de-berry-2\/"]}]},{"@type":"BreadcrumbList","@id":"https:\/\/librairie7l.com\/en\/produit\/les-tres-riches-heures-du-duc-de-berry-2\/#breadcrumb","itemListElement":[{"@type":"ListItem","position":1,"name":"Accueil","item":"https:\/\/librairie7l.com\/en\/"},{"@type":"ListItem","position":2,"name":"Shop","item":"https:\/\/librairie7l.com\/en\/shop\/"},{"@type":"ListItem","position":3,"name":"LES TR\u00c8S RICHES HEURES DU DUC DE BERRY"}]},{"@type":"WebSite","@id":"https:\/\/librairie7l.com\/en\/#website","url":"https:\/\/librairie7l.com\/en\/","name":"Librairie 7L","description":"Librairie fond\u00e9e en 1999 par Karl Lagerfeld \u00e0 Paris","publisher":{"@id":"https:\/\/librairie7l.com\/en\/#organization"},"potentialAction":[{"@type":"SearchAction","target":{"@type":"EntryPoint","urlTemplate":"https:\/\/librairie7l.com\/en\/?s={search_term_string}"},"query-input":"required name=search_term_string"}],"inLanguage":"en-US"},{"@type":"Organization","@id":"https:\/\/librairie7l.com\/en\/#organization","name":"Librairie 7L","url":"https:\/\/librairie7l.com\/en\/","logo":{"@type":"ImageObject","inLanguage":"en-US","@id":"https:\/\/librairie7l.com\/en\/#\/schema\/logo\/image\/","url":"https:\/\/librairie7l.com\/wp-content\/uploads\/2022\/08\/logo-1.png","contentUrl":"https:\/\/librairie7l.com\/wp-content\/uploads\/2022\/08\/logo-1.png","width":227,"height":301,"caption":"Librairie 7L"},"image":{"@id":"https:\/\/librairie7l.com\/en\/#\/schema\/logo\/image\/"}}]}},"_links":{"self":[{"href":"https:\/\/librairie7l.com\/en\/wp-json\/wp\/v2\/product\/48550"}],"collection":[{"href":"https:\/\/librairie7l.com\/en\/wp-json\/wp\/v2\/product"}],"about":[{"href":"https:\/\/librairie7l.com\/en\/wp-json\/wp\/v2\/types\/product"}],"wp:featuredmedia":[{"embeddable":true,"href":"https:\/\/librairie7l.com\/en\/wp-json\/wp\/v2\/media\/48548"}],"wp:attachment":[{"href":"https:\/\/librairie7l.com\/en\/wp-json\/wp\/v2\/media?parent=48550"}],"wp:term":[{"taxonomy":"product_cat","embeddable":true,"href":"https:\/\/librairie7l.com\/en\/wp-json\/wp\/v2\/product_cat?post=48550"},{"taxonomy":"product_tag","embeddable":true,"href":"https:\/\/librairie7l.com\/en\/wp-json\/wp\/v2\/product_tag?post=48550"}],"curies":[{"name":"wp","href":"https:\/\/api.w.org\/{rel}","templated":true}]}}