{"id":48560,"date":"2025-06-07T09:17:41","date_gmt":"2025-06-07T07:17:41","guid":{"rendered":"https:\/\/librairie7l.com\/?post_type=product&#038;p=48560"},"modified":"2026-04-22T20:06:48","modified_gmt":"2026-04-22T18:06:48","slug":"marguerite-et-paul-serusier-la-collection-revelee-2","status":"publish","type":"product","link":"https:\/\/librairie7l.com\/en\/produit\/marguerite-et-paul-serusier-la-collection-revelee-2\/","title":{"rendered":"MARGUERITE ET PAUL S\u00c9RUSIER : LA COLLECTION R\u00c9V\u00c9L\u00c9E"},"content":{"rendered":"<p>D\u00e9couverte comment\u00e9e de la collection d&#8217;un tout nouveau mus\u00e9e sur un artiste majeur et sa femme elle aussi peintre, injustement m\u00e9connue.<\/p>\n<p>Artiste \u00ab postimpressionniste \u00bb majeur du renouveau de la peinture au tournant des 19e et 20e si\u00e8cles, Paul S\u00e9rusier (1864-1927) est pr\u00e9sent dans les plus grands mus\u00e9es du monde. Aux c\u00f4t\u00e9s des pionniers de l&#8217;\u00c9cole de Pont-Aven (Gauguin, Bernard, Lacombe&#8230;) et du mouvement Nabi (Bonnard, Vuillard, Maurice Denis&#8230;), il laisse une oeuvre singuli\u00e8re, immense. Cet ouvrage accompagne l&#8217;ouverture \u00e0 Ch\u00e2teauneuf-du-Faou (29) du seul mus\u00e9e \u00e0 lui \u00eatre int\u00e9gralement consacr\u00e9, ainsi qu&#8217;\u00e0 son \u00e9pouse, l&#8217;injustement m\u00e9connue Marguerite Gabriel-Claude (1879-1950).<\/p>\n<p>Elle-m\u00eame artiste avait une vocation pour l&#8217;enseignement et les arts d\u00e9coratifs et suivit les enseignements de Paul S\u00e9rusier et de Maurice Denis \u00e0 l&#8217;Acad\u00e9mie Ranson, une des premi\u00e8res femmes de cet atelier \u00e0 l&#8217;\u00e9poque. Tous deux habit\u00e8rent des d\u00e9cennies durant en Bretagne et peignirent les habitants et la campagne vallonn\u00e9e du Finist\u00e8re int\u00e9rieur, s\u00e9duits par la beaut\u00e9 et la mystique des lieux, inspiration majeure pour leurs tableaux. La collection municipale de pr\u00e8s de 150 oeuvres (bois, huiles, dessins&#8230;) &#8211; dont beaucoup sont pr\u00e9sent\u00e9es et comment\u00e9es dans ce livre pour la premi\u00e8re fois &#8211; est un riche t\u00e9moignage sur ce couple d&#8217;artistes et leur \u00e9poque, \u00e0 c\u00f4t\u00e9 des derniers d\u00e9cors de Paul S\u00e9rusier visibles in situ : les peintures murales du baptist\u00e8re, \u00e0 l&#8217;\u00e9glise Saint-Julien.<\/p>\n","protected":false},"excerpt":{"rendered":"<p>D\u00e9couverte comment\u00e9e de la collection d&#8217;un tout nouveau mus\u00e9e sur un artiste majeur et sa femme elle aussi peintre, injustement m\u00e9connue. Artiste \u00ab postimpressionniste \u00bb majeur du renouveau de la peinture au tournant des 19e et 20e si\u00e8cles, Paul S\u00e9rusier (1864-1927) est pr\u00e9sent dans les plus grands mus\u00e9es du monde. Aux c\u00f4t\u00e9s des pionniers de [&hellip;]<\/p>\n","protected":false},"featured_media":48558,"template":"","meta":[],"product_cat":[2948,2953],"product_tag":[],"acf":[],"yoast_head":"<!-- This site is optimized with the Yoast SEO plugin v20.11 - https:\/\/yoast.com\/wordpress\/plugins\/seo\/ -->\n<title>Marguerite et Paul S\u00e9rusier : La collection r\u00e9v\u00e9l\u00e9e - Librairie 7L<\/title>\n<meta name=\"robots\" content=\"index, follow, max-snippet:-1, max-image-preview:large, max-video-preview:-1\" \/>\n<link rel=\"canonical\" href=\"https:\/\/librairie7l.com\/en\/produit\/marguerite-et-paul-serusier-la-collection-revelee-2\/\" \/>\n<meta property=\"og:locale\" content=\"en_US\" \/>\n<meta property=\"og:type\" content=\"article\" \/>\n<meta property=\"og:title\" content=\"Marguerite et Paul S\u00e9rusier : La collection r\u00e9v\u00e9l\u00e9e - Librairie 7L\" \/>\n<meta property=\"og:description\" content=\"D\u00e9couverte comment\u00e9e de la collection d&#8217;un tout nouveau mus\u00e9e sur un artiste majeur et sa femme elle aussi peintre, injustement m\u00e9connue. Artiste \u00ab postimpressionniste \u00bb majeur du renouveau de la peinture au tournant des 19e et 20e si\u00e8cles, Paul S\u00e9rusier (1864-1927) est pr\u00e9sent dans les plus grands mus\u00e9es du monde. Aux c\u00f4t\u00e9s des pionniers de [&hellip;]\" \/>\n<meta property=\"og:url\" content=\"https:\/\/librairie7l.com\/en\/produit\/marguerite-et-paul-serusier-la-collection-revelee-2\/\" \/>\n<meta property=\"og:site_name\" content=\"Librairie 7L\" \/>\n<meta property=\"article:modified_time\" content=\"2026-04-22T18:06:48+00:00\" \/>\n<meta property=\"og:image\" content=\"https:\/\/librairie7l.com\/wp-content\/uploads\/2025\/02\/9782368335604_1_75.jpg\" \/>\n\t<meta property=\"og:image:width\" content=\"600\" \/>\n\t<meta property=\"og:image:height\" content=\"899\" \/>\n\t<meta property=\"og:image:type\" content=\"image\/jpeg\" \/>\n<meta name=\"twitter:card\" content=\"summary_large_image\" \/>\n<meta name=\"twitter:label1\" content=\"Est. reading time\" \/>\n\t<meta name=\"twitter:data1\" content=\"1 minute\" \/>\n<script type=\"application\/ld+json\" class=\"yoast-schema-graph\">{\"@context\":\"https:\/\/schema.org\",\"@graph\":[{\"@type\":\"WebPage\",\"@id\":\"https:\/\/librairie7l.com\/en\/produit\/marguerite-et-paul-serusier-la-collection-revelee-2\/\",\"url\":\"https:\/\/librairie7l.com\/en\/produit\/marguerite-et-paul-serusier-la-collection-revelee-2\/\",\"name\":\"Marguerite et Paul S\u00e9rusier : La collection r\u00e9v\u00e9l\u00e9e - Librairie 7L\",\"isPartOf\":{\"@id\":\"https:\/\/librairie7l.com\/en\/#website\"},\"datePublished\":\"2025-06-07T07:17:41+00:00\",\"dateModified\":\"2026-04-22T18:06:48+00:00\",\"breadcrumb\":{\"@id\":\"https:\/\/librairie7l.com\/en\/produit\/marguerite-et-paul-serusier-la-collection-revelee-2\/#breadcrumb\"},\"inLanguage\":\"en-US\",\"potentialAction\":[{\"@type\":\"ReadAction\",\"target\":[\"https:\/\/librairie7l.com\/en\/produit\/marguerite-et-paul-serusier-la-collection-revelee-2\/\"]}]},{\"@type\":\"BreadcrumbList\",\"@id\":\"https:\/\/librairie7l.com\/en\/produit\/marguerite-et-paul-serusier-la-collection-revelee-2\/#breadcrumb\",\"itemListElement\":[{\"@type\":\"ListItem\",\"position\":1,\"name\":\"Accueil\",\"item\":\"https:\/\/librairie7l.com\/en\/\"},{\"@type\":\"ListItem\",\"position\":2,\"name\":\"Shop\",\"item\":\"https:\/\/librairie7l.com\/en\/shop\/\"},{\"@type\":\"ListItem\",\"position\":3,\"name\":\"MARGUERITE ET PAUL S\u00c9RUSIER : LA COLLECTION R\u00c9V\u00c9L\u00c9E\"}]},{\"@type\":\"WebSite\",\"@id\":\"https:\/\/librairie7l.com\/en\/#website\",\"url\":\"https:\/\/librairie7l.com\/en\/\",\"name\":\"Librairie 7L\",\"description\":\"Librairie fond\u00e9e en 1999 par Karl Lagerfeld \u00e0 Paris\",\"publisher\":{\"@id\":\"https:\/\/librairie7l.com\/en\/#organization\"},\"potentialAction\":[{\"@type\":\"SearchAction\",\"target\":{\"@type\":\"EntryPoint\",\"urlTemplate\":\"https:\/\/librairie7l.com\/en\/?s={search_term_string}\"},\"query-input\":\"required name=search_term_string\"}],\"inLanguage\":\"en-US\"},{\"@type\":\"Organization\",\"@id\":\"https:\/\/librairie7l.com\/en\/#organization\",\"name\":\"Librairie 7L\",\"url\":\"https:\/\/librairie7l.com\/en\/\",\"logo\":{\"@type\":\"ImageObject\",\"inLanguage\":\"en-US\",\"@id\":\"https:\/\/librairie7l.com\/en\/#\/schema\/logo\/image\/\",\"url\":\"https:\/\/librairie7l.com\/wp-content\/uploads\/2022\/08\/logo-1.png\",\"contentUrl\":\"https:\/\/librairie7l.com\/wp-content\/uploads\/2022\/08\/logo-1.png\",\"width\":227,\"height\":301,\"caption\":\"Librairie 7L\"},\"image\":{\"@id\":\"https:\/\/librairie7l.com\/en\/#\/schema\/logo\/image\/\"}}]}<\/script>\n<!-- \/ Yoast SEO plugin. -->","yoast_head_json":{"title":"Marguerite et Paul S\u00e9rusier : La collection r\u00e9v\u00e9l\u00e9e - Librairie 7L","robots":{"index":"index","follow":"follow","max-snippet":"max-snippet:-1","max-image-preview":"max-image-preview:large","max-video-preview":"max-video-preview:-1"},"canonical":"https:\/\/librairie7l.com\/en\/produit\/marguerite-et-paul-serusier-la-collection-revelee-2\/","og_locale":"en_US","og_type":"article","og_title":"Marguerite et Paul S\u00e9rusier : La collection r\u00e9v\u00e9l\u00e9e - Librairie 7L","og_description":"D\u00e9couverte comment\u00e9e de la collection d&#8217;un tout nouveau mus\u00e9e sur un artiste majeur et sa femme elle aussi peintre, injustement m\u00e9connue. Artiste \u00ab postimpressionniste \u00bb majeur du renouveau de la peinture au tournant des 19e et 20e si\u00e8cles, Paul S\u00e9rusier (1864-1927) est pr\u00e9sent dans les plus grands mus\u00e9es du monde. Aux c\u00f4t\u00e9s des pionniers de [&hellip;]","og_url":"https:\/\/librairie7l.com\/en\/produit\/marguerite-et-paul-serusier-la-collection-revelee-2\/","og_site_name":"Librairie 7L","article_modified_time":"2026-04-22T18:06:48+00:00","og_image":[{"width":600,"height":899,"url":"https:\/\/librairie7l.com\/wp-content\/uploads\/2025\/02\/9782368335604_1_75.jpg","type":"image\/jpeg"}],"twitter_card":"summary_large_image","twitter_misc":{"Est. reading time":"1 minute"},"schema":{"@context":"https:\/\/schema.org","@graph":[{"@type":"WebPage","@id":"https:\/\/librairie7l.com\/en\/produit\/marguerite-et-paul-serusier-la-collection-revelee-2\/","url":"https:\/\/librairie7l.com\/en\/produit\/marguerite-et-paul-serusier-la-collection-revelee-2\/","name":"Marguerite et Paul S\u00e9rusier : La collection r\u00e9v\u00e9l\u00e9e - Librairie 7L","isPartOf":{"@id":"https:\/\/librairie7l.com\/en\/#website"},"datePublished":"2025-06-07T07:17:41+00:00","dateModified":"2026-04-22T18:06:48+00:00","breadcrumb":{"@id":"https:\/\/librairie7l.com\/en\/produit\/marguerite-et-paul-serusier-la-collection-revelee-2\/#breadcrumb"},"inLanguage":"en-US","potentialAction":[{"@type":"ReadAction","target":["https:\/\/librairie7l.com\/en\/produit\/marguerite-et-paul-serusier-la-collection-revelee-2\/"]}]},{"@type":"BreadcrumbList","@id":"https:\/\/librairie7l.com\/en\/produit\/marguerite-et-paul-serusier-la-collection-revelee-2\/#breadcrumb","itemListElement":[{"@type":"ListItem","position":1,"name":"Accueil","item":"https:\/\/librairie7l.com\/en\/"},{"@type":"ListItem","position":2,"name":"Shop","item":"https:\/\/librairie7l.com\/en\/shop\/"},{"@type":"ListItem","position":3,"name":"MARGUERITE ET PAUL S\u00c9RUSIER : LA COLLECTION R\u00c9V\u00c9L\u00c9E"}]},{"@type":"WebSite","@id":"https:\/\/librairie7l.com\/en\/#website","url":"https:\/\/librairie7l.com\/en\/","name":"Librairie 7L","description":"Librairie fond\u00e9e en 1999 par Karl Lagerfeld \u00e0 Paris","publisher":{"@id":"https:\/\/librairie7l.com\/en\/#organization"},"potentialAction":[{"@type":"SearchAction","target":{"@type":"EntryPoint","urlTemplate":"https:\/\/librairie7l.com\/en\/?s={search_term_string}"},"query-input":"required name=search_term_string"}],"inLanguage":"en-US"},{"@type":"Organization","@id":"https:\/\/librairie7l.com\/en\/#organization","name":"Librairie 7L","url":"https:\/\/librairie7l.com\/en\/","logo":{"@type":"ImageObject","inLanguage":"en-US","@id":"https:\/\/librairie7l.com\/en\/#\/schema\/logo\/image\/","url":"https:\/\/librairie7l.com\/wp-content\/uploads\/2022\/08\/logo-1.png","contentUrl":"https:\/\/librairie7l.com\/wp-content\/uploads\/2022\/08\/logo-1.png","width":227,"height":301,"caption":"Librairie 7L"},"image":{"@id":"https:\/\/librairie7l.com\/en\/#\/schema\/logo\/image\/"}}]}},"_links":{"self":[{"href":"https:\/\/librairie7l.com\/en\/wp-json\/wp\/v2\/product\/48560"}],"collection":[{"href":"https:\/\/librairie7l.com\/en\/wp-json\/wp\/v2\/product"}],"about":[{"href":"https:\/\/librairie7l.com\/en\/wp-json\/wp\/v2\/types\/product"}],"wp:featuredmedia":[{"embeddable":true,"href":"https:\/\/librairie7l.com\/en\/wp-json\/wp\/v2\/media\/48558"}],"wp:attachment":[{"href":"https:\/\/librairie7l.com\/en\/wp-json\/wp\/v2\/media?parent=48560"}],"wp:term":[{"taxonomy":"product_cat","embeddable":true,"href":"https:\/\/librairie7l.com\/en\/wp-json\/wp\/v2\/product_cat?post=48560"},{"taxonomy":"product_tag","embeddable":true,"href":"https:\/\/librairie7l.com\/en\/wp-json\/wp\/v2\/product_tag?post=48560"}],"curies":[{"name":"wp","href":"https:\/\/api.w.org\/{rel}","templated":true}]}}