{"id":48568,"date":"2025-06-08T09:17:41","date_gmt":"2025-06-08T07:17:41","guid":{"rendered":"https:\/\/librairie7l.com\/?post_type=product&#038;p=48568"},"modified":"2026-04-14T10:22:49","modified_gmt":"2026-04-14T08:22:49","slug":"palais-de-florence-et-de-toscane-2","status":"publish","type":"product","link":"https:\/\/librairie7l.com\/en\/produit\/palais-de-florence-et-de-toscane-2\/","title":{"rendered":"PALAIS DE FLORENCE ET DE TOSCANE"},"content":{"rendered":"<p>Un &#8220;classique&#8221; \u00e9poustouflant, \u00e0 un prix d\u00e9fiant toute concurrence.<br \/>\nUne anthologie id\u00e9ale de l&#8217;esprit de la Renaissance.<\/p>\n<p>Cach\u00e9s derri\u00e8re l&#8217;\u00e9l\u00e9gante sobri\u00e9t\u00e9 de leurs fa\u00e7ades majestueuses, les palais de Florence et de Toscane rec\u00e8lent une grande partie des tr\u00e9sors de la Renaissance.<br \/>\nHabitu\u00e9s \u00e0 se prot\u00e9ger et \u00e0 vivre \u00e0 l&#8217;abri des indiscrets, les illustres familles florentines aimaient le plaisir de d\u00e9ployer le spectacle du beau et de la richesse \u00e0 l&#8217;int\u00e9rieur dans les limites du priv\u00e9.<br \/>\nLe luxe et le raffinement de la d\u00e9coration que l&#8217;on retrouve dans les fresques, tableaux, sculptures, escaliers monumentaux et tentures ainsi que l&#8217;\u00e9l\u00e9gance des jardins, devaient concourir au prestige de leur propri\u00e9taire.<br \/>\n\u00c0 travers l&#8217;architecture de leurs palais, on retrouve le go\u00fbt artistique des M\u00e9dicis, des Strozzi, Pitti, Borgh\u00e8se et de bien d&#8217;autres Florentins puissants, mais aussi l&#8217;histoire priv\u00e9e d&#8217;un des plus beaux lieux du monde.<br \/>\nUne promenade \u00e9tourdissante au coeur du pays de la Renaissance, soutenue par une superbe iconographie et le texte d&#8217;\u00e9minents historiens de l&#8217;art.<\/p>\n","protected":false},"excerpt":{"rendered":"<p>Un &#8220;classique&#8221; \u00e9poustouflant, \u00e0 un prix d\u00e9fiant toute concurrence. Une anthologie id\u00e9ale de l&#8217;esprit de la Renaissance. Cach\u00e9s derri\u00e8re l&#8217;\u00e9l\u00e9gante sobri\u00e9t\u00e9 de leurs fa\u00e7ades majestueuses, les palais de Florence et de Toscane rec\u00e8lent une grande partie des tr\u00e9sors de la Renaissance. Habitu\u00e9s \u00e0 se prot\u00e9ger et \u00e0 vivre \u00e0 l&#8217;abri des indiscrets, les illustres familles [&hellip;]<\/p>\n","protected":false},"featured_media":48566,"template":"","meta":[],"product_cat":[2948,2951],"product_tag":[],"acf":[],"yoast_head":"<!-- This site is optimized with the Yoast SEO plugin v20.11 - https:\/\/yoast.com\/wordpress\/plugins\/seo\/ -->\n<title>Palais de Florence et de Toscane - Librairie 7L<\/title>\n<meta name=\"robots\" content=\"index, follow, max-snippet:-1, max-image-preview:large, max-video-preview:-1\" \/>\n<link rel=\"canonical\" href=\"https:\/\/librairie7l.com\/en\/produit\/palais-de-florence-et-de-toscane-2\/\" \/>\n<meta property=\"og:locale\" content=\"en_US\" \/>\n<meta property=\"og:type\" content=\"article\" \/>\n<meta property=\"og:title\" content=\"Palais de Florence et de Toscane - Librairie 7L\" \/>\n<meta property=\"og:description\" content=\"Un &#8220;classique&#8221; \u00e9poustouflant, \u00e0 un prix d\u00e9fiant toute concurrence. Une anthologie id\u00e9ale de l&#8217;esprit de la Renaissance. Cach\u00e9s derri\u00e8re l&#8217;\u00e9l\u00e9gante sobri\u00e9t\u00e9 de leurs fa\u00e7ades majestueuses, les palais de Florence et de Toscane rec\u00e8lent une grande partie des tr\u00e9sors de la Renaissance. Habitu\u00e9s \u00e0 se prot\u00e9ger et \u00e0 vivre \u00e0 l&#8217;abri des indiscrets, les illustres familles [&hellip;]\" \/>\n<meta property=\"og:url\" content=\"https:\/\/librairie7l.com\/en\/produit\/palais-de-florence-et-de-toscane-2\/\" \/>\n<meta property=\"og:site_name\" content=\"Librairie 7L\" \/>\n<meta property=\"article:modified_time\" content=\"2026-04-14T08:22:49+00:00\" \/>\n<meta property=\"og:image\" content=\"https:\/\/librairie7l.com\/wp-content\/uploads\/2017\/07\/9782809914955_1_75.jpg\" \/>\n\t<meta property=\"og:image:width\" content=\"600\" \/>\n\t<meta property=\"og:image:height\" content=\"702\" \/>\n\t<meta property=\"og:image:type\" content=\"image\/jpeg\" \/>\n<meta name=\"twitter:card\" content=\"summary_large_image\" \/>\n<meta name=\"twitter:label1\" content=\"Est. reading time\" \/>\n\t<meta name=\"twitter:data1\" content=\"1 minute\" \/>\n<script type=\"application\/ld+json\" class=\"yoast-schema-graph\">{\"@context\":\"https:\/\/schema.org\",\"@graph\":[{\"@type\":\"WebPage\",\"@id\":\"https:\/\/librairie7l.com\/en\/produit\/palais-de-florence-et-de-toscane-2\/\",\"url\":\"https:\/\/librairie7l.com\/en\/produit\/palais-de-florence-et-de-toscane-2\/\",\"name\":\"Palais de Florence et de Toscane - Librairie 7L\",\"isPartOf\":{\"@id\":\"https:\/\/librairie7l.com\/en\/#website\"},\"datePublished\":\"2025-06-08T07:17:41+00:00\",\"dateModified\":\"2026-04-14T08:22:49+00:00\",\"breadcrumb\":{\"@id\":\"https:\/\/librairie7l.com\/en\/produit\/palais-de-florence-et-de-toscane-2\/#breadcrumb\"},\"inLanguage\":\"en-US\",\"potentialAction\":[{\"@type\":\"ReadAction\",\"target\":[\"https:\/\/librairie7l.com\/en\/produit\/palais-de-florence-et-de-toscane-2\/\"]}]},{\"@type\":\"BreadcrumbList\",\"@id\":\"https:\/\/librairie7l.com\/en\/produit\/palais-de-florence-et-de-toscane-2\/#breadcrumb\",\"itemListElement\":[{\"@type\":\"ListItem\",\"position\":1,\"name\":\"Accueil\",\"item\":\"https:\/\/librairie7l.com\/en\/\"},{\"@type\":\"ListItem\",\"position\":2,\"name\":\"Shop\",\"item\":\"https:\/\/librairie7l.com\/en\/shop\/\"},{\"@type\":\"ListItem\",\"position\":3,\"name\":\"PALAIS DE FLORENCE ET DE TOSCANE\"}]},{\"@type\":\"WebSite\",\"@id\":\"https:\/\/librairie7l.com\/en\/#website\",\"url\":\"https:\/\/librairie7l.com\/en\/\",\"name\":\"Librairie 7L\",\"description\":\"Librairie fond\u00e9e en 1999 par Karl Lagerfeld \u00e0 Paris\",\"publisher\":{\"@id\":\"https:\/\/librairie7l.com\/en\/#organization\"},\"potentialAction\":[{\"@type\":\"SearchAction\",\"target\":{\"@type\":\"EntryPoint\",\"urlTemplate\":\"https:\/\/librairie7l.com\/en\/?s={search_term_string}\"},\"query-input\":\"required name=search_term_string\"}],\"inLanguage\":\"en-US\"},{\"@type\":\"Organization\",\"@id\":\"https:\/\/librairie7l.com\/en\/#organization\",\"name\":\"Librairie 7L\",\"url\":\"https:\/\/librairie7l.com\/en\/\",\"logo\":{\"@type\":\"ImageObject\",\"inLanguage\":\"en-US\",\"@id\":\"https:\/\/librairie7l.com\/en\/#\/schema\/logo\/image\/\",\"url\":\"https:\/\/librairie7l.com\/wp-content\/uploads\/2022\/08\/logo-1.png\",\"contentUrl\":\"https:\/\/librairie7l.com\/wp-content\/uploads\/2022\/08\/logo-1.png\",\"width\":227,\"height\":301,\"caption\":\"Librairie 7L\"},\"image\":{\"@id\":\"https:\/\/librairie7l.com\/en\/#\/schema\/logo\/image\/\"}}]}<\/script>\n<!-- \/ Yoast SEO plugin. -->","yoast_head_json":{"title":"Palais de Florence et de Toscane - Librairie 7L","robots":{"index":"index","follow":"follow","max-snippet":"max-snippet:-1","max-image-preview":"max-image-preview:large","max-video-preview":"max-video-preview:-1"},"canonical":"https:\/\/librairie7l.com\/en\/produit\/palais-de-florence-et-de-toscane-2\/","og_locale":"en_US","og_type":"article","og_title":"Palais de Florence et de Toscane - Librairie 7L","og_description":"Un &#8220;classique&#8221; \u00e9poustouflant, \u00e0 un prix d\u00e9fiant toute concurrence. Une anthologie id\u00e9ale de l&#8217;esprit de la Renaissance. Cach\u00e9s derri\u00e8re l&#8217;\u00e9l\u00e9gante sobri\u00e9t\u00e9 de leurs fa\u00e7ades majestueuses, les palais de Florence et de Toscane rec\u00e8lent une grande partie des tr\u00e9sors de la Renaissance. Habitu\u00e9s \u00e0 se prot\u00e9ger et \u00e0 vivre \u00e0 l&#8217;abri des indiscrets, les illustres familles [&hellip;]","og_url":"https:\/\/librairie7l.com\/en\/produit\/palais-de-florence-et-de-toscane-2\/","og_site_name":"Librairie 7L","article_modified_time":"2026-04-14T08:22:49+00:00","og_image":[{"width":600,"height":702,"url":"https:\/\/librairie7l.com\/wp-content\/uploads\/2017\/07\/9782809914955_1_75.jpg","type":"image\/jpeg"}],"twitter_card":"summary_large_image","twitter_misc":{"Est. reading time":"1 minute"},"schema":{"@context":"https:\/\/schema.org","@graph":[{"@type":"WebPage","@id":"https:\/\/librairie7l.com\/en\/produit\/palais-de-florence-et-de-toscane-2\/","url":"https:\/\/librairie7l.com\/en\/produit\/palais-de-florence-et-de-toscane-2\/","name":"Palais de Florence et de Toscane - Librairie 7L","isPartOf":{"@id":"https:\/\/librairie7l.com\/en\/#website"},"datePublished":"2025-06-08T07:17:41+00:00","dateModified":"2026-04-14T08:22:49+00:00","breadcrumb":{"@id":"https:\/\/librairie7l.com\/en\/produit\/palais-de-florence-et-de-toscane-2\/#breadcrumb"},"inLanguage":"en-US","potentialAction":[{"@type":"ReadAction","target":["https:\/\/librairie7l.com\/en\/produit\/palais-de-florence-et-de-toscane-2\/"]}]},{"@type":"BreadcrumbList","@id":"https:\/\/librairie7l.com\/en\/produit\/palais-de-florence-et-de-toscane-2\/#breadcrumb","itemListElement":[{"@type":"ListItem","position":1,"name":"Accueil","item":"https:\/\/librairie7l.com\/en\/"},{"@type":"ListItem","position":2,"name":"Shop","item":"https:\/\/librairie7l.com\/en\/shop\/"},{"@type":"ListItem","position":3,"name":"PALAIS DE FLORENCE ET DE TOSCANE"}]},{"@type":"WebSite","@id":"https:\/\/librairie7l.com\/en\/#website","url":"https:\/\/librairie7l.com\/en\/","name":"Librairie 7L","description":"Librairie fond\u00e9e en 1999 par Karl Lagerfeld \u00e0 Paris","publisher":{"@id":"https:\/\/librairie7l.com\/en\/#organization"},"potentialAction":[{"@type":"SearchAction","target":{"@type":"EntryPoint","urlTemplate":"https:\/\/librairie7l.com\/en\/?s={search_term_string}"},"query-input":"required name=search_term_string"}],"inLanguage":"en-US"},{"@type":"Organization","@id":"https:\/\/librairie7l.com\/en\/#organization","name":"Librairie 7L","url":"https:\/\/librairie7l.com\/en\/","logo":{"@type":"ImageObject","inLanguage":"en-US","@id":"https:\/\/librairie7l.com\/en\/#\/schema\/logo\/image\/","url":"https:\/\/librairie7l.com\/wp-content\/uploads\/2022\/08\/logo-1.png","contentUrl":"https:\/\/librairie7l.com\/wp-content\/uploads\/2022\/08\/logo-1.png","width":227,"height":301,"caption":"Librairie 7L"},"image":{"@id":"https:\/\/librairie7l.com\/en\/#\/schema\/logo\/image\/"}}]}},"_links":{"self":[{"href":"https:\/\/librairie7l.com\/en\/wp-json\/wp\/v2\/product\/48568"}],"collection":[{"href":"https:\/\/librairie7l.com\/en\/wp-json\/wp\/v2\/product"}],"about":[{"href":"https:\/\/librairie7l.com\/en\/wp-json\/wp\/v2\/types\/product"}],"wp:featuredmedia":[{"embeddable":true,"href":"https:\/\/librairie7l.com\/en\/wp-json\/wp\/v2\/media\/48566"}],"wp:attachment":[{"href":"https:\/\/librairie7l.com\/en\/wp-json\/wp\/v2\/media?parent=48568"}],"wp:term":[{"taxonomy":"product_cat","embeddable":true,"href":"https:\/\/librairie7l.com\/en\/wp-json\/wp\/v2\/product_cat?post=48568"},{"taxonomy":"product_tag","embeddable":true,"href":"https:\/\/librairie7l.com\/en\/wp-json\/wp\/v2\/product_tag?post=48568"}],"curies":[{"name":"wp","href":"https:\/\/api.w.org\/{rel}","templated":true}]}}