{"id":48570,"date":"2025-06-08T09:17:45","date_gmt":"2025-06-08T07:17:45","guid":{"rendered":"https:\/\/librairie7l.com\/?post_type=product&#038;p=48570"},"modified":"2026-04-07T00:36:06","modified_gmt":"2026-04-06T22:36:06","slug":"grand-bain-piscines-bassins-centres-nautiques-2","status":"publish","type":"product","link":"https:\/\/librairie7l.com\/en\/produit\/grand-bain-piscines-bassins-centres-nautiques-2\/","title":{"rendered":"GRAND BAIN : PISCINES, BASSINS, CENTRES NAUTIQUES"},"content":{"rendered":"<p>D&#8217;abord sanitaires, puis espaces d&#8217;apprentissage de la nage et lieux de comp\u00e9tition, avant de devenir des \u00e9quipements de d\u00e9tente et de loisirs, les piscines franciliennes ont \u00e9t\u00e9 profond\u00e9ment marqu\u00e9es depuis la seconde moiti\u00e9 du XIXe si\u00e8cle par les usages du public. Des pratiques sont n\u00e9es une vari\u00e9t\u00e9 de formes architecturales, tant\u00f4t r\u00e9duites \u00e0 un simple bassin, parfois industrielles, et dans certains cas, originales. Jusqu&#8217;\u00e0 aujourd&#8217;hui, la longue histoire des piscines en \u00cele-de-France a montr\u00e9 comment l&#8217;inventivit\u00e9 des architectes a \u00e9t\u00e9 mise au service de toutes les activit\u00e9s aquatiques. Le pr\u00e9sent ouvrage offre ainsi un regard in\u00e9dit sur ces espaces du quotidien \u00e0 travers une s\u00e9lection de photographies r\u00e9alis\u00e9es depuis les ann\u00e9es 1980 par l&#8217;Inventaire d&#8217;\u00cele-de-France. Extraites d&#8217;un corpus de milliers d&#8217;images, elles donnent \u00e0 voir sous un oeil po\u00e9tique des objets, mat\u00e9rialisent la lumi\u00e8re qui inonde les bassins ou effacent les contours parfois rugueux des structures.<\/p>\n","protected":false},"excerpt":{"rendered":"<p>D&#8217;abord sanitaires, puis espaces d&#8217;apprentissage de la nage et lieux de comp\u00e9tition, avant de devenir des \u00e9quipements de d\u00e9tente et de loisirs, les piscines franciliennes ont \u00e9t\u00e9 profond\u00e9ment marqu\u00e9es depuis la seconde moiti\u00e9 du XIXe si\u00e8cle par les usages du public. Des pratiques sont n\u00e9es une vari\u00e9t\u00e9 de formes architecturales, tant\u00f4t r\u00e9duites \u00e0 un simple [&hellip;]<\/p>\n","protected":false},"featured_media":53091,"template":"","meta":[],"product_cat":[2948,2950],"product_tag":[],"acf":[],"yoast_head":"<!-- This site is optimized with the Yoast SEO plugin v20.11 - https:\/\/yoast.com\/wordpress\/plugins\/seo\/ -->\n<title>Grand bain : piscines, bassins, centres nautiques - Librairie 7L<\/title>\n<meta name=\"robots\" content=\"index, follow, max-snippet:-1, max-image-preview:large, max-video-preview:-1\" \/>\n<link rel=\"canonical\" href=\"https:\/\/librairie7l.com\/en\/produit\/grand-bain-piscines-bassins-centres-nautiques-2\/\" \/>\n<meta property=\"og:locale\" content=\"en_US\" \/>\n<meta property=\"og:type\" content=\"article\" \/>\n<meta property=\"og:title\" content=\"Grand bain : piscines, bassins, centres nautiques - Librairie 7L\" \/>\n<meta property=\"og:description\" content=\"D&#8217;abord sanitaires, puis espaces d&#8217;apprentissage de la nage et lieux de comp\u00e9tition, avant de devenir des \u00e9quipements de d\u00e9tente et de loisirs, les piscines franciliennes ont \u00e9t\u00e9 profond\u00e9ment marqu\u00e9es depuis la seconde moiti\u00e9 du XIXe si\u00e8cle par les usages du public. Des pratiques sont n\u00e9es une vari\u00e9t\u00e9 de formes architecturales, tant\u00f4t r\u00e9duites \u00e0 un simple [&hellip;]\" \/>\n<meta property=\"og:url\" content=\"https:\/\/librairie7l.com\/en\/produit\/grand-bain-piscines-bassins-centres-nautiques-2\/\" \/>\n<meta property=\"og:site_name\" content=\"Librairie 7L\" \/>\n<meta property=\"article:modified_time\" content=\"2026-04-06T22:36:06+00:00\" \/>\n<meta name=\"twitter:card\" content=\"summary_large_image\" \/>\n<meta name=\"twitter:label1\" content=\"Est. reading time\" \/>\n\t<meta name=\"twitter:data1\" content=\"1 minute\" \/>\n<script type=\"application\/ld+json\" class=\"yoast-schema-graph\">{\"@context\":\"https:\/\/schema.org\",\"@graph\":[{\"@type\":\"WebPage\",\"@id\":\"https:\/\/librairie7l.com\/en\/produit\/grand-bain-piscines-bassins-centres-nautiques-2\/\",\"url\":\"https:\/\/librairie7l.com\/en\/produit\/grand-bain-piscines-bassins-centres-nautiques-2\/\",\"name\":\"Grand bain : piscines, bassins, centres nautiques - Librairie 7L\",\"isPartOf\":{\"@id\":\"https:\/\/librairie7l.com\/en\/#website\"},\"datePublished\":\"2025-06-08T07:17:45+00:00\",\"dateModified\":\"2026-04-06T22:36:06+00:00\",\"breadcrumb\":{\"@id\":\"https:\/\/librairie7l.com\/en\/produit\/grand-bain-piscines-bassins-centres-nautiques-2\/#breadcrumb\"},\"inLanguage\":\"en-US\",\"potentialAction\":[{\"@type\":\"ReadAction\",\"target\":[\"https:\/\/librairie7l.com\/en\/produit\/grand-bain-piscines-bassins-centres-nautiques-2\/\"]}]},{\"@type\":\"BreadcrumbList\",\"@id\":\"https:\/\/librairie7l.com\/en\/produit\/grand-bain-piscines-bassins-centres-nautiques-2\/#breadcrumb\",\"itemListElement\":[{\"@type\":\"ListItem\",\"position\":1,\"name\":\"Accueil\",\"item\":\"https:\/\/librairie7l.com\/en\/\"},{\"@type\":\"ListItem\",\"position\":2,\"name\":\"Shop\",\"item\":\"https:\/\/librairie7l.com\/en\/shop\/\"},{\"@type\":\"ListItem\",\"position\":3,\"name\":\"GRAND BAIN : PISCINES, BASSINS, CENTRES NAUTIQUES\"}]},{\"@type\":\"WebSite\",\"@id\":\"https:\/\/librairie7l.com\/en\/#website\",\"url\":\"https:\/\/librairie7l.com\/en\/\",\"name\":\"Librairie 7L\",\"description\":\"Librairie fond\u00e9e en 1999 par Karl Lagerfeld \u00e0 Paris\",\"publisher\":{\"@id\":\"https:\/\/librairie7l.com\/en\/#organization\"},\"potentialAction\":[{\"@type\":\"SearchAction\",\"target\":{\"@type\":\"EntryPoint\",\"urlTemplate\":\"https:\/\/librairie7l.com\/en\/?s={search_term_string}\"},\"query-input\":\"required name=search_term_string\"}],\"inLanguage\":\"en-US\"},{\"@type\":\"Organization\",\"@id\":\"https:\/\/librairie7l.com\/en\/#organization\",\"name\":\"Librairie 7L\",\"url\":\"https:\/\/librairie7l.com\/en\/\",\"logo\":{\"@type\":\"ImageObject\",\"inLanguage\":\"en-US\",\"@id\":\"https:\/\/librairie7l.com\/en\/#\/schema\/logo\/image\/\",\"url\":\"https:\/\/librairie7l.com\/wp-content\/uploads\/2022\/08\/logo-1.png\",\"contentUrl\":\"https:\/\/librairie7l.com\/wp-content\/uploads\/2022\/08\/logo-1.png\",\"width\":227,\"height\":301,\"caption\":\"Librairie 7L\"},\"image\":{\"@id\":\"https:\/\/librairie7l.com\/en\/#\/schema\/logo\/image\/\"}}]}<\/script>\n<!-- \/ Yoast SEO plugin. -->","yoast_head_json":{"title":"Grand bain : piscines, bassins, centres nautiques - Librairie 7L","robots":{"index":"index","follow":"follow","max-snippet":"max-snippet:-1","max-image-preview":"max-image-preview:large","max-video-preview":"max-video-preview:-1"},"canonical":"https:\/\/librairie7l.com\/en\/produit\/grand-bain-piscines-bassins-centres-nautiques-2\/","og_locale":"en_US","og_type":"article","og_title":"Grand bain : piscines, bassins, centres nautiques - Librairie 7L","og_description":"D&#8217;abord sanitaires, puis espaces d&#8217;apprentissage de la nage et lieux de comp\u00e9tition, avant de devenir des \u00e9quipements de d\u00e9tente et de loisirs, les piscines franciliennes ont \u00e9t\u00e9 profond\u00e9ment marqu\u00e9es depuis la seconde moiti\u00e9 du XIXe si\u00e8cle par les usages du public. Des pratiques sont n\u00e9es une vari\u00e9t\u00e9 de formes architecturales, tant\u00f4t r\u00e9duites \u00e0 un simple [&hellip;]","og_url":"https:\/\/librairie7l.com\/en\/produit\/grand-bain-piscines-bassins-centres-nautiques-2\/","og_site_name":"Librairie 7L","article_modified_time":"2026-04-06T22:36:06+00:00","twitter_card":"summary_large_image","twitter_misc":{"Est. reading time":"1 minute"},"schema":{"@context":"https:\/\/schema.org","@graph":[{"@type":"WebPage","@id":"https:\/\/librairie7l.com\/en\/produit\/grand-bain-piscines-bassins-centres-nautiques-2\/","url":"https:\/\/librairie7l.com\/en\/produit\/grand-bain-piscines-bassins-centres-nautiques-2\/","name":"Grand bain : piscines, bassins, centres nautiques - Librairie 7L","isPartOf":{"@id":"https:\/\/librairie7l.com\/en\/#website"},"datePublished":"2025-06-08T07:17:45+00:00","dateModified":"2026-04-06T22:36:06+00:00","breadcrumb":{"@id":"https:\/\/librairie7l.com\/en\/produit\/grand-bain-piscines-bassins-centres-nautiques-2\/#breadcrumb"},"inLanguage":"en-US","potentialAction":[{"@type":"ReadAction","target":["https:\/\/librairie7l.com\/en\/produit\/grand-bain-piscines-bassins-centres-nautiques-2\/"]}]},{"@type":"BreadcrumbList","@id":"https:\/\/librairie7l.com\/en\/produit\/grand-bain-piscines-bassins-centres-nautiques-2\/#breadcrumb","itemListElement":[{"@type":"ListItem","position":1,"name":"Accueil","item":"https:\/\/librairie7l.com\/en\/"},{"@type":"ListItem","position":2,"name":"Shop","item":"https:\/\/librairie7l.com\/en\/shop\/"},{"@type":"ListItem","position":3,"name":"GRAND BAIN : PISCINES, BASSINS, CENTRES NAUTIQUES"}]},{"@type":"WebSite","@id":"https:\/\/librairie7l.com\/en\/#website","url":"https:\/\/librairie7l.com\/en\/","name":"Librairie 7L","description":"Librairie fond\u00e9e en 1999 par Karl Lagerfeld \u00e0 Paris","publisher":{"@id":"https:\/\/librairie7l.com\/en\/#organization"},"potentialAction":[{"@type":"SearchAction","target":{"@type":"EntryPoint","urlTemplate":"https:\/\/librairie7l.com\/en\/?s={search_term_string}"},"query-input":"required name=search_term_string"}],"inLanguage":"en-US"},{"@type":"Organization","@id":"https:\/\/librairie7l.com\/en\/#organization","name":"Librairie 7L","url":"https:\/\/librairie7l.com\/en\/","logo":{"@type":"ImageObject","inLanguage":"en-US","@id":"https:\/\/librairie7l.com\/en\/#\/schema\/logo\/image\/","url":"https:\/\/librairie7l.com\/wp-content\/uploads\/2022\/08\/logo-1.png","contentUrl":"https:\/\/librairie7l.com\/wp-content\/uploads\/2022\/08\/logo-1.png","width":227,"height":301,"caption":"Librairie 7L"},"image":{"@id":"https:\/\/librairie7l.com\/en\/#\/schema\/logo\/image\/"}}]}},"_links":{"self":[{"href":"https:\/\/librairie7l.com\/en\/wp-json\/wp\/v2\/product\/48570"}],"collection":[{"href":"https:\/\/librairie7l.com\/en\/wp-json\/wp\/v2\/product"}],"about":[{"href":"https:\/\/librairie7l.com\/en\/wp-json\/wp\/v2\/types\/product"}],"wp:featuredmedia":[{"embeddable":true,"href":"https:\/\/librairie7l.com\/en\/wp-json\/wp\/v2\/media\/53091"}],"wp:attachment":[{"href":"https:\/\/librairie7l.com\/en\/wp-json\/wp\/v2\/media?parent=48570"}],"wp:term":[{"taxonomy":"product_cat","embeddable":true,"href":"https:\/\/librairie7l.com\/en\/wp-json\/wp\/v2\/product_cat?post=48570"},{"taxonomy":"product_tag","embeddable":true,"href":"https:\/\/librairie7l.com\/en\/wp-json\/wp\/v2\/product_tag?post=48570"}],"curies":[{"name":"wp","href":"https:\/\/api.w.org\/{rel}","templated":true}]}}