{"id":48582,"date":"2025-06-09T09:22:56","date_gmt":"2025-06-09T07:22:56","guid":{"rendered":"https:\/\/librairie7l.com\/?post_type=product&#038;p=48582"},"modified":"2026-04-07T14:05:45","modified_gmt":"2026-04-07T12:05:45","slug":"goya-du-ciel-a-lenfer-en-passant-par-le-monde-2","status":"publish","type":"product","link":"https:\/\/librairie7l.com\/en\/produit\/goya-du-ciel-a-lenfer-en-passant-par-le-monde-2\/","title":{"rendered":"GOYA ; DU CIEL \u00c0 L&#8217;ENFER EN PASSANT PAR LE MONDE"},"content":{"rendered":"<p>Dans ce volume abondamment illustr\u00e9, Werner Hofmann nous offre un vaste panorama de l&#8217;oeuvre peint et grav\u00e9 de Francisco Goya, introduisant le lecteur \u00e0 la compr\u00e9hension d&#8217;un univers visuel d&#8217;exception qui, dans son ambigu\u00eft\u00e9 fonci\u00e8re et ses insondables \u00e9nigmes, tient encore lieu aujourd&#8217;hui de m\u00e9taphore du \u00ab monde comme asile de fous \u00bb : Enfer de l&#8217;Au-del\u00e0 et enfer terrestre y sont intimement m\u00eal\u00e9s.<\/p>\n<p>Les pionniers et les novateurs de la fin du XVIIIe si\u00e8cle &#8211; et Francisco Jos\u00e9 de Goya y Lucientes (1764-1828) fut certainement l&#8217;un des plus remarquables d&#8217;entre eux &#8211; portent la marque d&#8217;une \u00e9quivocit\u00e9 troublante, sur le plan \u00e0 la fois moral et esth\u00e9tique. Tel est ici le constat de Werner Hofmann, qui retrace d&#8217;un geste \u00e9clatant la vie et l&#8217;oeuvre du peintre espagnol. Affirmant avec fiert\u00e9 qu&#8217;\u00ab il n&#8217;y a pas de r\u00e8gles en art \u00bb, Goya rompt avec la tradition jusque dans ses peintures religieuses et d\u00e9roule un extraordinaire et gigantesque \u00e9ventail qui va des aimables cartons de tapisserie de sa jeunesse, avec tout le raffinement et la vari\u00e9t\u00e9 formelle du rococo, jusqu&#8217;aux \u00e9crasantes \u00ab Peintures noires \u00bb de ses derni\u00e8res ann\u00e9es, en passant par les s\u00e9ries graphiques des Caprices, des D\u00e9sastres de la guerre et des Disparates, mais aussi par les genres du portrait &#8211; o\u00f9 l&#8217;artiste fait preuve d&#8217;une p\u00e9n\u00e9tration peu commune, qu&#8217;il s&#8217;agisse de peindre l&#8217;individu ou la soci\u00e9t\u00e9 -, de la chronique de moeurs et du journal intime, dans ses albums de dessins. \u00c0 suivre les clairvoyantes hallucinations du peintre, on comprendra que le monde est p\u00e9tri de choses irrationnelles et absurdes. Goya en montre les ab\u00eemes, dans leur effroyable beaut\u00e9 et sans chercher \u00e0 mettre un frein \u00e0 leurs atrocit\u00e9s barbares, qu&#8217;il accentue au contraire par les sortil\u00e8ges de son art. Inou\u00efe et troublante, encore vivace aujourd&#8217;hui, la modernit\u00e9 de ses oeuvres tient tout enti\u00e8re \u00e0 cet acte de cr\u00e9ation qui, sous la gouverne de la Raison, enfante un monde insens\u00e9. Cet ouvrage est disponible dans un coffret.<\/p>\n","protected":false},"excerpt":{"rendered":"<p>Dans ce volume abondamment illustr\u00e9, Werner Hofmann nous offre un vaste panorama de l&#8217;oeuvre peint et grav\u00e9 de Francisco Goya, introduisant le lecteur \u00e0 la compr\u00e9hension d&#8217;un univers visuel d&#8217;exception qui, dans son ambigu\u00eft\u00e9 fonci\u00e8re et ses insondables \u00e9nigmes, tient encore lieu aujourd&#8217;hui de m\u00e9taphore du \u00ab monde comme asile de fous \u00bb : Enfer [&hellip;]<\/p>\n","protected":false},"featured_media":48580,"template":"","meta":[],"product_cat":[7364,2948],"product_tag":[],"acf":[],"yoast_head":"<!-- This site is optimized with the Yoast SEO plugin v20.11 - https:\/\/yoast.com\/wordpress\/plugins\/seo\/ -->\n<title>Goya ; du ciel \u00e0 l&#039;enfer en passant par le monde - Librairie 7L<\/title>\n<meta name=\"robots\" content=\"index, follow, max-snippet:-1, max-image-preview:large, max-video-preview:-1\" \/>\n<link rel=\"canonical\" href=\"https:\/\/librairie7l.com\/en\/produit\/goya-du-ciel-a-lenfer-en-passant-par-le-monde-2\/\" \/>\n<meta property=\"og:locale\" content=\"en_US\" \/>\n<meta property=\"og:type\" content=\"article\" \/>\n<meta property=\"og:title\" content=\"Goya ; du ciel \u00e0 l&#039;enfer en passant par le monde - Librairie 7L\" \/>\n<meta property=\"og:description\" content=\"Dans ce volume abondamment illustr\u00e9, Werner Hofmann nous offre un vaste panorama de l&#8217;oeuvre peint et grav\u00e9 de Francisco Goya, introduisant le lecteur \u00e0 la compr\u00e9hension d&#8217;un univers visuel d&#8217;exception qui, dans son ambigu\u00eft\u00e9 fonci\u00e8re et ses insondables \u00e9nigmes, tient encore lieu aujourd&#8217;hui de m\u00e9taphore du \u00ab monde comme asile de fous \u00bb : Enfer [&hellip;]\" \/>\n<meta property=\"og:url\" content=\"https:\/\/librairie7l.com\/en\/produit\/goya-du-ciel-a-lenfer-en-passant-par-le-monde-2\/\" \/>\n<meta property=\"og:site_name\" content=\"Librairie 7L\" \/>\n<meta property=\"article:modified_time\" content=\"2026-04-07T12:05:45+00:00\" \/>\n<meta property=\"og:image\" content=\"https:\/\/librairie7l.com\/wp-content\/uploads\/2014\/06\/9782754107709_1_75.jpg\" \/>\n\t<meta property=\"og:image:width\" content=\"600\" \/>\n\t<meta property=\"og:image:height\" content=\"714\" \/>\n\t<meta property=\"og:image:type\" content=\"image\/jpeg\" \/>\n<meta name=\"twitter:card\" content=\"summary_large_image\" \/>\n<meta name=\"twitter:label1\" content=\"Est. reading time\" \/>\n\t<meta name=\"twitter:data1\" content=\"2 minutes\" \/>\n<script type=\"application\/ld+json\" class=\"yoast-schema-graph\">{\"@context\":\"https:\/\/schema.org\",\"@graph\":[{\"@type\":\"WebPage\",\"@id\":\"https:\/\/librairie7l.com\/en\/produit\/goya-du-ciel-a-lenfer-en-passant-par-le-monde-2\/\",\"url\":\"https:\/\/librairie7l.com\/en\/produit\/goya-du-ciel-a-lenfer-en-passant-par-le-monde-2\/\",\"name\":\"Goya ; du ciel \u00e0 l'enfer en passant par le monde - Librairie 7L\",\"isPartOf\":{\"@id\":\"https:\/\/librairie7l.com\/en\/#website\"},\"datePublished\":\"2025-06-09T07:22:56+00:00\",\"dateModified\":\"2026-04-07T12:05:45+00:00\",\"breadcrumb\":{\"@id\":\"https:\/\/librairie7l.com\/en\/produit\/goya-du-ciel-a-lenfer-en-passant-par-le-monde-2\/#breadcrumb\"},\"inLanguage\":\"en-US\",\"potentialAction\":[{\"@type\":\"ReadAction\",\"target\":[\"https:\/\/librairie7l.com\/en\/produit\/goya-du-ciel-a-lenfer-en-passant-par-le-monde-2\/\"]}]},{\"@type\":\"BreadcrumbList\",\"@id\":\"https:\/\/librairie7l.com\/en\/produit\/goya-du-ciel-a-lenfer-en-passant-par-le-monde-2\/#breadcrumb\",\"itemListElement\":[{\"@type\":\"ListItem\",\"position\":1,\"name\":\"Accueil\",\"item\":\"https:\/\/librairie7l.com\/en\/\"},{\"@type\":\"ListItem\",\"position\":2,\"name\":\"Shop\",\"item\":\"https:\/\/librairie7l.com\/en\/shop\/\"},{\"@type\":\"ListItem\",\"position\":3,\"name\":\"GOYA ; DU CIEL \u00c0 L&#8217;ENFER EN PASSANT PAR LE MONDE\"}]},{\"@type\":\"WebSite\",\"@id\":\"https:\/\/librairie7l.com\/en\/#website\",\"url\":\"https:\/\/librairie7l.com\/en\/\",\"name\":\"Librairie 7L\",\"description\":\"Librairie fond\u00e9e en 1999 par Karl Lagerfeld \u00e0 Paris\",\"publisher\":{\"@id\":\"https:\/\/librairie7l.com\/en\/#organization\"},\"potentialAction\":[{\"@type\":\"SearchAction\",\"target\":{\"@type\":\"EntryPoint\",\"urlTemplate\":\"https:\/\/librairie7l.com\/en\/?s={search_term_string}\"},\"query-input\":\"required name=search_term_string\"}],\"inLanguage\":\"en-US\"},{\"@type\":\"Organization\",\"@id\":\"https:\/\/librairie7l.com\/en\/#organization\",\"name\":\"Librairie 7L\",\"url\":\"https:\/\/librairie7l.com\/en\/\",\"logo\":{\"@type\":\"ImageObject\",\"inLanguage\":\"en-US\",\"@id\":\"https:\/\/librairie7l.com\/en\/#\/schema\/logo\/image\/\",\"url\":\"https:\/\/librairie7l.com\/wp-content\/uploads\/2022\/08\/logo-1.png\",\"contentUrl\":\"https:\/\/librairie7l.com\/wp-content\/uploads\/2022\/08\/logo-1.png\",\"width\":227,\"height\":301,\"caption\":\"Librairie 7L\"},\"image\":{\"@id\":\"https:\/\/librairie7l.com\/en\/#\/schema\/logo\/image\/\"}}]}<\/script>\n<!-- \/ Yoast SEO plugin. -->","yoast_head_json":{"title":"Goya ; du ciel \u00e0 l'enfer en passant par le monde - Librairie 7L","robots":{"index":"index","follow":"follow","max-snippet":"max-snippet:-1","max-image-preview":"max-image-preview:large","max-video-preview":"max-video-preview:-1"},"canonical":"https:\/\/librairie7l.com\/en\/produit\/goya-du-ciel-a-lenfer-en-passant-par-le-monde-2\/","og_locale":"en_US","og_type":"article","og_title":"Goya ; du ciel \u00e0 l'enfer en passant par le monde - Librairie 7L","og_description":"Dans ce volume abondamment illustr\u00e9, Werner Hofmann nous offre un vaste panorama de l&#8217;oeuvre peint et grav\u00e9 de Francisco Goya, introduisant le lecteur \u00e0 la compr\u00e9hension d&#8217;un univers visuel d&#8217;exception qui, dans son ambigu\u00eft\u00e9 fonci\u00e8re et ses insondables \u00e9nigmes, tient encore lieu aujourd&#8217;hui de m\u00e9taphore du \u00ab monde comme asile de fous \u00bb : Enfer [&hellip;]","og_url":"https:\/\/librairie7l.com\/en\/produit\/goya-du-ciel-a-lenfer-en-passant-par-le-monde-2\/","og_site_name":"Librairie 7L","article_modified_time":"2026-04-07T12:05:45+00:00","og_image":[{"width":600,"height":714,"url":"https:\/\/librairie7l.com\/wp-content\/uploads\/2014\/06\/9782754107709_1_75.jpg","type":"image\/jpeg"}],"twitter_card":"summary_large_image","twitter_misc":{"Est. reading time":"2 minutes"},"schema":{"@context":"https:\/\/schema.org","@graph":[{"@type":"WebPage","@id":"https:\/\/librairie7l.com\/en\/produit\/goya-du-ciel-a-lenfer-en-passant-par-le-monde-2\/","url":"https:\/\/librairie7l.com\/en\/produit\/goya-du-ciel-a-lenfer-en-passant-par-le-monde-2\/","name":"Goya ; du ciel \u00e0 l'enfer en passant par le monde - Librairie 7L","isPartOf":{"@id":"https:\/\/librairie7l.com\/en\/#website"},"datePublished":"2025-06-09T07:22:56+00:00","dateModified":"2026-04-07T12:05:45+00:00","breadcrumb":{"@id":"https:\/\/librairie7l.com\/en\/produit\/goya-du-ciel-a-lenfer-en-passant-par-le-monde-2\/#breadcrumb"},"inLanguage":"en-US","potentialAction":[{"@type":"ReadAction","target":["https:\/\/librairie7l.com\/en\/produit\/goya-du-ciel-a-lenfer-en-passant-par-le-monde-2\/"]}]},{"@type":"BreadcrumbList","@id":"https:\/\/librairie7l.com\/en\/produit\/goya-du-ciel-a-lenfer-en-passant-par-le-monde-2\/#breadcrumb","itemListElement":[{"@type":"ListItem","position":1,"name":"Accueil","item":"https:\/\/librairie7l.com\/en\/"},{"@type":"ListItem","position":2,"name":"Shop","item":"https:\/\/librairie7l.com\/en\/shop\/"},{"@type":"ListItem","position":3,"name":"GOYA ; DU CIEL \u00c0 L&#8217;ENFER EN PASSANT PAR LE MONDE"}]},{"@type":"WebSite","@id":"https:\/\/librairie7l.com\/en\/#website","url":"https:\/\/librairie7l.com\/en\/","name":"Librairie 7L","description":"Librairie fond\u00e9e en 1999 par Karl Lagerfeld \u00e0 Paris","publisher":{"@id":"https:\/\/librairie7l.com\/en\/#organization"},"potentialAction":[{"@type":"SearchAction","target":{"@type":"EntryPoint","urlTemplate":"https:\/\/librairie7l.com\/en\/?s={search_term_string}"},"query-input":"required name=search_term_string"}],"inLanguage":"en-US"},{"@type":"Organization","@id":"https:\/\/librairie7l.com\/en\/#organization","name":"Librairie 7L","url":"https:\/\/librairie7l.com\/en\/","logo":{"@type":"ImageObject","inLanguage":"en-US","@id":"https:\/\/librairie7l.com\/en\/#\/schema\/logo\/image\/","url":"https:\/\/librairie7l.com\/wp-content\/uploads\/2022\/08\/logo-1.png","contentUrl":"https:\/\/librairie7l.com\/wp-content\/uploads\/2022\/08\/logo-1.png","width":227,"height":301,"caption":"Librairie 7L"},"image":{"@id":"https:\/\/librairie7l.com\/en\/#\/schema\/logo\/image\/"}}]}},"_links":{"self":[{"href":"https:\/\/librairie7l.com\/en\/wp-json\/wp\/v2\/product\/48582"}],"collection":[{"href":"https:\/\/librairie7l.com\/en\/wp-json\/wp\/v2\/product"}],"about":[{"href":"https:\/\/librairie7l.com\/en\/wp-json\/wp\/v2\/types\/product"}],"wp:featuredmedia":[{"embeddable":true,"href":"https:\/\/librairie7l.com\/en\/wp-json\/wp\/v2\/media\/48580"}],"wp:attachment":[{"href":"https:\/\/librairie7l.com\/en\/wp-json\/wp\/v2\/media?parent=48582"}],"wp:term":[{"taxonomy":"product_cat","embeddable":true,"href":"https:\/\/librairie7l.com\/en\/wp-json\/wp\/v2\/product_cat?post=48582"},{"taxonomy":"product_tag","embeddable":true,"href":"https:\/\/librairie7l.com\/en\/wp-json\/wp\/v2\/product_tag?post=48582"}],"curies":[{"name":"wp","href":"https:\/\/api.w.org\/{rel}","templated":true}]}}