{"id":48586,"date":"2025-06-09T09:23:06","date_gmt":"2025-06-09T07:23:06","guid":{"rendered":"https:\/\/librairie7l.com\/?post_type=product&#038;p=48586"},"modified":"2026-04-07T16:02:39","modified_gmt":"2026-04-07T14:02:39","slug":"les-caprices-2","status":"publish","type":"product","link":"https:\/\/librairie7l.com\/en\/produit\/les-caprices-2\/","title":{"rendered":"LES CAPRICES"},"content":{"rendered":"<p>Voici quatre-vingts planches, de dimensions moyennes, feuilles volantes,<br \/>\ndestin\u00e9es \u00e0 circuler commod\u00e9ment, des esp\u00e8ces de placards de satire et de<br \/>\nfantaisie. Elles ont \u00e9t\u00e9 ex\u00e9cut\u00e9es de 1793 \u00e0 1797, \u00e0 une \u00e9poque o\u00f9 l&#8217;Europe se<br \/>\nd\u00e9bat dans les convulsions de la fin d&#8217;un monde. Leur titre, Les Caprices,<br \/>\npourrait faire croire qu&#8217;il n&#8217;y ait l\u00e0 que le passe-temps d&#8217;un grand peintre. Mais,<br \/>\nderri\u00e8re ce mot innocent, se dissimule une virulence occulte, si bien que le sens<br \/>\nde certaines planches nous para\u00eet encore aujourd&#8217;hui tr\u00e8s \u00e9nigmatique.<\/p>\n","protected":false},"excerpt":{"rendered":"<p>Voici quatre-vingts planches, de dimensions moyennes, feuilles volantes, destin\u00e9es \u00e0 circuler commod\u00e9ment, des esp\u00e8ces de placards de satire et de fantaisie. Elles ont \u00e9t\u00e9 ex\u00e9cut\u00e9es de 1793 \u00e0 1797, \u00e0 une \u00e9poque o\u00f9 l&#8217;Europe se d\u00e9bat dans les convulsions de la fin d&#8217;un monde. Leur titre, Les Caprices, pourrait faire croire qu&#8217;il n&#8217;y ait l\u00e0 [&hellip;]<\/p>\n","protected":false},"featured_media":48584,"template":"","meta":[],"product_cat":[7364,2948],"product_tag":[],"acf":[],"yoast_head":"<!-- This site is optimized with the Yoast SEO plugin v20.11 - https:\/\/yoast.com\/wordpress\/plugins\/seo\/ -->\n<title>Les Caprices - Librairie 7L<\/title>\n<meta name=\"robots\" content=\"index, follow, max-snippet:-1, max-image-preview:large, max-video-preview:-1\" \/>\n<link rel=\"canonical\" href=\"https:\/\/librairie7l.com\/en\/produit\/les-caprices-2\/\" \/>\n<meta property=\"og:locale\" content=\"en_US\" \/>\n<meta property=\"og:type\" content=\"article\" \/>\n<meta property=\"og:title\" content=\"Les Caprices - Librairie 7L\" \/>\n<meta property=\"og:description\" content=\"Voici quatre-vingts planches, de dimensions moyennes, feuilles volantes, destin\u00e9es \u00e0 circuler commod\u00e9ment, des esp\u00e8ces de placards de satire et de fantaisie. Elles ont \u00e9t\u00e9 ex\u00e9cut\u00e9es de 1793 \u00e0 1797, \u00e0 une \u00e9poque o\u00f9 l&#8217;Europe se d\u00e9bat dans les convulsions de la fin d&#8217;un monde. Leur titre, Les Caprices, pourrait faire croire qu&#8217;il n&#8217;y ait l\u00e0 [&hellip;]\" \/>\n<meta property=\"og:url\" content=\"https:\/\/librairie7l.com\/en\/produit\/les-caprices-2\/\" \/>\n<meta property=\"og:site_name\" content=\"Librairie 7L\" \/>\n<meta property=\"article:modified_time\" content=\"2026-04-07T14:02:39+00:00\" \/>\n<meta property=\"og:image\" content=\"https:\/\/librairie7l.com\/wp-content\/uploads\/2024\/09\/9788419524515_1_75.jpg\" \/>\n\t<meta property=\"og:image:width\" content=\"600\" \/>\n\t<meta property=\"og:image:height\" content=\"865\" \/>\n\t<meta property=\"og:image:type\" content=\"image\/jpeg\" \/>\n<meta name=\"twitter:card\" content=\"summary_large_image\" \/>\n<script type=\"application\/ld+json\" class=\"yoast-schema-graph\">{\"@context\":\"https:\/\/schema.org\",\"@graph\":[{\"@type\":\"WebPage\",\"@id\":\"https:\/\/librairie7l.com\/en\/produit\/les-caprices-2\/\",\"url\":\"https:\/\/librairie7l.com\/en\/produit\/les-caprices-2\/\",\"name\":\"Les Caprices - Librairie 7L\",\"isPartOf\":{\"@id\":\"https:\/\/librairie7l.com\/en\/#website\"},\"datePublished\":\"2025-06-09T07:23:06+00:00\",\"dateModified\":\"2026-04-07T14:02:39+00:00\",\"breadcrumb\":{\"@id\":\"https:\/\/librairie7l.com\/en\/produit\/les-caprices-2\/#breadcrumb\"},\"inLanguage\":\"en-US\",\"potentialAction\":[{\"@type\":\"ReadAction\",\"target\":[\"https:\/\/librairie7l.com\/en\/produit\/les-caprices-2\/\"]}]},{\"@type\":\"BreadcrumbList\",\"@id\":\"https:\/\/librairie7l.com\/en\/produit\/les-caprices-2\/#breadcrumb\",\"itemListElement\":[{\"@type\":\"ListItem\",\"position\":1,\"name\":\"Accueil\",\"item\":\"https:\/\/librairie7l.com\/en\/\"},{\"@type\":\"ListItem\",\"position\":2,\"name\":\"Shop\",\"item\":\"https:\/\/librairie7l.com\/en\/shop\/\"},{\"@type\":\"ListItem\",\"position\":3,\"name\":\"LES CAPRICES\"}]},{\"@type\":\"WebSite\",\"@id\":\"https:\/\/librairie7l.com\/en\/#website\",\"url\":\"https:\/\/librairie7l.com\/en\/\",\"name\":\"Librairie 7L\",\"description\":\"Librairie fond\u00e9e en 1999 par Karl Lagerfeld \u00e0 Paris\",\"publisher\":{\"@id\":\"https:\/\/librairie7l.com\/en\/#organization\"},\"potentialAction\":[{\"@type\":\"SearchAction\",\"target\":{\"@type\":\"EntryPoint\",\"urlTemplate\":\"https:\/\/librairie7l.com\/en\/?s={search_term_string}\"},\"query-input\":\"required name=search_term_string\"}],\"inLanguage\":\"en-US\"},{\"@type\":\"Organization\",\"@id\":\"https:\/\/librairie7l.com\/en\/#organization\",\"name\":\"Librairie 7L\",\"url\":\"https:\/\/librairie7l.com\/en\/\",\"logo\":{\"@type\":\"ImageObject\",\"inLanguage\":\"en-US\",\"@id\":\"https:\/\/librairie7l.com\/en\/#\/schema\/logo\/image\/\",\"url\":\"https:\/\/librairie7l.com\/wp-content\/uploads\/2022\/08\/logo-1.png\",\"contentUrl\":\"https:\/\/librairie7l.com\/wp-content\/uploads\/2022\/08\/logo-1.png\",\"width\":227,\"height\":301,\"caption\":\"Librairie 7L\"},\"image\":{\"@id\":\"https:\/\/librairie7l.com\/en\/#\/schema\/logo\/image\/\"}}]}<\/script>\n<!-- \/ Yoast SEO plugin. -->","yoast_head_json":{"title":"Les Caprices - Librairie 7L","robots":{"index":"index","follow":"follow","max-snippet":"max-snippet:-1","max-image-preview":"max-image-preview:large","max-video-preview":"max-video-preview:-1"},"canonical":"https:\/\/librairie7l.com\/en\/produit\/les-caprices-2\/","og_locale":"en_US","og_type":"article","og_title":"Les Caprices - Librairie 7L","og_description":"Voici quatre-vingts planches, de dimensions moyennes, feuilles volantes, destin\u00e9es \u00e0 circuler commod\u00e9ment, des esp\u00e8ces de placards de satire et de fantaisie. Elles ont \u00e9t\u00e9 ex\u00e9cut\u00e9es de 1793 \u00e0 1797, \u00e0 une \u00e9poque o\u00f9 l&#8217;Europe se d\u00e9bat dans les convulsions de la fin d&#8217;un monde. Leur titre, Les Caprices, pourrait faire croire qu&#8217;il n&#8217;y ait l\u00e0 [&hellip;]","og_url":"https:\/\/librairie7l.com\/en\/produit\/les-caprices-2\/","og_site_name":"Librairie 7L","article_modified_time":"2026-04-07T14:02:39+00:00","og_image":[{"width":600,"height":865,"url":"https:\/\/librairie7l.com\/wp-content\/uploads\/2024\/09\/9788419524515_1_75.jpg","type":"image\/jpeg"}],"twitter_card":"summary_large_image","schema":{"@context":"https:\/\/schema.org","@graph":[{"@type":"WebPage","@id":"https:\/\/librairie7l.com\/en\/produit\/les-caprices-2\/","url":"https:\/\/librairie7l.com\/en\/produit\/les-caprices-2\/","name":"Les Caprices - Librairie 7L","isPartOf":{"@id":"https:\/\/librairie7l.com\/en\/#website"},"datePublished":"2025-06-09T07:23:06+00:00","dateModified":"2026-04-07T14:02:39+00:00","breadcrumb":{"@id":"https:\/\/librairie7l.com\/en\/produit\/les-caprices-2\/#breadcrumb"},"inLanguage":"en-US","potentialAction":[{"@type":"ReadAction","target":["https:\/\/librairie7l.com\/en\/produit\/les-caprices-2\/"]}]},{"@type":"BreadcrumbList","@id":"https:\/\/librairie7l.com\/en\/produit\/les-caprices-2\/#breadcrumb","itemListElement":[{"@type":"ListItem","position":1,"name":"Accueil","item":"https:\/\/librairie7l.com\/en\/"},{"@type":"ListItem","position":2,"name":"Shop","item":"https:\/\/librairie7l.com\/en\/shop\/"},{"@type":"ListItem","position":3,"name":"LES CAPRICES"}]},{"@type":"WebSite","@id":"https:\/\/librairie7l.com\/en\/#website","url":"https:\/\/librairie7l.com\/en\/","name":"Librairie 7L","description":"Librairie fond\u00e9e en 1999 par Karl Lagerfeld \u00e0 Paris","publisher":{"@id":"https:\/\/librairie7l.com\/en\/#organization"},"potentialAction":[{"@type":"SearchAction","target":{"@type":"EntryPoint","urlTemplate":"https:\/\/librairie7l.com\/en\/?s={search_term_string}"},"query-input":"required name=search_term_string"}],"inLanguage":"en-US"},{"@type":"Organization","@id":"https:\/\/librairie7l.com\/en\/#organization","name":"Librairie 7L","url":"https:\/\/librairie7l.com\/en\/","logo":{"@type":"ImageObject","inLanguage":"en-US","@id":"https:\/\/librairie7l.com\/en\/#\/schema\/logo\/image\/","url":"https:\/\/librairie7l.com\/wp-content\/uploads\/2022\/08\/logo-1.png","contentUrl":"https:\/\/librairie7l.com\/wp-content\/uploads\/2022\/08\/logo-1.png","width":227,"height":301,"caption":"Librairie 7L"},"image":{"@id":"https:\/\/librairie7l.com\/en\/#\/schema\/logo\/image\/"}}]}},"_links":{"self":[{"href":"https:\/\/librairie7l.com\/en\/wp-json\/wp\/v2\/product\/48586"}],"collection":[{"href":"https:\/\/librairie7l.com\/en\/wp-json\/wp\/v2\/product"}],"about":[{"href":"https:\/\/librairie7l.com\/en\/wp-json\/wp\/v2\/types\/product"}],"wp:featuredmedia":[{"embeddable":true,"href":"https:\/\/librairie7l.com\/en\/wp-json\/wp\/v2\/media\/48584"}],"wp:attachment":[{"href":"https:\/\/librairie7l.com\/en\/wp-json\/wp\/v2\/media?parent=48586"}],"wp:term":[{"taxonomy":"product_cat","embeddable":true,"href":"https:\/\/librairie7l.com\/en\/wp-json\/wp\/v2\/product_cat?post=48586"},{"taxonomy":"product_tag","embeddable":true,"href":"https:\/\/librairie7l.com\/en\/wp-json\/wp\/v2\/product_tag?post=48586"}],"curies":[{"name":"wp","href":"https:\/\/api.w.org\/{rel}","templated":true}]}}