{"id":48594,"date":"2025-06-10T02:48:15","date_gmt":"2025-06-10T00:48:15","guid":{"rendered":"https:\/\/librairie7l.com\/?post_type=product&#038;p=48594"},"modified":"2026-04-07T16:03:55","modified_gmt":"2026-04-07T14:03:55","slug":"cent-ans-de-solitude-2","status":"publish","type":"product","link":"https:\/\/librairie7l.com\/en\/produit\/cent-ans-de-solitude-2\/","title":{"rendered":"CENT ANS DE SOLITUDE"},"content":{"rendered":"<p>\u00ab Aux lign\u00e9es condamn\u00e9es \u00e0 cent ans de solitude, il n&#8217;\u00e9tait pas donn\u00e9 sur terre de seconde chance \u00bb.<\/p>\n<p>\u00c0 Macondo, petit village isol\u00e9 d&#8217;Am\u00e9rique du Sud, l&#8217;illustre famille Buendia est condamn\u00e9e \u00e0 cent ans de solitude par la proph\u00e9tie du gitan Melquiades&#8230; Dans un tourbillon de r\u00e9volutions, de guerres civiles, de fl\u00e9aux et de destructions, elle vit une \u00e9pop\u00e9e mythique, \u00e0 la saveur inoubliable, qui traverse les trois \u00e2ges de la vie : naissance, vie et d\u00e9cadence&#8230; Ce roman \u00e9poustouflant est un chef-d&#8217;oeuvre du XXe si\u00e8cle.<\/p>\n<p>N\u00e9 en 1928 en Colombie, Gabriel Garc\u00eda Marquez a obtenu le prix Nobel de litt\u00e9rature en 1982.<\/p>\n","protected":false},"excerpt":{"rendered":"<p>\u00ab Aux lign\u00e9es condamn\u00e9es \u00e0 cent ans de solitude, il n&#8217;\u00e9tait pas donn\u00e9 sur terre de seconde chance \u00bb. \u00c0 Macondo, petit village isol\u00e9 d&#8217;Am\u00e9rique du Sud, l&#8217;illustre famille Buendia est condamn\u00e9e \u00e0 cent ans de solitude par la proph\u00e9tie du gitan Melquiades&#8230; Dans un tourbillon de r\u00e9volutions, de guerres civiles, de fl\u00e9aux et de [&hellip;]<\/p>\n","protected":false},"featured_media":48592,"template":"","meta":[],"product_cat":[7364,2948],"product_tag":[],"acf":[],"yoast_head":"<!-- This site is optimized with the Yoast SEO plugin v20.11 - https:\/\/yoast.com\/wordpress\/plugins\/seo\/ -->\n<title>Cent ans de solitude - Librairie 7L<\/title>\n<meta name=\"robots\" content=\"index, follow, max-snippet:-1, max-image-preview:large, max-video-preview:-1\" \/>\n<link rel=\"canonical\" href=\"https:\/\/librairie7l.com\/en\/produit\/cent-ans-de-solitude-2\/\" \/>\n<meta property=\"og:locale\" content=\"en_US\" \/>\n<meta property=\"og:type\" content=\"article\" \/>\n<meta property=\"og:title\" content=\"Cent ans de solitude - Librairie 7L\" \/>\n<meta property=\"og:description\" content=\"\u00ab Aux lign\u00e9es condamn\u00e9es \u00e0 cent ans de solitude, il n&#8217;\u00e9tait pas donn\u00e9 sur terre de seconde chance \u00bb. \u00c0 Macondo, petit village isol\u00e9 d&#8217;Am\u00e9rique du Sud, l&#8217;illustre famille Buendia est condamn\u00e9e \u00e0 cent ans de solitude par la proph\u00e9tie du gitan Melquiades&#8230; Dans un tourbillon de r\u00e9volutions, de guerres civiles, de fl\u00e9aux et de [&hellip;]\" \/>\n<meta property=\"og:url\" content=\"https:\/\/librairie7l.com\/en\/produit\/cent-ans-de-solitude-2\/\" \/>\n<meta property=\"og:site_name\" content=\"Librairie 7L\" \/>\n<meta property=\"article:modified_time\" content=\"2026-04-07T14:03:55+00:00\" \/>\n<meta property=\"og:image\" content=\"https:\/\/librairie7l.com\/wp-content\/uploads\/2021\/12\/9782757893272_1_75.jpg\" \/>\n\t<meta property=\"og:image:width\" content=\"600\" \/>\n\t<meta property=\"og:image:height\" content=\"988\" \/>\n\t<meta property=\"og:image:type\" content=\"image\/jpeg\" \/>\n<meta name=\"twitter:card\" content=\"summary_large_image\" \/>\n<meta name=\"twitter:label1\" content=\"Est. reading time\" \/>\n\t<meta name=\"twitter:data1\" content=\"1 minute\" \/>\n<script type=\"application\/ld+json\" class=\"yoast-schema-graph\">{\"@context\":\"https:\/\/schema.org\",\"@graph\":[{\"@type\":\"WebPage\",\"@id\":\"https:\/\/librairie7l.com\/en\/produit\/cent-ans-de-solitude-2\/\",\"url\":\"https:\/\/librairie7l.com\/en\/produit\/cent-ans-de-solitude-2\/\",\"name\":\"Cent ans de solitude - Librairie 7L\",\"isPartOf\":{\"@id\":\"https:\/\/librairie7l.com\/en\/#website\"},\"datePublished\":\"2025-06-10T00:48:15+00:00\",\"dateModified\":\"2026-04-07T14:03:55+00:00\",\"breadcrumb\":{\"@id\":\"https:\/\/librairie7l.com\/en\/produit\/cent-ans-de-solitude-2\/#breadcrumb\"},\"inLanguage\":\"en-US\",\"potentialAction\":[{\"@type\":\"ReadAction\",\"target\":[\"https:\/\/librairie7l.com\/en\/produit\/cent-ans-de-solitude-2\/\"]}]},{\"@type\":\"BreadcrumbList\",\"@id\":\"https:\/\/librairie7l.com\/en\/produit\/cent-ans-de-solitude-2\/#breadcrumb\",\"itemListElement\":[{\"@type\":\"ListItem\",\"position\":1,\"name\":\"Accueil\",\"item\":\"https:\/\/librairie7l.com\/en\/\"},{\"@type\":\"ListItem\",\"position\":2,\"name\":\"Shop\",\"item\":\"https:\/\/librairie7l.com\/en\/shop\/\"},{\"@type\":\"ListItem\",\"position\":3,\"name\":\"CENT ANS DE SOLITUDE\"}]},{\"@type\":\"WebSite\",\"@id\":\"https:\/\/librairie7l.com\/en\/#website\",\"url\":\"https:\/\/librairie7l.com\/en\/\",\"name\":\"Librairie 7L\",\"description\":\"Librairie fond\u00e9e en 1999 par Karl Lagerfeld \u00e0 Paris\",\"publisher\":{\"@id\":\"https:\/\/librairie7l.com\/en\/#organization\"},\"potentialAction\":[{\"@type\":\"SearchAction\",\"target\":{\"@type\":\"EntryPoint\",\"urlTemplate\":\"https:\/\/librairie7l.com\/en\/?s={search_term_string}\"},\"query-input\":\"required name=search_term_string\"}],\"inLanguage\":\"en-US\"},{\"@type\":\"Organization\",\"@id\":\"https:\/\/librairie7l.com\/en\/#organization\",\"name\":\"Librairie 7L\",\"url\":\"https:\/\/librairie7l.com\/en\/\",\"logo\":{\"@type\":\"ImageObject\",\"inLanguage\":\"en-US\",\"@id\":\"https:\/\/librairie7l.com\/en\/#\/schema\/logo\/image\/\",\"url\":\"https:\/\/librairie7l.com\/wp-content\/uploads\/2022\/08\/logo-1.png\",\"contentUrl\":\"https:\/\/librairie7l.com\/wp-content\/uploads\/2022\/08\/logo-1.png\",\"width\":227,\"height\":301,\"caption\":\"Librairie 7L\"},\"image\":{\"@id\":\"https:\/\/librairie7l.com\/en\/#\/schema\/logo\/image\/\"}}]}<\/script>\n<!-- \/ Yoast SEO plugin. -->","yoast_head_json":{"title":"Cent ans de solitude - Librairie 7L","robots":{"index":"index","follow":"follow","max-snippet":"max-snippet:-1","max-image-preview":"max-image-preview:large","max-video-preview":"max-video-preview:-1"},"canonical":"https:\/\/librairie7l.com\/en\/produit\/cent-ans-de-solitude-2\/","og_locale":"en_US","og_type":"article","og_title":"Cent ans de solitude - Librairie 7L","og_description":"\u00ab Aux lign\u00e9es condamn\u00e9es \u00e0 cent ans de solitude, il n&#8217;\u00e9tait pas donn\u00e9 sur terre de seconde chance \u00bb. \u00c0 Macondo, petit village isol\u00e9 d&#8217;Am\u00e9rique du Sud, l&#8217;illustre famille Buendia est condamn\u00e9e \u00e0 cent ans de solitude par la proph\u00e9tie du gitan Melquiades&#8230; Dans un tourbillon de r\u00e9volutions, de guerres civiles, de fl\u00e9aux et de [&hellip;]","og_url":"https:\/\/librairie7l.com\/en\/produit\/cent-ans-de-solitude-2\/","og_site_name":"Librairie 7L","article_modified_time":"2026-04-07T14:03:55+00:00","og_image":[{"width":600,"height":988,"url":"https:\/\/librairie7l.com\/wp-content\/uploads\/2021\/12\/9782757893272_1_75.jpg","type":"image\/jpeg"}],"twitter_card":"summary_large_image","twitter_misc":{"Est. reading time":"1 minute"},"schema":{"@context":"https:\/\/schema.org","@graph":[{"@type":"WebPage","@id":"https:\/\/librairie7l.com\/en\/produit\/cent-ans-de-solitude-2\/","url":"https:\/\/librairie7l.com\/en\/produit\/cent-ans-de-solitude-2\/","name":"Cent ans de solitude - Librairie 7L","isPartOf":{"@id":"https:\/\/librairie7l.com\/en\/#website"},"datePublished":"2025-06-10T00:48:15+00:00","dateModified":"2026-04-07T14:03:55+00:00","breadcrumb":{"@id":"https:\/\/librairie7l.com\/en\/produit\/cent-ans-de-solitude-2\/#breadcrumb"},"inLanguage":"en-US","potentialAction":[{"@type":"ReadAction","target":["https:\/\/librairie7l.com\/en\/produit\/cent-ans-de-solitude-2\/"]}]},{"@type":"BreadcrumbList","@id":"https:\/\/librairie7l.com\/en\/produit\/cent-ans-de-solitude-2\/#breadcrumb","itemListElement":[{"@type":"ListItem","position":1,"name":"Accueil","item":"https:\/\/librairie7l.com\/en\/"},{"@type":"ListItem","position":2,"name":"Shop","item":"https:\/\/librairie7l.com\/en\/shop\/"},{"@type":"ListItem","position":3,"name":"CENT ANS DE SOLITUDE"}]},{"@type":"WebSite","@id":"https:\/\/librairie7l.com\/en\/#website","url":"https:\/\/librairie7l.com\/en\/","name":"Librairie 7L","description":"Librairie fond\u00e9e en 1999 par Karl Lagerfeld \u00e0 Paris","publisher":{"@id":"https:\/\/librairie7l.com\/en\/#organization"},"potentialAction":[{"@type":"SearchAction","target":{"@type":"EntryPoint","urlTemplate":"https:\/\/librairie7l.com\/en\/?s={search_term_string}"},"query-input":"required name=search_term_string"}],"inLanguage":"en-US"},{"@type":"Organization","@id":"https:\/\/librairie7l.com\/en\/#organization","name":"Librairie 7L","url":"https:\/\/librairie7l.com\/en\/","logo":{"@type":"ImageObject","inLanguage":"en-US","@id":"https:\/\/librairie7l.com\/en\/#\/schema\/logo\/image\/","url":"https:\/\/librairie7l.com\/wp-content\/uploads\/2022\/08\/logo-1.png","contentUrl":"https:\/\/librairie7l.com\/wp-content\/uploads\/2022\/08\/logo-1.png","width":227,"height":301,"caption":"Librairie 7L"},"image":{"@id":"https:\/\/librairie7l.com\/en\/#\/schema\/logo\/image\/"}}]}},"_links":{"self":[{"href":"https:\/\/librairie7l.com\/en\/wp-json\/wp\/v2\/product\/48594"}],"collection":[{"href":"https:\/\/librairie7l.com\/en\/wp-json\/wp\/v2\/product"}],"about":[{"href":"https:\/\/librairie7l.com\/en\/wp-json\/wp\/v2\/types\/product"}],"wp:featuredmedia":[{"embeddable":true,"href":"https:\/\/librairie7l.com\/en\/wp-json\/wp\/v2\/media\/48592"}],"wp:attachment":[{"href":"https:\/\/librairie7l.com\/en\/wp-json\/wp\/v2\/media?parent=48594"}],"wp:term":[{"taxonomy":"product_cat","embeddable":true,"href":"https:\/\/librairie7l.com\/en\/wp-json\/wp\/v2\/product_cat?post=48594"},{"taxonomy":"product_tag","embeddable":true,"href":"https:\/\/librairie7l.com\/en\/wp-json\/wp\/v2\/product_tag?post=48594"}],"curies":[{"name":"wp","href":"https:\/\/api.w.org\/{rel}","templated":true}]}}