{"id":48598,"date":"2025-06-10T02:54:15","date_gmt":"2025-06-10T00:54:15","guid":{"rendered":"https:\/\/librairie7l.com\/?post_type=product&#038;p=48598"},"modified":"2026-04-07T14:32:24","modified_gmt":"2026-04-07T12:32:24","slug":"tours-et-detours-de-la-vilaine-fille-2","status":"publish","type":"product","link":"https:\/\/librairie7l.com\/en\/produit\/tours-et-detours-de-la-vilaine-fille-2\/","title":{"rendered":"TOURS ET D\u00c9TOURS DE LA VILAINE FILLE"},"content":{"rendered":"<p>Que de tours et de malices chez cette \u00abvilaine fille\u00bb, toujours et tant aim\u00e9e par son ami Ricardo, le \u00abbon gar\u00e7on\u00bb. Ils se rencontrent pour la premi\u00e8re fois au d\u00e9but des ann\u00e9es cinquante, en pleine adolescence, dans l&#8217;un des quartiers les plus hupp\u00e9s de Lima, Miraflores. Joyeux, inconscients, ils font partie d&#8217;une jeunesse dor\u00e9e qui se passionne pour les rythmes du mambo et ne conna\u00eet d&#8217;autre souci que les chagrins d&#8217;amour. Rien ne laissait alors deviner que celle qu&#8217;on appelait \u00e0 Miraflores \u00abla petite Chilienne\u00bb allait devenir, quelques ann\u00e9es plus tard, une farouche gu\u00e9rillera dans la Cuba de Castro, puis l&#8217;\u00e9pouse d&#8217;un diplomate dans le Paris des existentialistes, ou encore une richissime aristocrate dans le swinging London. D&#8217;une \u00e9poque, d&#8217;un pays \u00e0 l&#8217;autre, Ricardo la suit et la poursuit, comme le plus obscur objet de son d\u00e9sir. Et chaque fois, il ne la retrouve que pour la perdre. Et, bien entendu, ne la perd que pour mieux la rechercher. Il n&#8217;est jamais facile d&#8217;\u00e9crire l&#8217;histoire d&#8217;une obsession. Mais la difficult\u00e9 est encore plus grande quand il s&#8217;agit d&#8217;une obsession amoureuse et quand l&#8217;histoire que l&#8217;on raconte est celle d&#8217;une passion. Mario Vargas Llosa avait d\u00e9j\u00e0 affront\u00e9 ce d\u00e9fi par le pass\u00e9 dans La tante Julia et le scribouillard (1980), l&#8217;un de ses romans les plus populaires. Et voici qu&#8217;il le rel\u00e8ve encore vingt-cinq ans plus tard et nous offre ce cadeau inattendu : une superbe tragi-com\u00e9die o\u00f9 \u00e9ros et thanatos finissent par dessiner une autre Carte de Tendre entre Lima, Paris, Londres et Madrid. Car Tours et d\u00e9tours de la vilaine fille est bien cela : la g\u00e9ographie moderne d&#8217;un amour fou.<\/p>\n","protected":false},"excerpt":{"rendered":"<p>Que de tours et de malices chez cette \u00abvilaine fille\u00bb, toujours et tant aim\u00e9e par son ami Ricardo, le \u00abbon gar\u00e7on\u00bb. Ils se rencontrent pour la premi\u00e8re fois au d\u00e9but des ann\u00e9es cinquante, en pleine adolescence, dans l&#8217;un des quartiers les plus hupp\u00e9s de Lima, Miraflores. Joyeux, inconscients, ils font partie d&#8217;une jeunesse dor\u00e9e qui [&hellip;]<\/p>\n","protected":false},"featured_media":48596,"template":"","meta":[],"product_cat":[7364,2948],"product_tag":[],"acf":[],"yoast_head":"<!-- This site is optimized with the Yoast SEO plugin v20.11 - https:\/\/yoast.com\/wordpress\/plugins\/seo\/ -->\n<title>Tours et d\u00e9tours de la vilaine fille - Librairie 7L<\/title>\n<meta name=\"robots\" content=\"index, follow, max-snippet:-1, max-image-preview:large, max-video-preview:-1\" \/>\n<link rel=\"canonical\" href=\"https:\/\/librairie7l.com\/en\/produit\/tours-et-detours-de-la-vilaine-fille-2\/\" \/>\n<meta property=\"og:locale\" content=\"en_US\" \/>\n<meta property=\"og:type\" content=\"article\" \/>\n<meta property=\"og:title\" content=\"Tours et d\u00e9tours de la vilaine fille - Librairie 7L\" \/>\n<meta property=\"og:description\" content=\"Que de tours et de malices chez cette \u00abvilaine fille\u00bb, toujours et tant aim\u00e9e par son ami Ricardo, le \u00abbon gar\u00e7on\u00bb. Ils se rencontrent pour la premi\u00e8re fois au d\u00e9but des ann\u00e9es cinquante, en pleine adolescence, dans l&#8217;un des quartiers les plus hupp\u00e9s de Lima, Miraflores. Joyeux, inconscients, ils font partie d&#8217;une jeunesse dor\u00e9e qui [&hellip;]\" \/>\n<meta property=\"og:url\" content=\"https:\/\/librairie7l.com\/en\/produit\/tours-et-detours-de-la-vilaine-fille-2\/\" \/>\n<meta property=\"og:site_name\" content=\"Librairie 7L\" \/>\n<meta property=\"article:modified_time\" content=\"2026-04-07T12:32:24+00:00\" \/>\n<meta property=\"og:image\" content=\"https:\/\/librairie7l.com\/wp-content\/uploads\/2007\/08\/9782070351404_1_75.jpg\" \/>\n\t<meta property=\"og:image:width\" content=\"600\" \/>\n\t<meta property=\"og:image:height\" content=\"988\" \/>\n\t<meta property=\"og:image:type\" content=\"image\/jpeg\" \/>\n<meta name=\"twitter:card\" content=\"summary_large_image\" \/>\n<meta name=\"twitter:label1\" content=\"Est. reading time\" \/>\n\t<meta name=\"twitter:data1\" content=\"1 minute\" \/>\n<script type=\"application\/ld+json\" class=\"yoast-schema-graph\">{\"@context\":\"https:\/\/schema.org\",\"@graph\":[{\"@type\":\"WebPage\",\"@id\":\"https:\/\/librairie7l.com\/en\/produit\/tours-et-detours-de-la-vilaine-fille-2\/\",\"url\":\"https:\/\/librairie7l.com\/en\/produit\/tours-et-detours-de-la-vilaine-fille-2\/\",\"name\":\"Tours et d\u00e9tours de la vilaine fille - Librairie 7L\",\"isPartOf\":{\"@id\":\"https:\/\/librairie7l.com\/en\/#website\"},\"datePublished\":\"2025-06-10T00:54:15+00:00\",\"dateModified\":\"2026-04-07T12:32:24+00:00\",\"breadcrumb\":{\"@id\":\"https:\/\/librairie7l.com\/en\/produit\/tours-et-detours-de-la-vilaine-fille-2\/#breadcrumb\"},\"inLanguage\":\"en-US\",\"potentialAction\":[{\"@type\":\"ReadAction\",\"target\":[\"https:\/\/librairie7l.com\/en\/produit\/tours-et-detours-de-la-vilaine-fille-2\/\"]}]},{\"@type\":\"BreadcrumbList\",\"@id\":\"https:\/\/librairie7l.com\/en\/produit\/tours-et-detours-de-la-vilaine-fille-2\/#breadcrumb\",\"itemListElement\":[{\"@type\":\"ListItem\",\"position\":1,\"name\":\"Accueil\",\"item\":\"https:\/\/librairie7l.com\/en\/\"},{\"@type\":\"ListItem\",\"position\":2,\"name\":\"Shop\",\"item\":\"https:\/\/librairie7l.com\/en\/shop\/\"},{\"@type\":\"ListItem\",\"position\":3,\"name\":\"TOURS ET D\u00c9TOURS DE LA VILAINE FILLE\"}]},{\"@type\":\"WebSite\",\"@id\":\"https:\/\/librairie7l.com\/en\/#website\",\"url\":\"https:\/\/librairie7l.com\/en\/\",\"name\":\"Librairie 7L\",\"description\":\"Librairie fond\u00e9e en 1999 par Karl Lagerfeld \u00e0 Paris\",\"publisher\":{\"@id\":\"https:\/\/librairie7l.com\/en\/#organization\"},\"potentialAction\":[{\"@type\":\"SearchAction\",\"target\":{\"@type\":\"EntryPoint\",\"urlTemplate\":\"https:\/\/librairie7l.com\/en\/?s={search_term_string}\"},\"query-input\":\"required name=search_term_string\"}],\"inLanguage\":\"en-US\"},{\"@type\":\"Organization\",\"@id\":\"https:\/\/librairie7l.com\/en\/#organization\",\"name\":\"Librairie 7L\",\"url\":\"https:\/\/librairie7l.com\/en\/\",\"logo\":{\"@type\":\"ImageObject\",\"inLanguage\":\"en-US\",\"@id\":\"https:\/\/librairie7l.com\/en\/#\/schema\/logo\/image\/\",\"url\":\"https:\/\/librairie7l.com\/wp-content\/uploads\/2022\/08\/logo-1.png\",\"contentUrl\":\"https:\/\/librairie7l.com\/wp-content\/uploads\/2022\/08\/logo-1.png\",\"width\":227,\"height\":301,\"caption\":\"Librairie 7L\"},\"image\":{\"@id\":\"https:\/\/librairie7l.com\/en\/#\/schema\/logo\/image\/\"}}]}<\/script>\n<!-- \/ Yoast SEO plugin. -->","yoast_head_json":{"title":"Tours et d\u00e9tours de la vilaine fille - Librairie 7L","robots":{"index":"index","follow":"follow","max-snippet":"max-snippet:-1","max-image-preview":"max-image-preview:large","max-video-preview":"max-video-preview:-1"},"canonical":"https:\/\/librairie7l.com\/en\/produit\/tours-et-detours-de-la-vilaine-fille-2\/","og_locale":"en_US","og_type":"article","og_title":"Tours et d\u00e9tours de la vilaine fille - Librairie 7L","og_description":"Que de tours et de malices chez cette \u00abvilaine fille\u00bb, toujours et tant aim\u00e9e par son ami Ricardo, le \u00abbon gar\u00e7on\u00bb. Ils se rencontrent pour la premi\u00e8re fois au d\u00e9but des ann\u00e9es cinquante, en pleine adolescence, dans l&#8217;un des quartiers les plus hupp\u00e9s de Lima, Miraflores. Joyeux, inconscients, ils font partie d&#8217;une jeunesse dor\u00e9e qui [&hellip;]","og_url":"https:\/\/librairie7l.com\/en\/produit\/tours-et-detours-de-la-vilaine-fille-2\/","og_site_name":"Librairie 7L","article_modified_time":"2026-04-07T12:32:24+00:00","og_image":[{"width":600,"height":988,"url":"https:\/\/librairie7l.com\/wp-content\/uploads\/2007\/08\/9782070351404_1_75.jpg","type":"image\/jpeg"}],"twitter_card":"summary_large_image","twitter_misc":{"Est. reading time":"1 minute"},"schema":{"@context":"https:\/\/schema.org","@graph":[{"@type":"WebPage","@id":"https:\/\/librairie7l.com\/en\/produit\/tours-et-detours-de-la-vilaine-fille-2\/","url":"https:\/\/librairie7l.com\/en\/produit\/tours-et-detours-de-la-vilaine-fille-2\/","name":"Tours et d\u00e9tours de la vilaine fille - Librairie 7L","isPartOf":{"@id":"https:\/\/librairie7l.com\/en\/#website"},"datePublished":"2025-06-10T00:54:15+00:00","dateModified":"2026-04-07T12:32:24+00:00","breadcrumb":{"@id":"https:\/\/librairie7l.com\/en\/produit\/tours-et-detours-de-la-vilaine-fille-2\/#breadcrumb"},"inLanguage":"en-US","potentialAction":[{"@type":"ReadAction","target":["https:\/\/librairie7l.com\/en\/produit\/tours-et-detours-de-la-vilaine-fille-2\/"]}]},{"@type":"BreadcrumbList","@id":"https:\/\/librairie7l.com\/en\/produit\/tours-et-detours-de-la-vilaine-fille-2\/#breadcrumb","itemListElement":[{"@type":"ListItem","position":1,"name":"Accueil","item":"https:\/\/librairie7l.com\/en\/"},{"@type":"ListItem","position":2,"name":"Shop","item":"https:\/\/librairie7l.com\/en\/shop\/"},{"@type":"ListItem","position":3,"name":"TOURS ET D\u00c9TOURS DE LA VILAINE FILLE"}]},{"@type":"WebSite","@id":"https:\/\/librairie7l.com\/en\/#website","url":"https:\/\/librairie7l.com\/en\/","name":"Librairie 7L","description":"Librairie fond\u00e9e en 1999 par Karl Lagerfeld \u00e0 Paris","publisher":{"@id":"https:\/\/librairie7l.com\/en\/#organization"},"potentialAction":[{"@type":"SearchAction","target":{"@type":"EntryPoint","urlTemplate":"https:\/\/librairie7l.com\/en\/?s={search_term_string}"},"query-input":"required name=search_term_string"}],"inLanguage":"en-US"},{"@type":"Organization","@id":"https:\/\/librairie7l.com\/en\/#organization","name":"Librairie 7L","url":"https:\/\/librairie7l.com\/en\/","logo":{"@type":"ImageObject","inLanguage":"en-US","@id":"https:\/\/librairie7l.com\/en\/#\/schema\/logo\/image\/","url":"https:\/\/librairie7l.com\/wp-content\/uploads\/2022\/08\/logo-1.png","contentUrl":"https:\/\/librairie7l.com\/wp-content\/uploads\/2022\/08\/logo-1.png","width":227,"height":301,"caption":"Librairie 7L"},"image":{"@id":"https:\/\/librairie7l.com\/en\/#\/schema\/logo\/image\/"}}]}},"_links":{"self":[{"href":"https:\/\/librairie7l.com\/en\/wp-json\/wp\/v2\/product\/48598"}],"collection":[{"href":"https:\/\/librairie7l.com\/en\/wp-json\/wp\/v2\/product"}],"about":[{"href":"https:\/\/librairie7l.com\/en\/wp-json\/wp\/v2\/types\/product"}],"wp:featuredmedia":[{"embeddable":true,"href":"https:\/\/librairie7l.com\/en\/wp-json\/wp\/v2\/media\/48596"}],"wp:attachment":[{"href":"https:\/\/librairie7l.com\/en\/wp-json\/wp\/v2\/media?parent=48598"}],"wp:term":[{"taxonomy":"product_cat","embeddable":true,"href":"https:\/\/librairie7l.com\/en\/wp-json\/wp\/v2\/product_cat?post=48598"},{"taxonomy":"product_tag","embeddable":true,"href":"https:\/\/librairie7l.com\/en\/wp-json\/wp\/v2\/product_tag?post=48598"}],"curies":[{"name":"wp","href":"https:\/\/api.w.org\/{rel}","templated":true}]}}