{"id":48621,"date":"2025-06-11T09:17:44","date_gmt":"2025-06-11T07:17:44","guid":{"rendered":"https:\/\/librairie7l.com\/?post_type=product&#038;p=48621"},"modified":"2026-04-07T00:34:38","modified_gmt":"2026-04-06T22:34:38","slug":"le-grand-palais-reinvente-2","status":"publish","type":"product","link":"https:\/\/librairie7l.com\/en\/produit\/le-grand-palais-reinvente-2\/","title":{"rendered":"LE GRAND PALAIS R\u00c9INVENT\u00c9"},"content":{"rendered":"<p>A l&#8217;occasion de la r\u00e9ouverture compl\u00e8te du Grand Palais, les auteurs invitent \u00e0 d\u00e9couvrir les enjeux de cette r\u00e9novation \u00e0 travers une riche iconographie et des t\u00e9moignages des acteurs de ce chantier pharaonique. Ils pr\u00e9sentent les coulisses de cette architecture et de sa restauration et rendent hommage aux savoir-faire d&#8217;exception qui ont \u00e9t\u00e9 mobilis\u00e9s.<\/p>\n","protected":false},"excerpt":{"rendered":"<p>A l&#8217;occasion de la r\u00e9ouverture compl\u00e8te du Grand Palais, les auteurs invitent \u00e0 d\u00e9couvrir les enjeux de cette r\u00e9novation \u00e0 travers une riche iconographie et des t\u00e9moignages des acteurs de ce chantier pharaonique. Ils pr\u00e9sentent les coulisses de cette architecture et de sa restauration et rendent hommage aux savoir-faire d&#8217;exception qui ont \u00e9t\u00e9 mobilis\u00e9s.<\/p>\n","protected":false},"featured_media":48619,"template":"","meta":[],"product_cat":[2948,2950],"product_tag":[],"acf":[],"yoast_head":"<!-- This site is optimized with the Yoast SEO plugin v20.11 - https:\/\/yoast.com\/wordpress\/plugins\/seo\/ -->\n<title>Le Grand Palais r\u00e9invent\u00e9 - Librairie 7L<\/title>\n<meta name=\"robots\" content=\"index, follow, max-snippet:-1, max-image-preview:large, max-video-preview:-1\" \/>\n<link rel=\"canonical\" href=\"https:\/\/librairie7l.com\/en\/produit\/le-grand-palais-reinvente-2\/\" \/>\n<meta property=\"og:locale\" content=\"en_US\" \/>\n<meta property=\"og:type\" content=\"article\" \/>\n<meta property=\"og:title\" content=\"Le Grand Palais r\u00e9invent\u00e9 - Librairie 7L\" \/>\n<meta property=\"og:description\" content=\"A l&#8217;occasion de la r\u00e9ouverture compl\u00e8te du Grand Palais, les auteurs invitent \u00e0 d\u00e9couvrir les enjeux de cette r\u00e9novation \u00e0 travers une riche iconographie et des t\u00e9moignages des acteurs de ce chantier pharaonique. Ils pr\u00e9sentent les coulisses de cette architecture et de sa restauration et rendent hommage aux savoir-faire d&#8217;exception qui ont \u00e9t\u00e9 mobilis\u00e9s.\" \/>\n<meta property=\"og:url\" content=\"https:\/\/librairie7l.com\/en\/produit\/le-grand-palais-reinvente-2\/\" \/>\n<meta property=\"og:site_name\" content=\"Librairie 7L\" \/>\n<meta property=\"article:modified_time\" content=\"2026-04-06T22:34:38+00:00\" \/>\n<meta property=\"og:image\" content=\"https:\/\/librairie7l.com\/wp-content\/uploads\/2025\/01\/9782711881253_1_75.jpg\" \/>\n\t<meta property=\"og:image:width\" content=\"600\" \/>\n\t<meta property=\"og:image:height\" content=\"833\" \/>\n\t<meta property=\"og:image:type\" content=\"image\/jpeg\" \/>\n<meta name=\"twitter:card\" content=\"summary_large_image\" \/>\n<script type=\"application\/ld+json\" class=\"yoast-schema-graph\">{\"@context\":\"https:\/\/schema.org\",\"@graph\":[{\"@type\":\"WebPage\",\"@id\":\"https:\/\/librairie7l.com\/en\/produit\/le-grand-palais-reinvente-2\/\",\"url\":\"https:\/\/librairie7l.com\/en\/produit\/le-grand-palais-reinvente-2\/\",\"name\":\"Le Grand Palais r\u00e9invent\u00e9 - Librairie 7L\",\"isPartOf\":{\"@id\":\"https:\/\/librairie7l.com\/en\/#website\"},\"datePublished\":\"2025-06-11T07:17:44+00:00\",\"dateModified\":\"2026-04-06T22:34:38+00:00\",\"breadcrumb\":{\"@id\":\"https:\/\/librairie7l.com\/en\/produit\/le-grand-palais-reinvente-2\/#breadcrumb\"},\"inLanguage\":\"en-US\",\"potentialAction\":[{\"@type\":\"ReadAction\",\"target\":[\"https:\/\/librairie7l.com\/en\/produit\/le-grand-palais-reinvente-2\/\"]}]},{\"@type\":\"BreadcrumbList\",\"@id\":\"https:\/\/librairie7l.com\/en\/produit\/le-grand-palais-reinvente-2\/#breadcrumb\",\"itemListElement\":[{\"@type\":\"ListItem\",\"position\":1,\"name\":\"Accueil\",\"item\":\"https:\/\/librairie7l.com\/en\/\"},{\"@type\":\"ListItem\",\"position\":2,\"name\":\"Shop\",\"item\":\"https:\/\/librairie7l.com\/en\/shop\/\"},{\"@type\":\"ListItem\",\"position\":3,\"name\":\"LE GRAND PALAIS R\u00c9INVENT\u00c9\"}]},{\"@type\":\"WebSite\",\"@id\":\"https:\/\/librairie7l.com\/en\/#website\",\"url\":\"https:\/\/librairie7l.com\/en\/\",\"name\":\"Librairie 7L\",\"description\":\"Librairie fond\u00e9e en 1999 par Karl Lagerfeld \u00e0 Paris\",\"publisher\":{\"@id\":\"https:\/\/librairie7l.com\/en\/#organization\"},\"potentialAction\":[{\"@type\":\"SearchAction\",\"target\":{\"@type\":\"EntryPoint\",\"urlTemplate\":\"https:\/\/librairie7l.com\/en\/?s={search_term_string}\"},\"query-input\":\"required name=search_term_string\"}],\"inLanguage\":\"en-US\"},{\"@type\":\"Organization\",\"@id\":\"https:\/\/librairie7l.com\/en\/#organization\",\"name\":\"Librairie 7L\",\"url\":\"https:\/\/librairie7l.com\/en\/\",\"logo\":{\"@type\":\"ImageObject\",\"inLanguage\":\"en-US\",\"@id\":\"https:\/\/librairie7l.com\/en\/#\/schema\/logo\/image\/\",\"url\":\"https:\/\/librairie7l.com\/wp-content\/uploads\/2022\/08\/logo-1.png\",\"contentUrl\":\"https:\/\/librairie7l.com\/wp-content\/uploads\/2022\/08\/logo-1.png\",\"width\":227,\"height\":301,\"caption\":\"Librairie 7L\"},\"image\":{\"@id\":\"https:\/\/librairie7l.com\/en\/#\/schema\/logo\/image\/\"}}]}<\/script>\n<!-- \/ Yoast SEO plugin. -->","yoast_head_json":{"title":"Le Grand Palais r\u00e9invent\u00e9 - Librairie 7L","robots":{"index":"index","follow":"follow","max-snippet":"max-snippet:-1","max-image-preview":"max-image-preview:large","max-video-preview":"max-video-preview:-1"},"canonical":"https:\/\/librairie7l.com\/en\/produit\/le-grand-palais-reinvente-2\/","og_locale":"en_US","og_type":"article","og_title":"Le Grand Palais r\u00e9invent\u00e9 - Librairie 7L","og_description":"A l&#8217;occasion de la r\u00e9ouverture compl\u00e8te du Grand Palais, les auteurs invitent \u00e0 d\u00e9couvrir les enjeux de cette r\u00e9novation \u00e0 travers une riche iconographie et des t\u00e9moignages des acteurs de ce chantier pharaonique. Ils pr\u00e9sentent les coulisses de cette architecture et de sa restauration et rendent hommage aux savoir-faire d&#8217;exception qui ont \u00e9t\u00e9 mobilis\u00e9s.","og_url":"https:\/\/librairie7l.com\/en\/produit\/le-grand-palais-reinvente-2\/","og_site_name":"Librairie 7L","article_modified_time":"2026-04-06T22:34:38+00:00","og_image":[{"width":600,"height":833,"url":"https:\/\/librairie7l.com\/wp-content\/uploads\/2025\/01\/9782711881253_1_75.jpg","type":"image\/jpeg"}],"twitter_card":"summary_large_image","schema":{"@context":"https:\/\/schema.org","@graph":[{"@type":"WebPage","@id":"https:\/\/librairie7l.com\/en\/produit\/le-grand-palais-reinvente-2\/","url":"https:\/\/librairie7l.com\/en\/produit\/le-grand-palais-reinvente-2\/","name":"Le Grand Palais r\u00e9invent\u00e9 - Librairie 7L","isPartOf":{"@id":"https:\/\/librairie7l.com\/en\/#website"},"datePublished":"2025-06-11T07:17:44+00:00","dateModified":"2026-04-06T22:34:38+00:00","breadcrumb":{"@id":"https:\/\/librairie7l.com\/en\/produit\/le-grand-palais-reinvente-2\/#breadcrumb"},"inLanguage":"en-US","potentialAction":[{"@type":"ReadAction","target":["https:\/\/librairie7l.com\/en\/produit\/le-grand-palais-reinvente-2\/"]}]},{"@type":"BreadcrumbList","@id":"https:\/\/librairie7l.com\/en\/produit\/le-grand-palais-reinvente-2\/#breadcrumb","itemListElement":[{"@type":"ListItem","position":1,"name":"Accueil","item":"https:\/\/librairie7l.com\/en\/"},{"@type":"ListItem","position":2,"name":"Shop","item":"https:\/\/librairie7l.com\/en\/shop\/"},{"@type":"ListItem","position":3,"name":"LE GRAND PALAIS R\u00c9INVENT\u00c9"}]},{"@type":"WebSite","@id":"https:\/\/librairie7l.com\/en\/#website","url":"https:\/\/librairie7l.com\/en\/","name":"Librairie 7L","description":"Librairie fond\u00e9e en 1999 par Karl Lagerfeld \u00e0 Paris","publisher":{"@id":"https:\/\/librairie7l.com\/en\/#organization"},"potentialAction":[{"@type":"SearchAction","target":{"@type":"EntryPoint","urlTemplate":"https:\/\/librairie7l.com\/en\/?s={search_term_string}"},"query-input":"required name=search_term_string"}],"inLanguage":"en-US"},{"@type":"Organization","@id":"https:\/\/librairie7l.com\/en\/#organization","name":"Librairie 7L","url":"https:\/\/librairie7l.com\/en\/","logo":{"@type":"ImageObject","inLanguage":"en-US","@id":"https:\/\/librairie7l.com\/en\/#\/schema\/logo\/image\/","url":"https:\/\/librairie7l.com\/wp-content\/uploads\/2022\/08\/logo-1.png","contentUrl":"https:\/\/librairie7l.com\/wp-content\/uploads\/2022\/08\/logo-1.png","width":227,"height":301,"caption":"Librairie 7L"},"image":{"@id":"https:\/\/librairie7l.com\/en\/#\/schema\/logo\/image\/"}}]}},"_links":{"self":[{"href":"https:\/\/librairie7l.com\/en\/wp-json\/wp\/v2\/product\/48621"}],"collection":[{"href":"https:\/\/librairie7l.com\/en\/wp-json\/wp\/v2\/product"}],"about":[{"href":"https:\/\/librairie7l.com\/en\/wp-json\/wp\/v2\/types\/product"}],"wp:featuredmedia":[{"embeddable":true,"href":"https:\/\/librairie7l.com\/en\/wp-json\/wp\/v2\/media\/48619"}],"wp:attachment":[{"href":"https:\/\/librairie7l.com\/en\/wp-json\/wp\/v2\/media?parent=48621"}],"wp:term":[{"taxonomy":"product_cat","embeddable":true,"href":"https:\/\/librairie7l.com\/en\/wp-json\/wp\/v2\/product_cat?post=48621"},{"taxonomy":"product_tag","embeddable":true,"href":"https:\/\/librairie7l.com\/en\/wp-json\/wp\/v2\/product_tag?post=48621"}],"curies":[{"name":"wp","href":"https:\/\/api.w.org\/{rel}","templated":true}]}}