{"id":48633,"date":"2025-06-11T09:17:53","date_gmt":"2025-06-11T07:17:53","guid":{"rendered":"https:\/\/librairie7l.com\/?post_type=product&#038;p=48633"},"modified":"2026-04-22T22:43:11","modified_gmt":"2026-04-22T20:43:11","slug":"do-you-speak-flower-2","status":"publish","type":"product","link":"https:\/\/librairie7l.com\/en\/produit\/do-you-speak-flower-2\/","title":{"rendered":"DO YOU SPEAK FLOWER?"},"content":{"rendered":"<p>Do You Speak Flower? explore un domaine \u00e0 l&#8217;intersection des fleurs et de la st\u00e9ganographie. La st\u00e9ganographie consiste \u00e0 dissimuler des informations secr\u00e8tes dans une image, un message ou un objet physique afin d&#8217;\u00e9viter toute d\u00e9tection. D&#8217;un point de vue technique, la st\u00e9ganographie a la particularit\u00e9 d&#8217;\u00eatre invisible, contrairement \u00e0 la cryptographie, qui consiste \u00e0 crypter une information pour la dissimuler et donc \u00e0 signaler l&#8217;existence d&#8217;un message \u00e0 d\u00e9crypter. Plus simplement, la cryptographie cache le sens alors que la st\u00e9ganographie cache l&#8217;existence m\u00eame d&#8217;un secret.<br \/>\n\u00c0 travers un certain nombre d&#8217;\u00e9tudes de cas au croisement du design, de l&#8217;art et de l&#8217;architecture, flirtant souvent avec la culture populaire, cet essai passe en revue l&#8217;\u00e9ventail des pratiques de dissimulation employ\u00e9es par les designers et les artistes, mais surtout par les dissidents, les r\u00e9volutionnaires et les agitateurs de toutes sortes qui veulent communiquer en secret sans attirer les soup\u00e7ons. Plus pr\u00e9cis\u00e9ment, il explore les tactiques de dissimulation insoup\u00e7onn\u00e9es qui peuvent se cacher sous le langage d\u00e9licat et romantique de la floriographie.<br \/>\nCe livre de l&#8217;autrice et commissaire Alexandra Midal est publi\u00e9 \u00e0 l&#8217;occasion de la 28e Biennale du design, BIO28 Double Agent : Do You Speak Flower?, pr\u00e9sent\u00e9e au Museum of Architecture and Design et \u00e0 Galerija ISIS, ainsi qu&#8217;\u00e0 Mala galerija Banke Slovenije, Ljubljana, en 2024-2025.<\/p>\n","protected":false},"excerpt":{"rendered":"<p>Do You Speak Flower? explore un domaine \u00e0 l&#8217;intersection des fleurs et de la st\u00e9ganographie. La st\u00e9ganographie consiste \u00e0 dissimuler des informations secr\u00e8tes dans une image, un message ou un objet physique afin d&#8217;\u00e9viter toute d\u00e9tection. D&#8217;un point de vue technique, la st\u00e9ganographie a la particularit\u00e9 d&#8217;\u00eatre invisible, contrairement \u00e0 la cryptographie, qui consiste \u00e0 [&hellip;]<\/p>\n","protected":false},"featured_media":48631,"template":"","meta":[],"product_cat":[2948,2953],"product_tag":[],"acf":[],"yoast_head":"<!-- This site is optimized with the Yoast SEO plugin v20.11 - https:\/\/yoast.com\/wordpress\/plugins\/seo\/ -->\n<title>Do You Speak Flower? - Librairie 7L<\/title>\n<meta name=\"robots\" content=\"index, follow, max-snippet:-1, max-image-preview:large, max-video-preview:-1\" \/>\n<link rel=\"canonical\" href=\"https:\/\/librairie7l.com\/en\/produit\/do-you-speak-flower-2\/\" \/>\n<meta property=\"og:locale\" content=\"en_US\" \/>\n<meta property=\"og:type\" content=\"article\" \/>\n<meta property=\"og:title\" content=\"Do You Speak Flower? - Librairie 7L\" \/>\n<meta property=\"og:description\" content=\"Do You Speak Flower? explore un domaine \u00e0 l&#8217;intersection des fleurs et de la st\u00e9ganographie. La st\u00e9ganographie consiste \u00e0 dissimuler des informations secr\u00e8tes dans une image, un message ou un objet physique afin d&#8217;\u00e9viter toute d\u00e9tection. D&#8217;un point de vue technique, la st\u00e9ganographie a la particularit\u00e9 d&#8217;\u00eatre invisible, contrairement \u00e0 la cryptographie, qui consiste \u00e0 [&hellip;]\" \/>\n<meta property=\"og:url\" content=\"https:\/\/librairie7l.com\/en\/produit\/do-you-speak-flower-2\/\" \/>\n<meta property=\"og:site_name\" content=\"Librairie 7L\" \/>\n<meta property=\"article:modified_time\" content=\"2026-04-22T20:43:11+00:00\" \/>\n<meta property=\"og:image\" content=\"https:\/\/librairie7l.com\/wp-content\/uploads\/2025\/02\/9782378965594_1_75.jpg\" \/>\n\t<meta property=\"og:image:width\" content=\"600\" \/>\n\t<meta property=\"og:image:height\" content=\"922\" \/>\n\t<meta property=\"og:image:type\" content=\"image\/jpeg\" \/>\n<meta name=\"twitter:card\" content=\"summary_large_image\" \/>\n<meta name=\"twitter:label1\" content=\"Est. reading time\" \/>\n\t<meta name=\"twitter:data1\" content=\"1 minute\" \/>\n<script type=\"application\/ld+json\" class=\"yoast-schema-graph\">{\"@context\":\"https:\/\/schema.org\",\"@graph\":[{\"@type\":\"WebPage\",\"@id\":\"https:\/\/librairie7l.com\/en\/produit\/do-you-speak-flower-2\/\",\"url\":\"https:\/\/librairie7l.com\/en\/produit\/do-you-speak-flower-2\/\",\"name\":\"Do You Speak Flower? - Librairie 7L\",\"isPartOf\":{\"@id\":\"https:\/\/librairie7l.com\/en\/#website\"},\"datePublished\":\"2025-06-11T07:17:53+00:00\",\"dateModified\":\"2026-04-22T20:43:11+00:00\",\"breadcrumb\":{\"@id\":\"https:\/\/librairie7l.com\/en\/produit\/do-you-speak-flower-2\/#breadcrumb\"},\"inLanguage\":\"en-US\",\"potentialAction\":[{\"@type\":\"ReadAction\",\"target\":[\"https:\/\/librairie7l.com\/en\/produit\/do-you-speak-flower-2\/\"]}]},{\"@type\":\"BreadcrumbList\",\"@id\":\"https:\/\/librairie7l.com\/en\/produit\/do-you-speak-flower-2\/#breadcrumb\",\"itemListElement\":[{\"@type\":\"ListItem\",\"position\":1,\"name\":\"Accueil\",\"item\":\"https:\/\/librairie7l.com\/en\/\"},{\"@type\":\"ListItem\",\"position\":2,\"name\":\"Shop\",\"item\":\"https:\/\/librairie7l.com\/en\/shop\/\"},{\"@type\":\"ListItem\",\"position\":3,\"name\":\"DO YOU SPEAK FLOWER?\"}]},{\"@type\":\"WebSite\",\"@id\":\"https:\/\/librairie7l.com\/en\/#website\",\"url\":\"https:\/\/librairie7l.com\/en\/\",\"name\":\"Librairie 7L\",\"description\":\"Librairie fond\u00e9e en 1999 par Karl Lagerfeld \u00e0 Paris\",\"publisher\":{\"@id\":\"https:\/\/librairie7l.com\/en\/#organization\"},\"potentialAction\":[{\"@type\":\"SearchAction\",\"target\":{\"@type\":\"EntryPoint\",\"urlTemplate\":\"https:\/\/librairie7l.com\/en\/?s={search_term_string}\"},\"query-input\":\"required name=search_term_string\"}],\"inLanguage\":\"en-US\"},{\"@type\":\"Organization\",\"@id\":\"https:\/\/librairie7l.com\/en\/#organization\",\"name\":\"Librairie 7L\",\"url\":\"https:\/\/librairie7l.com\/en\/\",\"logo\":{\"@type\":\"ImageObject\",\"inLanguage\":\"en-US\",\"@id\":\"https:\/\/librairie7l.com\/en\/#\/schema\/logo\/image\/\",\"url\":\"https:\/\/librairie7l.com\/wp-content\/uploads\/2022\/08\/logo-1.png\",\"contentUrl\":\"https:\/\/librairie7l.com\/wp-content\/uploads\/2022\/08\/logo-1.png\",\"width\":227,\"height\":301,\"caption\":\"Librairie 7L\"},\"image\":{\"@id\":\"https:\/\/librairie7l.com\/en\/#\/schema\/logo\/image\/\"}}]}<\/script>\n<!-- \/ Yoast SEO plugin. -->","yoast_head_json":{"title":"Do You Speak Flower? - Librairie 7L","robots":{"index":"index","follow":"follow","max-snippet":"max-snippet:-1","max-image-preview":"max-image-preview:large","max-video-preview":"max-video-preview:-1"},"canonical":"https:\/\/librairie7l.com\/en\/produit\/do-you-speak-flower-2\/","og_locale":"en_US","og_type":"article","og_title":"Do You Speak Flower? - Librairie 7L","og_description":"Do You Speak Flower? explore un domaine \u00e0 l&#8217;intersection des fleurs et de la st\u00e9ganographie. La st\u00e9ganographie consiste \u00e0 dissimuler des informations secr\u00e8tes dans une image, un message ou un objet physique afin d&#8217;\u00e9viter toute d\u00e9tection. D&#8217;un point de vue technique, la st\u00e9ganographie a la particularit\u00e9 d&#8217;\u00eatre invisible, contrairement \u00e0 la cryptographie, qui consiste \u00e0 [&hellip;]","og_url":"https:\/\/librairie7l.com\/en\/produit\/do-you-speak-flower-2\/","og_site_name":"Librairie 7L","article_modified_time":"2026-04-22T20:43:11+00:00","og_image":[{"width":600,"height":922,"url":"https:\/\/librairie7l.com\/wp-content\/uploads\/2025\/02\/9782378965594_1_75.jpg","type":"image\/jpeg"}],"twitter_card":"summary_large_image","twitter_misc":{"Est. reading time":"1 minute"},"schema":{"@context":"https:\/\/schema.org","@graph":[{"@type":"WebPage","@id":"https:\/\/librairie7l.com\/en\/produit\/do-you-speak-flower-2\/","url":"https:\/\/librairie7l.com\/en\/produit\/do-you-speak-flower-2\/","name":"Do You Speak Flower? - Librairie 7L","isPartOf":{"@id":"https:\/\/librairie7l.com\/en\/#website"},"datePublished":"2025-06-11T07:17:53+00:00","dateModified":"2026-04-22T20:43:11+00:00","breadcrumb":{"@id":"https:\/\/librairie7l.com\/en\/produit\/do-you-speak-flower-2\/#breadcrumb"},"inLanguage":"en-US","potentialAction":[{"@type":"ReadAction","target":["https:\/\/librairie7l.com\/en\/produit\/do-you-speak-flower-2\/"]}]},{"@type":"BreadcrumbList","@id":"https:\/\/librairie7l.com\/en\/produit\/do-you-speak-flower-2\/#breadcrumb","itemListElement":[{"@type":"ListItem","position":1,"name":"Accueil","item":"https:\/\/librairie7l.com\/en\/"},{"@type":"ListItem","position":2,"name":"Shop","item":"https:\/\/librairie7l.com\/en\/shop\/"},{"@type":"ListItem","position":3,"name":"DO YOU SPEAK FLOWER?"}]},{"@type":"WebSite","@id":"https:\/\/librairie7l.com\/en\/#website","url":"https:\/\/librairie7l.com\/en\/","name":"Librairie 7L","description":"Librairie fond\u00e9e en 1999 par Karl Lagerfeld \u00e0 Paris","publisher":{"@id":"https:\/\/librairie7l.com\/en\/#organization"},"potentialAction":[{"@type":"SearchAction","target":{"@type":"EntryPoint","urlTemplate":"https:\/\/librairie7l.com\/en\/?s={search_term_string}"},"query-input":"required name=search_term_string"}],"inLanguage":"en-US"},{"@type":"Organization","@id":"https:\/\/librairie7l.com\/en\/#organization","name":"Librairie 7L","url":"https:\/\/librairie7l.com\/en\/","logo":{"@type":"ImageObject","inLanguage":"en-US","@id":"https:\/\/librairie7l.com\/en\/#\/schema\/logo\/image\/","url":"https:\/\/librairie7l.com\/wp-content\/uploads\/2022\/08\/logo-1.png","contentUrl":"https:\/\/librairie7l.com\/wp-content\/uploads\/2022\/08\/logo-1.png","width":227,"height":301,"caption":"Librairie 7L"},"image":{"@id":"https:\/\/librairie7l.com\/en\/#\/schema\/logo\/image\/"}}]}},"_links":{"self":[{"href":"https:\/\/librairie7l.com\/en\/wp-json\/wp\/v2\/product\/48633"}],"collection":[{"href":"https:\/\/librairie7l.com\/en\/wp-json\/wp\/v2\/product"}],"about":[{"href":"https:\/\/librairie7l.com\/en\/wp-json\/wp\/v2\/types\/product"}],"wp:featuredmedia":[{"embeddable":true,"href":"https:\/\/librairie7l.com\/en\/wp-json\/wp\/v2\/media\/48631"}],"wp:attachment":[{"href":"https:\/\/librairie7l.com\/en\/wp-json\/wp\/v2\/media?parent=48633"}],"wp:term":[{"taxonomy":"product_cat","embeddable":true,"href":"https:\/\/librairie7l.com\/en\/wp-json\/wp\/v2\/product_cat?post=48633"},{"taxonomy":"product_tag","embeddable":true,"href":"https:\/\/librairie7l.com\/en\/wp-json\/wp\/v2\/product_tag?post=48633"}],"curies":[{"name":"wp","href":"https:\/\/api.w.org\/{rel}","templated":true}]}}