{"id":48637,"date":"2025-06-11T09:17:55","date_gmt":"2025-06-11T07:17:55","guid":{"rendered":"https:\/\/librairie7l.com\/?post_type=product&#038;p=48637"},"modified":"2026-04-17T04:06:32","modified_gmt":"2026-04-17T02:06:32","slug":"campo-di-marte-ii-2","status":"publish","type":"product","link":"https:\/\/librairie7l.com\/en\/produit\/campo-di-marte-ii-2\/","title":{"rendered":"CAMPO DI MARTE II"},"content":{"rendered":"<p>Campo di Marte a \u00e9t\u00e9 con\u00e7u en mars 2020, \u00e0 une \u00e9poque o\u00f9 Nathalie Du Pasquier ne peignait pas. Apr\u00e8s avoir d\u00e9coup\u00e9 des photos de peintures r\u00e9alis\u00e9es entre les ann\u00e9es 1980 et 2020, l&#8217;artiste les a ensuite plac\u00e9es dans une s\u00e9quence comme s&#8217;il s&#8217;agissait d&#8217;une s\u00e9rie de polices de caract\u00e8res, en se concentrant uniquement sur leurs qualit\u00e9s formelles et sur la possibilit\u00e9 d&#8217;interpr\u00e9tation offerte par leur assemblage. Il en ressort un jeu de f\u00e9erie, un surr\u00e9alisme quotidien o\u00f9 les images constituent des sortes de phrases, entrem\u00eal\u00e9es de divers \u00e9l\u00e9ments tir\u00e9s du monde du livre : titres, po\u00e8mes ou simples calculs, \u00e9poque o\u00f9 l&#8217;artiste \u00e9tait perdu pour les mots.<br \/>\nCampo di Marte est \u00e9galement le titre d&#8217;une exposition organis\u00e9e par Luca Lo Pinto au MACRO \u00e0 Rome \u00e0 la fin de l&#8217;ann\u00e9e 2020. Comme le dit Du Pasquier : \u00ab Le livre devait sortir en m\u00eame temps que le vernissage de l&#8217;exposition. Ce ne sera pas le cas, mais cela n&#8217;a pas d&#8217;importance car il s&#8217;agit en fait de deux choses distinctes. Ce livre de poche n&#8217;est pas du tout un catalogue : c&#8217;est quelque chose que l&#8217;on peut feuilleter m\u00eame en restant assis dans le m\u00e9tro \u00bb.<br \/>\nNouvelle \u00e9dition augment\u00e9e de l&#8217;ouvrage paru en 2020.<\/p>\n","protected":false},"excerpt":{"rendered":"<p>Campo di Marte a \u00e9t\u00e9 con\u00e7u en mars 2020, \u00e0 une \u00e9poque o\u00f9 Nathalie Du Pasquier ne peignait pas. Apr\u00e8s avoir d\u00e9coup\u00e9 des photos de peintures r\u00e9alis\u00e9es entre les ann\u00e9es 1980 et 2020, l&#8217;artiste les a ensuite plac\u00e9es dans une s\u00e9quence comme s&#8217;il s&#8217;agissait d&#8217;une s\u00e9rie de polices de caract\u00e8res, en se concentrant uniquement sur [&hellip;]<\/p>\n","protected":false},"featured_media":48635,"template":"","meta":[],"product_cat":[2948,2952],"product_tag":[],"acf":[],"yoast_head":"<!-- This site is optimized with the Yoast SEO plugin v20.11 - https:\/\/yoast.com\/wordpress\/plugins\/seo\/ -->\n<title>Campo di Marte II - Librairie 7L<\/title>\n<meta name=\"robots\" content=\"index, follow, max-snippet:-1, max-image-preview:large, max-video-preview:-1\" \/>\n<link rel=\"canonical\" href=\"https:\/\/librairie7l.com\/en\/produit\/campo-di-marte-ii-2\/\" \/>\n<meta property=\"og:locale\" content=\"en_US\" \/>\n<meta property=\"og:type\" content=\"article\" \/>\n<meta property=\"og:title\" content=\"Campo di Marte II - Librairie 7L\" \/>\n<meta property=\"og:description\" content=\"Campo di Marte a \u00e9t\u00e9 con\u00e7u en mars 2020, \u00e0 une \u00e9poque o\u00f9 Nathalie Du Pasquier ne peignait pas. Apr\u00e8s avoir d\u00e9coup\u00e9 des photos de peintures r\u00e9alis\u00e9es entre les ann\u00e9es 1980 et 2020, l&#8217;artiste les a ensuite plac\u00e9es dans une s\u00e9quence comme s&#8217;il s&#8217;agissait d&#8217;une s\u00e9rie de polices de caract\u00e8res, en se concentrant uniquement sur [&hellip;]\" \/>\n<meta property=\"og:url\" content=\"https:\/\/librairie7l.com\/en\/produit\/campo-di-marte-ii-2\/\" \/>\n<meta property=\"og:site_name\" content=\"Librairie 7L\" \/>\n<meta property=\"article:modified_time\" content=\"2026-04-17T02:06:32+00:00\" \/>\n<meta property=\"og:image\" content=\"https:\/\/librairie7l.com\/wp-content\/uploads\/2025\/03\/9791280336309_1_75.jpg\" \/>\n\t<meta property=\"og:image:width\" content=\"600\" \/>\n\t<meta property=\"og:image:height\" content=\"884\" \/>\n\t<meta property=\"og:image:type\" content=\"image\/jpeg\" \/>\n<meta name=\"twitter:card\" content=\"summary_large_image\" \/>\n<meta name=\"twitter:label1\" content=\"Est. reading time\" \/>\n\t<meta name=\"twitter:data1\" content=\"1 minute\" \/>\n<script type=\"application\/ld+json\" class=\"yoast-schema-graph\">{\"@context\":\"https:\/\/schema.org\",\"@graph\":[{\"@type\":\"WebPage\",\"@id\":\"https:\/\/librairie7l.com\/en\/produit\/campo-di-marte-ii-2\/\",\"url\":\"https:\/\/librairie7l.com\/en\/produit\/campo-di-marte-ii-2\/\",\"name\":\"Campo di Marte II - Librairie 7L\",\"isPartOf\":{\"@id\":\"https:\/\/librairie7l.com\/en\/#website\"},\"datePublished\":\"2025-06-11T07:17:55+00:00\",\"dateModified\":\"2026-04-17T02:06:32+00:00\",\"breadcrumb\":{\"@id\":\"https:\/\/librairie7l.com\/en\/produit\/campo-di-marte-ii-2\/#breadcrumb\"},\"inLanguage\":\"en-US\",\"potentialAction\":[{\"@type\":\"ReadAction\",\"target\":[\"https:\/\/librairie7l.com\/en\/produit\/campo-di-marte-ii-2\/\"]}]},{\"@type\":\"BreadcrumbList\",\"@id\":\"https:\/\/librairie7l.com\/en\/produit\/campo-di-marte-ii-2\/#breadcrumb\",\"itemListElement\":[{\"@type\":\"ListItem\",\"position\":1,\"name\":\"Accueil\",\"item\":\"https:\/\/librairie7l.com\/en\/\"},{\"@type\":\"ListItem\",\"position\":2,\"name\":\"Shop\",\"item\":\"https:\/\/librairie7l.com\/en\/shop\/\"},{\"@type\":\"ListItem\",\"position\":3,\"name\":\"CAMPO DI MARTE II\"}]},{\"@type\":\"WebSite\",\"@id\":\"https:\/\/librairie7l.com\/en\/#website\",\"url\":\"https:\/\/librairie7l.com\/en\/\",\"name\":\"Librairie 7L\",\"description\":\"Librairie fond\u00e9e en 1999 par Karl Lagerfeld \u00e0 Paris\",\"publisher\":{\"@id\":\"https:\/\/librairie7l.com\/en\/#organization\"},\"potentialAction\":[{\"@type\":\"SearchAction\",\"target\":{\"@type\":\"EntryPoint\",\"urlTemplate\":\"https:\/\/librairie7l.com\/en\/?s={search_term_string}\"},\"query-input\":\"required name=search_term_string\"}],\"inLanguage\":\"en-US\"},{\"@type\":\"Organization\",\"@id\":\"https:\/\/librairie7l.com\/en\/#organization\",\"name\":\"Librairie 7L\",\"url\":\"https:\/\/librairie7l.com\/en\/\",\"logo\":{\"@type\":\"ImageObject\",\"inLanguage\":\"en-US\",\"@id\":\"https:\/\/librairie7l.com\/en\/#\/schema\/logo\/image\/\",\"url\":\"https:\/\/librairie7l.com\/wp-content\/uploads\/2022\/08\/logo-1.png\",\"contentUrl\":\"https:\/\/librairie7l.com\/wp-content\/uploads\/2022\/08\/logo-1.png\",\"width\":227,\"height\":301,\"caption\":\"Librairie 7L\"},\"image\":{\"@id\":\"https:\/\/librairie7l.com\/en\/#\/schema\/logo\/image\/\"}}]}<\/script>\n<!-- \/ Yoast SEO plugin. -->","yoast_head_json":{"title":"Campo di Marte II - Librairie 7L","robots":{"index":"index","follow":"follow","max-snippet":"max-snippet:-1","max-image-preview":"max-image-preview:large","max-video-preview":"max-video-preview:-1"},"canonical":"https:\/\/librairie7l.com\/en\/produit\/campo-di-marte-ii-2\/","og_locale":"en_US","og_type":"article","og_title":"Campo di Marte II - Librairie 7L","og_description":"Campo di Marte a \u00e9t\u00e9 con\u00e7u en mars 2020, \u00e0 une \u00e9poque o\u00f9 Nathalie Du Pasquier ne peignait pas. Apr\u00e8s avoir d\u00e9coup\u00e9 des photos de peintures r\u00e9alis\u00e9es entre les ann\u00e9es 1980 et 2020, l&#8217;artiste les a ensuite plac\u00e9es dans une s\u00e9quence comme s&#8217;il s&#8217;agissait d&#8217;une s\u00e9rie de polices de caract\u00e8res, en se concentrant uniquement sur [&hellip;]","og_url":"https:\/\/librairie7l.com\/en\/produit\/campo-di-marte-ii-2\/","og_site_name":"Librairie 7L","article_modified_time":"2026-04-17T02:06:32+00:00","og_image":[{"width":600,"height":884,"url":"https:\/\/librairie7l.com\/wp-content\/uploads\/2025\/03\/9791280336309_1_75.jpg","type":"image\/jpeg"}],"twitter_card":"summary_large_image","twitter_misc":{"Est. reading time":"1 minute"},"schema":{"@context":"https:\/\/schema.org","@graph":[{"@type":"WebPage","@id":"https:\/\/librairie7l.com\/en\/produit\/campo-di-marte-ii-2\/","url":"https:\/\/librairie7l.com\/en\/produit\/campo-di-marte-ii-2\/","name":"Campo di Marte II - Librairie 7L","isPartOf":{"@id":"https:\/\/librairie7l.com\/en\/#website"},"datePublished":"2025-06-11T07:17:55+00:00","dateModified":"2026-04-17T02:06:32+00:00","breadcrumb":{"@id":"https:\/\/librairie7l.com\/en\/produit\/campo-di-marte-ii-2\/#breadcrumb"},"inLanguage":"en-US","potentialAction":[{"@type":"ReadAction","target":["https:\/\/librairie7l.com\/en\/produit\/campo-di-marte-ii-2\/"]}]},{"@type":"BreadcrumbList","@id":"https:\/\/librairie7l.com\/en\/produit\/campo-di-marte-ii-2\/#breadcrumb","itemListElement":[{"@type":"ListItem","position":1,"name":"Accueil","item":"https:\/\/librairie7l.com\/en\/"},{"@type":"ListItem","position":2,"name":"Shop","item":"https:\/\/librairie7l.com\/en\/shop\/"},{"@type":"ListItem","position":3,"name":"CAMPO DI MARTE II"}]},{"@type":"WebSite","@id":"https:\/\/librairie7l.com\/en\/#website","url":"https:\/\/librairie7l.com\/en\/","name":"Librairie 7L","description":"Librairie fond\u00e9e en 1999 par Karl Lagerfeld \u00e0 Paris","publisher":{"@id":"https:\/\/librairie7l.com\/en\/#organization"},"potentialAction":[{"@type":"SearchAction","target":{"@type":"EntryPoint","urlTemplate":"https:\/\/librairie7l.com\/en\/?s={search_term_string}"},"query-input":"required name=search_term_string"}],"inLanguage":"en-US"},{"@type":"Organization","@id":"https:\/\/librairie7l.com\/en\/#organization","name":"Librairie 7L","url":"https:\/\/librairie7l.com\/en\/","logo":{"@type":"ImageObject","inLanguage":"en-US","@id":"https:\/\/librairie7l.com\/en\/#\/schema\/logo\/image\/","url":"https:\/\/librairie7l.com\/wp-content\/uploads\/2022\/08\/logo-1.png","contentUrl":"https:\/\/librairie7l.com\/wp-content\/uploads\/2022\/08\/logo-1.png","width":227,"height":301,"caption":"Librairie 7L"},"image":{"@id":"https:\/\/librairie7l.com\/en\/#\/schema\/logo\/image\/"}}]}},"_links":{"self":[{"href":"https:\/\/librairie7l.com\/en\/wp-json\/wp\/v2\/product\/48637"}],"collection":[{"href":"https:\/\/librairie7l.com\/en\/wp-json\/wp\/v2\/product"}],"about":[{"href":"https:\/\/librairie7l.com\/en\/wp-json\/wp\/v2\/types\/product"}],"wp:featuredmedia":[{"embeddable":true,"href":"https:\/\/librairie7l.com\/en\/wp-json\/wp\/v2\/media\/48635"}],"wp:attachment":[{"href":"https:\/\/librairie7l.com\/en\/wp-json\/wp\/v2\/media?parent=48637"}],"wp:term":[{"taxonomy":"product_cat","embeddable":true,"href":"https:\/\/librairie7l.com\/en\/wp-json\/wp\/v2\/product_cat?post=48637"},{"taxonomy":"product_tag","embeddable":true,"href":"https:\/\/librairie7l.com\/en\/wp-json\/wp\/v2\/product_tag?post=48637"}],"curies":[{"name":"wp","href":"https:\/\/api.w.org\/{rel}","templated":true}]}}