{"id":48647,"date":"2025-06-11T09:18:02","date_gmt":"2025-06-11T07:18:02","guid":{"rendered":"https:\/\/librairie7l.com\/?post_type=product&#038;p=48647"},"modified":"2026-04-05T09:32:18","modified_gmt":"2026-04-05T07:32:18","slug":"konkret-on-acid-2","status":"publish","type":"product","link":"https:\/\/librairie7l.com\/en\/produit\/konkret-on-acid-2\/","title":{"rendered":"KONKRET ON ACID"},"content":{"rendered":"<p>Max Wiederkehr (1935-2008) a re\u00e7u une formation de d\u00e9corateur et a \u00e9tudi\u00e9 l&#8217;architecture d&#8217;int\u00e9rieur avec Willy Guhl \u00e0 la Kunstgewerbeschule (qui fait aujourd&#8217;hui partie de l&#8217;universit\u00e9 des arts de Zurich). \u00c0 partir de 1963, il travaille comme artiste ind\u00e9pendant, collaborant notamment avec Robert Haussmann.<br \/>\nLe langage visuel de Max Wiederkehr a toujours \u00e9t\u00e9 influenc\u00e9 par l&#8217;art concret zurichois, m\u00eame si des \u00e9l\u00e9ments du pop art et de l&#8217;op art s&#8217;y sont m\u00eal\u00e9s. Rapidement apr\u00e8s avoir perc\u00e9 sur la sc\u00e8ne artistique, il a tourn\u00e9 le dos aux institutions pour s&#8217;int\u00e9resser \u00e0 la sous-culture naissante. Il r\u00e9alise alors des bandes dessin\u00e9es, peint, expose occasionnellement et r\u00e9alise des oeuvres qui sont encore influenc\u00e9es par la g\u00e9om\u00e9trie, mais qui vont au-del\u00e0 pour d\u00e9velopper un jeu fascinant de calcul et d&#8217;intuition et un m\u00e9lange surprenant de highbrow et de lowbrow. A rebours de l&#8217;\u00e9poque, il travaille \u00e0 l&#8217;interface entre deux \u00e9coles zurichoises, le fantastique (avec ses soi-disant Wahnwelten ou \u00ab mondes hallucinatoires \u00bb) et le concret, op\u00e9rant une fusion singuli\u00e8re des deux. Souvent compar\u00e9 \u00e0 Max Bill, Verena Loewensberg et Gottfried Honegger, qui ne peuvent \u00eatre qualifi\u00e9s d&#8217;\u00ab outsiders \u00bb, Wiederkehr est lui rest\u00e9 proche des marges artistiques et des Stadtindianer (l&#8217;\u00e9quivalent allemand des Indiani Metropolitani italiens) de gauche radicale. L&#8217;acc\u00e8s r\u00e9cent \u00e0 la succession de Wiederkehr a permis de mettre en lumi\u00e8re l&#8217;ensemble de l&#8217;oeuvre d&#8217;un artiste qui se situait en dehors de l&#8217;establishment culturel, mais dont la position d&#8217;outsider n&#8217;\u00e9tait en aucun cas de l&#8217;art d&#8217;outsider : Wiederkehr \u00e9tait parfaitement au fait de la modernit\u00e9, qu&#8217;il retournait de l&#8217;int\u00e9rieur vers l&#8217;ext\u00e9rieur.<\/p>\n","protected":false},"excerpt":{"rendered":"<p>Max Wiederkehr (1935-2008) a re\u00e7u une formation de d\u00e9corateur et a \u00e9tudi\u00e9 l&#8217;architecture d&#8217;int\u00e9rieur avec Willy Guhl \u00e0 la Kunstgewerbeschule (qui fait aujourd&#8217;hui partie de l&#8217;universit\u00e9 des arts de Zurich). \u00c0 partir de 1963, il travaille comme artiste ind\u00e9pendant, collaborant notamment avec Robert Haussmann. Le langage visuel de Max Wiederkehr a toujours \u00e9t\u00e9 influenc\u00e9 par [&hellip;]<\/p>\n","protected":false},"featured_media":48645,"template":"","meta":[],"product_cat":[2948,2950],"product_tag":[],"acf":[],"yoast_head":"<!-- This site is optimized with the Yoast SEO plugin v20.11 - https:\/\/yoast.com\/wordpress\/plugins\/seo\/ -->\n<title>Konkret on Acid - Librairie 7L<\/title>\n<meta name=\"robots\" content=\"index, follow, max-snippet:-1, max-image-preview:large, max-video-preview:-1\" \/>\n<link rel=\"canonical\" href=\"https:\/\/librairie7l.com\/en\/produit\/konkret-on-acid-2\/\" \/>\n<meta property=\"og:locale\" content=\"en_US\" \/>\n<meta property=\"og:type\" content=\"article\" \/>\n<meta property=\"og:title\" content=\"Konkret on Acid - Librairie 7L\" \/>\n<meta property=\"og:description\" content=\"Max Wiederkehr (1935-2008) a re\u00e7u une formation de d\u00e9corateur et a \u00e9tudi\u00e9 l&#8217;architecture d&#8217;int\u00e9rieur avec Willy Guhl \u00e0 la Kunstgewerbeschule (qui fait aujourd&#8217;hui partie de l&#8217;universit\u00e9 des arts de Zurich). \u00c0 partir de 1963, il travaille comme artiste ind\u00e9pendant, collaborant notamment avec Robert Haussmann. Le langage visuel de Max Wiederkehr a toujours \u00e9t\u00e9 influenc\u00e9 par [&hellip;]\" \/>\n<meta property=\"og:url\" content=\"https:\/\/librairie7l.com\/en\/produit\/konkret-on-acid-2\/\" \/>\n<meta property=\"og:site_name\" content=\"Librairie 7L\" \/>\n<meta property=\"article:modified_time\" content=\"2026-04-05T07:32:18+00:00\" \/>\n<meta property=\"og:image\" content=\"https:\/\/librairie7l.com\/wp-content\/uploads\/2025\/03\/9783907236727_1_75.jpg\" \/>\n\t<meta property=\"og:image:width\" content=\"600\" \/>\n\t<meta property=\"og:image:height\" content=\"810\" \/>\n\t<meta property=\"og:image:type\" content=\"image\/jpeg\" \/>\n<meta name=\"twitter:card\" content=\"summary_large_image\" \/>\n<meta name=\"twitter:label1\" content=\"Est. reading time\" \/>\n\t<meta name=\"twitter:data1\" content=\"1 minute\" \/>\n<script type=\"application\/ld+json\" class=\"yoast-schema-graph\">{\"@context\":\"https:\/\/schema.org\",\"@graph\":[{\"@type\":\"WebPage\",\"@id\":\"https:\/\/librairie7l.com\/en\/produit\/konkret-on-acid-2\/\",\"url\":\"https:\/\/librairie7l.com\/en\/produit\/konkret-on-acid-2\/\",\"name\":\"Konkret on Acid - Librairie 7L\",\"isPartOf\":{\"@id\":\"https:\/\/librairie7l.com\/en\/#website\"},\"datePublished\":\"2025-06-11T07:18:02+00:00\",\"dateModified\":\"2026-04-05T07:32:18+00:00\",\"breadcrumb\":{\"@id\":\"https:\/\/librairie7l.com\/en\/produit\/konkret-on-acid-2\/#breadcrumb\"},\"inLanguage\":\"en-US\",\"potentialAction\":[{\"@type\":\"ReadAction\",\"target\":[\"https:\/\/librairie7l.com\/en\/produit\/konkret-on-acid-2\/\"]}]},{\"@type\":\"BreadcrumbList\",\"@id\":\"https:\/\/librairie7l.com\/en\/produit\/konkret-on-acid-2\/#breadcrumb\",\"itemListElement\":[{\"@type\":\"ListItem\",\"position\":1,\"name\":\"Accueil\",\"item\":\"https:\/\/librairie7l.com\/en\/\"},{\"@type\":\"ListItem\",\"position\":2,\"name\":\"Shop\",\"item\":\"https:\/\/librairie7l.com\/en\/shop\/\"},{\"@type\":\"ListItem\",\"position\":3,\"name\":\"KONKRET ON ACID\"}]},{\"@type\":\"WebSite\",\"@id\":\"https:\/\/librairie7l.com\/en\/#website\",\"url\":\"https:\/\/librairie7l.com\/en\/\",\"name\":\"Librairie 7L\",\"description\":\"Librairie fond\u00e9e en 1999 par Karl Lagerfeld \u00e0 Paris\",\"publisher\":{\"@id\":\"https:\/\/librairie7l.com\/en\/#organization\"},\"potentialAction\":[{\"@type\":\"SearchAction\",\"target\":{\"@type\":\"EntryPoint\",\"urlTemplate\":\"https:\/\/librairie7l.com\/en\/?s={search_term_string}\"},\"query-input\":\"required name=search_term_string\"}],\"inLanguage\":\"en-US\"},{\"@type\":\"Organization\",\"@id\":\"https:\/\/librairie7l.com\/en\/#organization\",\"name\":\"Librairie 7L\",\"url\":\"https:\/\/librairie7l.com\/en\/\",\"logo\":{\"@type\":\"ImageObject\",\"inLanguage\":\"en-US\",\"@id\":\"https:\/\/librairie7l.com\/en\/#\/schema\/logo\/image\/\",\"url\":\"https:\/\/librairie7l.com\/wp-content\/uploads\/2022\/08\/logo-1.png\",\"contentUrl\":\"https:\/\/librairie7l.com\/wp-content\/uploads\/2022\/08\/logo-1.png\",\"width\":227,\"height\":301,\"caption\":\"Librairie 7L\"},\"image\":{\"@id\":\"https:\/\/librairie7l.com\/en\/#\/schema\/logo\/image\/\"}}]}<\/script>\n<!-- \/ Yoast SEO plugin. -->","yoast_head_json":{"title":"Konkret on Acid - Librairie 7L","robots":{"index":"index","follow":"follow","max-snippet":"max-snippet:-1","max-image-preview":"max-image-preview:large","max-video-preview":"max-video-preview:-1"},"canonical":"https:\/\/librairie7l.com\/en\/produit\/konkret-on-acid-2\/","og_locale":"en_US","og_type":"article","og_title":"Konkret on Acid - Librairie 7L","og_description":"Max Wiederkehr (1935-2008) a re\u00e7u une formation de d\u00e9corateur et a \u00e9tudi\u00e9 l&#8217;architecture d&#8217;int\u00e9rieur avec Willy Guhl \u00e0 la Kunstgewerbeschule (qui fait aujourd&#8217;hui partie de l&#8217;universit\u00e9 des arts de Zurich). \u00c0 partir de 1963, il travaille comme artiste ind\u00e9pendant, collaborant notamment avec Robert Haussmann. Le langage visuel de Max Wiederkehr a toujours \u00e9t\u00e9 influenc\u00e9 par [&hellip;]","og_url":"https:\/\/librairie7l.com\/en\/produit\/konkret-on-acid-2\/","og_site_name":"Librairie 7L","article_modified_time":"2026-04-05T07:32:18+00:00","og_image":[{"width":600,"height":810,"url":"https:\/\/librairie7l.com\/wp-content\/uploads\/2025\/03\/9783907236727_1_75.jpg","type":"image\/jpeg"}],"twitter_card":"summary_large_image","twitter_misc":{"Est. reading time":"1 minute"},"schema":{"@context":"https:\/\/schema.org","@graph":[{"@type":"WebPage","@id":"https:\/\/librairie7l.com\/en\/produit\/konkret-on-acid-2\/","url":"https:\/\/librairie7l.com\/en\/produit\/konkret-on-acid-2\/","name":"Konkret on Acid - Librairie 7L","isPartOf":{"@id":"https:\/\/librairie7l.com\/en\/#website"},"datePublished":"2025-06-11T07:18:02+00:00","dateModified":"2026-04-05T07:32:18+00:00","breadcrumb":{"@id":"https:\/\/librairie7l.com\/en\/produit\/konkret-on-acid-2\/#breadcrumb"},"inLanguage":"en-US","potentialAction":[{"@type":"ReadAction","target":["https:\/\/librairie7l.com\/en\/produit\/konkret-on-acid-2\/"]}]},{"@type":"BreadcrumbList","@id":"https:\/\/librairie7l.com\/en\/produit\/konkret-on-acid-2\/#breadcrumb","itemListElement":[{"@type":"ListItem","position":1,"name":"Accueil","item":"https:\/\/librairie7l.com\/en\/"},{"@type":"ListItem","position":2,"name":"Shop","item":"https:\/\/librairie7l.com\/en\/shop\/"},{"@type":"ListItem","position":3,"name":"KONKRET ON ACID"}]},{"@type":"WebSite","@id":"https:\/\/librairie7l.com\/en\/#website","url":"https:\/\/librairie7l.com\/en\/","name":"Librairie 7L","description":"Librairie fond\u00e9e en 1999 par Karl Lagerfeld \u00e0 Paris","publisher":{"@id":"https:\/\/librairie7l.com\/en\/#organization"},"potentialAction":[{"@type":"SearchAction","target":{"@type":"EntryPoint","urlTemplate":"https:\/\/librairie7l.com\/en\/?s={search_term_string}"},"query-input":"required name=search_term_string"}],"inLanguage":"en-US"},{"@type":"Organization","@id":"https:\/\/librairie7l.com\/en\/#organization","name":"Librairie 7L","url":"https:\/\/librairie7l.com\/en\/","logo":{"@type":"ImageObject","inLanguage":"en-US","@id":"https:\/\/librairie7l.com\/en\/#\/schema\/logo\/image\/","url":"https:\/\/librairie7l.com\/wp-content\/uploads\/2022\/08\/logo-1.png","contentUrl":"https:\/\/librairie7l.com\/wp-content\/uploads\/2022\/08\/logo-1.png","width":227,"height":301,"caption":"Librairie 7L"},"image":{"@id":"https:\/\/librairie7l.com\/en\/#\/schema\/logo\/image\/"}}]}},"_links":{"self":[{"href":"https:\/\/librairie7l.com\/en\/wp-json\/wp\/v2\/product\/48647"}],"collection":[{"href":"https:\/\/librairie7l.com\/en\/wp-json\/wp\/v2\/product"}],"about":[{"href":"https:\/\/librairie7l.com\/en\/wp-json\/wp\/v2\/types\/product"}],"wp:featuredmedia":[{"embeddable":true,"href":"https:\/\/librairie7l.com\/en\/wp-json\/wp\/v2\/media\/48645"}],"wp:attachment":[{"href":"https:\/\/librairie7l.com\/en\/wp-json\/wp\/v2\/media?parent=48647"}],"wp:term":[{"taxonomy":"product_cat","embeddable":true,"href":"https:\/\/librairie7l.com\/en\/wp-json\/wp\/v2\/product_cat?post=48647"},{"taxonomy":"product_tag","embeddable":true,"href":"https:\/\/librairie7l.com\/en\/wp-json\/wp\/v2\/product_tag?post=48647"}],"curies":[{"name":"wp","href":"https:\/\/api.w.org\/{rel}","templated":true}]}}