{"id":48655,"date":"2025-06-11T09:18:07","date_gmt":"2025-06-11T07:18:07","guid":{"rendered":"https:\/\/librairie7l.com\/?post_type=product&#038;p=48655"},"modified":"2026-04-23T00:25:36","modified_gmt":"2026-04-22T22:25:36","slug":"sterling-ruby-2","status":"publish","type":"product","link":"https:\/\/librairie7l.com\/en\/produit\/sterling-ruby-2\/","title":{"rendered":"STERLING RUBY"},"content":{"rendered":"<p>Monographie de r\u00e9f\u00e9rence de l&#8217;artiste am\u00e9ricain.<br \/>\nR\u00e9\u00e9dition de la monographie parue en 2009 (ISBN 978-3-03764-010-4).<br \/>\nLe travail de Sterling Ruby (n\u00e9 en 1972 \u00e0 Bitburg, Allemagne, vit et travaille \u00e0 Los Angeles) porte principalement sur la tension entre d\u00e9sirs individuels et contraintes sociales. A partir d&#8217;un socle th\u00e9orique important, empruntant les langages formels du design, du graffiti, du minimalisme ou de l&#8217;art brut, Ruby op\u00e8re une d\u00e9construction des dispositifs de pouvoir gr\u00e2ce auxquels les individus int\u00e9riorisent les m\u00e9canismes de contr\u00f4le social, incluant les formes institutionnelles dominantes de l&#8217;art et de l&#8217;architecture modernes.<br \/>\nLa grande vari\u00e9t\u00e9 des m\u00e9diums et des techniques qu&#8217;il utilise &#8211; dripping, projection pour ses grandes peintures abstraites aux couleurs vives, r\u00e9sine ou c\u00e9ramique pour ses sculptures organiques, collage, vid\u00e9os hypnotiques pour ses installations, dessins au vernis \u00e0 ongle, photographies de transsexuels ou de body builders, graffitis sur aplats de couleurs, etc. &#8211; est \u00e0 la mesure des th\u00e8mes qui traversent toute son oeuvre : comportements d\u00e9viants, transgression sociale, violence, mort et sexualit\u00e9, surproduction de l&#8217;information, d\u00e9lire, n\u00e9vrose et parano\u00efa, manifestations \u00ab corrompues \u00bb du d\u00e9sir et besoin de contr\u00f4le propre \u00e0 la culture occidentale contemporaine.<\/p>\n","protected":false},"excerpt":{"rendered":"<p>Monographie de r\u00e9f\u00e9rence de l&#8217;artiste am\u00e9ricain. R\u00e9\u00e9dition de la monographie parue en 2009 (ISBN 978-3-03764-010-4). Le travail de Sterling Ruby (n\u00e9 en 1972 \u00e0 Bitburg, Allemagne, vit et travaille \u00e0 Los Angeles) porte principalement sur la tension entre d\u00e9sirs individuels et contraintes sociales. A partir d&#8217;un socle th\u00e9orique important, empruntant les langages formels du design, [&hellip;]<\/p>\n","protected":false},"featured_media":48653,"template":"","meta":[],"product_cat":[2948,2953],"product_tag":[],"acf":[],"yoast_head":"<!-- This site is optimized with the Yoast SEO plugin v20.11 - https:\/\/yoast.com\/wordpress\/plugins\/seo\/ -->\n<title>Sterling Ruby - Librairie 7L<\/title>\n<meta name=\"robots\" content=\"index, follow, max-snippet:-1, max-image-preview:large, max-video-preview:-1\" \/>\n<link rel=\"canonical\" href=\"https:\/\/librairie7l.com\/en\/produit\/sterling-ruby-2\/\" \/>\n<meta property=\"og:locale\" content=\"en_US\" \/>\n<meta property=\"og:type\" content=\"article\" \/>\n<meta property=\"og:title\" content=\"Sterling Ruby - Librairie 7L\" \/>\n<meta property=\"og:description\" content=\"Monographie de r\u00e9f\u00e9rence de l&#8217;artiste am\u00e9ricain. R\u00e9\u00e9dition de la monographie parue en 2009 (ISBN 978-3-03764-010-4). Le travail de Sterling Ruby (n\u00e9 en 1972 \u00e0 Bitburg, Allemagne, vit et travaille \u00e0 Los Angeles) porte principalement sur la tension entre d\u00e9sirs individuels et contraintes sociales. A partir d&#8217;un socle th\u00e9orique important, empruntant les langages formels du design, [&hellip;]\" \/>\n<meta property=\"og:url\" content=\"https:\/\/librairie7l.com\/en\/produit\/sterling-ruby-2\/\" \/>\n<meta property=\"og:site_name\" content=\"Librairie 7L\" \/>\n<meta property=\"article:modified_time\" content=\"2026-04-22T22:25:36+00:00\" \/>\n<meta property=\"og:image\" content=\"https:\/\/librairie7l.com\/wp-content\/uploads\/2014\/06\/9783037643754_1_75.jpg\" \/>\n\t<meta property=\"og:image:width\" content=\"251\" \/>\n\t<meta property=\"og:image:height\" content=\"300\" \/>\n\t<meta property=\"og:image:type\" content=\"image\/jpeg\" \/>\n<meta name=\"twitter:card\" content=\"summary_large_image\" \/>\n<meta name=\"twitter:label1\" content=\"Est. reading time\" \/>\n\t<meta name=\"twitter:data1\" content=\"1 minute\" \/>\n<script type=\"application\/ld+json\" class=\"yoast-schema-graph\">{\"@context\":\"https:\/\/schema.org\",\"@graph\":[{\"@type\":\"WebPage\",\"@id\":\"https:\/\/librairie7l.com\/en\/produit\/sterling-ruby-2\/\",\"url\":\"https:\/\/librairie7l.com\/en\/produit\/sterling-ruby-2\/\",\"name\":\"Sterling Ruby - Librairie 7L\",\"isPartOf\":{\"@id\":\"https:\/\/librairie7l.com\/en\/#website\"},\"datePublished\":\"2025-06-11T07:18:07+00:00\",\"dateModified\":\"2026-04-22T22:25:36+00:00\",\"breadcrumb\":{\"@id\":\"https:\/\/librairie7l.com\/en\/produit\/sterling-ruby-2\/#breadcrumb\"},\"inLanguage\":\"en-US\",\"potentialAction\":[{\"@type\":\"ReadAction\",\"target\":[\"https:\/\/librairie7l.com\/en\/produit\/sterling-ruby-2\/\"]}]},{\"@type\":\"BreadcrumbList\",\"@id\":\"https:\/\/librairie7l.com\/en\/produit\/sterling-ruby-2\/#breadcrumb\",\"itemListElement\":[{\"@type\":\"ListItem\",\"position\":1,\"name\":\"Accueil\",\"item\":\"https:\/\/librairie7l.com\/en\/\"},{\"@type\":\"ListItem\",\"position\":2,\"name\":\"Shop\",\"item\":\"https:\/\/librairie7l.com\/en\/shop\/\"},{\"@type\":\"ListItem\",\"position\":3,\"name\":\"STERLING RUBY\"}]},{\"@type\":\"WebSite\",\"@id\":\"https:\/\/librairie7l.com\/en\/#website\",\"url\":\"https:\/\/librairie7l.com\/en\/\",\"name\":\"Librairie 7L\",\"description\":\"Librairie fond\u00e9e en 1999 par Karl Lagerfeld \u00e0 Paris\",\"publisher\":{\"@id\":\"https:\/\/librairie7l.com\/en\/#organization\"},\"potentialAction\":[{\"@type\":\"SearchAction\",\"target\":{\"@type\":\"EntryPoint\",\"urlTemplate\":\"https:\/\/librairie7l.com\/en\/?s={search_term_string}\"},\"query-input\":\"required name=search_term_string\"}],\"inLanguage\":\"en-US\"},{\"@type\":\"Organization\",\"@id\":\"https:\/\/librairie7l.com\/en\/#organization\",\"name\":\"Librairie 7L\",\"url\":\"https:\/\/librairie7l.com\/en\/\",\"logo\":{\"@type\":\"ImageObject\",\"inLanguage\":\"en-US\",\"@id\":\"https:\/\/librairie7l.com\/en\/#\/schema\/logo\/image\/\",\"url\":\"https:\/\/librairie7l.com\/wp-content\/uploads\/2022\/08\/logo-1.png\",\"contentUrl\":\"https:\/\/librairie7l.com\/wp-content\/uploads\/2022\/08\/logo-1.png\",\"width\":227,\"height\":301,\"caption\":\"Librairie 7L\"},\"image\":{\"@id\":\"https:\/\/librairie7l.com\/en\/#\/schema\/logo\/image\/\"}}]}<\/script>\n<!-- \/ Yoast SEO plugin. -->","yoast_head_json":{"title":"Sterling Ruby - Librairie 7L","robots":{"index":"index","follow":"follow","max-snippet":"max-snippet:-1","max-image-preview":"max-image-preview:large","max-video-preview":"max-video-preview:-1"},"canonical":"https:\/\/librairie7l.com\/en\/produit\/sterling-ruby-2\/","og_locale":"en_US","og_type":"article","og_title":"Sterling Ruby - Librairie 7L","og_description":"Monographie de r\u00e9f\u00e9rence de l&#8217;artiste am\u00e9ricain. R\u00e9\u00e9dition de la monographie parue en 2009 (ISBN 978-3-03764-010-4). Le travail de Sterling Ruby (n\u00e9 en 1972 \u00e0 Bitburg, Allemagne, vit et travaille \u00e0 Los Angeles) porte principalement sur la tension entre d\u00e9sirs individuels et contraintes sociales. A partir d&#8217;un socle th\u00e9orique important, empruntant les langages formels du design, [&hellip;]","og_url":"https:\/\/librairie7l.com\/en\/produit\/sterling-ruby-2\/","og_site_name":"Librairie 7L","article_modified_time":"2026-04-22T22:25:36+00:00","og_image":[{"width":251,"height":300,"url":"https:\/\/librairie7l.com\/wp-content\/uploads\/2014\/06\/9783037643754_1_75.jpg","type":"image\/jpeg"}],"twitter_card":"summary_large_image","twitter_misc":{"Est. reading time":"1 minute"},"schema":{"@context":"https:\/\/schema.org","@graph":[{"@type":"WebPage","@id":"https:\/\/librairie7l.com\/en\/produit\/sterling-ruby-2\/","url":"https:\/\/librairie7l.com\/en\/produit\/sterling-ruby-2\/","name":"Sterling Ruby - Librairie 7L","isPartOf":{"@id":"https:\/\/librairie7l.com\/en\/#website"},"datePublished":"2025-06-11T07:18:07+00:00","dateModified":"2026-04-22T22:25:36+00:00","breadcrumb":{"@id":"https:\/\/librairie7l.com\/en\/produit\/sterling-ruby-2\/#breadcrumb"},"inLanguage":"en-US","potentialAction":[{"@type":"ReadAction","target":["https:\/\/librairie7l.com\/en\/produit\/sterling-ruby-2\/"]}]},{"@type":"BreadcrumbList","@id":"https:\/\/librairie7l.com\/en\/produit\/sterling-ruby-2\/#breadcrumb","itemListElement":[{"@type":"ListItem","position":1,"name":"Accueil","item":"https:\/\/librairie7l.com\/en\/"},{"@type":"ListItem","position":2,"name":"Shop","item":"https:\/\/librairie7l.com\/en\/shop\/"},{"@type":"ListItem","position":3,"name":"STERLING RUBY"}]},{"@type":"WebSite","@id":"https:\/\/librairie7l.com\/en\/#website","url":"https:\/\/librairie7l.com\/en\/","name":"Librairie 7L","description":"Librairie fond\u00e9e en 1999 par Karl Lagerfeld \u00e0 Paris","publisher":{"@id":"https:\/\/librairie7l.com\/en\/#organization"},"potentialAction":[{"@type":"SearchAction","target":{"@type":"EntryPoint","urlTemplate":"https:\/\/librairie7l.com\/en\/?s={search_term_string}"},"query-input":"required name=search_term_string"}],"inLanguage":"en-US"},{"@type":"Organization","@id":"https:\/\/librairie7l.com\/en\/#organization","name":"Librairie 7L","url":"https:\/\/librairie7l.com\/en\/","logo":{"@type":"ImageObject","inLanguage":"en-US","@id":"https:\/\/librairie7l.com\/en\/#\/schema\/logo\/image\/","url":"https:\/\/librairie7l.com\/wp-content\/uploads\/2022\/08\/logo-1.png","contentUrl":"https:\/\/librairie7l.com\/wp-content\/uploads\/2022\/08\/logo-1.png","width":227,"height":301,"caption":"Librairie 7L"},"image":{"@id":"https:\/\/librairie7l.com\/en\/#\/schema\/logo\/image\/"}}]}},"_links":{"self":[{"href":"https:\/\/librairie7l.com\/en\/wp-json\/wp\/v2\/product\/48655"}],"collection":[{"href":"https:\/\/librairie7l.com\/en\/wp-json\/wp\/v2\/product"}],"about":[{"href":"https:\/\/librairie7l.com\/en\/wp-json\/wp\/v2\/types\/product"}],"wp:featuredmedia":[{"embeddable":true,"href":"https:\/\/librairie7l.com\/en\/wp-json\/wp\/v2\/media\/48653"}],"wp:attachment":[{"href":"https:\/\/librairie7l.com\/en\/wp-json\/wp\/v2\/media?parent=48655"}],"wp:term":[{"taxonomy":"product_cat","embeddable":true,"href":"https:\/\/librairie7l.com\/en\/wp-json\/wp\/v2\/product_cat?post=48655"},{"taxonomy":"product_tag","embeddable":true,"href":"https:\/\/librairie7l.com\/en\/wp-json\/wp\/v2\/product_tag?post=48655"}],"curies":[{"name":"wp","href":"https:\/\/api.w.org\/{rel}","templated":true}]}}